{"id":46812,"date":"2025-03-13T11:17:16","date_gmt":"2025-03-13T10:17:16","guid":{"rendered":"https:\/\/librairie7l.com\/?post_type=product&#038;p=46812"},"modified":"2026-04-09T10:52:35","modified_gmt":"2026-04-09T08:52:35","slug":"saint-pierre-des-corps-2","status":"publish","type":"product","link":"https:\/\/librairie7l.com\/en\/produit\/saint-pierre-des-corps-2\/","title":{"rendered":"SAINT-PIERRE-DES-CORPS"},"content":{"rendered":"<p>Saint-Pierre-des-Corps appara\u00eet comme une ville de passage, tapie entre la Loire et le Cher, irrigu\u00e9e par le chemin de fer, d\u00e9marqu\u00e9e de Tours par une autoroute. N\u00e9e avec l&#8217;industrie, la cit\u00e9 ne compte qu&#8217;un monument historique: une locomotive \u00e0 vapeur, la Pacific Chapelon 231 E 41. La ville des ouvriers et des cheminots rec\u00e8le pourtant bien d&#8217;autres tr\u00e9sors industriels, comme l&#8217;usine Doubinski ou l&#8217;immense nef de b\u00e9ton arm\u00e9 de l&#8217;ancien Magasin g\u00e9n\u00e9ral de la SNCF.<br \/>\nC&#8217;est aussi une ville de m\u00e9moire. D\u00e9truite lors des deux guerres, elle a \u00e9t\u00e9 reconstruite par des architectes sensibles et cultiv\u00e9s comme Jean-Marie Hardion, Emile Labadie, puis Jean Dorian qui ont recr\u00e9\u00e9 un habitat peu dense, sem\u00e9 de squares et de jardins. Derri\u00e8re la ville moderne perdurent les puits, les mara\u00eechages de jadis et les rottes, ces chemins furtifs m\u00e8nent \u00e0 des jardins cach\u00e9s.<br \/>\nSaint-Pierre-des-Corps est aussi un espace de cr\u00e9ation. La ville est jalonn\u00e9e d&#8217;architectures contemporaines soigneusement dessin\u00e9es par des architectes de talent comme Jean-Yves Barrier, Alain Gourdon, Philippe Montandon, Fran\u00e7ois Bouvard, Fran\u00e7oise-H\u00e9l\u00e8ne Jourda ou Patrick Bouchain.<br \/>\nCit\u00e9 des temps industriels, b\u00e2tie et reb\u00e2tie apr\u00e8s la guerre par des hommes et des femmes de volont\u00e9, Saint-Pierre-des-Corps est une ville de tr\u00e9sors modernes et de beaut\u00e9s secr\u00e8tes, con\u00e7ue pour le bonheur de celles et ceux qui la connaissent, ou la d\u00e9couvrent.<\/p>\n","protected":false},"excerpt":{"rendered":"<p>Saint-Pierre-des-Corps appara\u00eet comme une ville de passage, tapie entre la Loire et le Cher, irrigu\u00e9e par le chemin de fer, d\u00e9marqu\u00e9e de Tours par une autoroute. N\u00e9e avec l&#8217;industrie, la cit\u00e9 ne compte qu&#8217;un monument historique: une locomotive \u00e0 vapeur, la Pacific Chapelon 231 E 41. La ville des ouvriers et des cheminots rec\u00e8le pourtant [&hellip;]<\/p>\n","protected":false},"featured_media":46810,"template":"","meta":[],"product_cat":[2948,2950],"product_tag":[],"acf":[],"yoast_head":"<!-- This site is optimized with the Yoast SEO plugin v20.11 - https:\/\/yoast.com\/wordpress\/plugins\/seo\/ -->\n<title>Saint-Pierre-des-Corps - Librairie 7L<\/title>\n<meta name=\"robots\" content=\"index, follow, max-snippet:-1, max-image-preview:large, max-video-preview:-1\" \/>\n<link rel=\"canonical\" href=\"https:\/\/librairie7l.com\/en\/produit\/saint-pierre-des-corps-2\/\" \/>\n<meta property=\"og:locale\" content=\"en_US\" \/>\n<meta property=\"og:type\" content=\"article\" \/>\n<meta property=\"og:title\" content=\"Saint-Pierre-des-Corps - Librairie 7L\" \/>\n<meta property=\"og:description\" content=\"Saint-Pierre-des-Corps appara\u00eet comme une ville de passage, tapie entre la Loire et le Cher, irrigu\u00e9e par le chemin de fer, d\u00e9marqu\u00e9e de Tours par une autoroute. N\u00e9e avec l&#8217;industrie, la cit\u00e9 ne compte qu&#8217;un monument historique: une locomotive \u00e0 vapeur, la Pacific Chapelon 231 E 41. La ville des ouvriers et des cheminots rec\u00e8le pourtant [&hellip;]\" \/>\n<meta property=\"og:url\" content=\"https:\/\/librairie7l.com\/en\/produit\/saint-pierre-des-corps-2\/\" \/>\n<meta property=\"og:site_name\" content=\"Librairie 7L\" \/>\n<meta property=\"article:modified_time\" content=\"2026-04-09T08:52:35+00:00\" \/>\n<meta property=\"og:image\" content=\"https:\/\/librairie7l.com\/wp-content\/uploads\/2025\/01\/9782376661030_1_75.jpg\" \/>\n\t<meta property=\"og:image:width\" content=\"600\" \/>\n\t<meta property=\"og:image:height\" content=\"848\" \/>\n\t<meta property=\"og:image:type\" content=\"image\/jpeg\" \/>\n<meta name=\"twitter:card\" content=\"summary_large_image\" \/>\n<meta name=\"twitter:label1\" content=\"Est. reading time\" \/>\n\t<meta name=\"twitter:data1\" content=\"1 minute\" \/>\n<script type=\"application\/ld+json\" class=\"yoast-schema-graph\">{\"@context\":\"https:\/\/schema.org\",\"@graph\":[{\"@type\":\"WebPage\",\"@id\":\"https:\/\/librairie7l.com\/en\/produit\/saint-pierre-des-corps-2\/\",\"url\":\"https:\/\/librairie7l.com\/en\/produit\/saint-pierre-des-corps-2\/\",\"name\":\"Saint-Pierre-des-Corps - Librairie 7L\",\"isPartOf\":{\"@id\":\"https:\/\/librairie7l.com\/en\/#website\"},\"datePublished\":\"2025-03-13T10:17:16+00:00\",\"dateModified\":\"2026-04-09T08:52:35+00:00\",\"breadcrumb\":{\"@id\":\"https:\/\/librairie7l.com\/en\/produit\/saint-pierre-des-corps-2\/#breadcrumb\"},\"inLanguage\":\"en-US\",\"potentialAction\":[{\"@type\":\"ReadAction\",\"target\":[\"https:\/\/librairie7l.com\/en\/produit\/saint-pierre-des-corps-2\/\"]}]},{\"@type\":\"BreadcrumbList\",\"@id\":\"https:\/\/librairie7l.com\/en\/produit\/saint-pierre-des-corps-2\/#breadcrumb\",\"itemListElement\":[{\"@type\":\"ListItem\",\"position\":1,\"name\":\"Accueil\",\"item\":\"https:\/\/librairie7l.com\/en\/\"},{\"@type\":\"ListItem\",\"position\":2,\"name\":\"Shop\",\"item\":\"https:\/\/librairie7l.com\/en\/shop\/\"},{\"@type\":\"ListItem\",\"position\":3,\"name\":\"SAINT-PIERRE-DES-CORPS\"}]},{\"@type\":\"WebSite\",\"@id\":\"https:\/\/librairie7l.com\/en\/#website\",\"url\":\"https:\/\/librairie7l.com\/en\/\",\"name\":\"Librairie 7L\",\"description\":\"Librairie fond\u00e9e en 1999 par Karl Lagerfeld \u00e0 Paris\",\"publisher\":{\"@id\":\"https:\/\/librairie7l.com\/en\/#organization\"},\"potentialAction\":[{\"@type\":\"SearchAction\",\"target\":{\"@type\":\"EntryPoint\",\"urlTemplate\":\"https:\/\/librairie7l.com\/en\/?s={search_term_string}\"},\"query-input\":\"required name=search_term_string\"}],\"inLanguage\":\"en-US\"},{\"@type\":\"Organization\",\"@id\":\"https:\/\/librairie7l.com\/en\/#organization\",\"name\":\"Librairie 7L\",\"url\":\"https:\/\/librairie7l.com\/en\/\",\"logo\":{\"@type\":\"ImageObject\",\"inLanguage\":\"en-US\",\"@id\":\"https:\/\/librairie7l.com\/en\/#\/schema\/logo\/image\/\",\"url\":\"https:\/\/librairie7l.com\/wp-content\/uploads\/2022\/08\/logo-1.png\",\"contentUrl\":\"https:\/\/librairie7l.com\/wp-content\/uploads\/2022\/08\/logo-1.png\",\"width\":227,\"height\":301,\"caption\":\"Librairie 7L\"},\"image\":{\"@id\":\"https:\/\/librairie7l.com\/en\/#\/schema\/logo\/image\/\"}}]}<\/script>\n<!-- \/ Yoast SEO plugin. -->","yoast_head_json":{"title":"Saint-Pierre-des-Corps - Librairie 7L","robots":{"index":"index","follow":"follow","max-snippet":"max-snippet:-1","max-image-preview":"max-image-preview:large","max-video-preview":"max-video-preview:-1"},"canonical":"https:\/\/librairie7l.com\/en\/produit\/saint-pierre-des-corps-2\/","og_locale":"en_US","og_type":"article","og_title":"Saint-Pierre-des-Corps - Librairie 7L","og_description":"Saint-Pierre-des-Corps appara\u00eet comme une ville de passage, tapie entre la Loire et le Cher, irrigu\u00e9e par le chemin de fer, d\u00e9marqu\u00e9e de Tours par une autoroute. N\u00e9e avec l&#8217;industrie, la cit\u00e9 ne compte qu&#8217;un monument historique: une locomotive \u00e0 vapeur, la Pacific Chapelon 231 E 41. La ville des ouvriers et des cheminots rec\u00e8le pourtant [&hellip;]","og_url":"https:\/\/librairie7l.com\/en\/produit\/saint-pierre-des-corps-2\/","og_site_name":"Librairie 7L","article_modified_time":"2026-04-09T08:52:35+00:00","og_image":[{"width":600,"height":848,"url":"https:\/\/librairie7l.com\/wp-content\/uploads\/2025\/01\/9782376661030_1_75.jpg","type":"image\/jpeg"}],"twitter_card":"summary_large_image","twitter_misc":{"Est. reading time":"1 minute"},"schema":{"@context":"https:\/\/schema.org","@graph":[{"@type":"WebPage","@id":"https:\/\/librairie7l.com\/en\/produit\/saint-pierre-des-corps-2\/","url":"https:\/\/librairie7l.com\/en\/produit\/saint-pierre-des-corps-2\/","name":"Saint-Pierre-des-Corps - Librairie 7L","isPartOf":{"@id":"https:\/\/librairie7l.com\/en\/#website"},"datePublished":"2025-03-13T10:17:16+00:00","dateModified":"2026-04-09T08:52:35+00:00","breadcrumb":{"@id":"https:\/\/librairie7l.com\/en\/produit\/saint-pierre-des-corps-2\/#breadcrumb"},"inLanguage":"en-US","potentialAction":[{"@type":"ReadAction","target":["https:\/\/librairie7l.com\/en\/produit\/saint-pierre-des-corps-2\/"]}]},{"@type":"BreadcrumbList","@id":"https:\/\/librairie7l.com\/en\/produit\/saint-pierre-des-corps-2\/#breadcrumb","itemListElement":[{"@type":"ListItem","position":1,"name":"Accueil","item":"https:\/\/librairie7l.com\/en\/"},{"@type":"ListItem","position":2,"name":"Shop","item":"https:\/\/librairie7l.com\/en\/shop\/"},{"@type":"ListItem","position":3,"name":"SAINT-PIERRE-DES-CORPS"}]},{"@type":"WebSite","@id":"https:\/\/librairie7l.com\/en\/#website","url":"https:\/\/librairie7l.com\/en\/","name":"Librairie 7L","description":"Librairie fond\u00e9e en 1999 par Karl Lagerfeld \u00e0 Paris","publisher":{"@id":"https:\/\/librairie7l.com\/en\/#organization"},"potentialAction":[{"@type":"SearchAction","target":{"@type":"EntryPoint","urlTemplate":"https:\/\/librairie7l.com\/en\/?s={search_term_string}"},"query-input":"required name=search_term_string"}],"inLanguage":"en-US"},{"@type":"Organization","@id":"https:\/\/librairie7l.com\/en\/#organization","name":"Librairie 7L","url":"https:\/\/librairie7l.com\/en\/","logo":{"@type":"ImageObject","inLanguage":"en-US","@id":"https:\/\/librairie7l.com\/en\/#\/schema\/logo\/image\/","url":"https:\/\/librairie7l.com\/wp-content\/uploads\/2022\/08\/logo-1.png","contentUrl":"https:\/\/librairie7l.com\/wp-content\/uploads\/2022\/08\/logo-1.png","width":227,"height":301,"caption":"Librairie 7L"},"image":{"@id":"https:\/\/librairie7l.com\/en\/#\/schema\/logo\/image\/"}}]}},"_links":{"self":[{"href":"https:\/\/librairie7l.com\/en\/wp-json\/wp\/v2\/product\/46812"}],"collection":[{"href":"https:\/\/librairie7l.com\/en\/wp-json\/wp\/v2\/product"}],"about":[{"href":"https:\/\/librairie7l.com\/en\/wp-json\/wp\/v2\/types\/product"}],"wp:featuredmedia":[{"embeddable":true,"href":"https:\/\/librairie7l.com\/en\/wp-json\/wp\/v2\/media\/46810"}],"wp:attachment":[{"href":"https:\/\/librairie7l.com\/en\/wp-json\/wp\/v2\/media?parent=46812"}],"wp:term":[{"taxonomy":"product_cat","embeddable":true,"href":"https:\/\/librairie7l.com\/en\/wp-json\/wp\/v2\/product_cat?post=46812"},{"taxonomy":"product_tag","embeddable":true,"href":"https:\/\/librairie7l.com\/en\/wp-json\/wp\/v2\/product_tag?post=46812"}],"curies":[{"name":"wp","href":"https:\/\/api.w.org\/{rel}","templated":true}]}}