{"id":46816,"date":"2025-03-13T11:17:19","date_gmt":"2025-03-13T10:17:19","guid":{"rendered":"https:\/\/librairie7l.com\/?post_type=product&#038;p=46816"},"modified":"2026-04-17T14:15:17","modified_gmt":"2026-04-17T12:15:17","slug":"charlotte-perriand-loeuvre-complete-tome-2-1940-1955-2","status":"publish","type":"product","link":"https:\/\/librairie7l.com\/en\/produit\/charlotte-perriand-loeuvre-complete-tome-2-1940-1955-2\/","title":{"rendered":"CHARLOTTE PERRIAND, L&#8217;OEUVRE COMPL\u00c8TE  TOME 2 ; 1940-1955"},"content":{"rendered":"<p>Ce deuxi\u00e8me volume de l&#8217;oeuvre compl\u00e8te de Charlotte Perriand retrace des p\u00e9riodes particuli\u00e8rement importantes de son oeuvre: ses deux s\u00e9jours au Japon en 1940-1941 et 1953-1955, et ses r\u00e9alisations pour la Reconstruction, marqu\u00e9es par sa collaboration avec les Ateliers Jean Prouv\u00e9 et de grands architectes de l&#8217;\u00e9poque : Le Corbusier, Pierre Jeanneret, Paul Nelson, Jean de Mally, Kenzo Tang\u00e9 etc.<br \/>\n Bien au-del\u00e0 de son r\u00f4le de conseiller pour le gouvernement japonais, Charlotte Perriand r\u00e9colte en 1941 une riche documentation photographique sur tous les aspects du Japon traditionnel pour les publier dans des journaux apr\u00e8s la guerre. On retrouve dans cet ouvrage plus d&#8217;une centaine de ces photographies sur l&#8217;histoire de l&#8217;art du Japon, publi\u00e9es pour la premi\u00e8re fois.<br \/>\n Autre \u00e9tape capitale dans son oeuvre : la convention de collaboration que Charlotte Perriand signe avec les Ateliers Jean Prouv\u00e9 en 1952. Cette collaboration (1952-1955), est marqu\u00e9e par un ensemble de r\u00e9alisations embl\u00e9matiques et de chefs-d&#8217;oeuvre du design, comme les biblioth\u00e8ques Mexique et Tunisie cr\u00e9\u00e9es par Charlotte Perriand.<br \/>\n L&#8217;ouvrage relate \u00e9galement ses r\u00e9alisations en Indochine o\u00f9 elle tente d&#8217;orienter l&#8217;artisanat et la petite industrie en 1943-1944, et d\u00e9taille la collaboration de Charlotte Perriand et de Pierre Jeanneret apr\u00e8s la guerre, notamment avec l&#8217;\u00e9diteur am\u00e9ricain Knoll, et tous les chantiers pour l&#8217;Afrique, les cit\u00e9s universitaires (Antony, Maisons du Mexique et de la Tunisie, Maison de l&#8217;\u00e9tudiant en M\u00e9decine), l&#8217;unit\u00e9 d&#8217;habitation de Marseille de Le Corbusier, ainsi que l&#8217;am\u00e9nagement de nombreux appartements. Le livre montre \u00e9galement la naissance du mouvement  Formes Utiles en 1949, dont Charlotte Perriand est co-fondatrice, qui marque profond\u00e9ment l&#8217;histoire du design en France, plac\u00e9e sous le signe de la synth\u00e8se des arts : objets utiles, peinture, sculpture, architecture.<br \/>\n Sont reproduites in-extenso les 60 pages de son fameux article L&#8217;art d&#8217;habiter  pour la revue Technique et Architecture en 1950, qui explicitent sa pens\u00e9e et sa d\u00e9marche d&#8217;architecte d&#8217;int\u00e9rieur et de designer.<br \/>\n Les auteurs Jacques Barsac est r\u00e9alisateur d&#8217;une quarantaine de documentaires sur l&#8217;art et sur l&#8217;histoire, dont Charlotte Perriand et Le Corbusier pour lequel il a re\u00e7u le troph\u00e9e de la promotion de l&#8217;architecture du minist\u00e8re de l&#8217;\u00c9quipement.<br \/>\n Depuis 2002, il consacre son activit\u00e9 autour de l&#8217;oeuvre de Charlotte Perriand. Auteur de quatre ouvrages de r\u00e9f\u00e9rence : Charlotte Perriand, un art d&#8217;habiter, \u00c9ditions Norma, 2005, Charlotte Perriand et le Japon, \u00c9ditions Norma, 2008, Charlotte Perriand et la photographie, \u00c9dition 5 Continents, 2011.<br \/>\n Conseiller scientifique des expositions Charlotte Perriand depuis 2005, il a assur\u00e9 le commissariat des expositions : Charlotte Perriand et la photographie,Petit-Palais, Paris, 2011 et Charlotte Perriand et le Japon , Mus\u00e9e d&#8217;Art moderne, Saint-\u00c9tienne, 2013.<br \/>\n Paul Thomson est le recteur du Royal College of Art, Londres. Il a \u00e9t\u00e9 directeur, de 2001 \u00e0 2009, du Smithsonian&#8217;s CooperHewitt, National Design Museum \u00e0 New York. Il a \u00e9galement \u00e9t\u00e9 le commissaire de l&#8217;exposition Charlotte Perriand: Modernist Pioneer and Modern Britain 1929-1939 au Design Museum de Londres.<\/p>\n","protected":false},"excerpt":{"rendered":"<p>Ce deuxi\u00e8me volume de l&#8217;oeuvre compl\u00e8te de Charlotte Perriand retrace des p\u00e9riodes particuli\u00e8rement importantes de son oeuvre: ses deux s\u00e9jours au Japon en 1940-1941 et 1953-1955, et ses r\u00e9alisations pour la Reconstruction, marqu\u00e9es par sa collaboration avec les Ateliers Jean Prouv\u00e9 et de grands architectes de l&#8217;\u00e9poque : Le Corbusier, Pierre Jeanneret, Paul Nelson, Jean [&hellip;]<\/p>\n","protected":false},"featured_media":46814,"template":"","meta":[],"product_cat":[2948,2952],"product_tag":[],"acf":[],"yoast_head":"<!-- This site is optimized with the Yoast SEO plugin v20.11 - https:\/\/yoast.com\/wordpress\/plugins\/seo\/ -->\n<title>Charlotte Perriand, l&#039;oeuvre compl\u00e8te Tome 2 ; 1940-1955 - Librairie 7L<\/title>\n<meta name=\"robots\" content=\"index, follow, max-snippet:-1, max-image-preview:large, max-video-preview:-1\" \/>\n<link rel=\"canonical\" href=\"https:\/\/librairie7l.com\/en\/produit\/charlotte-perriand-loeuvre-complete-tome-2-1940-1955-2\/\" \/>\n<meta property=\"og:locale\" content=\"en_US\" \/>\n<meta property=\"og:type\" content=\"article\" \/>\n<meta property=\"og:title\" content=\"Charlotte Perriand, l&#039;oeuvre compl\u00e8te Tome 2 ; 1940-1955 - Librairie 7L\" \/>\n<meta property=\"og:description\" content=\"Ce deuxi\u00e8me volume de l&#8217;oeuvre compl\u00e8te de Charlotte Perriand retrace des p\u00e9riodes particuli\u00e8rement importantes de son oeuvre: ses deux s\u00e9jours au Japon en 1940-1941 et 1953-1955, et ses r\u00e9alisations pour la Reconstruction, marqu\u00e9es par sa collaboration avec les Ateliers Jean Prouv\u00e9 et de grands architectes de l&#8217;\u00e9poque : Le Corbusier, Pierre Jeanneret, Paul Nelson, Jean [&hellip;]\" \/>\n<meta property=\"og:url\" content=\"https:\/\/librairie7l.com\/en\/produit\/charlotte-perriand-loeuvre-complete-tome-2-1940-1955-2\/\" \/>\n<meta property=\"og:site_name\" content=\"Librairie 7L\" \/>\n<meta property=\"article:modified_time\" content=\"2026-04-17T12:15:17+00:00\" \/>\n<meta property=\"og:image\" content=\"https:\/\/librairie7l.com\/wp-content\/uploads\/2015\/01\/9782915542714_1_75.jpg\" \/>\n\t<meta property=\"og:image:width\" content=\"374\" \/>\n\t<meta property=\"og:image:height\" content=\"500\" \/>\n\t<meta property=\"og:image:type\" content=\"image\/jpeg\" \/>\n<meta name=\"twitter:card\" content=\"summary_large_image\" \/>\n<meta name=\"twitter:label1\" content=\"Est. reading time\" \/>\n\t<meta name=\"twitter:data1\" content=\"2 minutes\" \/>\n<script type=\"application\/ld+json\" class=\"yoast-schema-graph\">{\"@context\":\"https:\/\/schema.org\",\"@graph\":[{\"@type\":\"WebPage\",\"@id\":\"https:\/\/librairie7l.com\/en\/produit\/charlotte-perriand-loeuvre-complete-tome-2-1940-1955-2\/\",\"url\":\"https:\/\/librairie7l.com\/en\/produit\/charlotte-perriand-loeuvre-complete-tome-2-1940-1955-2\/\",\"name\":\"Charlotte Perriand, l'oeuvre compl\u00e8te Tome 2 ; 1940-1955 - Librairie 7L\",\"isPartOf\":{\"@id\":\"https:\/\/librairie7l.com\/en\/#website\"},\"datePublished\":\"2025-03-13T10:17:19+00:00\",\"dateModified\":\"2026-04-17T12:15:17+00:00\",\"breadcrumb\":{\"@id\":\"https:\/\/librairie7l.com\/en\/produit\/charlotte-perriand-loeuvre-complete-tome-2-1940-1955-2\/#breadcrumb\"},\"inLanguage\":\"en-US\",\"potentialAction\":[{\"@type\":\"ReadAction\",\"target\":[\"https:\/\/librairie7l.com\/en\/produit\/charlotte-perriand-loeuvre-complete-tome-2-1940-1955-2\/\"]}]},{\"@type\":\"BreadcrumbList\",\"@id\":\"https:\/\/librairie7l.com\/en\/produit\/charlotte-perriand-loeuvre-complete-tome-2-1940-1955-2\/#breadcrumb\",\"itemListElement\":[{\"@type\":\"ListItem\",\"position\":1,\"name\":\"Accueil\",\"item\":\"https:\/\/librairie7l.com\/en\/\"},{\"@type\":\"ListItem\",\"position\":2,\"name\":\"Shop\",\"item\":\"https:\/\/librairie7l.com\/en\/shop\/\"},{\"@type\":\"ListItem\",\"position\":3,\"name\":\"CHARLOTTE PERRIAND, L&#8217;OEUVRE COMPL\u00c8TE TOME 2 ; 1940-1955\"}]},{\"@type\":\"WebSite\",\"@id\":\"https:\/\/librairie7l.com\/en\/#website\",\"url\":\"https:\/\/librairie7l.com\/en\/\",\"name\":\"Librairie 7L\",\"description\":\"Librairie fond\u00e9e en 1999 par Karl Lagerfeld \u00e0 Paris\",\"publisher\":{\"@id\":\"https:\/\/librairie7l.com\/en\/#organization\"},\"potentialAction\":[{\"@type\":\"SearchAction\",\"target\":{\"@type\":\"EntryPoint\",\"urlTemplate\":\"https:\/\/librairie7l.com\/en\/?s={search_term_string}\"},\"query-input\":\"required name=search_term_string\"}],\"inLanguage\":\"en-US\"},{\"@type\":\"Organization\",\"@id\":\"https:\/\/librairie7l.com\/en\/#organization\",\"name\":\"Librairie 7L\",\"url\":\"https:\/\/librairie7l.com\/en\/\",\"logo\":{\"@type\":\"ImageObject\",\"inLanguage\":\"en-US\",\"@id\":\"https:\/\/librairie7l.com\/en\/#\/schema\/logo\/image\/\",\"url\":\"https:\/\/librairie7l.com\/wp-content\/uploads\/2022\/08\/logo-1.png\",\"contentUrl\":\"https:\/\/librairie7l.com\/wp-content\/uploads\/2022\/08\/logo-1.png\",\"width\":227,\"height\":301,\"caption\":\"Librairie 7L\"},\"image\":{\"@id\":\"https:\/\/librairie7l.com\/en\/#\/schema\/logo\/image\/\"}}]}<\/script>\n<!-- \/ Yoast SEO plugin. -->","yoast_head_json":{"title":"Charlotte Perriand, l'oeuvre compl\u00e8te Tome 2 ; 1940-1955 - Librairie 7L","robots":{"index":"index","follow":"follow","max-snippet":"max-snippet:-1","max-image-preview":"max-image-preview:large","max-video-preview":"max-video-preview:-1"},"canonical":"https:\/\/librairie7l.com\/en\/produit\/charlotte-perriand-loeuvre-complete-tome-2-1940-1955-2\/","og_locale":"en_US","og_type":"article","og_title":"Charlotte Perriand, l'oeuvre compl\u00e8te Tome 2 ; 1940-1955 - Librairie 7L","og_description":"Ce deuxi\u00e8me volume de l&#8217;oeuvre compl\u00e8te de Charlotte Perriand retrace des p\u00e9riodes particuli\u00e8rement importantes de son oeuvre: ses deux s\u00e9jours au Japon en 1940-1941 et 1953-1955, et ses r\u00e9alisations pour la Reconstruction, marqu\u00e9es par sa collaboration avec les Ateliers Jean Prouv\u00e9 et de grands architectes de l&#8217;\u00e9poque : Le Corbusier, Pierre Jeanneret, Paul Nelson, Jean [&hellip;]","og_url":"https:\/\/librairie7l.com\/en\/produit\/charlotte-perriand-loeuvre-complete-tome-2-1940-1955-2\/","og_site_name":"Librairie 7L","article_modified_time":"2026-04-17T12:15:17+00:00","og_image":[{"width":374,"height":500,"url":"https:\/\/librairie7l.com\/wp-content\/uploads\/2015\/01\/9782915542714_1_75.jpg","type":"image\/jpeg"}],"twitter_card":"summary_large_image","twitter_misc":{"Est. reading time":"2 minutes"},"schema":{"@context":"https:\/\/schema.org","@graph":[{"@type":"WebPage","@id":"https:\/\/librairie7l.com\/en\/produit\/charlotte-perriand-loeuvre-complete-tome-2-1940-1955-2\/","url":"https:\/\/librairie7l.com\/en\/produit\/charlotte-perriand-loeuvre-complete-tome-2-1940-1955-2\/","name":"Charlotte Perriand, l'oeuvre compl\u00e8te Tome 2 ; 1940-1955 - Librairie 7L","isPartOf":{"@id":"https:\/\/librairie7l.com\/en\/#website"},"datePublished":"2025-03-13T10:17:19+00:00","dateModified":"2026-04-17T12:15:17+00:00","breadcrumb":{"@id":"https:\/\/librairie7l.com\/en\/produit\/charlotte-perriand-loeuvre-complete-tome-2-1940-1955-2\/#breadcrumb"},"inLanguage":"en-US","potentialAction":[{"@type":"ReadAction","target":["https:\/\/librairie7l.com\/en\/produit\/charlotte-perriand-loeuvre-complete-tome-2-1940-1955-2\/"]}]},{"@type":"BreadcrumbList","@id":"https:\/\/librairie7l.com\/en\/produit\/charlotte-perriand-loeuvre-complete-tome-2-1940-1955-2\/#breadcrumb","itemListElement":[{"@type":"ListItem","position":1,"name":"Accueil","item":"https:\/\/librairie7l.com\/en\/"},{"@type":"ListItem","position":2,"name":"Shop","item":"https:\/\/librairie7l.com\/en\/shop\/"},{"@type":"ListItem","position":3,"name":"CHARLOTTE PERRIAND, L&#8217;OEUVRE COMPL\u00c8TE TOME 2 ; 1940-1955"}]},{"@type":"WebSite","@id":"https:\/\/librairie7l.com\/en\/#website","url":"https:\/\/librairie7l.com\/en\/","name":"Librairie 7L","description":"Librairie fond\u00e9e en 1999 par Karl Lagerfeld \u00e0 Paris","publisher":{"@id":"https:\/\/librairie7l.com\/en\/#organization"},"potentialAction":[{"@type":"SearchAction","target":{"@type":"EntryPoint","urlTemplate":"https:\/\/librairie7l.com\/en\/?s={search_term_string}"},"query-input":"required name=search_term_string"}],"inLanguage":"en-US"},{"@type":"Organization","@id":"https:\/\/librairie7l.com\/en\/#organization","name":"Librairie 7L","url":"https:\/\/librairie7l.com\/en\/","logo":{"@type":"ImageObject","inLanguage":"en-US","@id":"https:\/\/librairie7l.com\/en\/#\/schema\/logo\/image\/","url":"https:\/\/librairie7l.com\/wp-content\/uploads\/2022\/08\/logo-1.png","contentUrl":"https:\/\/librairie7l.com\/wp-content\/uploads\/2022\/08\/logo-1.png","width":227,"height":301,"caption":"Librairie 7L"},"image":{"@id":"https:\/\/librairie7l.com\/en\/#\/schema\/logo\/image\/"}}]}},"_links":{"self":[{"href":"https:\/\/librairie7l.com\/en\/wp-json\/wp\/v2\/product\/46816"}],"collection":[{"href":"https:\/\/librairie7l.com\/en\/wp-json\/wp\/v2\/product"}],"about":[{"href":"https:\/\/librairie7l.com\/en\/wp-json\/wp\/v2\/types\/product"}],"wp:featuredmedia":[{"embeddable":true,"href":"https:\/\/librairie7l.com\/en\/wp-json\/wp\/v2\/media\/46814"}],"wp:attachment":[{"href":"https:\/\/librairie7l.com\/en\/wp-json\/wp\/v2\/media?parent=46816"}],"wp:term":[{"taxonomy":"product_cat","embeddable":true,"href":"https:\/\/librairie7l.com\/en\/wp-json\/wp\/v2\/product_cat?post=46816"},{"taxonomy":"product_tag","embeddable":true,"href":"https:\/\/librairie7l.com\/en\/wp-json\/wp\/v2\/product_tag?post=46816"}],"curies":[{"name":"wp","href":"https:\/\/api.w.org\/{rel}","templated":true}]}}