{"id":46820,"date":"2025-03-13T11:17:22","date_gmt":"2025-03-13T10:17:22","guid":{"rendered":"https:\/\/librairie7l.com\/?post_type=product&#038;p=46820"},"modified":"2026-04-17T15:38:47","modified_gmt":"2026-04-17T13:38:47","slug":"charlotte-perriand-loeuvre-complete-tome-1-1903-1940-2","status":"publish","type":"product","link":"https:\/\/librairie7l.com\/en\/produit\/charlotte-perriand-loeuvre-complete-tome-1-1903-1940-2\/","title":{"rendered":"CHARLOTTE PERRIAND, L&#8217;OEUVRE COMPL\u00c8TE  TOME 1 ; 1903-1940"},"content":{"rendered":"<p>Pendant sept d\u00e9cennies, Charlotte Perriand (1903-1999) a contribu\u00e9 \u00e0 fa\u00e7onner le Inonde de ses inventions, laissant derri\u00e8re elle un sillage d&#8217;images, d&#8217;objets, de lieux et d&#8217;\u00e9difices, autant de registres d&#8217;une oeuvre qui appara\u00eet d\u00e9sormais dans toute son ampleur.<\/p>\n<p>Ce premier volume de l&#8217;oeuvre compl\u00e8te offre une analyse d\u00e9taill\u00e9e de ses premi\u00e8res ann\u00e9es de cr\u00e9ation, tr\u00e8s fertiles, aussi bien dans le domaine du design que de l&#8217; architecture ou de la photographie. S&#8217;appuyant une grande partie sur les archives  conserv\u00e9es par la famille de l&#8217;artiste dans son atelier parisien, il permet de faire la lumi\u00e8re sur ses sources, son environnement, ses ann\u00e9es d&#8217;apprentissage \u00e0 l&#8217; \u00e9cole de l&#8217;Union centrale des arts d\u00e9coratifs, ainsi que sa rencontre et son association avec Pierre Jeanette et Le Corbusier, en 1928, qui va donner naissance \u00e0 des meubles embl\u00e9matiques tels que la Chaise longue basculante (1928), et \u00e0 ses premiers am\u00e9nagements (la villa Savoye, la villa Church, la villa MARTINEZ de Hoz). <\/p>\n<p>Il nous fait \u00e9galement d\u00e9couvrir son engagement militant, qui l&#8217;am\u00e8ne \u00e0 voyager \u00e0 Moscou, puis \u00e0 r\u00e9fl\u00e9chir \u00e0 une architecture vernaculaire au service du peuple, qui aboutira notamment, dans les ann\u00e9es 30, \u00e0 la Maison au bord de Peau (1934), \u00e0 un centre de vacances (1935), ou encore \u00e0 ses premi\u00e8res architectures de montagne.<\/p>\n<p> Les ann\u00e9es 30 sont par ailleurs celles de la cr\u00e9ation de l&#8217; UAM, dont elle est l&#8217;un des membres fondateurs aux c\u00f4t\u00e9s de Robert Mallet-Stevens, mais aussi de sa rupture id\u00e9ologique avec Le Corbusier, qui va l&#8217;amener, \u00e0 l&#8217;or\u00e9e de la Seconde Guerre mondiale, \u00e0 faire cavalier seul.<\/p>\n","protected":false},"excerpt":{"rendered":"<p>Pendant sept d\u00e9cennies, Charlotte Perriand (1903-1999) a contribu\u00e9 \u00e0 fa\u00e7onner le Inonde de ses inventions, laissant derri\u00e8re elle un sillage d&#8217;images, d&#8217;objets, de lieux et d&#8217;\u00e9difices, autant de registres d&#8217;une oeuvre qui appara\u00eet d\u00e9sormais dans toute son ampleur. Ce premier volume de l&#8217;oeuvre compl\u00e8te offre une analyse d\u00e9taill\u00e9e de ses premi\u00e8res ann\u00e9es de cr\u00e9ation, tr\u00e8s [&hellip;]<\/p>\n","protected":false},"featured_media":46818,"template":"","meta":[],"product_cat":[2948,2952],"product_tag":[],"acf":[],"yoast_head":"<!-- This site is optimized with the Yoast SEO plugin v20.11 - https:\/\/yoast.com\/wordpress\/plugins\/seo\/ -->\n<title>Charlotte Perriand, l&#039;oeuvre compl\u00e8te Tome 1 ; 1903-1940 - Librairie 7L<\/title>\n<meta name=\"robots\" content=\"index, follow, max-snippet:-1, max-image-preview:large, max-video-preview:-1\" \/>\n<link rel=\"canonical\" href=\"https:\/\/librairie7l.com\/en\/produit\/charlotte-perriand-loeuvre-complete-tome-1-1903-1940-2\/\" \/>\n<meta property=\"og:locale\" content=\"en_US\" \/>\n<meta property=\"og:type\" content=\"article\" \/>\n<meta property=\"og:title\" content=\"Charlotte Perriand, l&#039;oeuvre compl\u00e8te Tome 1 ; 1903-1940 - Librairie 7L\" \/>\n<meta property=\"og:description\" content=\"Pendant sept d\u00e9cennies, Charlotte Perriand (1903-1999) a contribu\u00e9 \u00e0 fa\u00e7onner le Inonde de ses inventions, laissant derri\u00e8re elle un sillage d&#8217;images, d&#8217;objets, de lieux et d&#8217;\u00e9difices, autant de registres d&#8217;une oeuvre qui appara\u00eet d\u00e9sormais dans toute son ampleur. Ce premier volume de l&#8217;oeuvre compl\u00e8te offre une analyse d\u00e9taill\u00e9e de ses premi\u00e8res ann\u00e9es de cr\u00e9ation, tr\u00e8s [&hellip;]\" \/>\n<meta property=\"og:url\" content=\"https:\/\/librairie7l.com\/en\/produit\/charlotte-perriand-loeuvre-complete-tome-1-1903-1940-2\/\" \/>\n<meta property=\"og:site_name\" content=\"Librairie 7L\" \/>\n<meta property=\"article:modified_time\" content=\"2026-04-17T13:38:47+00:00\" \/>\n<meta property=\"og:image\" content=\"https:\/\/librairie7l.com\/wp-content\/uploads\/2015\/01\/9782915542608_1_75.jpg\" \/>\n\t<meta property=\"og:image:width\" content=\"600\" \/>\n\t<meta property=\"og:image:height\" content=\"793\" \/>\n\t<meta property=\"og:image:type\" content=\"image\/jpeg\" \/>\n<meta name=\"twitter:card\" content=\"summary_large_image\" \/>\n<meta name=\"twitter:label1\" content=\"Est. reading time\" \/>\n\t<meta name=\"twitter:data1\" content=\"1 minute\" \/>\n<script type=\"application\/ld+json\" class=\"yoast-schema-graph\">{\"@context\":\"https:\/\/schema.org\",\"@graph\":[{\"@type\":\"WebPage\",\"@id\":\"https:\/\/librairie7l.com\/en\/produit\/charlotte-perriand-loeuvre-complete-tome-1-1903-1940-2\/\",\"url\":\"https:\/\/librairie7l.com\/en\/produit\/charlotte-perriand-loeuvre-complete-tome-1-1903-1940-2\/\",\"name\":\"Charlotte Perriand, l'oeuvre compl\u00e8te Tome 1 ; 1903-1940 - Librairie 7L\",\"isPartOf\":{\"@id\":\"https:\/\/librairie7l.com\/en\/#website\"},\"datePublished\":\"2025-03-13T10:17:22+00:00\",\"dateModified\":\"2026-04-17T13:38:47+00:00\",\"breadcrumb\":{\"@id\":\"https:\/\/librairie7l.com\/en\/produit\/charlotte-perriand-loeuvre-complete-tome-1-1903-1940-2\/#breadcrumb\"},\"inLanguage\":\"en-US\",\"potentialAction\":[{\"@type\":\"ReadAction\",\"target\":[\"https:\/\/librairie7l.com\/en\/produit\/charlotte-perriand-loeuvre-complete-tome-1-1903-1940-2\/\"]}]},{\"@type\":\"BreadcrumbList\",\"@id\":\"https:\/\/librairie7l.com\/en\/produit\/charlotte-perriand-loeuvre-complete-tome-1-1903-1940-2\/#breadcrumb\",\"itemListElement\":[{\"@type\":\"ListItem\",\"position\":1,\"name\":\"Accueil\",\"item\":\"https:\/\/librairie7l.com\/en\/\"},{\"@type\":\"ListItem\",\"position\":2,\"name\":\"Shop\",\"item\":\"https:\/\/librairie7l.com\/en\/shop\/\"},{\"@type\":\"ListItem\",\"position\":3,\"name\":\"CHARLOTTE PERRIAND, L&#8217;OEUVRE COMPL\u00c8TE TOME 1 ; 1903-1940\"}]},{\"@type\":\"WebSite\",\"@id\":\"https:\/\/librairie7l.com\/en\/#website\",\"url\":\"https:\/\/librairie7l.com\/en\/\",\"name\":\"Librairie 7L\",\"description\":\"Librairie fond\u00e9e en 1999 par Karl Lagerfeld \u00e0 Paris\",\"publisher\":{\"@id\":\"https:\/\/librairie7l.com\/en\/#organization\"},\"potentialAction\":[{\"@type\":\"SearchAction\",\"target\":{\"@type\":\"EntryPoint\",\"urlTemplate\":\"https:\/\/librairie7l.com\/en\/?s={search_term_string}\"},\"query-input\":\"required name=search_term_string\"}],\"inLanguage\":\"en-US\"},{\"@type\":\"Organization\",\"@id\":\"https:\/\/librairie7l.com\/en\/#organization\",\"name\":\"Librairie 7L\",\"url\":\"https:\/\/librairie7l.com\/en\/\",\"logo\":{\"@type\":\"ImageObject\",\"inLanguage\":\"en-US\",\"@id\":\"https:\/\/librairie7l.com\/en\/#\/schema\/logo\/image\/\",\"url\":\"https:\/\/librairie7l.com\/wp-content\/uploads\/2022\/08\/logo-1.png\",\"contentUrl\":\"https:\/\/librairie7l.com\/wp-content\/uploads\/2022\/08\/logo-1.png\",\"width\":227,\"height\":301,\"caption\":\"Librairie 7L\"},\"image\":{\"@id\":\"https:\/\/librairie7l.com\/en\/#\/schema\/logo\/image\/\"}}]}<\/script>\n<!-- \/ Yoast SEO plugin. -->","yoast_head_json":{"title":"Charlotte Perriand, l'oeuvre compl\u00e8te Tome 1 ; 1903-1940 - Librairie 7L","robots":{"index":"index","follow":"follow","max-snippet":"max-snippet:-1","max-image-preview":"max-image-preview:large","max-video-preview":"max-video-preview:-1"},"canonical":"https:\/\/librairie7l.com\/en\/produit\/charlotte-perriand-loeuvre-complete-tome-1-1903-1940-2\/","og_locale":"en_US","og_type":"article","og_title":"Charlotte Perriand, l'oeuvre compl\u00e8te Tome 1 ; 1903-1940 - Librairie 7L","og_description":"Pendant sept d\u00e9cennies, Charlotte Perriand (1903-1999) a contribu\u00e9 \u00e0 fa\u00e7onner le Inonde de ses inventions, laissant derri\u00e8re elle un sillage d&#8217;images, d&#8217;objets, de lieux et d&#8217;\u00e9difices, autant de registres d&#8217;une oeuvre qui appara\u00eet d\u00e9sormais dans toute son ampleur. Ce premier volume de l&#8217;oeuvre compl\u00e8te offre une analyse d\u00e9taill\u00e9e de ses premi\u00e8res ann\u00e9es de cr\u00e9ation, tr\u00e8s [&hellip;]","og_url":"https:\/\/librairie7l.com\/en\/produit\/charlotte-perriand-loeuvre-complete-tome-1-1903-1940-2\/","og_site_name":"Librairie 7L","article_modified_time":"2026-04-17T13:38:47+00:00","og_image":[{"width":600,"height":793,"url":"https:\/\/librairie7l.com\/wp-content\/uploads\/2015\/01\/9782915542608_1_75.jpg","type":"image\/jpeg"}],"twitter_card":"summary_large_image","twitter_misc":{"Est. reading time":"1 minute"},"schema":{"@context":"https:\/\/schema.org","@graph":[{"@type":"WebPage","@id":"https:\/\/librairie7l.com\/en\/produit\/charlotte-perriand-loeuvre-complete-tome-1-1903-1940-2\/","url":"https:\/\/librairie7l.com\/en\/produit\/charlotte-perriand-loeuvre-complete-tome-1-1903-1940-2\/","name":"Charlotte Perriand, l'oeuvre compl\u00e8te Tome 1 ; 1903-1940 - Librairie 7L","isPartOf":{"@id":"https:\/\/librairie7l.com\/en\/#website"},"datePublished":"2025-03-13T10:17:22+00:00","dateModified":"2026-04-17T13:38:47+00:00","breadcrumb":{"@id":"https:\/\/librairie7l.com\/en\/produit\/charlotte-perriand-loeuvre-complete-tome-1-1903-1940-2\/#breadcrumb"},"inLanguage":"en-US","potentialAction":[{"@type":"ReadAction","target":["https:\/\/librairie7l.com\/en\/produit\/charlotte-perriand-loeuvre-complete-tome-1-1903-1940-2\/"]}]},{"@type":"BreadcrumbList","@id":"https:\/\/librairie7l.com\/en\/produit\/charlotte-perriand-loeuvre-complete-tome-1-1903-1940-2\/#breadcrumb","itemListElement":[{"@type":"ListItem","position":1,"name":"Accueil","item":"https:\/\/librairie7l.com\/en\/"},{"@type":"ListItem","position":2,"name":"Shop","item":"https:\/\/librairie7l.com\/en\/shop\/"},{"@type":"ListItem","position":3,"name":"CHARLOTTE PERRIAND, L&#8217;OEUVRE COMPL\u00c8TE TOME 1 ; 1903-1940"}]},{"@type":"WebSite","@id":"https:\/\/librairie7l.com\/en\/#website","url":"https:\/\/librairie7l.com\/en\/","name":"Librairie 7L","description":"Librairie fond\u00e9e en 1999 par Karl Lagerfeld \u00e0 Paris","publisher":{"@id":"https:\/\/librairie7l.com\/en\/#organization"},"potentialAction":[{"@type":"SearchAction","target":{"@type":"EntryPoint","urlTemplate":"https:\/\/librairie7l.com\/en\/?s={search_term_string}"},"query-input":"required name=search_term_string"}],"inLanguage":"en-US"},{"@type":"Organization","@id":"https:\/\/librairie7l.com\/en\/#organization","name":"Librairie 7L","url":"https:\/\/librairie7l.com\/en\/","logo":{"@type":"ImageObject","inLanguage":"en-US","@id":"https:\/\/librairie7l.com\/en\/#\/schema\/logo\/image\/","url":"https:\/\/librairie7l.com\/wp-content\/uploads\/2022\/08\/logo-1.png","contentUrl":"https:\/\/librairie7l.com\/wp-content\/uploads\/2022\/08\/logo-1.png","width":227,"height":301,"caption":"Librairie 7L"},"image":{"@id":"https:\/\/librairie7l.com\/en\/#\/schema\/logo\/image\/"}}]}},"_links":{"self":[{"href":"https:\/\/librairie7l.com\/en\/wp-json\/wp\/v2\/product\/46820"}],"collection":[{"href":"https:\/\/librairie7l.com\/en\/wp-json\/wp\/v2\/product"}],"about":[{"href":"https:\/\/librairie7l.com\/en\/wp-json\/wp\/v2\/types\/product"}],"wp:featuredmedia":[{"embeddable":true,"href":"https:\/\/librairie7l.com\/en\/wp-json\/wp\/v2\/media\/46818"}],"wp:attachment":[{"href":"https:\/\/librairie7l.com\/en\/wp-json\/wp\/v2\/media?parent=46820"}],"wp:term":[{"taxonomy":"product_cat","embeddable":true,"href":"https:\/\/librairie7l.com\/en\/wp-json\/wp\/v2\/product_cat?post=46820"},{"taxonomy":"product_tag","embeddable":true,"href":"https:\/\/librairie7l.com\/en\/wp-json\/wp\/v2\/product_tag?post=46820"}],"curies":[{"name":"wp","href":"https:\/\/api.w.org\/{rel}","templated":true}]}}