{"id":46843,"date":"2025-03-14T09:18:02","date_gmt":"2025-03-14T08:18:02","guid":{"rendered":"https:\/\/librairie7l.com\/?post_type=product&#038;p=46843"},"modified":"2026-04-19T11:44:19","modified_gmt":"2026-04-19T09:44:19","slug":"lieux-et-milieux-des-arts-vivants-performer-linstitution-2","status":"publish","type":"product","link":"https:\/\/librairie7l.com\/en\/produit\/lieux-et-milieux-des-arts-vivants-performer-linstitution-2\/","title":{"rendered":"LIEUX ET MILIEUX DES ARTS VIVANTS : PERFORMER L&#8217;INSTITUTION"},"content":{"rendered":"<p>Alors que les arts vivants int\u00e8grent les institutions mus\u00e9ales selon un ph\u00e9nom\u00e8ne que plusieurs qualifient de \u00ab tournant performatif \u00bb des mus\u00e9es, on voit \u00e9merger depuis le d\u00e9but du mill\u00e9naire de nouvelles organisations vou\u00e9es aux pratiques artistiques performatives. Imagin\u00e9es par des artistes, des universitaires, des activistes, des commissaires ind\u00e9pendants ou des membres professionnels de mus\u00e9es, ces structures pr\u00e9sentent des formes, des niveaux de d\u00e9veloppement, des mandats et des modalit\u00e9s de fonctionnement tr\u00e8s vari\u00e9s. Elles ont en commun de mettre la performativit\u00e9 au coeur de leurs activit\u00e9s, selon diverses acceptions : la performativit\u00e9 des pratiques artistiques qu&#8217;elles appr\u00e9hendent ; l&#8217;importance de l&#8217;exp\u00e9rience sensible ; les approches performatives de la production et de la diffusion des connaissances ; la performativit\u00e9 du Web qu&#8217;elles exploitent \u00e0 travers leurs sites Internet et leurs bases de donn\u00e9es. Ce livre vise \u00e0 comprendre les impacts de ces jeunes organisations sur les mondes de l&#8217;art, leurs effets sur les communaut\u00e9s et les milieux dans lesquels elles se d\u00e9veloppent. Contribuent-elles \u00e0 cr\u00e9er de nouveaux r\u00e9seaux, \u00e0 renouveler les modes de production, de diffusion et de coop\u00e9ration artistiques ? Dans quelles \u00e9conomies de la culture s&#8217;inscrivent-elles ? Dans quelle mesure et de quelles mani\u00e8res parviennent-elles \u00e0 repenser le r\u00f4le social de l&#8217;art ? Comment prennent-elles part aux d\u00e9fis soci\u00e9taux d&#8217;aujourd&#8217;hui en mati\u00e8re d&#8217;\u00e9ducation, d&#8217;inclusion, d&#8217;environnement, de d\u00e9colonialit\u00e9 ?<br \/>\nDes enqu\u00eates sur neuf organisations et un collectif nord-am\u00e9ricains et europ\u00e9ens : Performa, If I Can&#8217;t Dance I Don&#8217;t Want to Be Part of Your Revolution, la Fondation du doute, le Mus\u00e9e de la danse, le Watermill Center, le Marina Abramovic Institute, la TOHU, le Museum of Contemporary Art Toronto, le Hemispheric Institute of Performance and Politics, Liberate Tate, ainsi que d&#8217;autres exp\u00e9riences institutionnelles relat\u00e9es \u00e0 travers les t\u00e9moignages de leurs protagonistes.<\/p>\n","protected":false},"excerpt":{"rendered":"<p>Alors que les arts vivants int\u00e8grent les institutions mus\u00e9ales selon un ph\u00e9nom\u00e8ne que plusieurs qualifient de \u00ab tournant performatif \u00bb des mus\u00e9es, on voit \u00e9merger depuis le d\u00e9but du mill\u00e9naire de nouvelles organisations vou\u00e9es aux pratiques artistiques performatives. Imagin\u00e9es par des artistes, des universitaires, des activistes, des commissaires ind\u00e9pendants ou des membres professionnels de mus\u00e9es, [&hellip;]<\/p>\n","protected":false},"featured_media":46841,"template":"","meta":[],"product_cat":[2948,2953],"product_tag":[],"acf":[],"yoast_head":"<!-- This site is optimized with the Yoast SEO plugin v20.11 - https:\/\/yoast.com\/wordpress\/plugins\/seo\/ -->\n<title>Lieux et milieux des arts vivants : Performer l&#039;institution - Librairie 7L<\/title>\n<meta name=\"robots\" content=\"index, follow, max-snippet:-1, max-image-preview:large, max-video-preview:-1\" \/>\n<link rel=\"canonical\" href=\"https:\/\/librairie7l.com\/en\/produit\/lieux-et-milieux-des-arts-vivants-performer-linstitution-2\/\" \/>\n<meta property=\"og:locale\" content=\"en_US\" \/>\n<meta property=\"og:type\" content=\"article\" \/>\n<meta property=\"og:title\" content=\"Lieux et milieux des arts vivants : Performer l&#039;institution - Librairie 7L\" \/>\n<meta property=\"og:description\" content=\"Alors que les arts vivants int\u00e8grent les institutions mus\u00e9ales selon un ph\u00e9nom\u00e8ne que plusieurs qualifient de \u00ab tournant performatif \u00bb des mus\u00e9es, on voit \u00e9merger depuis le d\u00e9but du mill\u00e9naire de nouvelles organisations vou\u00e9es aux pratiques artistiques performatives. Imagin\u00e9es par des artistes, des universitaires, des activistes, des commissaires ind\u00e9pendants ou des membres professionnels de mus\u00e9es, [&hellip;]\" \/>\n<meta property=\"og:url\" content=\"https:\/\/librairie7l.com\/en\/produit\/lieux-et-milieux-des-arts-vivants-performer-linstitution-2\/\" \/>\n<meta property=\"og:site_name\" content=\"Librairie 7L\" \/>\n<meta property=\"article:modified_time\" content=\"2026-04-19T09:44:19+00:00\" \/>\n<meta property=\"og:image\" content=\"https:\/\/librairie7l.com\/wp-content\/uploads\/2024\/09\/9782378964870_1_75.jpg\" \/>\n\t<meta property=\"og:image:width\" content=\"600\" \/>\n\t<meta property=\"og:image:height\" content=\"852\" \/>\n\t<meta property=\"og:image:type\" content=\"image\/jpeg\" \/>\n<meta name=\"twitter:card\" content=\"summary_large_image\" \/>\n<meta name=\"twitter:label1\" content=\"Est. reading time\" \/>\n\t<meta name=\"twitter:data1\" content=\"2 minutes\" \/>\n<script type=\"application\/ld+json\" class=\"yoast-schema-graph\">{\"@context\":\"https:\/\/schema.org\",\"@graph\":[{\"@type\":\"WebPage\",\"@id\":\"https:\/\/librairie7l.com\/en\/produit\/lieux-et-milieux-des-arts-vivants-performer-linstitution-2\/\",\"url\":\"https:\/\/librairie7l.com\/en\/produit\/lieux-et-milieux-des-arts-vivants-performer-linstitution-2\/\",\"name\":\"Lieux et milieux des arts vivants : Performer l'institution - Librairie 7L\",\"isPartOf\":{\"@id\":\"https:\/\/librairie7l.com\/en\/#website\"},\"datePublished\":\"2025-03-14T08:18:02+00:00\",\"dateModified\":\"2026-04-19T09:44:19+00:00\",\"breadcrumb\":{\"@id\":\"https:\/\/librairie7l.com\/en\/produit\/lieux-et-milieux-des-arts-vivants-performer-linstitution-2\/#breadcrumb\"},\"inLanguage\":\"en-US\",\"potentialAction\":[{\"@type\":\"ReadAction\",\"target\":[\"https:\/\/librairie7l.com\/en\/produit\/lieux-et-milieux-des-arts-vivants-performer-linstitution-2\/\"]}]},{\"@type\":\"BreadcrumbList\",\"@id\":\"https:\/\/librairie7l.com\/en\/produit\/lieux-et-milieux-des-arts-vivants-performer-linstitution-2\/#breadcrumb\",\"itemListElement\":[{\"@type\":\"ListItem\",\"position\":1,\"name\":\"Accueil\",\"item\":\"https:\/\/librairie7l.com\/en\/\"},{\"@type\":\"ListItem\",\"position\":2,\"name\":\"Shop\",\"item\":\"https:\/\/librairie7l.com\/en\/shop\/\"},{\"@type\":\"ListItem\",\"position\":3,\"name\":\"LIEUX ET MILIEUX DES ARTS VIVANTS : PERFORMER L&#8217;INSTITUTION\"}]},{\"@type\":\"WebSite\",\"@id\":\"https:\/\/librairie7l.com\/en\/#website\",\"url\":\"https:\/\/librairie7l.com\/en\/\",\"name\":\"Librairie 7L\",\"description\":\"Librairie fond\u00e9e en 1999 par Karl Lagerfeld \u00e0 Paris\",\"publisher\":{\"@id\":\"https:\/\/librairie7l.com\/en\/#organization\"},\"potentialAction\":[{\"@type\":\"SearchAction\",\"target\":{\"@type\":\"EntryPoint\",\"urlTemplate\":\"https:\/\/librairie7l.com\/en\/?s={search_term_string}\"},\"query-input\":\"required name=search_term_string\"}],\"inLanguage\":\"en-US\"},{\"@type\":\"Organization\",\"@id\":\"https:\/\/librairie7l.com\/en\/#organization\",\"name\":\"Librairie 7L\",\"url\":\"https:\/\/librairie7l.com\/en\/\",\"logo\":{\"@type\":\"ImageObject\",\"inLanguage\":\"en-US\",\"@id\":\"https:\/\/librairie7l.com\/en\/#\/schema\/logo\/image\/\",\"url\":\"https:\/\/librairie7l.com\/wp-content\/uploads\/2022\/08\/logo-1.png\",\"contentUrl\":\"https:\/\/librairie7l.com\/wp-content\/uploads\/2022\/08\/logo-1.png\",\"width\":227,\"height\":301,\"caption\":\"Librairie 7L\"},\"image\":{\"@id\":\"https:\/\/librairie7l.com\/en\/#\/schema\/logo\/image\/\"}}]}<\/script>\n<!-- \/ Yoast SEO plugin. -->","yoast_head_json":{"title":"Lieux et milieux des arts vivants : Performer l'institution - Librairie 7L","robots":{"index":"index","follow":"follow","max-snippet":"max-snippet:-1","max-image-preview":"max-image-preview:large","max-video-preview":"max-video-preview:-1"},"canonical":"https:\/\/librairie7l.com\/en\/produit\/lieux-et-milieux-des-arts-vivants-performer-linstitution-2\/","og_locale":"en_US","og_type":"article","og_title":"Lieux et milieux des arts vivants : Performer l'institution - Librairie 7L","og_description":"Alors que les arts vivants int\u00e8grent les institutions mus\u00e9ales selon un ph\u00e9nom\u00e8ne que plusieurs qualifient de \u00ab tournant performatif \u00bb des mus\u00e9es, on voit \u00e9merger depuis le d\u00e9but du mill\u00e9naire de nouvelles organisations vou\u00e9es aux pratiques artistiques performatives. Imagin\u00e9es par des artistes, des universitaires, des activistes, des commissaires ind\u00e9pendants ou des membres professionnels de mus\u00e9es, [&hellip;]","og_url":"https:\/\/librairie7l.com\/en\/produit\/lieux-et-milieux-des-arts-vivants-performer-linstitution-2\/","og_site_name":"Librairie 7L","article_modified_time":"2026-04-19T09:44:19+00:00","og_image":[{"width":600,"height":852,"url":"https:\/\/librairie7l.com\/wp-content\/uploads\/2024\/09\/9782378964870_1_75.jpg","type":"image\/jpeg"}],"twitter_card":"summary_large_image","twitter_misc":{"Est. reading time":"2 minutes"},"schema":{"@context":"https:\/\/schema.org","@graph":[{"@type":"WebPage","@id":"https:\/\/librairie7l.com\/en\/produit\/lieux-et-milieux-des-arts-vivants-performer-linstitution-2\/","url":"https:\/\/librairie7l.com\/en\/produit\/lieux-et-milieux-des-arts-vivants-performer-linstitution-2\/","name":"Lieux et milieux des arts vivants : Performer l'institution - Librairie 7L","isPartOf":{"@id":"https:\/\/librairie7l.com\/en\/#website"},"datePublished":"2025-03-14T08:18:02+00:00","dateModified":"2026-04-19T09:44:19+00:00","breadcrumb":{"@id":"https:\/\/librairie7l.com\/en\/produit\/lieux-et-milieux-des-arts-vivants-performer-linstitution-2\/#breadcrumb"},"inLanguage":"en-US","potentialAction":[{"@type":"ReadAction","target":["https:\/\/librairie7l.com\/en\/produit\/lieux-et-milieux-des-arts-vivants-performer-linstitution-2\/"]}]},{"@type":"BreadcrumbList","@id":"https:\/\/librairie7l.com\/en\/produit\/lieux-et-milieux-des-arts-vivants-performer-linstitution-2\/#breadcrumb","itemListElement":[{"@type":"ListItem","position":1,"name":"Accueil","item":"https:\/\/librairie7l.com\/en\/"},{"@type":"ListItem","position":2,"name":"Shop","item":"https:\/\/librairie7l.com\/en\/shop\/"},{"@type":"ListItem","position":3,"name":"LIEUX ET MILIEUX DES ARTS VIVANTS : PERFORMER L&#8217;INSTITUTION"}]},{"@type":"WebSite","@id":"https:\/\/librairie7l.com\/en\/#website","url":"https:\/\/librairie7l.com\/en\/","name":"Librairie 7L","description":"Librairie fond\u00e9e en 1999 par Karl Lagerfeld \u00e0 Paris","publisher":{"@id":"https:\/\/librairie7l.com\/en\/#organization"},"potentialAction":[{"@type":"SearchAction","target":{"@type":"EntryPoint","urlTemplate":"https:\/\/librairie7l.com\/en\/?s={search_term_string}"},"query-input":"required name=search_term_string"}],"inLanguage":"en-US"},{"@type":"Organization","@id":"https:\/\/librairie7l.com\/en\/#organization","name":"Librairie 7L","url":"https:\/\/librairie7l.com\/en\/","logo":{"@type":"ImageObject","inLanguage":"en-US","@id":"https:\/\/librairie7l.com\/en\/#\/schema\/logo\/image\/","url":"https:\/\/librairie7l.com\/wp-content\/uploads\/2022\/08\/logo-1.png","contentUrl":"https:\/\/librairie7l.com\/wp-content\/uploads\/2022\/08\/logo-1.png","width":227,"height":301,"caption":"Librairie 7L"},"image":{"@id":"https:\/\/librairie7l.com\/en\/#\/schema\/logo\/image\/"}}]}},"_links":{"self":[{"href":"https:\/\/librairie7l.com\/en\/wp-json\/wp\/v2\/product\/46843"}],"collection":[{"href":"https:\/\/librairie7l.com\/en\/wp-json\/wp\/v2\/product"}],"about":[{"href":"https:\/\/librairie7l.com\/en\/wp-json\/wp\/v2\/types\/product"}],"wp:featuredmedia":[{"embeddable":true,"href":"https:\/\/librairie7l.com\/en\/wp-json\/wp\/v2\/media\/46841"}],"wp:attachment":[{"href":"https:\/\/librairie7l.com\/en\/wp-json\/wp\/v2\/media?parent=46843"}],"wp:term":[{"taxonomy":"product_cat","embeddable":true,"href":"https:\/\/librairie7l.com\/en\/wp-json\/wp\/v2\/product_cat?post=46843"},{"taxonomy":"product_tag","embeddable":true,"href":"https:\/\/librairie7l.com\/en\/wp-json\/wp\/v2\/product_tag?post=46843"}],"curies":[{"name":"wp","href":"https:\/\/api.w.org\/{rel}","templated":true}]}}