{"id":46849,"date":"2025-03-14T09:18:07","date_gmt":"2025-03-14T08:18:07","guid":{"rendered":"https:\/\/librairie7l.com\/?post_type=product&#038;p=46849"},"modified":"2026-04-16T08:30:52","modified_gmt":"2026-04-16T06:30:52","slug":"ecolos-mais-pas-trop-les-classes-sociales-face-a-lenjeu-environnemental-2","status":"publish","type":"product","link":"https:\/\/librairie7l.com\/en\/produit\/ecolos-mais-pas-trop-les-classes-sociales-face-a-lenjeu-environnemental-2\/","title":{"rendered":"ECOLOS, MAIS PAS TROP&#8230; : LES CLASSES SOCIALES FACE \u00c0 L&#8217;ENJEU ENVIRONNEMENTAL"},"content":{"rendered":"<p>Si une large part de la population est convaincue de la n\u00e9cessit\u00e9 d&#8217;une transition \u00e9cologique, l&#8217;\u00e9cologie peine encore \u00e0 se d\u00e9finir  comme une force politique et une cause sociale, tant elle reste dispers\u00e9e entre des int\u00e9r\u00eats souvent antagoniques. Ce livre \u00e9tablit  clairement les raisons de cette dispersion, pour d\u00e9fendre la possibilit\u00e9 d&#8217;un programme \u00e9cologique progressiste, capable de se  constituer autour d&#8217;un bloc populaire et majoritaire.<br \/>\nDeux p\u00f4les se disputent aujourd&#8217;hui la l\u00e9gitimit\u00e9 de l&#8217;\u00e9cologie politique. Le premier se satisfait d&#8217;une modernisation des  appareils productifs, en s&#8217;en remettant aux promesses de la finance verte ou de la g\u00e9o-ing\u00e9nierie?; faute de bouleverser l&#8217;ordre  social, il n&#8217;accouche d&#8217;aucun changement \u00e0 la mesure de la crise \u00e9cologique. Le second promeut une vision exclusive et maximaliste du changement qui vise \u00e0 transformer en profondeur les mani\u00e8res d&#8217;habiter la plan\u00e8te, mais qui oublie d&#8217;en interroger les  conditions sociales de possibilit\u00e9 ; il suscite la perplexit\u00e9 faute de tracer une voie r\u00e9aliste, effective et mobilisatrice. C&#8217;est bien  parce qu&#8217;elle est frapp\u00e9e de c\u00e9cit\u00e9 sociale que l&#8217;\u00e9cologie politique, dans ses diff\u00e9rentes composantes, se brise sur la puissante  inertie des structures collectives. Avant m\u00eame de d\u00e9battre d&#8217;un avenir durable, il est alors n\u00e9cessaire d&#8217;op\u00e9rer un retour sur les  conditions d&#8217;une adh\u00e9sion massive \u00e0 une \u00e9cologie de la transformation. \u00c0 rebours des conceptions individualistes et apolitiques  du monde, le d\u00e9bat \u00e9cologique doit tenir compte des m\u00e9canismes sociaux qui font que, malgr\u00e9 le d\u00e9sastre en cours, la  logique capitaliste se perp\u00e9tue.<br \/>\nDans un contexte o\u00f9 il est de bon ton, dans les milieux militants ou institutionnels, de parler d&#8217;une \u00ab?\u00e9cologie populaire?\u00bb, l&#8217;\u00e9cologie n&#8217;en reste pas moins \u00e9crite depuis le haut de l&#8217;espace social, avec une tendance marqu\u00e9e \u00e0 invisibiliser les diff\u00e9rentes facettes  de l&#8217;injustice \u00e9cologique?: l&#8217;in\u00e9gale vuln\u00e9rabilit\u00e9 aux d\u00e9g\u00e2ts environnementaux de toutes sortes?; les in\u00e9galit\u00e9s d&#8217;acc\u00e8s et d&#8217;usages aux  espaces naturels et aux pratiques culturelles qui peuvent s&#8217;y tenir ; l&#8217;in\u00e9gal acc\u00e8s aux ar\u00e8nes publiques o\u00f9 les probl\u00e8mes environnementaux sont trait\u00e9s ; les contributions diff\u00e9renci\u00e9es des modes de vie ou des activit\u00e9s professionnelles aux nuisances \u00e9cologiques.<br \/>\nL&#8217;analyse de l&#8217;in\u00e9gale distribution des co\u00fbts et profits associ\u00e9s \u00e0 la question environnementale doit saisir pr\u00e9cis\u00e9ment o\u00f9 et  comment cette condition \u00e9cologique se diff\u00e9rencie dans l&#8217;espace social. Plus les fractions d&#8217;une classe sociale sont fragment\u00e9es,  plus il est compliqu\u00e9 pour ses membres d&#8217;\u00e9laborer des int\u00e9r\u00eats communs, et plus elle est fragile politiquement. Or en l&#8217;\u00e9tat actuel  du monde tel qu&#8217;il (ne) va (pas), les politiques de l&#8217;\u00e9cologie adoucissent les fronti\u00e8res entre les fractions de la classe dominante mais  accentuent celles qui traversent les mondes populaires. Elles sont donc vou\u00e9es \u00e0 reconduire un ordre social \u00e9cocidaire. La perspective sociologique expos\u00e9e dans ce livre permet d&#8217;esquisser la fa\u00e7on dont l&#8217;\u00e9cologie pourrait devenir un levier non plus de fragmentation mais d&#8217;int\u00e9gration politique. C&#8217;est en effet en combattant les  fondements mat\u00e9riels de l&#8217;in\u00e9gale condition \u00e9cologique des classes  sociales que pourront se reconstituer des alliances entre classes  moyennes et classes populaires en faveur d&#8217;une organisation sociale  faisant de l&#8217;\u00e9cologie l&#8217;un de fondements du vivre-ensemble.<\/p>\n","protected":false},"excerpt":{"rendered":"<p>Si une large part de la population est convaincue de la n\u00e9cessit\u00e9 d&#8217;une transition \u00e9cologique, l&#8217;\u00e9cologie peine encore \u00e0 se d\u00e9finir comme une force politique et une cause sociale, tant elle reste dispers\u00e9e entre des int\u00e9r\u00eats souvent antagoniques. Ce livre \u00e9tablit clairement les raisons de cette dispersion, pour d\u00e9fendre la possibilit\u00e9 d&#8217;un programme \u00e9cologique progressiste, [&hellip;]<\/p>\n","protected":false},"featured_media":46847,"template":"","meta":[],"product_cat":[2948,2956],"product_tag":[],"acf":[],"yoast_head":"<!-- This site is optimized with the Yoast SEO plugin v20.11 - https:\/\/yoast.com\/wordpress\/plugins\/seo\/ -->\n<title>Ecolos, mais pas trop... : Les classes sociales face \u00e0 l&#039;enjeu environnemental - Librairie 7L<\/title>\n<meta name=\"robots\" content=\"index, follow, max-snippet:-1, max-image-preview:large, max-video-preview:-1\" \/>\n<link rel=\"canonical\" href=\"https:\/\/librairie7l.com\/en\/produit\/ecolos-mais-pas-trop-les-classes-sociales-face-a-lenjeu-environnemental-2\/\" \/>\n<meta property=\"og:locale\" content=\"en_US\" \/>\n<meta property=\"og:type\" content=\"article\" \/>\n<meta property=\"og:title\" content=\"Ecolos, mais pas trop... : Les classes sociales face \u00e0 l&#039;enjeu environnemental - Librairie 7L\" \/>\n<meta property=\"og:description\" content=\"Si une large part de la population est convaincue de la n\u00e9cessit\u00e9 d&#8217;une transition \u00e9cologique, l&#8217;\u00e9cologie peine encore \u00e0 se d\u00e9finir comme une force politique et une cause sociale, tant elle reste dispers\u00e9e entre des int\u00e9r\u00eats souvent antagoniques. Ce livre \u00e9tablit clairement les raisons de cette dispersion, pour d\u00e9fendre la possibilit\u00e9 d&#8217;un programme \u00e9cologique progressiste, [&hellip;]\" \/>\n<meta property=\"og:url\" content=\"https:\/\/librairie7l.com\/en\/produit\/ecolos-mais-pas-trop-les-classes-sociales-face-a-lenjeu-environnemental-2\/\" \/>\n<meta property=\"og:site_name\" content=\"Librairie 7L\" \/>\n<meta property=\"article:modified_time\" content=\"2026-04-16T06:30:52+00:00\" \/>\n<meta property=\"og:image\" content=\"https:\/\/librairie7l.com\/wp-content\/uploads\/2023\/09\/9791097084363_1_75.jpg\" \/>\n\t<meta property=\"og:image:width\" content=\"340\" \/>\n\t<meta property=\"og:image:height\" content=\"504\" \/>\n\t<meta property=\"og:image:type\" content=\"image\/jpeg\" \/>\n<meta name=\"twitter:card\" content=\"summary_large_image\" \/>\n<meta name=\"twitter:label1\" content=\"Est. reading time\" \/>\n\t<meta name=\"twitter:data1\" content=\"3 minutes\" \/>\n<script type=\"application\/ld+json\" class=\"yoast-schema-graph\">{\"@context\":\"https:\/\/schema.org\",\"@graph\":[{\"@type\":\"WebPage\",\"@id\":\"https:\/\/librairie7l.com\/en\/produit\/ecolos-mais-pas-trop-les-classes-sociales-face-a-lenjeu-environnemental-2\/\",\"url\":\"https:\/\/librairie7l.com\/en\/produit\/ecolos-mais-pas-trop-les-classes-sociales-face-a-lenjeu-environnemental-2\/\",\"name\":\"Ecolos, mais pas trop... : Les classes sociales face \u00e0 l'enjeu environnemental - Librairie 7L\",\"isPartOf\":{\"@id\":\"https:\/\/librairie7l.com\/en\/#website\"},\"datePublished\":\"2025-03-14T08:18:07+00:00\",\"dateModified\":\"2026-04-16T06:30:52+00:00\",\"breadcrumb\":{\"@id\":\"https:\/\/librairie7l.com\/en\/produit\/ecolos-mais-pas-trop-les-classes-sociales-face-a-lenjeu-environnemental-2\/#breadcrumb\"},\"inLanguage\":\"en-US\",\"potentialAction\":[{\"@type\":\"ReadAction\",\"target\":[\"https:\/\/librairie7l.com\/en\/produit\/ecolos-mais-pas-trop-les-classes-sociales-face-a-lenjeu-environnemental-2\/\"]}]},{\"@type\":\"BreadcrumbList\",\"@id\":\"https:\/\/librairie7l.com\/en\/produit\/ecolos-mais-pas-trop-les-classes-sociales-face-a-lenjeu-environnemental-2\/#breadcrumb\",\"itemListElement\":[{\"@type\":\"ListItem\",\"position\":1,\"name\":\"Accueil\",\"item\":\"https:\/\/librairie7l.com\/en\/\"},{\"@type\":\"ListItem\",\"position\":2,\"name\":\"Shop\",\"item\":\"https:\/\/librairie7l.com\/en\/shop\/\"},{\"@type\":\"ListItem\",\"position\":3,\"name\":\"ECOLOS, MAIS PAS TROP&#8230; : LES CLASSES SOCIALES FACE \u00c0 L&#8217;ENJEU ENVIRONNEMENTAL\"}]},{\"@type\":\"WebSite\",\"@id\":\"https:\/\/librairie7l.com\/en\/#website\",\"url\":\"https:\/\/librairie7l.com\/en\/\",\"name\":\"Librairie 7L\",\"description\":\"Librairie fond\u00e9e en 1999 par Karl Lagerfeld \u00e0 Paris\",\"publisher\":{\"@id\":\"https:\/\/librairie7l.com\/en\/#organization\"},\"potentialAction\":[{\"@type\":\"SearchAction\",\"target\":{\"@type\":\"EntryPoint\",\"urlTemplate\":\"https:\/\/librairie7l.com\/en\/?s={search_term_string}\"},\"query-input\":\"required name=search_term_string\"}],\"inLanguage\":\"en-US\"},{\"@type\":\"Organization\",\"@id\":\"https:\/\/librairie7l.com\/en\/#organization\",\"name\":\"Librairie 7L\",\"url\":\"https:\/\/librairie7l.com\/en\/\",\"logo\":{\"@type\":\"ImageObject\",\"inLanguage\":\"en-US\",\"@id\":\"https:\/\/librairie7l.com\/en\/#\/schema\/logo\/image\/\",\"url\":\"https:\/\/librairie7l.com\/wp-content\/uploads\/2022\/08\/logo-1.png\",\"contentUrl\":\"https:\/\/librairie7l.com\/wp-content\/uploads\/2022\/08\/logo-1.png\",\"width\":227,\"height\":301,\"caption\":\"Librairie 7L\"},\"image\":{\"@id\":\"https:\/\/librairie7l.com\/en\/#\/schema\/logo\/image\/\"}}]}<\/script>\n<!-- \/ Yoast SEO plugin. -->","yoast_head_json":{"title":"Ecolos, mais pas trop... : Les classes sociales face \u00e0 l'enjeu environnemental - Librairie 7L","robots":{"index":"index","follow":"follow","max-snippet":"max-snippet:-1","max-image-preview":"max-image-preview:large","max-video-preview":"max-video-preview:-1"},"canonical":"https:\/\/librairie7l.com\/en\/produit\/ecolos-mais-pas-trop-les-classes-sociales-face-a-lenjeu-environnemental-2\/","og_locale":"en_US","og_type":"article","og_title":"Ecolos, mais pas trop... : Les classes sociales face \u00e0 l'enjeu environnemental - Librairie 7L","og_description":"Si une large part de la population est convaincue de la n\u00e9cessit\u00e9 d&#8217;une transition \u00e9cologique, l&#8217;\u00e9cologie peine encore \u00e0 se d\u00e9finir comme une force politique et une cause sociale, tant elle reste dispers\u00e9e entre des int\u00e9r\u00eats souvent antagoniques. Ce livre \u00e9tablit clairement les raisons de cette dispersion, pour d\u00e9fendre la possibilit\u00e9 d&#8217;un programme \u00e9cologique progressiste, [&hellip;]","og_url":"https:\/\/librairie7l.com\/en\/produit\/ecolos-mais-pas-trop-les-classes-sociales-face-a-lenjeu-environnemental-2\/","og_site_name":"Librairie 7L","article_modified_time":"2026-04-16T06:30:52+00:00","og_image":[{"width":340,"height":504,"url":"https:\/\/librairie7l.com\/wp-content\/uploads\/2023\/09\/9791097084363_1_75.jpg","type":"image\/jpeg"}],"twitter_card":"summary_large_image","twitter_misc":{"Est. reading time":"3 minutes"},"schema":{"@context":"https:\/\/schema.org","@graph":[{"@type":"WebPage","@id":"https:\/\/librairie7l.com\/en\/produit\/ecolos-mais-pas-trop-les-classes-sociales-face-a-lenjeu-environnemental-2\/","url":"https:\/\/librairie7l.com\/en\/produit\/ecolos-mais-pas-trop-les-classes-sociales-face-a-lenjeu-environnemental-2\/","name":"Ecolos, mais pas trop... : Les classes sociales face \u00e0 l'enjeu environnemental - Librairie 7L","isPartOf":{"@id":"https:\/\/librairie7l.com\/en\/#website"},"datePublished":"2025-03-14T08:18:07+00:00","dateModified":"2026-04-16T06:30:52+00:00","breadcrumb":{"@id":"https:\/\/librairie7l.com\/en\/produit\/ecolos-mais-pas-trop-les-classes-sociales-face-a-lenjeu-environnemental-2\/#breadcrumb"},"inLanguage":"en-US","potentialAction":[{"@type":"ReadAction","target":["https:\/\/librairie7l.com\/en\/produit\/ecolos-mais-pas-trop-les-classes-sociales-face-a-lenjeu-environnemental-2\/"]}]},{"@type":"BreadcrumbList","@id":"https:\/\/librairie7l.com\/en\/produit\/ecolos-mais-pas-trop-les-classes-sociales-face-a-lenjeu-environnemental-2\/#breadcrumb","itemListElement":[{"@type":"ListItem","position":1,"name":"Accueil","item":"https:\/\/librairie7l.com\/en\/"},{"@type":"ListItem","position":2,"name":"Shop","item":"https:\/\/librairie7l.com\/en\/shop\/"},{"@type":"ListItem","position":3,"name":"ECOLOS, MAIS PAS TROP&#8230; : LES CLASSES SOCIALES FACE \u00c0 L&#8217;ENJEU ENVIRONNEMENTAL"}]},{"@type":"WebSite","@id":"https:\/\/librairie7l.com\/en\/#website","url":"https:\/\/librairie7l.com\/en\/","name":"Librairie 7L","description":"Librairie fond\u00e9e en 1999 par Karl Lagerfeld \u00e0 Paris","publisher":{"@id":"https:\/\/librairie7l.com\/en\/#organization"},"potentialAction":[{"@type":"SearchAction","target":{"@type":"EntryPoint","urlTemplate":"https:\/\/librairie7l.com\/en\/?s={search_term_string}"},"query-input":"required name=search_term_string"}],"inLanguage":"en-US"},{"@type":"Organization","@id":"https:\/\/librairie7l.com\/en\/#organization","name":"Librairie 7L","url":"https:\/\/librairie7l.com\/en\/","logo":{"@type":"ImageObject","inLanguage":"en-US","@id":"https:\/\/librairie7l.com\/en\/#\/schema\/logo\/image\/","url":"https:\/\/librairie7l.com\/wp-content\/uploads\/2022\/08\/logo-1.png","contentUrl":"https:\/\/librairie7l.com\/wp-content\/uploads\/2022\/08\/logo-1.png","width":227,"height":301,"caption":"Librairie 7L"},"image":{"@id":"https:\/\/librairie7l.com\/en\/#\/schema\/logo\/image\/"}}]}},"_links":{"self":[{"href":"https:\/\/librairie7l.com\/en\/wp-json\/wp\/v2\/product\/46849"}],"collection":[{"href":"https:\/\/librairie7l.com\/en\/wp-json\/wp\/v2\/product"}],"about":[{"href":"https:\/\/librairie7l.com\/en\/wp-json\/wp\/v2\/types\/product"}],"wp:featuredmedia":[{"embeddable":true,"href":"https:\/\/librairie7l.com\/en\/wp-json\/wp\/v2\/media\/46847"}],"wp:attachment":[{"href":"https:\/\/librairie7l.com\/en\/wp-json\/wp\/v2\/media?parent=46849"}],"wp:term":[{"taxonomy":"product_cat","embeddable":true,"href":"https:\/\/librairie7l.com\/en\/wp-json\/wp\/v2\/product_cat?post=46849"},{"taxonomy":"product_tag","embeddable":true,"href":"https:\/\/librairie7l.com\/en\/wp-json\/wp\/v2\/product_tag?post=46849"}],"curies":[{"name":"wp","href":"https:\/\/api.w.org\/{rel}","templated":true}]}}