{"id":46857,"date":"2025-03-15T09:17:56","date_gmt":"2025-03-15T08:17:56","guid":{"rendered":"https:\/\/librairie7l.com\/?post_type=product&#038;p=46857"},"modified":"2026-04-22T19:53:14","modified_gmt":"2026-04-22T17:53:14","slug":"american-born-hungary-kertesz-capa-and-the-hungarian-american-photographic-legacy-2","status":"publish","type":"product","link":"https:\/\/librairie7l.com\/en\/produit\/american-born-hungary-kertesz-capa-and-the-hungarian-american-photographic-legacy-2\/","title":{"rendered":"AMERICAN BORN HUNGARY : KERTESZ, CAPA, AND THE HUNGARIAN AMERICAN PHOTOGRAPHIC LEGACY"},"content":{"rendered":"<p>Une vision globale du r\u00f4le significatif des immigrants hongrois dans le fa\u00e7onnement de la culture et de la pratique photographiques am\u00e9ricaines au vingti\u00e8me si\u00e8cle. Ce livre magnifiquement illustr\u00e9 explore les conditions culturelles de la photographie en Hongrie dans la premi\u00e8re moiti\u00e9 du XXe si\u00e8cle et l&#8217;exode d&#8217;artistes hongrois r\u00e9volutionnaires, dont beaucoup se sont rendus \u00e0 Berlin, Paris ou Londres avant de s&#8217;installer aux \u00c9tats-Unis. L&#8217;histoire de l&#8217;abondance de talents intellectuels et artistiques qui ont quitt\u00e9 la Hongrie pendant cette p\u00e9riode est racont\u00e9e en profondeur, de l&#8217;h\u00e9ritage photo-journalistique des fr\u00e8res Capa et de Martin Munk\u00e1csi aux travaux profond\u00e9ment exp\u00e9rimentaux r\u00e9alis\u00e9s aux \u00c9tats-Unis par des artistes tels que L\u00e1szl\u00f3 Moholy-Nagy et Gy\u00f6rgy Kepes, en passant par les portraits d&#8217;ic\u00f4nes du cin\u00e9ma r\u00e9alis\u00e9s par Andr\u00e9 de Dienes, dont Marilyn Monroe, qui ont contribu\u00e9 \u00e0 alimenter l&#8217;\u00e2ge d&#8217;or d&#8217;Hollywood. L&#8217;ouvrage pr\u00e9sente \u00e9galement le talent majeur mais m\u00e9connu d&#8217;artistes tels que John Albok, Anna Barna, Ferenc Berko, Michael Simon et Paula Wright. Les essais de la publication explorent l&#8217;h\u00e9ritage complexe de plus de trente photographes n\u00e9s en Hongrie et r\u00e9fl\u00e9chissent \u00e0 leur voyage aux \u00c9tats-Unis dans le contexte de l&#8217;\u00e9migration hongroise depuis plus de cent cinquante ans. En retra\u00e7ant l&#8217;impact de ces photographes, c\u00e9l\u00e8bres ou non, American, Hungary Born souligne le r\u00f4le significatif des immigr\u00e9s hongrois dans le fa\u00e7onnement de la culture et de la pratique photographiques am\u00e9ricaines au XXe si\u00e8cle.<\/p>\n","protected":false},"excerpt":{"rendered":"<p>Une vision globale du r\u00f4le significatif des immigrants hongrois dans le fa\u00e7onnement de la culture et de la pratique photographiques am\u00e9ricaines au vingti\u00e8me si\u00e8cle. Ce livre magnifiquement illustr\u00e9 explore les conditions culturelles de la photographie en Hongrie dans la premi\u00e8re moiti\u00e9 du XXe si\u00e8cle et l&#8217;exode d&#8217;artistes hongrois r\u00e9volutionnaires, dont beaucoup se sont rendus \u00e0 [&hellip;]<\/p>\n","protected":false},"featured_media":46855,"template":"","meta":[],"product_cat":[2948,2958],"product_tag":[],"acf":[],"yoast_head":"<!-- This site is optimized with the Yoast SEO plugin v20.11 - https:\/\/yoast.com\/wordpress\/plugins\/seo\/ -->\n<title>American born hungary : Kertesz, Capa, and the hungarian american photographic legacy - Librairie 7L<\/title>\n<meta name=\"robots\" content=\"index, follow, max-snippet:-1, max-image-preview:large, max-video-preview:-1\" \/>\n<link rel=\"canonical\" href=\"https:\/\/librairie7l.com\/en\/produit\/american-born-hungary-kertesz-capa-and-the-hungarian-american-photographic-legacy-2\/\" \/>\n<meta property=\"og:locale\" content=\"en_US\" \/>\n<meta property=\"og:type\" content=\"article\" \/>\n<meta property=\"og:title\" content=\"American born hungary : Kertesz, Capa, and the hungarian american photographic legacy - Librairie 7L\" \/>\n<meta property=\"og:description\" content=\"Une vision globale du r\u00f4le significatif des immigrants hongrois dans le fa\u00e7onnement de la culture et de la pratique photographiques am\u00e9ricaines au vingti\u00e8me si\u00e8cle. Ce livre magnifiquement illustr\u00e9 explore les conditions culturelles de la photographie en Hongrie dans la premi\u00e8re moiti\u00e9 du XXe si\u00e8cle et l&#8217;exode d&#8217;artistes hongrois r\u00e9volutionnaires, dont beaucoup se sont rendus \u00e0 [&hellip;]\" \/>\n<meta property=\"og:url\" content=\"https:\/\/librairie7l.com\/en\/produit\/american-born-hungary-kertesz-capa-and-the-hungarian-american-photographic-legacy-2\/\" \/>\n<meta property=\"og:site_name\" content=\"Librairie 7L\" \/>\n<meta property=\"article:modified_time\" content=\"2026-04-22T17:53:14+00:00\" \/>\n<meta property=\"og:image\" content=\"https:\/\/librairie7l.com\/wp-content\/uploads\/2024\/09\/9780300279962_1_75.jpg\" \/>\n\t<meta property=\"og:image:width\" content=\"600\" \/>\n\t<meta property=\"og:image:height\" content=\"729\" \/>\n\t<meta property=\"og:image:type\" content=\"image\/jpeg\" \/>\n<meta name=\"twitter:card\" content=\"summary_large_image\" \/>\n<meta name=\"twitter:label1\" content=\"Est. reading time\" \/>\n\t<meta name=\"twitter:data1\" content=\"1 minute\" \/>\n<script type=\"application\/ld+json\" class=\"yoast-schema-graph\">{\"@context\":\"https:\/\/schema.org\",\"@graph\":[{\"@type\":\"WebPage\",\"@id\":\"https:\/\/librairie7l.com\/en\/produit\/american-born-hungary-kertesz-capa-and-the-hungarian-american-photographic-legacy-2\/\",\"url\":\"https:\/\/librairie7l.com\/en\/produit\/american-born-hungary-kertesz-capa-and-the-hungarian-american-photographic-legacy-2\/\",\"name\":\"American born hungary : Kertesz, Capa, and the hungarian american photographic legacy - Librairie 7L\",\"isPartOf\":{\"@id\":\"https:\/\/librairie7l.com\/en\/#website\"},\"datePublished\":\"2025-03-15T08:17:56+00:00\",\"dateModified\":\"2026-04-22T17:53:14+00:00\",\"breadcrumb\":{\"@id\":\"https:\/\/librairie7l.com\/en\/produit\/american-born-hungary-kertesz-capa-and-the-hungarian-american-photographic-legacy-2\/#breadcrumb\"},\"inLanguage\":\"en-US\",\"potentialAction\":[{\"@type\":\"ReadAction\",\"target\":[\"https:\/\/librairie7l.com\/en\/produit\/american-born-hungary-kertesz-capa-and-the-hungarian-american-photographic-legacy-2\/\"]}]},{\"@type\":\"BreadcrumbList\",\"@id\":\"https:\/\/librairie7l.com\/en\/produit\/american-born-hungary-kertesz-capa-and-the-hungarian-american-photographic-legacy-2\/#breadcrumb\",\"itemListElement\":[{\"@type\":\"ListItem\",\"position\":1,\"name\":\"Accueil\",\"item\":\"https:\/\/librairie7l.com\/en\/\"},{\"@type\":\"ListItem\",\"position\":2,\"name\":\"Shop\",\"item\":\"https:\/\/librairie7l.com\/en\/shop\/\"},{\"@type\":\"ListItem\",\"position\":3,\"name\":\"AMERICAN BORN HUNGARY : KERTESZ, CAPA, AND THE HUNGARIAN AMERICAN PHOTOGRAPHIC LEGACY\"}]},{\"@type\":\"WebSite\",\"@id\":\"https:\/\/librairie7l.com\/en\/#website\",\"url\":\"https:\/\/librairie7l.com\/en\/\",\"name\":\"Librairie 7L\",\"description\":\"Librairie fond\u00e9e en 1999 par Karl Lagerfeld \u00e0 Paris\",\"publisher\":{\"@id\":\"https:\/\/librairie7l.com\/en\/#organization\"},\"potentialAction\":[{\"@type\":\"SearchAction\",\"target\":{\"@type\":\"EntryPoint\",\"urlTemplate\":\"https:\/\/librairie7l.com\/en\/?s={search_term_string}\"},\"query-input\":\"required name=search_term_string\"}],\"inLanguage\":\"en-US\"},{\"@type\":\"Organization\",\"@id\":\"https:\/\/librairie7l.com\/en\/#organization\",\"name\":\"Librairie 7L\",\"url\":\"https:\/\/librairie7l.com\/en\/\",\"logo\":{\"@type\":\"ImageObject\",\"inLanguage\":\"en-US\",\"@id\":\"https:\/\/librairie7l.com\/en\/#\/schema\/logo\/image\/\",\"url\":\"https:\/\/librairie7l.com\/wp-content\/uploads\/2022\/08\/logo-1.png\",\"contentUrl\":\"https:\/\/librairie7l.com\/wp-content\/uploads\/2022\/08\/logo-1.png\",\"width\":227,\"height\":301,\"caption\":\"Librairie 7L\"},\"image\":{\"@id\":\"https:\/\/librairie7l.com\/en\/#\/schema\/logo\/image\/\"}}]}<\/script>\n<!-- \/ Yoast SEO plugin. -->","yoast_head_json":{"title":"American born hungary : Kertesz, Capa, and the hungarian american photographic legacy - Librairie 7L","robots":{"index":"index","follow":"follow","max-snippet":"max-snippet:-1","max-image-preview":"max-image-preview:large","max-video-preview":"max-video-preview:-1"},"canonical":"https:\/\/librairie7l.com\/en\/produit\/american-born-hungary-kertesz-capa-and-the-hungarian-american-photographic-legacy-2\/","og_locale":"en_US","og_type":"article","og_title":"American born hungary : Kertesz, Capa, and the hungarian american photographic legacy - Librairie 7L","og_description":"Une vision globale du r\u00f4le significatif des immigrants hongrois dans le fa\u00e7onnement de la culture et de la pratique photographiques am\u00e9ricaines au vingti\u00e8me si\u00e8cle. Ce livre magnifiquement illustr\u00e9 explore les conditions culturelles de la photographie en Hongrie dans la premi\u00e8re moiti\u00e9 du XXe si\u00e8cle et l&#8217;exode d&#8217;artistes hongrois r\u00e9volutionnaires, dont beaucoup se sont rendus \u00e0 [&hellip;]","og_url":"https:\/\/librairie7l.com\/en\/produit\/american-born-hungary-kertesz-capa-and-the-hungarian-american-photographic-legacy-2\/","og_site_name":"Librairie 7L","article_modified_time":"2026-04-22T17:53:14+00:00","og_image":[{"width":600,"height":729,"url":"https:\/\/librairie7l.com\/wp-content\/uploads\/2024\/09\/9780300279962_1_75.jpg","type":"image\/jpeg"}],"twitter_card":"summary_large_image","twitter_misc":{"Est. reading time":"1 minute"},"schema":{"@context":"https:\/\/schema.org","@graph":[{"@type":"WebPage","@id":"https:\/\/librairie7l.com\/en\/produit\/american-born-hungary-kertesz-capa-and-the-hungarian-american-photographic-legacy-2\/","url":"https:\/\/librairie7l.com\/en\/produit\/american-born-hungary-kertesz-capa-and-the-hungarian-american-photographic-legacy-2\/","name":"American born hungary : Kertesz, Capa, and the hungarian american photographic legacy - Librairie 7L","isPartOf":{"@id":"https:\/\/librairie7l.com\/en\/#website"},"datePublished":"2025-03-15T08:17:56+00:00","dateModified":"2026-04-22T17:53:14+00:00","breadcrumb":{"@id":"https:\/\/librairie7l.com\/en\/produit\/american-born-hungary-kertesz-capa-and-the-hungarian-american-photographic-legacy-2\/#breadcrumb"},"inLanguage":"en-US","potentialAction":[{"@type":"ReadAction","target":["https:\/\/librairie7l.com\/en\/produit\/american-born-hungary-kertesz-capa-and-the-hungarian-american-photographic-legacy-2\/"]}]},{"@type":"BreadcrumbList","@id":"https:\/\/librairie7l.com\/en\/produit\/american-born-hungary-kertesz-capa-and-the-hungarian-american-photographic-legacy-2\/#breadcrumb","itemListElement":[{"@type":"ListItem","position":1,"name":"Accueil","item":"https:\/\/librairie7l.com\/en\/"},{"@type":"ListItem","position":2,"name":"Shop","item":"https:\/\/librairie7l.com\/en\/shop\/"},{"@type":"ListItem","position":3,"name":"AMERICAN BORN HUNGARY : KERTESZ, CAPA, AND THE HUNGARIAN AMERICAN PHOTOGRAPHIC LEGACY"}]},{"@type":"WebSite","@id":"https:\/\/librairie7l.com\/en\/#website","url":"https:\/\/librairie7l.com\/en\/","name":"Librairie 7L","description":"Librairie fond\u00e9e en 1999 par Karl Lagerfeld \u00e0 Paris","publisher":{"@id":"https:\/\/librairie7l.com\/en\/#organization"},"potentialAction":[{"@type":"SearchAction","target":{"@type":"EntryPoint","urlTemplate":"https:\/\/librairie7l.com\/en\/?s={search_term_string}"},"query-input":"required name=search_term_string"}],"inLanguage":"en-US"},{"@type":"Organization","@id":"https:\/\/librairie7l.com\/en\/#organization","name":"Librairie 7L","url":"https:\/\/librairie7l.com\/en\/","logo":{"@type":"ImageObject","inLanguage":"en-US","@id":"https:\/\/librairie7l.com\/en\/#\/schema\/logo\/image\/","url":"https:\/\/librairie7l.com\/wp-content\/uploads\/2022\/08\/logo-1.png","contentUrl":"https:\/\/librairie7l.com\/wp-content\/uploads\/2022\/08\/logo-1.png","width":227,"height":301,"caption":"Librairie 7L"},"image":{"@id":"https:\/\/librairie7l.com\/en\/#\/schema\/logo\/image\/"}}]}},"_links":{"self":[{"href":"https:\/\/librairie7l.com\/en\/wp-json\/wp\/v2\/product\/46857"}],"collection":[{"href":"https:\/\/librairie7l.com\/en\/wp-json\/wp\/v2\/product"}],"about":[{"href":"https:\/\/librairie7l.com\/en\/wp-json\/wp\/v2\/types\/product"}],"wp:featuredmedia":[{"embeddable":true,"href":"https:\/\/librairie7l.com\/en\/wp-json\/wp\/v2\/media\/46855"}],"wp:attachment":[{"href":"https:\/\/librairie7l.com\/en\/wp-json\/wp\/v2\/media?parent=46857"}],"wp:term":[{"taxonomy":"product_cat","embeddable":true,"href":"https:\/\/librairie7l.com\/en\/wp-json\/wp\/v2\/product_cat?post=46857"},{"taxonomy":"product_tag","embeddable":true,"href":"https:\/\/librairie7l.com\/en\/wp-json\/wp\/v2\/product_tag?post=46857"}],"curies":[{"name":"wp","href":"https:\/\/api.w.org\/{rel}","templated":true}]}}