{"id":46869,"date":"2025-03-15T09:18:10","date_gmt":"2025-03-15T08:18:10","guid":{"rendered":"https:\/\/librairie7l.com\/?post_type=product&#038;p=46869"},"modified":"2026-04-17T14:10:41","modified_gmt":"2026-04-17T12:10:41","slug":"entretiens-avec-david-hockney-2","status":"publish","type":"product","link":"https:\/\/librairie7l.com\/en\/produit\/entretiens-avec-david-hockney-2\/","title":{"rendered":"ENTRETIENS AVEC DAVID HOCKNEY"},"content":{"rendered":"<p>Entretiens avec David Hockney propose une s\u00e9rie de conversations approfondies entre David Hockney, ic\u00f4ne de l&#8217;art contemporain connue pour ses grandes oeuvres picturales vives et color\u00e9es, et le conservateur \u00e9minent Hans Ulrich Obrist. Depuis 2006, date \u00e0 laquelle Obrist a rendu visite pour la premi\u00e8re fois \u00e0 Hockney dans son studio londo- nien, leurs \u00e9changes s&#8217;\u00e9tendent sur une p\u00e9riode de 16 ans jusqu&#8217;\u00e0 aujourd&#8217;hui. En explorant la pratique d\u00e9- vou\u00e9e et prolifique de Hockney, ainsi que sa relation avec des artistes tels qu&#8217;Andy Warhol et Francis Bacon, sa passion pour la peinture de la nature, ses r\u00e9flexions sur les nouvelles technologies et son amour pour le tabac, les pens\u00e9es de Hockney se r\u00e9v\u00e8lent aussi audacieuses que vari\u00e9es, \u00e0 l&#8217;image de son oeuvre. Entretiens avec David Hockney est un livre reli\u00e9 qui offre un portrait intime de David Hockney, l&#8217;un des ar- tistes contemporains les plus renomm\u00e9s au monde. Cet ouvrage est enti\u00e8rement illustr\u00e9 d&#8217;oeuvres couvrant l&#8217;ensemble de la carri\u00e8re artistique de Hockney.<\/p>\n","protected":false},"excerpt":{"rendered":"<p>Entretiens avec David Hockney propose une s\u00e9rie de conversations approfondies entre David Hockney, ic\u00f4ne de l&#8217;art contemporain connue pour ses grandes oeuvres picturales vives et color\u00e9es, et le conservateur \u00e9minent Hans Ulrich Obrist. Depuis 2006, date \u00e0 laquelle Obrist a rendu visite pour la premi\u00e8re fois \u00e0 Hockney dans son studio londo- nien, leurs \u00e9changes [&hellip;]<\/p>\n","protected":false},"featured_media":46867,"template":"","meta":[],"product_cat":[2948,2953],"product_tag":[],"acf":[],"yoast_head":"<!-- This site is optimized with the Yoast SEO plugin v20.11 - https:\/\/yoast.com\/wordpress\/plugins\/seo\/ -->\n<title>Entretiens avec David Hockney - Librairie 7L<\/title>\n<meta name=\"robots\" content=\"index, follow, max-snippet:-1, max-image-preview:large, max-video-preview:-1\" \/>\n<link rel=\"canonical\" href=\"https:\/\/librairie7l.com\/en\/produit\/entretiens-avec-david-hockney-2\/\" \/>\n<meta property=\"og:locale\" content=\"en_US\" \/>\n<meta property=\"og:type\" content=\"article\" \/>\n<meta property=\"og:title\" content=\"Entretiens avec David Hockney - Librairie 7L\" \/>\n<meta property=\"og:description\" content=\"Entretiens avec David Hockney propose une s\u00e9rie de conversations approfondies entre David Hockney, ic\u00f4ne de l&#8217;art contemporain connue pour ses grandes oeuvres picturales vives et color\u00e9es, et le conservateur \u00e9minent Hans Ulrich Obrist. Depuis 2006, date \u00e0 laquelle Obrist a rendu visite pour la premi\u00e8re fois \u00e0 Hockney dans son studio londo- nien, leurs \u00e9changes [&hellip;]\" \/>\n<meta property=\"og:url\" content=\"https:\/\/librairie7l.com\/en\/produit\/entretiens-avec-david-hockney-2\/\" \/>\n<meta property=\"og:site_name\" content=\"Librairie 7L\" \/>\n<meta property=\"article:modified_time\" content=\"2026-04-17T12:10:41+00:00\" \/>\n<meta property=\"og:image\" content=\"https:\/\/librairie7l.com\/wp-content\/uploads\/2025\/02\/9781911736141_1_75.jpg\" \/>\n\t<meta property=\"og:image:width\" content=\"384\" \/>\n\t<meta property=\"og:image:height\" content=\"500\" \/>\n\t<meta property=\"og:image:type\" content=\"image\/jpeg\" \/>\n<meta name=\"twitter:card\" content=\"summary_large_image\" \/>\n<meta name=\"twitter:label1\" content=\"Est. reading time\" \/>\n\t<meta name=\"twitter:data1\" content=\"1 minute\" \/>\n<script type=\"application\/ld+json\" class=\"yoast-schema-graph\">{\"@context\":\"https:\/\/schema.org\",\"@graph\":[{\"@type\":\"WebPage\",\"@id\":\"https:\/\/librairie7l.com\/en\/produit\/entretiens-avec-david-hockney-2\/\",\"url\":\"https:\/\/librairie7l.com\/en\/produit\/entretiens-avec-david-hockney-2\/\",\"name\":\"Entretiens avec David Hockney - Librairie 7L\",\"isPartOf\":{\"@id\":\"https:\/\/librairie7l.com\/en\/#website\"},\"datePublished\":\"2025-03-15T08:18:10+00:00\",\"dateModified\":\"2026-04-17T12:10:41+00:00\",\"breadcrumb\":{\"@id\":\"https:\/\/librairie7l.com\/en\/produit\/entretiens-avec-david-hockney-2\/#breadcrumb\"},\"inLanguage\":\"en-US\",\"potentialAction\":[{\"@type\":\"ReadAction\",\"target\":[\"https:\/\/librairie7l.com\/en\/produit\/entretiens-avec-david-hockney-2\/\"]}]},{\"@type\":\"BreadcrumbList\",\"@id\":\"https:\/\/librairie7l.com\/en\/produit\/entretiens-avec-david-hockney-2\/#breadcrumb\",\"itemListElement\":[{\"@type\":\"ListItem\",\"position\":1,\"name\":\"Accueil\",\"item\":\"https:\/\/librairie7l.com\/en\/\"},{\"@type\":\"ListItem\",\"position\":2,\"name\":\"Shop\",\"item\":\"https:\/\/librairie7l.com\/en\/shop\/\"},{\"@type\":\"ListItem\",\"position\":3,\"name\":\"ENTRETIENS AVEC DAVID HOCKNEY\"}]},{\"@type\":\"WebSite\",\"@id\":\"https:\/\/librairie7l.com\/en\/#website\",\"url\":\"https:\/\/librairie7l.com\/en\/\",\"name\":\"Librairie 7L\",\"description\":\"Librairie fond\u00e9e en 1999 par Karl Lagerfeld \u00e0 Paris\",\"publisher\":{\"@id\":\"https:\/\/librairie7l.com\/en\/#organization\"},\"potentialAction\":[{\"@type\":\"SearchAction\",\"target\":{\"@type\":\"EntryPoint\",\"urlTemplate\":\"https:\/\/librairie7l.com\/en\/?s={search_term_string}\"},\"query-input\":\"required name=search_term_string\"}],\"inLanguage\":\"en-US\"},{\"@type\":\"Organization\",\"@id\":\"https:\/\/librairie7l.com\/en\/#organization\",\"name\":\"Librairie 7L\",\"url\":\"https:\/\/librairie7l.com\/en\/\",\"logo\":{\"@type\":\"ImageObject\",\"inLanguage\":\"en-US\",\"@id\":\"https:\/\/librairie7l.com\/en\/#\/schema\/logo\/image\/\",\"url\":\"https:\/\/librairie7l.com\/wp-content\/uploads\/2022\/08\/logo-1.png\",\"contentUrl\":\"https:\/\/librairie7l.com\/wp-content\/uploads\/2022\/08\/logo-1.png\",\"width\":227,\"height\":301,\"caption\":\"Librairie 7L\"},\"image\":{\"@id\":\"https:\/\/librairie7l.com\/en\/#\/schema\/logo\/image\/\"}}]}<\/script>\n<!-- \/ Yoast SEO plugin. -->","yoast_head_json":{"title":"Entretiens avec David Hockney - Librairie 7L","robots":{"index":"index","follow":"follow","max-snippet":"max-snippet:-1","max-image-preview":"max-image-preview:large","max-video-preview":"max-video-preview:-1"},"canonical":"https:\/\/librairie7l.com\/en\/produit\/entretiens-avec-david-hockney-2\/","og_locale":"en_US","og_type":"article","og_title":"Entretiens avec David Hockney - Librairie 7L","og_description":"Entretiens avec David Hockney propose une s\u00e9rie de conversations approfondies entre David Hockney, ic\u00f4ne de l&#8217;art contemporain connue pour ses grandes oeuvres picturales vives et color\u00e9es, et le conservateur \u00e9minent Hans Ulrich Obrist. Depuis 2006, date \u00e0 laquelle Obrist a rendu visite pour la premi\u00e8re fois \u00e0 Hockney dans son studio londo- nien, leurs \u00e9changes [&hellip;]","og_url":"https:\/\/librairie7l.com\/en\/produit\/entretiens-avec-david-hockney-2\/","og_site_name":"Librairie 7L","article_modified_time":"2026-04-17T12:10:41+00:00","og_image":[{"width":384,"height":500,"url":"https:\/\/librairie7l.com\/wp-content\/uploads\/2025\/02\/9781911736141_1_75.jpg","type":"image\/jpeg"}],"twitter_card":"summary_large_image","twitter_misc":{"Est. reading time":"1 minute"},"schema":{"@context":"https:\/\/schema.org","@graph":[{"@type":"WebPage","@id":"https:\/\/librairie7l.com\/en\/produit\/entretiens-avec-david-hockney-2\/","url":"https:\/\/librairie7l.com\/en\/produit\/entretiens-avec-david-hockney-2\/","name":"Entretiens avec David Hockney - Librairie 7L","isPartOf":{"@id":"https:\/\/librairie7l.com\/en\/#website"},"datePublished":"2025-03-15T08:18:10+00:00","dateModified":"2026-04-17T12:10:41+00:00","breadcrumb":{"@id":"https:\/\/librairie7l.com\/en\/produit\/entretiens-avec-david-hockney-2\/#breadcrumb"},"inLanguage":"en-US","potentialAction":[{"@type":"ReadAction","target":["https:\/\/librairie7l.com\/en\/produit\/entretiens-avec-david-hockney-2\/"]}]},{"@type":"BreadcrumbList","@id":"https:\/\/librairie7l.com\/en\/produit\/entretiens-avec-david-hockney-2\/#breadcrumb","itemListElement":[{"@type":"ListItem","position":1,"name":"Accueil","item":"https:\/\/librairie7l.com\/en\/"},{"@type":"ListItem","position":2,"name":"Shop","item":"https:\/\/librairie7l.com\/en\/shop\/"},{"@type":"ListItem","position":3,"name":"ENTRETIENS AVEC DAVID HOCKNEY"}]},{"@type":"WebSite","@id":"https:\/\/librairie7l.com\/en\/#website","url":"https:\/\/librairie7l.com\/en\/","name":"Librairie 7L","description":"Librairie fond\u00e9e en 1999 par Karl Lagerfeld \u00e0 Paris","publisher":{"@id":"https:\/\/librairie7l.com\/en\/#organization"},"potentialAction":[{"@type":"SearchAction","target":{"@type":"EntryPoint","urlTemplate":"https:\/\/librairie7l.com\/en\/?s={search_term_string}"},"query-input":"required name=search_term_string"}],"inLanguage":"en-US"},{"@type":"Organization","@id":"https:\/\/librairie7l.com\/en\/#organization","name":"Librairie 7L","url":"https:\/\/librairie7l.com\/en\/","logo":{"@type":"ImageObject","inLanguage":"en-US","@id":"https:\/\/librairie7l.com\/en\/#\/schema\/logo\/image\/","url":"https:\/\/librairie7l.com\/wp-content\/uploads\/2022\/08\/logo-1.png","contentUrl":"https:\/\/librairie7l.com\/wp-content\/uploads\/2022\/08\/logo-1.png","width":227,"height":301,"caption":"Librairie 7L"},"image":{"@id":"https:\/\/librairie7l.com\/en\/#\/schema\/logo\/image\/"}}]}},"_links":{"self":[{"href":"https:\/\/librairie7l.com\/en\/wp-json\/wp\/v2\/product\/46869"}],"collection":[{"href":"https:\/\/librairie7l.com\/en\/wp-json\/wp\/v2\/product"}],"about":[{"href":"https:\/\/librairie7l.com\/en\/wp-json\/wp\/v2\/types\/product"}],"wp:featuredmedia":[{"embeddable":true,"href":"https:\/\/librairie7l.com\/en\/wp-json\/wp\/v2\/media\/46867"}],"wp:attachment":[{"href":"https:\/\/librairie7l.com\/en\/wp-json\/wp\/v2\/media?parent=46869"}],"wp:term":[{"taxonomy":"product_cat","embeddable":true,"href":"https:\/\/librairie7l.com\/en\/wp-json\/wp\/v2\/product_cat?post=46869"},{"taxonomy":"product_tag","embeddable":true,"href":"https:\/\/librairie7l.com\/en\/wp-json\/wp\/v2\/product_tag?post=46869"}],"curies":[{"name":"wp","href":"https:\/\/api.w.org\/{rel}","templated":true}]}}