{"id":46877,"date":"2025-03-15T09:18:17","date_gmt":"2025-03-15T08:18:17","guid":{"rendered":"https:\/\/librairie7l.com\/?post_type=product&#038;p=46877"},"modified":"2026-04-04T10:20:06","modified_gmt":"2026-04-04T08:20:06","slug":"saul-leiter-carte-postale-2","status":"publish","type":"product","link":"https:\/\/librairie7l.com\/en\/produit\/saul-leiter-carte-postale-2\/","title":{"rendered":"SAUL LEITER : CARTE POSTALE"},"content":{"rendered":"<p>Cette derni\u00e8re Publication FIFTY ONE d\u00e9voile une s\u00e9rie de photographies au format carte postale r\u00e9cemment d\u00e9couvertes, dont beaucoup n&#8217;ont jamais \u00e9t\u00e9 montr\u00e9es au public auparavant. Cette d\u00e9couverte unique a inspir\u00e9 Roger Szmulewicz, fondateur de la Gallery FIFTY ONE, \u00e0 pr\u00e9senter ces oeuvres intimes et captivantes \u00e0 un public plus large \u00e0 travers ce livre magnifiquement con\u00e7u. Selon les propres mots de Roger: \u00ab Lorsque Margrit Erb et Michael Parillo m&#8217;ont inform\u00e9 de la d\u00e9couverte de cette s\u00e9rie d&#8217;images au format carte postale, j&#8217;ai imm\u00e9diatement su qu&#8217;elles m\u00e9ritaient d&#8217;\u00eatre partag\u00e9es avec le monde dans un livre d\u00e9di\u00e9. Depuis le d\u00e9c\u00e8s de Saul en 2013, travailler avec son art a \u00e9t\u00e9 un moyen de renouer avec lui. Les images de Carte Postale offrent un aper\u00e7u de la beaut\u00e9 tranquille de la vie quotidienne, capturant des moments tendres, des figures solitaires et le paysage urbain en \u00e9volution. L&#8217;objectif de Saul nous rappelle la richesse profonde de la vie, m\u00eame dans ses formes les plus simples. \u00bb (-extrait de l&#8217;introduction du livre)<\/p>\n","protected":false},"excerpt":{"rendered":"<p>Cette derni\u00e8re Publication FIFTY ONE d\u00e9voile une s\u00e9rie de photographies au format carte postale r\u00e9cemment d\u00e9couvertes, dont beaucoup n&#8217;ont jamais \u00e9t\u00e9 montr\u00e9es au public auparavant. Cette d\u00e9couverte unique a inspir\u00e9 Roger Szmulewicz, fondateur de la Gallery FIFTY ONE, \u00e0 pr\u00e9senter ces oeuvres intimes et captivantes \u00e0 un public plus large \u00e0 travers ce livre magnifiquement [&hellip;]<\/p>\n","protected":false},"featured_media":46875,"template":"","meta":[],"product_cat":[2948,2958],"product_tag":[],"acf":[],"yoast_head":"<!-- This site is optimized with the Yoast SEO plugin v20.11 - https:\/\/yoast.com\/wordpress\/plugins\/seo\/ -->\n<title>Saul Leiter : Carte postale - Librairie 7L<\/title>\n<meta name=\"robots\" content=\"index, follow, max-snippet:-1, max-image-preview:large, max-video-preview:-1\" \/>\n<link rel=\"canonical\" href=\"https:\/\/librairie7l.com\/en\/produit\/saul-leiter-carte-postale-2\/\" \/>\n<meta property=\"og:locale\" content=\"en_US\" \/>\n<meta property=\"og:type\" content=\"article\" \/>\n<meta property=\"og:title\" content=\"Saul Leiter : Carte postale - Librairie 7L\" \/>\n<meta property=\"og:description\" content=\"Cette derni\u00e8re Publication FIFTY ONE d\u00e9voile une s\u00e9rie de photographies au format carte postale r\u00e9cemment d\u00e9couvertes, dont beaucoup n&#8217;ont jamais \u00e9t\u00e9 montr\u00e9es au public auparavant. Cette d\u00e9couverte unique a inspir\u00e9 Roger Szmulewicz, fondateur de la Gallery FIFTY ONE, \u00e0 pr\u00e9senter ces oeuvres intimes et captivantes \u00e0 un public plus large \u00e0 travers ce livre magnifiquement [&hellip;]\" \/>\n<meta property=\"og:url\" content=\"https:\/\/librairie7l.com\/en\/produit\/saul-leiter-carte-postale-2\/\" \/>\n<meta property=\"og:site_name\" content=\"Librairie 7L\" \/>\n<meta property=\"article:modified_time\" content=\"2026-04-04T08:20:06+00:00\" \/>\n<meta property=\"og:image\" content=\"https:\/\/librairie7l.com\/wp-content\/uploads\/2024\/10\/9789464989519_1_75.jpg\" \/>\n\t<meta property=\"og:image:width\" content=\"600\" \/>\n\t<meta property=\"og:image:height\" content=\"851\" \/>\n\t<meta property=\"og:image:type\" content=\"image\/jpeg\" \/>\n<meta name=\"twitter:card\" content=\"summary_large_image\" \/>\n<meta name=\"twitter:label1\" content=\"Est. reading time\" \/>\n\t<meta name=\"twitter:data1\" content=\"1 minute\" \/>\n<script type=\"application\/ld+json\" class=\"yoast-schema-graph\">{\"@context\":\"https:\/\/schema.org\",\"@graph\":[{\"@type\":\"WebPage\",\"@id\":\"https:\/\/librairie7l.com\/en\/produit\/saul-leiter-carte-postale-2\/\",\"url\":\"https:\/\/librairie7l.com\/en\/produit\/saul-leiter-carte-postale-2\/\",\"name\":\"Saul Leiter : Carte postale - Librairie 7L\",\"isPartOf\":{\"@id\":\"https:\/\/librairie7l.com\/en\/#website\"},\"datePublished\":\"2025-03-15T08:18:17+00:00\",\"dateModified\":\"2026-04-04T08:20:06+00:00\",\"breadcrumb\":{\"@id\":\"https:\/\/librairie7l.com\/en\/produit\/saul-leiter-carte-postale-2\/#breadcrumb\"},\"inLanguage\":\"en-US\",\"potentialAction\":[{\"@type\":\"ReadAction\",\"target\":[\"https:\/\/librairie7l.com\/en\/produit\/saul-leiter-carte-postale-2\/\"]}]},{\"@type\":\"BreadcrumbList\",\"@id\":\"https:\/\/librairie7l.com\/en\/produit\/saul-leiter-carte-postale-2\/#breadcrumb\",\"itemListElement\":[{\"@type\":\"ListItem\",\"position\":1,\"name\":\"Accueil\",\"item\":\"https:\/\/librairie7l.com\/en\/\"},{\"@type\":\"ListItem\",\"position\":2,\"name\":\"Shop\",\"item\":\"https:\/\/librairie7l.com\/en\/shop\/\"},{\"@type\":\"ListItem\",\"position\":3,\"name\":\"SAUL LEITER : CARTE POSTALE\"}]},{\"@type\":\"WebSite\",\"@id\":\"https:\/\/librairie7l.com\/en\/#website\",\"url\":\"https:\/\/librairie7l.com\/en\/\",\"name\":\"Librairie 7L\",\"description\":\"Librairie fond\u00e9e en 1999 par Karl Lagerfeld \u00e0 Paris\",\"publisher\":{\"@id\":\"https:\/\/librairie7l.com\/en\/#organization\"},\"potentialAction\":[{\"@type\":\"SearchAction\",\"target\":{\"@type\":\"EntryPoint\",\"urlTemplate\":\"https:\/\/librairie7l.com\/en\/?s={search_term_string}\"},\"query-input\":\"required name=search_term_string\"}],\"inLanguage\":\"en-US\"},{\"@type\":\"Organization\",\"@id\":\"https:\/\/librairie7l.com\/en\/#organization\",\"name\":\"Librairie 7L\",\"url\":\"https:\/\/librairie7l.com\/en\/\",\"logo\":{\"@type\":\"ImageObject\",\"inLanguage\":\"en-US\",\"@id\":\"https:\/\/librairie7l.com\/en\/#\/schema\/logo\/image\/\",\"url\":\"https:\/\/librairie7l.com\/wp-content\/uploads\/2022\/08\/logo-1.png\",\"contentUrl\":\"https:\/\/librairie7l.com\/wp-content\/uploads\/2022\/08\/logo-1.png\",\"width\":227,\"height\":301,\"caption\":\"Librairie 7L\"},\"image\":{\"@id\":\"https:\/\/librairie7l.com\/en\/#\/schema\/logo\/image\/\"}}]}<\/script>\n<!-- \/ Yoast SEO plugin. -->","yoast_head_json":{"title":"Saul Leiter : Carte postale - Librairie 7L","robots":{"index":"index","follow":"follow","max-snippet":"max-snippet:-1","max-image-preview":"max-image-preview:large","max-video-preview":"max-video-preview:-1"},"canonical":"https:\/\/librairie7l.com\/en\/produit\/saul-leiter-carte-postale-2\/","og_locale":"en_US","og_type":"article","og_title":"Saul Leiter : Carte postale - Librairie 7L","og_description":"Cette derni\u00e8re Publication FIFTY ONE d\u00e9voile une s\u00e9rie de photographies au format carte postale r\u00e9cemment d\u00e9couvertes, dont beaucoup n&#8217;ont jamais \u00e9t\u00e9 montr\u00e9es au public auparavant. Cette d\u00e9couverte unique a inspir\u00e9 Roger Szmulewicz, fondateur de la Gallery FIFTY ONE, \u00e0 pr\u00e9senter ces oeuvres intimes et captivantes \u00e0 un public plus large \u00e0 travers ce livre magnifiquement [&hellip;]","og_url":"https:\/\/librairie7l.com\/en\/produit\/saul-leiter-carte-postale-2\/","og_site_name":"Librairie 7L","article_modified_time":"2026-04-04T08:20:06+00:00","og_image":[{"width":600,"height":851,"url":"https:\/\/librairie7l.com\/wp-content\/uploads\/2024\/10\/9789464989519_1_75.jpg","type":"image\/jpeg"}],"twitter_card":"summary_large_image","twitter_misc":{"Est. reading time":"1 minute"},"schema":{"@context":"https:\/\/schema.org","@graph":[{"@type":"WebPage","@id":"https:\/\/librairie7l.com\/en\/produit\/saul-leiter-carte-postale-2\/","url":"https:\/\/librairie7l.com\/en\/produit\/saul-leiter-carte-postale-2\/","name":"Saul Leiter : Carte postale - Librairie 7L","isPartOf":{"@id":"https:\/\/librairie7l.com\/en\/#website"},"datePublished":"2025-03-15T08:18:17+00:00","dateModified":"2026-04-04T08:20:06+00:00","breadcrumb":{"@id":"https:\/\/librairie7l.com\/en\/produit\/saul-leiter-carte-postale-2\/#breadcrumb"},"inLanguage":"en-US","potentialAction":[{"@type":"ReadAction","target":["https:\/\/librairie7l.com\/en\/produit\/saul-leiter-carte-postale-2\/"]}]},{"@type":"BreadcrumbList","@id":"https:\/\/librairie7l.com\/en\/produit\/saul-leiter-carte-postale-2\/#breadcrumb","itemListElement":[{"@type":"ListItem","position":1,"name":"Accueil","item":"https:\/\/librairie7l.com\/en\/"},{"@type":"ListItem","position":2,"name":"Shop","item":"https:\/\/librairie7l.com\/en\/shop\/"},{"@type":"ListItem","position":3,"name":"SAUL LEITER : CARTE POSTALE"}]},{"@type":"WebSite","@id":"https:\/\/librairie7l.com\/en\/#website","url":"https:\/\/librairie7l.com\/en\/","name":"Librairie 7L","description":"Librairie fond\u00e9e en 1999 par Karl Lagerfeld \u00e0 Paris","publisher":{"@id":"https:\/\/librairie7l.com\/en\/#organization"},"potentialAction":[{"@type":"SearchAction","target":{"@type":"EntryPoint","urlTemplate":"https:\/\/librairie7l.com\/en\/?s={search_term_string}"},"query-input":"required name=search_term_string"}],"inLanguage":"en-US"},{"@type":"Organization","@id":"https:\/\/librairie7l.com\/en\/#organization","name":"Librairie 7L","url":"https:\/\/librairie7l.com\/en\/","logo":{"@type":"ImageObject","inLanguage":"en-US","@id":"https:\/\/librairie7l.com\/en\/#\/schema\/logo\/image\/","url":"https:\/\/librairie7l.com\/wp-content\/uploads\/2022\/08\/logo-1.png","contentUrl":"https:\/\/librairie7l.com\/wp-content\/uploads\/2022\/08\/logo-1.png","width":227,"height":301,"caption":"Librairie 7L"},"image":{"@id":"https:\/\/librairie7l.com\/en\/#\/schema\/logo\/image\/"}}]}},"_links":{"self":[{"href":"https:\/\/librairie7l.com\/en\/wp-json\/wp\/v2\/product\/46877"}],"collection":[{"href":"https:\/\/librairie7l.com\/en\/wp-json\/wp\/v2\/product"}],"about":[{"href":"https:\/\/librairie7l.com\/en\/wp-json\/wp\/v2\/types\/product"}],"wp:featuredmedia":[{"embeddable":true,"href":"https:\/\/librairie7l.com\/en\/wp-json\/wp\/v2\/media\/46875"}],"wp:attachment":[{"href":"https:\/\/librairie7l.com\/en\/wp-json\/wp\/v2\/media?parent=46877"}],"wp:term":[{"taxonomy":"product_cat","embeddable":true,"href":"https:\/\/librairie7l.com\/en\/wp-json\/wp\/v2\/product_cat?post=46877"},{"taxonomy":"product_tag","embeddable":true,"href":"https:\/\/librairie7l.com\/en\/wp-json\/wp\/v2\/product_tag?post=46877"}],"curies":[{"name":"wp","href":"https:\/\/api.w.org\/{rel}","templated":true}]}}