{"id":46913,"date":"2025-03-19T09:18:01","date_gmt":"2025-03-19T08:18:01","guid":{"rendered":"https:\/\/librairie7l.com\/?post_type=product&#038;p=46913"},"modified":"2026-04-22T14:06:47","modified_gmt":"2026-04-22T12:06:47","slug":"good-as-old-une-collection-de-vetements-embellis-par-le-temps-2","status":"publish","type":"product","link":"https:\/\/librairie7l.com\/en\/produit\/good-as-old-une-collection-de-vetements-embellis-par-le-temps-2\/","title":{"rendered":"GOOD AS OLD : UNE COLLECTION DE V\u00caTEMENTS EMBELLIS PAR LE TEMPS"},"content":{"rendered":"<p>La veste us\u00e9e d&#8217;un ouvrier fran\u00e7ais, le jean tach\u00e9 d&#8217;un artiste, la salopette javellis\u00e9e d&#8217;un hippie. \u00c0 travers une incroyable collection de v\u00eatements anciens, essentiellement masculins, Gauthier Borsarello et Marc Beaug\u00e9 font la d\u00e9monstration que les v\u00eatements embellissent avec le temps, nous glissant au passage un conseil de style important : achetons moins, portons plus.<br \/>\nGauthier Borsarello est collectionneur de v\u00eatements et directeur artistique.<br \/>\nMarc Beaug\u00e9 est journaliste, sp\u00e9cialiste du vestiaire masculin.<\/p>\n","protected":false},"excerpt":{"rendered":"<p>La veste us\u00e9e d&#8217;un ouvrier fran\u00e7ais, le jean tach\u00e9 d&#8217;un artiste, la salopette javellis\u00e9e d&#8217;un hippie. \u00c0 travers une incroyable collection de v\u00eatements anciens, essentiellement masculins, Gauthier Borsarello et Marc Beaug\u00e9 font la d\u00e9monstration que les v\u00eatements embellissent avec le temps, nous glissant au passage un conseil de style important : achetons moins, portons plus. [&hellip;]<\/p>\n","protected":false},"featured_media":46911,"template":"","meta":[],"product_cat":[2948,2957],"product_tag":[],"acf":[],"yoast_head":"<!-- This site is optimized with the Yoast SEO plugin v20.11 - https:\/\/yoast.com\/wordpress\/plugins\/seo\/ -->\n<title>Good as old : Une collection de v\u00eatements embellis par le temps - Librairie 7L<\/title>\n<meta name=\"robots\" content=\"index, follow, max-snippet:-1, max-image-preview:large, max-video-preview:-1\" \/>\n<link rel=\"canonical\" href=\"https:\/\/librairie7l.com\/en\/produit\/good-as-old-une-collection-de-vetements-embellis-par-le-temps-2\/\" \/>\n<meta property=\"og:locale\" content=\"en_US\" \/>\n<meta property=\"og:type\" content=\"article\" \/>\n<meta property=\"og:title\" content=\"Good as old : Une collection de v\u00eatements embellis par le temps - Librairie 7L\" \/>\n<meta property=\"og:description\" content=\"La veste us\u00e9e d&#8217;un ouvrier fran\u00e7ais, le jean tach\u00e9 d&#8217;un artiste, la salopette javellis\u00e9e d&#8217;un hippie. \u00c0 travers une incroyable collection de v\u00eatements anciens, essentiellement masculins, Gauthier Borsarello et Marc Beaug\u00e9 font la d\u00e9monstration que les v\u00eatements embellissent avec le temps, nous glissant au passage un conseil de style important : achetons moins, portons plus. [&hellip;]\" \/>\n<meta property=\"og:url\" content=\"https:\/\/librairie7l.com\/en\/produit\/good-as-old-une-collection-de-vetements-embellis-par-le-temps-2\/\" \/>\n<meta property=\"og:site_name\" content=\"Librairie 7L\" \/>\n<meta property=\"article:modified_time\" content=\"2026-04-22T12:06:47+00:00\" \/>\n<meta property=\"og:image\" content=\"https:\/\/librairie7l.com\/wp-content\/uploads\/2023\/04\/9782812321429_1_75.jpg\" \/>\n\t<meta property=\"og:image:width\" content=\"600\" \/>\n\t<meta property=\"og:image:height\" content=\"746\" \/>\n\t<meta property=\"og:image:type\" content=\"image\/jpeg\" \/>\n<meta name=\"twitter:card\" content=\"summary_large_image\" \/>\n<script type=\"application\/ld+json\" class=\"yoast-schema-graph\">{\"@context\":\"https:\/\/schema.org\",\"@graph\":[{\"@type\":\"WebPage\",\"@id\":\"https:\/\/librairie7l.com\/en\/produit\/good-as-old-une-collection-de-vetements-embellis-par-le-temps-2\/\",\"url\":\"https:\/\/librairie7l.com\/en\/produit\/good-as-old-une-collection-de-vetements-embellis-par-le-temps-2\/\",\"name\":\"Good as old : Une collection de v\u00eatements embellis par le temps - Librairie 7L\",\"isPartOf\":{\"@id\":\"https:\/\/librairie7l.com\/en\/#website\"},\"datePublished\":\"2025-03-19T08:18:01+00:00\",\"dateModified\":\"2026-04-22T12:06:47+00:00\",\"breadcrumb\":{\"@id\":\"https:\/\/librairie7l.com\/en\/produit\/good-as-old-une-collection-de-vetements-embellis-par-le-temps-2\/#breadcrumb\"},\"inLanguage\":\"en-US\",\"potentialAction\":[{\"@type\":\"ReadAction\",\"target\":[\"https:\/\/librairie7l.com\/en\/produit\/good-as-old-une-collection-de-vetements-embellis-par-le-temps-2\/\"]}]},{\"@type\":\"BreadcrumbList\",\"@id\":\"https:\/\/librairie7l.com\/en\/produit\/good-as-old-une-collection-de-vetements-embellis-par-le-temps-2\/#breadcrumb\",\"itemListElement\":[{\"@type\":\"ListItem\",\"position\":1,\"name\":\"Accueil\",\"item\":\"https:\/\/librairie7l.com\/en\/\"},{\"@type\":\"ListItem\",\"position\":2,\"name\":\"Shop\",\"item\":\"https:\/\/librairie7l.com\/en\/shop\/\"},{\"@type\":\"ListItem\",\"position\":3,\"name\":\"GOOD AS OLD : UNE COLLECTION DE V\u00caTEMENTS EMBELLIS PAR LE TEMPS\"}]},{\"@type\":\"WebSite\",\"@id\":\"https:\/\/librairie7l.com\/en\/#website\",\"url\":\"https:\/\/librairie7l.com\/en\/\",\"name\":\"Librairie 7L\",\"description\":\"Librairie fond\u00e9e en 1999 par Karl Lagerfeld \u00e0 Paris\",\"publisher\":{\"@id\":\"https:\/\/librairie7l.com\/en\/#organization\"},\"potentialAction\":[{\"@type\":\"SearchAction\",\"target\":{\"@type\":\"EntryPoint\",\"urlTemplate\":\"https:\/\/librairie7l.com\/en\/?s={search_term_string}\"},\"query-input\":\"required name=search_term_string\"}],\"inLanguage\":\"en-US\"},{\"@type\":\"Organization\",\"@id\":\"https:\/\/librairie7l.com\/en\/#organization\",\"name\":\"Librairie 7L\",\"url\":\"https:\/\/librairie7l.com\/en\/\",\"logo\":{\"@type\":\"ImageObject\",\"inLanguage\":\"en-US\",\"@id\":\"https:\/\/librairie7l.com\/en\/#\/schema\/logo\/image\/\",\"url\":\"https:\/\/librairie7l.com\/wp-content\/uploads\/2022\/08\/logo-1.png\",\"contentUrl\":\"https:\/\/librairie7l.com\/wp-content\/uploads\/2022\/08\/logo-1.png\",\"width\":227,\"height\":301,\"caption\":\"Librairie 7L\"},\"image\":{\"@id\":\"https:\/\/librairie7l.com\/en\/#\/schema\/logo\/image\/\"}}]}<\/script>\n<!-- \/ Yoast SEO plugin. -->","yoast_head_json":{"title":"Good as old : Une collection de v\u00eatements embellis par le temps - Librairie 7L","robots":{"index":"index","follow":"follow","max-snippet":"max-snippet:-1","max-image-preview":"max-image-preview:large","max-video-preview":"max-video-preview:-1"},"canonical":"https:\/\/librairie7l.com\/en\/produit\/good-as-old-une-collection-de-vetements-embellis-par-le-temps-2\/","og_locale":"en_US","og_type":"article","og_title":"Good as old : Une collection de v\u00eatements embellis par le temps - Librairie 7L","og_description":"La veste us\u00e9e d&#8217;un ouvrier fran\u00e7ais, le jean tach\u00e9 d&#8217;un artiste, la salopette javellis\u00e9e d&#8217;un hippie. \u00c0 travers une incroyable collection de v\u00eatements anciens, essentiellement masculins, Gauthier Borsarello et Marc Beaug\u00e9 font la d\u00e9monstration que les v\u00eatements embellissent avec le temps, nous glissant au passage un conseil de style important : achetons moins, portons plus. [&hellip;]","og_url":"https:\/\/librairie7l.com\/en\/produit\/good-as-old-une-collection-de-vetements-embellis-par-le-temps-2\/","og_site_name":"Librairie 7L","article_modified_time":"2026-04-22T12:06:47+00:00","og_image":[{"width":600,"height":746,"url":"https:\/\/librairie7l.com\/wp-content\/uploads\/2023\/04\/9782812321429_1_75.jpg","type":"image\/jpeg"}],"twitter_card":"summary_large_image","schema":{"@context":"https:\/\/schema.org","@graph":[{"@type":"WebPage","@id":"https:\/\/librairie7l.com\/en\/produit\/good-as-old-une-collection-de-vetements-embellis-par-le-temps-2\/","url":"https:\/\/librairie7l.com\/en\/produit\/good-as-old-une-collection-de-vetements-embellis-par-le-temps-2\/","name":"Good as old : Une collection de v\u00eatements embellis par le temps - Librairie 7L","isPartOf":{"@id":"https:\/\/librairie7l.com\/en\/#website"},"datePublished":"2025-03-19T08:18:01+00:00","dateModified":"2026-04-22T12:06:47+00:00","breadcrumb":{"@id":"https:\/\/librairie7l.com\/en\/produit\/good-as-old-une-collection-de-vetements-embellis-par-le-temps-2\/#breadcrumb"},"inLanguage":"en-US","potentialAction":[{"@type":"ReadAction","target":["https:\/\/librairie7l.com\/en\/produit\/good-as-old-une-collection-de-vetements-embellis-par-le-temps-2\/"]}]},{"@type":"BreadcrumbList","@id":"https:\/\/librairie7l.com\/en\/produit\/good-as-old-une-collection-de-vetements-embellis-par-le-temps-2\/#breadcrumb","itemListElement":[{"@type":"ListItem","position":1,"name":"Accueil","item":"https:\/\/librairie7l.com\/en\/"},{"@type":"ListItem","position":2,"name":"Shop","item":"https:\/\/librairie7l.com\/en\/shop\/"},{"@type":"ListItem","position":3,"name":"GOOD AS OLD : UNE COLLECTION DE V\u00caTEMENTS EMBELLIS PAR LE TEMPS"}]},{"@type":"WebSite","@id":"https:\/\/librairie7l.com\/en\/#website","url":"https:\/\/librairie7l.com\/en\/","name":"Librairie 7L","description":"Librairie fond\u00e9e en 1999 par Karl Lagerfeld \u00e0 Paris","publisher":{"@id":"https:\/\/librairie7l.com\/en\/#organization"},"potentialAction":[{"@type":"SearchAction","target":{"@type":"EntryPoint","urlTemplate":"https:\/\/librairie7l.com\/en\/?s={search_term_string}"},"query-input":"required name=search_term_string"}],"inLanguage":"en-US"},{"@type":"Organization","@id":"https:\/\/librairie7l.com\/en\/#organization","name":"Librairie 7L","url":"https:\/\/librairie7l.com\/en\/","logo":{"@type":"ImageObject","inLanguage":"en-US","@id":"https:\/\/librairie7l.com\/en\/#\/schema\/logo\/image\/","url":"https:\/\/librairie7l.com\/wp-content\/uploads\/2022\/08\/logo-1.png","contentUrl":"https:\/\/librairie7l.com\/wp-content\/uploads\/2022\/08\/logo-1.png","width":227,"height":301,"caption":"Librairie 7L"},"image":{"@id":"https:\/\/librairie7l.com\/en\/#\/schema\/logo\/image\/"}}]}},"_links":{"self":[{"href":"https:\/\/librairie7l.com\/en\/wp-json\/wp\/v2\/product\/46913"}],"collection":[{"href":"https:\/\/librairie7l.com\/en\/wp-json\/wp\/v2\/product"}],"about":[{"href":"https:\/\/librairie7l.com\/en\/wp-json\/wp\/v2\/types\/product"}],"wp:featuredmedia":[{"embeddable":true,"href":"https:\/\/librairie7l.com\/en\/wp-json\/wp\/v2\/media\/46911"}],"wp:attachment":[{"href":"https:\/\/librairie7l.com\/en\/wp-json\/wp\/v2\/media?parent=46913"}],"wp:term":[{"taxonomy":"product_cat","embeddable":true,"href":"https:\/\/librairie7l.com\/en\/wp-json\/wp\/v2\/product_cat?post=46913"},{"taxonomy":"product_tag","embeddable":true,"href":"https:\/\/librairie7l.com\/en\/wp-json\/wp\/v2\/product_tag?post=46913"}],"curies":[{"name":"wp","href":"https:\/\/api.w.org\/{rel}","templated":true}]}}