{"id":46946,"date":"2025-03-19T10:16:22","date_gmt":"2025-03-19T09:16:22","guid":{"rendered":"https:\/\/librairie7l.com\/?post_type=product&#038;p=46946"},"modified":"2026-04-22T20:13:21","modified_gmt":"2026-04-22T18:13:21","slug":"the-colour-of-clothes-fashion-and-dress-in-autochromes-1907-1930-2","status":"publish","type":"product","link":"https:\/\/librairie7l.com\/en\/produit\/the-colour-of-clothes-fashion-and-dress-in-autochromes-1907-1930-2\/","title":{"rendered":"THE COLOUR OF CLOTHES : FASHION AND DRESS IN AUTOCHROMES 1907-1930"},"content":{"rendered":"<p>The story of photography&#8217;s first practicable colour process is also the story of fashion as it evolved from the Edwardian era to the newfound fluidity and freedom of the 1920s.&#8217;Soon the world will be color-mad and Lumi\u00e8re will be responsible&#8217; Alfred Stieglitz, 1907These words announced the arrival of the autochrome, the colour process invented by the Lumi\u00e8re brothers that not only transformed photography, but also recorded the transition of fashion from Edwardian elegance towards a liberating modernity.The Colour of Clothes celebrates the unique beauty of the autochrome in around 370 images that reflect the broad sweep of its usage. Couturiers embraced the way the process showcased their exquisite designs to luminous perfection &#8211; among them Fortuny, Poiret, Doucet, Vionnet, Lucile, Chanel and Lanvin. Beyond the sphere of fashion, there are also examples from the Salon du Go\u00fbt Fran\u00e7ais, France&#8217;s virtual autochrome exhibition of luxury items, and Albert Kahn&#8217;s Archives de la Plan\u00e8te, a bold attempt to record the world&#8217;s cultures in autochromes.Some of the photographers involved may be famous in their field &#8211; Lartigue, Stieglitz, Steichen &#8211; though very often they are lesser known, and many are women who took to the process with panache. Whoever they were, they helped to immortalize one of photography&#8217;s historic moments, when the camera first revealed the world of fashion as it was &#8211; in colour.<\/p>\n","protected":false},"excerpt":{"rendered":"<p>The story of photography&#8217;s first practicable colour process is also the story of fashion as it evolved from the Edwardian era to the newfound fluidity and freedom of the 1920s.&#8217;Soon the world will be color-mad and Lumi\u00e8re will be responsible&#8217; Alfred Stieglitz, 1907These words announced the arrival of the autochrome, the colour process invented by [&hellip;]<\/p>\n","protected":false},"featured_media":46944,"template":"","meta":[],"product_cat":[2948,2957],"product_tag":[],"acf":[],"yoast_head":"<!-- This site is optimized with the Yoast SEO plugin v20.11 - https:\/\/yoast.com\/wordpress\/plugins\/seo\/ -->\n<title>The colour of clothes : Fashion and dress in autochromes 1907-1930 - Librairie 7L<\/title>\n<meta name=\"robots\" content=\"index, follow, max-snippet:-1, max-image-preview:large, max-video-preview:-1\" \/>\n<link rel=\"canonical\" href=\"https:\/\/librairie7l.com\/en\/produit\/the-colour-of-clothes-fashion-and-dress-in-autochromes-1907-1930-2\/\" \/>\n<meta property=\"og:locale\" content=\"en_US\" \/>\n<meta property=\"og:type\" content=\"article\" \/>\n<meta property=\"og:title\" content=\"The colour of clothes : Fashion and dress in autochromes 1907-1930 - Librairie 7L\" \/>\n<meta property=\"og:description\" content=\"The story of photography&#8217;s first practicable colour process is also the story of fashion as it evolved from the Edwardian era to the newfound fluidity and freedom of the 1920s.&#8217;Soon the world will be color-mad and Lumi\u00e8re will be responsible&#8217; Alfred Stieglitz, 1907These words announced the arrival of the autochrome, the colour process invented by [&hellip;]\" \/>\n<meta property=\"og:url\" content=\"https:\/\/librairie7l.com\/en\/produit\/the-colour-of-clothes-fashion-and-dress-in-autochromes-1907-1930-2\/\" \/>\n<meta property=\"og:site_name\" content=\"Librairie 7L\" \/>\n<meta property=\"article:modified_time\" content=\"2026-04-22T18:13:21+00:00\" \/>\n<meta property=\"og:image\" content=\"https:\/\/librairie7l.com\/wp-content\/uploads\/2025\/02\/9780500025482_1_75.jpg\" \/>\n\t<meta property=\"og:image:width\" content=\"600\" \/>\n\t<meta property=\"og:image:height\" content=\"813\" \/>\n\t<meta property=\"og:image:type\" content=\"image\/jpeg\" \/>\n<meta name=\"twitter:card\" content=\"summary_large_image\" \/>\n<meta name=\"twitter:label1\" content=\"Est. reading time\" \/>\n\t<meta name=\"twitter:data1\" content=\"1 minute\" \/>\n<script type=\"application\/ld+json\" class=\"yoast-schema-graph\">{\"@context\":\"https:\/\/schema.org\",\"@graph\":[{\"@type\":\"WebPage\",\"@id\":\"https:\/\/librairie7l.com\/en\/produit\/the-colour-of-clothes-fashion-and-dress-in-autochromes-1907-1930-2\/\",\"url\":\"https:\/\/librairie7l.com\/en\/produit\/the-colour-of-clothes-fashion-and-dress-in-autochromes-1907-1930-2\/\",\"name\":\"The colour of clothes : Fashion and dress in autochromes 1907-1930 - Librairie 7L\",\"isPartOf\":{\"@id\":\"https:\/\/librairie7l.com\/en\/#website\"},\"datePublished\":\"2025-03-19T09:16:22+00:00\",\"dateModified\":\"2026-04-22T18:13:21+00:00\",\"breadcrumb\":{\"@id\":\"https:\/\/librairie7l.com\/en\/produit\/the-colour-of-clothes-fashion-and-dress-in-autochromes-1907-1930-2\/#breadcrumb\"},\"inLanguage\":\"en-US\",\"potentialAction\":[{\"@type\":\"ReadAction\",\"target\":[\"https:\/\/librairie7l.com\/en\/produit\/the-colour-of-clothes-fashion-and-dress-in-autochromes-1907-1930-2\/\"]}]},{\"@type\":\"BreadcrumbList\",\"@id\":\"https:\/\/librairie7l.com\/en\/produit\/the-colour-of-clothes-fashion-and-dress-in-autochromes-1907-1930-2\/#breadcrumb\",\"itemListElement\":[{\"@type\":\"ListItem\",\"position\":1,\"name\":\"Accueil\",\"item\":\"https:\/\/librairie7l.com\/en\/\"},{\"@type\":\"ListItem\",\"position\":2,\"name\":\"Shop\",\"item\":\"https:\/\/librairie7l.com\/en\/shop\/\"},{\"@type\":\"ListItem\",\"position\":3,\"name\":\"THE COLOUR OF CLOTHES : FASHION AND DRESS IN AUTOCHROMES 1907-1930\"}]},{\"@type\":\"WebSite\",\"@id\":\"https:\/\/librairie7l.com\/en\/#website\",\"url\":\"https:\/\/librairie7l.com\/en\/\",\"name\":\"Librairie 7L\",\"description\":\"Librairie fond\u00e9e en 1999 par Karl Lagerfeld \u00e0 Paris\",\"publisher\":{\"@id\":\"https:\/\/librairie7l.com\/en\/#organization\"},\"potentialAction\":[{\"@type\":\"SearchAction\",\"target\":{\"@type\":\"EntryPoint\",\"urlTemplate\":\"https:\/\/librairie7l.com\/en\/?s={search_term_string}\"},\"query-input\":\"required name=search_term_string\"}],\"inLanguage\":\"en-US\"},{\"@type\":\"Organization\",\"@id\":\"https:\/\/librairie7l.com\/en\/#organization\",\"name\":\"Librairie 7L\",\"url\":\"https:\/\/librairie7l.com\/en\/\",\"logo\":{\"@type\":\"ImageObject\",\"inLanguage\":\"en-US\",\"@id\":\"https:\/\/librairie7l.com\/en\/#\/schema\/logo\/image\/\",\"url\":\"https:\/\/librairie7l.com\/wp-content\/uploads\/2022\/08\/logo-1.png\",\"contentUrl\":\"https:\/\/librairie7l.com\/wp-content\/uploads\/2022\/08\/logo-1.png\",\"width\":227,\"height\":301,\"caption\":\"Librairie 7L\"},\"image\":{\"@id\":\"https:\/\/librairie7l.com\/en\/#\/schema\/logo\/image\/\"}}]}<\/script>\n<!-- \/ Yoast SEO plugin. -->","yoast_head_json":{"title":"The colour of clothes : Fashion and dress in autochromes 1907-1930 - Librairie 7L","robots":{"index":"index","follow":"follow","max-snippet":"max-snippet:-1","max-image-preview":"max-image-preview:large","max-video-preview":"max-video-preview:-1"},"canonical":"https:\/\/librairie7l.com\/en\/produit\/the-colour-of-clothes-fashion-and-dress-in-autochromes-1907-1930-2\/","og_locale":"en_US","og_type":"article","og_title":"The colour of clothes : Fashion and dress in autochromes 1907-1930 - Librairie 7L","og_description":"The story of photography&#8217;s first practicable colour process is also the story of fashion as it evolved from the Edwardian era to the newfound fluidity and freedom of the 1920s.&#8217;Soon the world will be color-mad and Lumi\u00e8re will be responsible&#8217; Alfred Stieglitz, 1907These words announced the arrival of the autochrome, the colour process invented by [&hellip;]","og_url":"https:\/\/librairie7l.com\/en\/produit\/the-colour-of-clothes-fashion-and-dress-in-autochromes-1907-1930-2\/","og_site_name":"Librairie 7L","article_modified_time":"2026-04-22T18:13:21+00:00","og_image":[{"width":600,"height":813,"url":"https:\/\/librairie7l.com\/wp-content\/uploads\/2025\/02\/9780500025482_1_75.jpg","type":"image\/jpeg"}],"twitter_card":"summary_large_image","twitter_misc":{"Est. reading time":"1 minute"},"schema":{"@context":"https:\/\/schema.org","@graph":[{"@type":"WebPage","@id":"https:\/\/librairie7l.com\/en\/produit\/the-colour-of-clothes-fashion-and-dress-in-autochromes-1907-1930-2\/","url":"https:\/\/librairie7l.com\/en\/produit\/the-colour-of-clothes-fashion-and-dress-in-autochromes-1907-1930-2\/","name":"The colour of clothes : Fashion and dress in autochromes 1907-1930 - Librairie 7L","isPartOf":{"@id":"https:\/\/librairie7l.com\/en\/#website"},"datePublished":"2025-03-19T09:16:22+00:00","dateModified":"2026-04-22T18:13:21+00:00","breadcrumb":{"@id":"https:\/\/librairie7l.com\/en\/produit\/the-colour-of-clothes-fashion-and-dress-in-autochromes-1907-1930-2\/#breadcrumb"},"inLanguage":"en-US","potentialAction":[{"@type":"ReadAction","target":["https:\/\/librairie7l.com\/en\/produit\/the-colour-of-clothes-fashion-and-dress-in-autochromes-1907-1930-2\/"]}]},{"@type":"BreadcrumbList","@id":"https:\/\/librairie7l.com\/en\/produit\/the-colour-of-clothes-fashion-and-dress-in-autochromes-1907-1930-2\/#breadcrumb","itemListElement":[{"@type":"ListItem","position":1,"name":"Accueil","item":"https:\/\/librairie7l.com\/en\/"},{"@type":"ListItem","position":2,"name":"Shop","item":"https:\/\/librairie7l.com\/en\/shop\/"},{"@type":"ListItem","position":3,"name":"THE COLOUR OF CLOTHES : FASHION AND DRESS IN AUTOCHROMES 1907-1930"}]},{"@type":"WebSite","@id":"https:\/\/librairie7l.com\/en\/#website","url":"https:\/\/librairie7l.com\/en\/","name":"Librairie 7L","description":"Librairie fond\u00e9e en 1999 par Karl Lagerfeld \u00e0 Paris","publisher":{"@id":"https:\/\/librairie7l.com\/en\/#organization"},"potentialAction":[{"@type":"SearchAction","target":{"@type":"EntryPoint","urlTemplate":"https:\/\/librairie7l.com\/en\/?s={search_term_string}"},"query-input":"required name=search_term_string"}],"inLanguage":"en-US"},{"@type":"Organization","@id":"https:\/\/librairie7l.com\/en\/#organization","name":"Librairie 7L","url":"https:\/\/librairie7l.com\/en\/","logo":{"@type":"ImageObject","inLanguage":"en-US","@id":"https:\/\/librairie7l.com\/en\/#\/schema\/logo\/image\/","url":"https:\/\/librairie7l.com\/wp-content\/uploads\/2022\/08\/logo-1.png","contentUrl":"https:\/\/librairie7l.com\/wp-content\/uploads\/2022\/08\/logo-1.png","width":227,"height":301,"caption":"Librairie 7L"},"image":{"@id":"https:\/\/librairie7l.com\/en\/#\/schema\/logo\/image\/"}}]}},"_links":{"self":[{"href":"https:\/\/librairie7l.com\/en\/wp-json\/wp\/v2\/product\/46946"}],"collection":[{"href":"https:\/\/librairie7l.com\/en\/wp-json\/wp\/v2\/product"}],"about":[{"href":"https:\/\/librairie7l.com\/en\/wp-json\/wp\/v2\/types\/product"}],"wp:featuredmedia":[{"embeddable":true,"href":"https:\/\/librairie7l.com\/en\/wp-json\/wp\/v2\/media\/46944"}],"wp:attachment":[{"href":"https:\/\/librairie7l.com\/en\/wp-json\/wp\/v2\/media?parent=46946"}],"wp:term":[{"taxonomy":"product_cat","embeddable":true,"href":"https:\/\/librairie7l.com\/en\/wp-json\/wp\/v2\/product_cat?post=46946"},{"taxonomy":"product_tag","embeddable":true,"href":"https:\/\/librairie7l.com\/en\/wp-json\/wp\/v2\/product_tag?post=46946"}],"curies":[{"name":"wp","href":"https:\/\/api.w.org\/{rel}","templated":true}]}}