{"id":46993,"date":"2025-03-20T09:18:04","date_gmt":"2025-03-20T08:18:04","guid":{"rendered":"https:\/\/librairie7l.com\/?post_type=product&#038;p=46993"},"modified":"2026-05-01T14:13:06","modified_gmt":"2026-05-01T12:13:06","slug":"couples-modernes-1900-1950-2","status":"publish","type":"product","link":"https:\/\/librairie7l.com\/en\/produit\/couples-modernes-1900-1950-2\/","title":{"rendered":"COUPLES MODERNES ; 1900-1950"},"content":{"rendered":"<p>L&#8217;exposition \u00ab Couples modernes \u00bb pr\u00e9sent\u00e9e au Centre Pompidou-Metz explore les processus de cr\u00e9ation g\u00e9n\u00e9r\u00e9s par les relations officielles comme confidentielles, exclusives, libres ou de simple convenance unissant peintres, sculpteurs, photographes, architectes, designers, po\u00e8tes, \u00e9crivains, musiciens, danseurs, performeurs mais aussi galeristes, m\u00e9c\u00e8nes, critiques d&#8217;art et collectionneurs, de la fin du XIXe si\u00e8cle \u00e0 la premi\u00e8re moiti\u00e9 du XXe si\u00e8cle.<\/p>\n<p>Ce catalogue, pr\u00e9sente en ordre alphab\u00e9tique, tel un dictionnaire de cr\u00e9ateurs, le tr\u00e8s riche parcours de l&#8217;exposition r\u00e9unissant oeuvres et documents mettant en lumi\u00e8re, depuis Emilie Fl\u00f6ge et Gustav Klimt, les r\u00e9alisations de couples mythiques, tels Pablo Picasso et Dora Maar, Man Ray et Lee Miller, Gabriele M\u00fcnter et Vassili Kandinsky, Jean Arp et Sophie Taeuber-Arp, Eileen Gray et Jean Badovici ou encore Charles et Ray Eames. Il r\u00e9v\u00e8le \u00e9galement des collaborations m\u00e9connues et des personnalit\u00e9s rest\u00e9es dans l&#8217;ombre de leur partenaire ou n\u00e9glig\u00e9es par l&#8217;Histoire, parmi lesquelles Marcel Moore, photographe, dessinatrice de mode et compagne de toute une vie de Claude Cahun, ou encore la musicienne et \u00e9crivaine Gabri\u00eble Buffet, femme de Francis Picabia.<\/p>\n","protected":false},"excerpt":{"rendered":"<p>L&#8217;exposition \u00ab Couples modernes \u00bb pr\u00e9sent\u00e9e au Centre Pompidou-Metz explore les processus de cr\u00e9ation g\u00e9n\u00e9r\u00e9s par les relations officielles comme confidentielles, exclusives, libres ou de simple convenance unissant peintres, sculpteurs, photographes, architectes, designers, po\u00e8tes, \u00e9crivains, musiciens, danseurs, performeurs mais aussi galeristes, m\u00e9c\u00e8nes, critiques d&#8217;art et collectionneurs, de la fin du XIXe si\u00e8cle \u00e0 la premi\u00e8re [&hellip;]<\/p>\n","protected":false},"featured_media":46991,"template":"","meta":[],"product_cat":[2948,2953],"product_tag":[],"acf":[],"yoast_head":"<!-- This site is optimized with the Yoast SEO plugin v20.11 - https:\/\/yoast.com\/wordpress\/plugins\/seo\/ -->\n<title>Couples modernes ; 1900-1950 - Librairie 7L<\/title>\n<meta name=\"robots\" content=\"index, follow, max-snippet:-1, max-image-preview:large, max-video-preview:-1\" \/>\n<link rel=\"canonical\" href=\"https:\/\/librairie7l.com\/en\/produit\/couples-modernes-1900-1950-2\/\" \/>\n<meta property=\"og:locale\" content=\"en_US\" \/>\n<meta property=\"og:type\" content=\"article\" \/>\n<meta property=\"og:title\" content=\"Couples modernes ; 1900-1950 - Librairie 7L\" \/>\n<meta property=\"og:description\" content=\"L&#8217;exposition \u00ab Couples modernes \u00bb pr\u00e9sent\u00e9e au Centre Pompidou-Metz explore les processus de cr\u00e9ation g\u00e9n\u00e9r\u00e9s par les relations officielles comme confidentielles, exclusives, libres ou de simple convenance unissant peintres, sculpteurs, photographes, architectes, designers, po\u00e8tes, \u00e9crivains, musiciens, danseurs, performeurs mais aussi galeristes, m\u00e9c\u00e8nes, critiques d&#8217;art et collectionneurs, de la fin du XIXe si\u00e8cle \u00e0 la premi\u00e8re [&hellip;]\" \/>\n<meta property=\"og:url\" content=\"https:\/\/librairie7l.com\/en\/produit\/couples-modernes-1900-1950-2\/\" \/>\n<meta property=\"og:site_name\" content=\"Librairie 7L\" \/>\n<meta property=\"article:modified_time\" content=\"2026-05-01T12:13:06+00:00\" \/>\n<meta property=\"og:image\" content=\"https:\/\/librairie7l.com\/wp-content\/uploads\/2017\/12\/9782072771620_1_75.jpg\" \/>\n\t<meta property=\"og:image:width\" content=\"600\" \/>\n\t<meta property=\"og:image:height\" content=\"857\" \/>\n\t<meta property=\"og:image:type\" content=\"image\/jpeg\" \/>\n<meta name=\"twitter:card\" content=\"summary_large_image\" \/>\n<meta name=\"twitter:label1\" content=\"Est. reading time\" \/>\n\t<meta name=\"twitter:data1\" content=\"1 minute\" \/>\n<script type=\"application\/ld+json\" class=\"yoast-schema-graph\">{\"@context\":\"https:\/\/schema.org\",\"@graph\":[{\"@type\":\"WebPage\",\"@id\":\"https:\/\/librairie7l.com\/en\/produit\/couples-modernes-1900-1950-2\/\",\"url\":\"https:\/\/librairie7l.com\/en\/produit\/couples-modernes-1900-1950-2\/\",\"name\":\"Couples modernes ; 1900-1950 - Librairie 7L\",\"isPartOf\":{\"@id\":\"https:\/\/librairie7l.com\/en\/#website\"},\"datePublished\":\"2025-03-20T08:18:04+00:00\",\"dateModified\":\"2026-05-01T12:13:06+00:00\",\"breadcrumb\":{\"@id\":\"https:\/\/librairie7l.com\/en\/produit\/couples-modernes-1900-1950-2\/#breadcrumb\"},\"inLanguage\":\"en-US\",\"potentialAction\":[{\"@type\":\"ReadAction\",\"target\":[\"https:\/\/librairie7l.com\/en\/produit\/couples-modernes-1900-1950-2\/\"]}]},{\"@type\":\"BreadcrumbList\",\"@id\":\"https:\/\/librairie7l.com\/en\/produit\/couples-modernes-1900-1950-2\/#breadcrumb\",\"itemListElement\":[{\"@type\":\"ListItem\",\"position\":1,\"name\":\"Accueil\",\"item\":\"https:\/\/librairie7l.com\/en\/\"},{\"@type\":\"ListItem\",\"position\":2,\"name\":\"Shop\",\"item\":\"https:\/\/librairie7l.com\/en\/shop\/\"},{\"@type\":\"ListItem\",\"position\":3,\"name\":\"COUPLES MODERNES ; 1900-1950\"}]},{\"@type\":\"WebSite\",\"@id\":\"https:\/\/librairie7l.com\/en\/#website\",\"url\":\"https:\/\/librairie7l.com\/en\/\",\"name\":\"Librairie 7L\",\"description\":\"Librairie fond\u00e9e en 1999 par Karl Lagerfeld \u00e0 Paris\",\"publisher\":{\"@id\":\"https:\/\/librairie7l.com\/en\/#organization\"},\"potentialAction\":[{\"@type\":\"SearchAction\",\"target\":{\"@type\":\"EntryPoint\",\"urlTemplate\":\"https:\/\/librairie7l.com\/en\/?s={search_term_string}\"},\"query-input\":\"required name=search_term_string\"}],\"inLanguage\":\"en-US\"},{\"@type\":\"Organization\",\"@id\":\"https:\/\/librairie7l.com\/en\/#organization\",\"name\":\"Librairie 7L\",\"url\":\"https:\/\/librairie7l.com\/en\/\",\"logo\":{\"@type\":\"ImageObject\",\"inLanguage\":\"en-US\",\"@id\":\"https:\/\/librairie7l.com\/en\/#\/schema\/logo\/image\/\",\"url\":\"https:\/\/librairie7l.com\/wp-content\/uploads\/2022\/08\/logo-1.png\",\"contentUrl\":\"https:\/\/librairie7l.com\/wp-content\/uploads\/2022\/08\/logo-1.png\",\"width\":227,\"height\":301,\"caption\":\"Librairie 7L\"},\"image\":{\"@id\":\"https:\/\/librairie7l.com\/en\/#\/schema\/logo\/image\/\"}}]}<\/script>\n<!-- \/ Yoast SEO plugin. -->","yoast_head_json":{"title":"Couples modernes ; 1900-1950 - Librairie 7L","robots":{"index":"index","follow":"follow","max-snippet":"max-snippet:-1","max-image-preview":"max-image-preview:large","max-video-preview":"max-video-preview:-1"},"canonical":"https:\/\/librairie7l.com\/en\/produit\/couples-modernes-1900-1950-2\/","og_locale":"en_US","og_type":"article","og_title":"Couples modernes ; 1900-1950 - Librairie 7L","og_description":"L&#8217;exposition \u00ab Couples modernes \u00bb pr\u00e9sent\u00e9e au Centre Pompidou-Metz explore les processus de cr\u00e9ation g\u00e9n\u00e9r\u00e9s par les relations officielles comme confidentielles, exclusives, libres ou de simple convenance unissant peintres, sculpteurs, photographes, architectes, designers, po\u00e8tes, \u00e9crivains, musiciens, danseurs, performeurs mais aussi galeristes, m\u00e9c\u00e8nes, critiques d&#8217;art et collectionneurs, de la fin du XIXe si\u00e8cle \u00e0 la premi\u00e8re [&hellip;]","og_url":"https:\/\/librairie7l.com\/en\/produit\/couples-modernes-1900-1950-2\/","og_site_name":"Librairie 7L","article_modified_time":"2026-05-01T12:13:06+00:00","og_image":[{"width":600,"height":857,"url":"https:\/\/librairie7l.com\/wp-content\/uploads\/2017\/12\/9782072771620_1_75.jpg","type":"image\/jpeg"}],"twitter_card":"summary_large_image","twitter_misc":{"Est. reading time":"1 minute"},"schema":{"@context":"https:\/\/schema.org","@graph":[{"@type":"WebPage","@id":"https:\/\/librairie7l.com\/en\/produit\/couples-modernes-1900-1950-2\/","url":"https:\/\/librairie7l.com\/en\/produit\/couples-modernes-1900-1950-2\/","name":"Couples modernes ; 1900-1950 - Librairie 7L","isPartOf":{"@id":"https:\/\/librairie7l.com\/en\/#website"},"datePublished":"2025-03-20T08:18:04+00:00","dateModified":"2026-05-01T12:13:06+00:00","breadcrumb":{"@id":"https:\/\/librairie7l.com\/en\/produit\/couples-modernes-1900-1950-2\/#breadcrumb"},"inLanguage":"en-US","potentialAction":[{"@type":"ReadAction","target":["https:\/\/librairie7l.com\/en\/produit\/couples-modernes-1900-1950-2\/"]}]},{"@type":"BreadcrumbList","@id":"https:\/\/librairie7l.com\/en\/produit\/couples-modernes-1900-1950-2\/#breadcrumb","itemListElement":[{"@type":"ListItem","position":1,"name":"Accueil","item":"https:\/\/librairie7l.com\/en\/"},{"@type":"ListItem","position":2,"name":"Shop","item":"https:\/\/librairie7l.com\/en\/shop\/"},{"@type":"ListItem","position":3,"name":"COUPLES MODERNES ; 1900-1950"}]},{"@type":"WebSite","@id":"https:\/\/librairie7l.com\/en\/#website","url":"https:\/\/librairie7l.com\/en\/","name":"Librairie 7L","description":"Librairie fond\u00e9e en 1999 par Karl Lagerfeld \u00e0 Paris","publisher":{"@id":"https:\/\/librairie7l.com\/en\/#organization"},"potentialAction":[{"@type":"SearchAction","target":{"@type":"EntryPoint","urlTemplate":"https:\/\/librairie7l.com\/en\/?s={search_term_string}"},"query-input":"required name=search_term_string"}],"inLanguage":"en-US"},{"@type":"Organization","@id":"https:\/\/librairie7l.com\/en\/#organization","name":"Librairie 7L","url":"https:\/\/librairie7l.com\/en\/","logo":{"@type":"ImageObject","inLanguage":"en-US","@id":"https:\/\/librairie7l.com\/en\/#\/schema\/logo\/image\/","url":"https:\/\/librairie7l.com\/wp-content\/uploads\/2022\/08\/logo-1.png","contentUrl":"https:\/\/librairie7l.com\/wp-content\/uploads\/2022\/08\/logo-1.png","width":227,"height":301,"caption":"Librairie 7L"},"image":{"@id":"https:\/\/librairie7l.com\/en\/#\/schema\/logo\/image\/"}}]}},"_links":{"self":[{"href":"https:\/\/librairie7l.com\/en\/wp-json\/wp\/v2\/product\/46993"}],"collection":[{"href":"https:\/\/librairie7l.com\/en\/wp-json\/wp\/v2\/product"}],"about":[{"href":"https:\/\/librairie7l.com\/en\/wp-json\/wp\/v2\/types\/product"}],"wp:featuredmedia":[{"embeddable":true,"href":"https:\/\/librairie7l.com\/en\/wp-json\/wp\/v2\/media\/46991"}],"wp:attachment":[{"href":"https:\/\/librairie7l.com\/en\/wp-json\/wp\/v2\/media?parent=46993"}],"wp:term":[{"taxonomy":"product_cat","embeddable":true,"href":"https:\/\/librairie7l.com\/en\/wp-json\/wp\/v2\/product_cat?post=46993"},{"taxonomy":"product_tag","embeddable":true,"href":"https:\/\/librairie7l.com\/en\/wp-json\/wp\/v2\/product_tag?post=46993"}],"curies":[{"name":"wp","href":"https:\/\/api.w.org\/{rel}","templated":true}]}}