{"id":46997,"date":"2025-03-20T09:18:08","date_gmt":"2025-03-20T08:18:08","guid":{"rendered":"https:\/\/librairie7l.com\/?post_type=product&#038;p=46997"},"modified":"2026-04-17T13:00:45","modified_gmt":"2026-04-17T11:00:45","slug":"trois-peintres-japonais-a-paris-1950-1970-2","status":"publish","type":"product","link":"https:\/\/librairie7l.com\/en\/produit\/trois-peintres-japonais-a-paris-1950-1970-2\/","title":{"rendered":"TROIS PEINTRES JAPONAIS \u00c0 PARIS : 1950-1970"},"content":{"rendered":"<p>Le propos de cet ouvrage est de faire red\u00e9couvrir les peintres japonais de la Nouvelle \u00c9cole de Paris. L&#8217;art pictural japonais d&#8217;apr\u00e8s-guerre, m\u00e9lange d\u00e9tonant de calligraphie ancestrale et d&#8217;une forme d&#8217;abstraction in\u00e9dite au sortir de la Deuxi\u00e8me Guerre mondiale, a apport\u00e9 un souffle majeur dans l&#8217;histoire de la peinture occidentale des ann\u00e9es 1950.<br \/>\nLa vivacit\u00e9 et l&#8217;\u00e9nergie qui transcendent les toiles de Toshimitsu Imai (1928-2002) et d&#8217;Hisao Domoto (1928-2013), les paysages int\u00e9rieurs rugueux et d\u00e9licats de Key Sato (1906-1978), sont les t\u00e9moins d&#8217;une incroyable richesse esth\u00e9tique que ce livre entend remettre en lumi\u00e8re.<br \/>\nAinsi, quelles ont \u00e9t\u00e9 les influences crois\u00e9es entre ces peintres japonais et les artistes fran\u00e7ais ou am\u00e9ricains issus des mouvements d&#8217;avant-garde : art informel, action painting ou abstraction lyrique, entre autres ? Plusieurs de ces artistes japonais venus s&#8217;installer \u00e0 Paris dans les ann\u00e9es 1950 ont connu un rayonnement international et nombre des leurs oeuvres se trouvent aujourd&#8217;hui dans les plus grands mus\u00e9es en France, aux \u00c9tats-Unis et au Japon. Cet ouvrage s&#8217;efforce de replacer ces artistes dans leur contexte historique, d&#8217;appr\u00e9hender leur univers esth\u00e9tique et de rassembler une partie des archives et textes qui leur ont \u00e9t\u00e9 consacr\u00e9s dans le pass\u00e9.<\/p>\n","protected":false},"excerpt":{"rendered":"<p>Le propos de cet ouvrage est de faire red\u00e9couvrir les peintres japonais de la Nouvelle \u00c9cole de Paris. L&#8217;art pictural japonais d&#8217;apr\u00e8s-guerre, m\u00e9lange d\u00e9tonant de calligraphie ancestrale et d&#8217;une forme d&#8217;abstraction in\u00e9dite au sortir de la Deuxi\u00e8me Guerre mondiale, a apport\u00e9 un souffle majeur dans l&#8217;histoire de la peinture occidentale des ann\u00e9es 1950. La vivacit\u00e9 [&hellip;]<\/p>\n","protected":false},"featured_media":46995,"template":"","meta":[],"product_cat":[2948,2953],"product_tag":[],"acf":[],"yoast_head":"<!-- This site is optimized with the Yoast SEO plugin v20.11 - https:\/\/yoast.com\/wordpress\/plugins\/seo\/ -->\n<title>Trois peintres japonais \u00e0 Paris : 1950-1970 - Librairie 7L<\/title>\n<meta name=\"robots\" content=\"index, follow, max-snippet:-1, max-image-preview:large, max-video-preview:-1\" \/>\n<link rel=\"canonical\" href=\"https:\/\/librairie7l.com\/en\/produit\/trois-peintres-japonais-a-paris-1950-1970-2\/\" \/>\n<meta property=\"og:locale\" content=\"en_US\" \/>\n<meta property=\"og:type\" content=\"article\" \/>\n<meta property=\"og:title\" content=\"Trois peintres japonais \u00e0 Paris : 1950-1970 - Librairie 7L\" \/>\n<meta property=\"og:description\" content=\"Le propos de cet ouvrage est de faire red\u00e9couvrir les peintres japonais de la Nouvelle \u00c9cole de Paris. L&#8217;art pictural japonais d&#8217;apr\u00e8s-guerre, m\u00e9lange d\u00e9tonant de calligraphie ancestrale et d&#8217;une forme d&#8217;abstraction in\u00e9dite au sortir de la Deuxi\u00e8me Guerre mondiale, a apport\u00e9 un souffle majeur dans l&#8217;histoire de la peinture occidentale des ann\u00e9es 1950. La vivacit\u00e9 [&hellip;]\" \/>\n<meta property=\"og:url\" content=\"https:\/\/librairie7l.com\/en\/produit\/trois-peintres-japonais-a-paris-1950-1970-2\/\" \/>\n<meta property=\"og:site_name\" content=\"Librairie 7L\" \/>\n<meta property=\"article:modified_time\" content=\"2026-04-17T11:00:45+00:00\" \/>\n<meta property=\"og:image\" content=\"https:\/\/librairie7l.com\/wp-content\/uploads\/2024\/05\/9782359064469_1_75.jpg\" \/>\n\t<meta property=\"og:image:width\" content=\"600\" \/>\n\t<meta property=\"og:image:height\" content=\"704\" \/>\n\t<meta property=\"og:image:type\" content=\"image\/jpeg\" \/>\n<meta name=\"twitter:card\" content=\"summary_large_image\" \/>\n<meta name=\"twitter:label1\" content=\"Est. reading time\" \/>\n\t<meta name=\"twitter:data1\" content=\"1 minute\" \/>\n<script type=\"application\/ld+json\" class=\"yoast-schema-graph\">{\"@context\":\"https:\/\/schema.org\",\"@graph\":[{\"@type\":\"WebPage\",\"@id\":\"https:\/\/librairie7l.com\/en\/produit\/trois-peintres-japonais-a-paris-1950-1970-2\/\",\"url\":\"https:\/\/librairie7l.com\/en\/produit\/trois-peintres-japonais-a-paris-1950-1970-2\/\",\"name\":\"Trois peintres japonais \u00e0 Paris : 1950-1970 - Librairie 7L\",\"isPartOf\":{\"@id\":\"https:\/\/librairie7l.com\/en\/#website\"},\"datePublished\":\"2025-03-20T08:18:08+00:00\",\"dateModified\":\"2026-04-17T11:00:45+00:00\",\"breadcrumb\":{\"@id\":\"https:\/\/librairie7l.com\/en\/produit\/trois-peintres-japonais-a-paris-1950-1970-2\/#breadcrumb\"},\"inLanguage\":\"en-US\",\"potentialAction\":[{\"@type\":\"ReadAction\",\"target\":[\"https:\/\/librairie7l.com\/en\/produit\/trois-peintres-japonais-a-paris-1950-1970-2\/\"]}]},{\"@type\":\"BreadcrumbList\",\"@id\":\"https:\/\/librairie7l.com\/en\/produit\/trois-peintres-japonais-a-paris-1950-1970-2\/#breadcrumb\",\"itemListElement\":[{\"@type\":\"ListItem\",\"position\":1,\"name\":\"Accueil\",\"item\":\"https:\/\/librairie7l.com\/en\/\"},{\"@type\":\"ListItem\",\"position\":2,\"name\":\"Shop\",\"item\":\"https:\/\/librairie7l.com\/en\/shop\/\"},{\"@type\":\"ListItem\",\"position\":3,\"name\":\"TROIS PEINTRES JAPONAIS \u00c0 PARIS : 1950-1970\"}]},{\"@type\":\"WebSite\",\"@id\":\"https:\/\/librairie7l.com\/en\/#website\",\"url\":\"https:\/\/librairie7l.com\/en\/\",\"name\":\"Librairie 7L\",\"description\":\"Librairie fond\u00e9e en 1999 par Karl Lagerfeld \u00e0 Paris\",\"publisher\":{\"@id\":\"https:\/\/librairie7l.com\/en\/#organization\"},\"potentialAction\":[{\"@type\":\"SearchAction\",\"target\":{\"@type\":\"EntryPoint\",\"urlTemplate\":\"https:\/\/librairie7l.com\/en\/?s={search_term_string}\"},\"query-input\":\"required name=search_term_string\"}],\"inLanguage\":\"en-US\"},{\"@type\":\"Organization\",\"@id\":\"https:\/\/librairie7l.com\/en\/#organization\",\"name\":\"Librairie 7L\",\"url\":\"https:\/\/librairie7l.com\/en\/\",\"logo\":{\"@type\":\"ImageObject\",\"inLanguage\":\"en-US\",\"@id\":\"https:\/\/librairie7l.com\/en\/#\/schema\/logo\/image\/\",\"url\":\"https:\/\/librairie7l.com\/wp-content\/uploads\/2022\/08\/logo-1.png\",\"contentUrl\":\"https:\/\/librairie7l.com\/wp-content\/uploads\/2022\/08\/logo-1.png\",\"width\":227,\"height\":301,\"caption\":\"Librairie 7L\"},\"image\":{\"@id\":\"https:\/\/librairie7l.com\/en\/#\/schema\/logo\/image\/\"}}]}<\/script>\n<!-- \/ Yoast SEO plugin. -->","yoast_head_json":{"title":"Trois peintres japonais \u00e0 Paris : 1950-1970 - Librairie 7L","robots":{"index":"index","follow":"follow","max-snippet":"max-snippet:-1","max-image-preview":"max-image-preview:large","max-video-preview":"max-video-preview:-1"},"canonical":"https:\/\/librairie7l.com\/en\/produit\/trois-peintres-japonais-a-paris-1950-1970-2\/","og_locale":"en_US","og_type":"article","og_title":"Trois peintres japonais \u00e0 Paris : 1950-1970 - Librairie 7L","og_description":"Le propos de cet ouvrage est de faire red\u00e9couvrir les peintres japonais de la Nouvelle \u00c9cole de Paris. L&#8217;art pictural japonais d&#8217;apr\u00e8s-guerre, m\u00e9lange d\u00e9tonant de calligraphie ancestrale et d&#8217;une forme d&#8217;abstraction in\u00e9dite au sortir de la Deuxi\u00e8me Guerre mondiale, a apport\u00e9 un souffle majeur dans l&#8217;histoire de la peinture occidentale des ann\u00e9es 1950. La vivacit\u00e9 [&hellip;]","og_url":"https:\/\/librairie7l.com\/en\/produit\/trois-peintres-japonais-a-paris-1950-1970-2\/","og_site_name":"Librairie 7L","article_modified_time":"2026-04-17T11:00:45+00:00","og_image":[{"width":600,"height":704,"url":"https:\/\/librairie7l.com\/wp-content\/uploads\/2024\/05\/9782359064469_1_75.jpg","type":"image\/jpeg"}],"twitter_card":"summary_large_image","twitter_misc":{"Est. reading time":"1 minute"},"schema":{"@context":"https:\/\/schema.org","@graph":[{"@type":"WebPage","@id":"https:\/\/librairie7l.com\/en\/produit\/trois-peintres-japonais-a-paris-1950-1970-2\/","url":"https:\/\/librairie7l.com\/en\/produit\/trois-peintres-japonais-a-paris-1950-1970-2\/","name":"Trois peintres japonais \u00e0 Paris : 1950-1970 - Librairie 7L","isPartOf":{"@id":"https:\/\/librairie7l.com\/en\/#website"},"datePublished":"2025-03-20T08:18:08+00:00","dateModified":"2026-04-17T11:00:45+00:00","breadcrumb":{"@id":"https:\/\/librairie7l.com\/en\/produit\/trois-peintres-japonais-a-paris-1950-1970-2\/#breadcrumb"},"inLanguage":"en-US","potentialAction":[{"@type":"ReadAction","target":["https:\/\/librairie7l.com\/en\/produit\/trois-peintres-japonais-a-paris-1950-1970-2\/"]}]},{"@type":"BreadcrumbList","@id":"https:\/\/librairie7l.com\/en\/produit\/trois-peintres-japonais-a-paris-1950-1970-2\/#breadcrumb","itemListElement":[{"@type":"ListItem","position":1,"name":"Accueil","item":"https:\/\/librairie7l.com\/en\/"},{"@type":"ListItem","position":2,"name":"Shop","item":"https:\/\/librairie7l.com\/en\/shop\/"},{"@type":"ListItem","position":3,"name":"TROIS PEINTRES JAPONAIS \u00c0 PARIS : 1950-1970"}]},{"@type":"WebSite","@id":"https:\/\/librairie7l.com\/en\/#website","url":"https:\/\/librairie7l.com\/en\/","name":"Librairie 7L","description":"Librairie fond\u00e9e en 1999 par Karl Lagerfeld \u00e0 Paris","publisher":{"@id":"https:\/\/librairie7l.com\/en\/#organization"},"potentialAction":[{"@type":"SearchAction","target":{"@type":"EntryPoint","urlTemplate":"https:\/\/librairie7l.com\/en\/?s={search_term_string}"},"query-input":"required name=search_term_string"}],"inLanguage":"en-US"},{"@type":"Organization","@id":"https:\/\/librairie7l.com\/en\/#organization","name":"Librairie 7L","url":"https:\/\/librairie7l.com\/en\/","logo":{"@type":"ImageObject","inLanguage":"en-US","@id":"https:\/\/librairie7l.com\/en\/#\/schema\/logo\/image\/","url":"https:\/\/librairie7l.com\/wp-content\/uploads\/2022\/08\/logo-1.png","contentUrl":"https:\/\/librairie7l.com\/wp-content\/uploads\/2022\/08\/logo-1.png","width":227,"height":301,"caption":"Librairie 7L"},"image":{"@id":"https:\/\/librairie7l.com\/en\/#\/schema\/logo\/image\/"}}]}},"_links":{"self":[{"href":"https:\/\/librairie7l.com\/en\/wp-json\/wp\/v2\/product\/46997"}],"collection":[{"href":"https:\/\/librairie7l.com\/en\/wp-json\/wp\/v2\/product"}],"about":[{"href":"https:\/\/librairie7l.com\/en\/wp-json\/wp\/v2\/types\/product"}],"wp:featuredmedia":[{"embeddable":true,"href":"https:\/\/librairie7l.com\/en\/wp-json\/wp\/v2\/media\/46995"}],"wp:attachment":[{"href":"https:\/\/librairie7l.com\/en\/wp-json\/wp\/v2\/media?parent=46997"}],"wp:term":[{"taxonomy":"product_cat","embeddable":true,"href":"https:\/\/librairie7l.com\/en\/wp-json\/wp\/v2\/product_cat?post=46997"},{"taxonomy":"product_tag","embeddable":true,"href":"https:\/\/librairie7l.com\/en\/wp-json\/wp\/v2\/product_tag?post=46997"}],"curies":[{"name":"wp","href":"https:\/\/api.w.org\/{rel}","templated":true}]}}