{"id":47001,"date":"2025-03-20T09:18:11","date_gmt":"2025-03-20T08:18:11","guid":{"rendered":"https:\/\/librairie7l.com\/?post_type=product&#038;p=47001"},"modified":"2026-05-15T07:26:08","modified_gmt":"2026-05-15T05:26:08","slug":"les-decors-peints-du-pantheon-2","status":"publish","type":"product","link":"https:\/\/librairie7l.com\/en\/produit\/les-decors-peints-du-pantheon-2\/","title":{"rendered":"LES D\u00c9CORS PEINTS DU PANTH\u00c9ON"},"content":{"rendered":"<p>Situ\u00e9 au coeur du Ve arrondissement, le Panth\u00e9on est un monument embl\u00e9matique du paysage architectural parisien et un pr\u00e9cieux t\u00e9moin de l&#8217;histoire politique et religieuse de la France. \u00c0 travers ses grands d\u00e9cors peints, le visiteur peut d\u00e9chiffrer le r\u00e9cit d&#8217;une histoire nationale tourment\u00e9e.<br \/>\nDu r\u00e8gne de Louis XV \u00e0 la Troisi\u00e8me R\u00e9publique, de basilique Sainte-Genevi\u00e8ve \u00e0 Panth\u00e9on, l&#8217;\u00e9difice command\u00e9 \u00e0 l&#8217;architecte Jacques-Germain Soufflot en 1755 oscille entre les fonctions politique et religieuse. Au gr\u00e9 des changements de r\u00e9gime, le d\u00e9cor du Panth\u00e9on ne cesse lui aussi d&#8217;\u00e9voluer, portant aujourd&#8217;hui la marque de cette histoire complexe.<br \/>\n\u00c0 la lumi\u00e8re de cet ouvrage, le visiteur peut ainsi d\u00e9chiffrer, sur les murs de la nef, du choeur, du transept et des chapelles, un r\u00e9cit historique et symbolique incarn\u00e9 par de grandes figures religieuses fran\u00e7aises comme sainte Genevi\u00e8ve, Clovis, Charlemagne, Saint Louis ou encore Jeanne d&#8217;Arc, c\u00f4toyant d&#8217;autres compositions repr\u00e9sentant des valeurs r\u00e9publicaines telles que le travail, le d\u00e9vouement et la famille.<br \/>\nAu-del\u00e0 de la vocation politique et religieuse de ces peintures monumentales, l&#8217;ouvrage permet d&#8217;en comprendre les enjeux esth\u00e9tiques, le d\u00e9cor ayant \u00e9t\u00e9 ex\u00e9cut\u00e9 en grande partie \u00e0 la fin du XIXe si\u00e8cle, une p\u00e9riode marqu\u00e9e par le renouveau de la peinture d\u00e9corative. Un portfolio de vingt pages regroupe des reproductions de qualit\u00e9 de ces chefs-d&#8217;oeuvre ex\u00e9cut\u00e9s par Pierre Puvis de Chavannes, Alexandre Cabanel, Ernest Meissonier ou encore Jean-Fran\u00e7ois Millet.<\/p>\n","protected":false},"excerpt":{"rendered":"<p>Situ\u00e9 au coeur du Ve arrondissement, le Panth\u00e9on est un monument embl\u00e9matique du paysage architectural parisien et un pr\u00e9cieux t\u00e9moin de l&#8217;histoire politique et religieuse de la France. \u00c0 travers ses grands d\u00e9cors peints, le visiteur peut d\u00e9chiffrer le r\u00e9cit d&#8217;une histoire nationale tourment\u00e9e. Du r\u00e8gne de Louis XV \u00e0 la Troisi\u00e8me R\u00e9publique, de basilique [&hellip;]<\/p>\n","protected":false},"featured_media":46999,"template":"","meta":[],"product_cat":[2948,2952],"product_tag":[],"acf":[],"yoast_head":"<!-- This site is optimized with the Yoast SEO plugin v20.11 - https:\/\/yoast.com\/wordpress\/plugins\/seo\/ -->\n<title>Les D\u00e9cors peints du Panth\u00e9on - Librairie 7L<\/title>\n<meta name=\"robots\" content=\"index, follow, max-snippet:-1, max-image-preview:large, max-video-preview:-1\" \/>\n<link rel=\"canonical\" href=\"https:\/\/librairie7l.com\/en\/produit\/les-decors-peints-du-pantheon-2\/\" \/>\n<meta property=\"og:locale\" content=\"en_US\" \/>\n<meta property=\"og:type\" content=\"article\" \/>\n<meta property=\"og:title\" content=\"Les D\u00e9cors peints du Panth\u00e9on - Librairie 7L\" \/>\n<meta property=\"og:description\" content=\"Situ\u00e9 au coeur du Ve arrondissement, le Panth\u00e9on est un monument embl\u00e9matique du paysage architectural parisien et un pr\u00e9cieux t\u00e9moin de l&#8217;histoire politique et religieuse de la France. \u00c0 travers ses grands d\u00e9cors peints, le visiteur peut d\u00e9chiffrer le r\u00e9cit d&#8217;une histoire nationale tourment\u00e9e. Du r\u00e8gne de Louis XV \u00e0 la Troisi\u00e8me R\u00e9publique, de basilique [&hellip;]\" \/>\n<meta property=\"og:url\" content=\"https:\/\/librairie7l.com\/en\/produit\/les-decors-peints-du-pantheon-2\/\" \/>\n<meta property=\"og:site_name\" content=\"Librairie 7L\" \/>\n<meta property=\"article:modified_time\" content=\"2026-05-15T05:26:08+00:00\" \/>\n<meta property=\"og:image\" content=\"https:\/\/librairie7l.com\/wp-content\/uploads\/2024\/12\/9782757710012_1_75.jpg\" \/>\n\t<meta property=\"og:image:width\" content=\"400\" \/>\n\t<meta property=\"og:image:height\" content=\"430\" \/>\n\t<meta property=\"og:image:type\" content=\"image\/jpeg\" \/>\n<meta name=\"twitter:card\" content=\"summary_large_image\" \/>\n<meta name=\"twitter:label1\" content=\"Est. reading time\" \/>\n\t<meta name=\"twitter:data1\" content=\"1 minute\" \/>\n<script type=\"application\/ld+json\" class=\"yoast-schema-graph\">{\"@context\":\"https:\/\/schema.org\",\"@graph\":[{\"@type\":\"WebPage\",\"@id\":\"https:\/\/librairie7l.com\/en\/produit\/les-decors-peints-du-pantheon-2\/\",\"url\":\"https:\/\/librairie7l.com\/en\/produit\/les-decors-peints-du-pantheon-2\/\",\"name\":\"Les D\u00e9cors peints du Panth\u00e9on - Librairie 7L\",\"isPartOf\":{\"@id\":\"https:\/\/librairie7l.com\/en\/#website\"},\"datePublished\":\"2025-03-20T08:18:11+00:00\",\"dateModified\":\"2026-05-15T05:26:08+00:00\",\"breadcrumb\":{\"@id\":\"https:\/\/librairie7l.com\/en\/produit\/les-decors-peints-du-pantheon-2\/#breadcrumb\"},\"inLanguage\":\"en-US\",\"potentialAction\":[{\"@type\":\"ReadAction\",\"target\":[\"https:\/\/librairie7l.com\/en\/produit\/les-decors-peints-du-pantheon-2\/\"]}]},{\"@type\":\"BreadcrumbList\",\"@id\":\"https:\/\/librairie7l.com\/en\/produit\/les-decors-peints-du-pantheon-2\/#breadcrumb\",\"itemListElement\":[{\"@type\":\"ListItem\",\"position\":1,\"name\":\"Accueil\",\"item\":\"https:\/\/librairie7l.com\/en\/\"},{\"@type\":\"ListItem\",\"position\":2,\"name\":\"Shop\",\"item\":\"https:\/\/librairie7l.com\/en\/shop\/\"},{\"@type\":\"ListItem\",\"position\":3,\"name\":\"LES D\u00c9CORS PEINTS DU PANTH\u00c9ON\"}]},{\"@type\":\"WebSite\",\"@id\":\"https:\/\/librairie7l.com\/en\/#website\",\"url\":\"https:\/\/librairie7l.com\/en\/\",\"name\":\"Librairie 7L\",\"description\":\"Librairie fond\u00e9e en 1999 par Karl Lagerfeld \u00e0 Paris\",\"publisher\":{\"@id\":\"https:\/\/librairie7l.com\/en\/#organization\"},\"potentialAction\":[{\"@type\":\"SearchAction\",\"target\":{\"@type\":\"EntryPoint\",\"urlTemplate\":\"https:\/\/librairie7l.com\/en\/?s={search_term_string}\"},\"query-input\":\"required name=search_term_string\"}],\"inLanguage\":\"en-US\"},{\"@type\":\"Organization\",\"@id\":\"https:\/\/librairie7l.com\/en\/#organization\",\"name\":\"Librairie 7L\",\"url\":\"https:\/\/librairie7l.com\/en\/\",\"logo\":{\"@type\":\"ImageObject\",\"inLanguage\":\"en-US\",\"@id\":\"https:\/\/librairie7l.com\/en\/#\/schema\/logo\/image\/\",\"url\":\"https:\/\/librairie7l.com\/wp-content\/uploads\/2022\/08\/logo-1.png\",\"contentUrl\":\"https:\/\/librairie7l.com\/wp-content\/uploads\/2022\/08\/logo-1.png\",\"width\":227,\"height\":301,\"caption\":\"Librairie 7L\"},\"image\":{\"@id\":\"https:\/\/librairie7l.com\/en\/#\/schema\/logo\/image\/\"}}]}<\/script>\n<!-- \/ Yoast SEO plugin. -->","yoast_head_json":{"title":"Les D\u00e9cors peints du Panth\u00e9on - Librairie 7L","robots":{"index":"index","follow":"follow","max-snippet":"max-snippet:-1","max-image-preview":"max-image-preview:large","max-video-preview":"max-video-preview:-1"},"canonical":"https:\/\/librairie7l.com\/en\/produit\/les-decors-peints-du-pantheon-2\/","og_locale":"en_US","og_type":"article","og_title":"Les D\u00e9cors peints du Panth\u00e9on - Librairie 7L","og_description":"Situ\u00e9 au coeur du Ve arrondissement, le Panth\u00e9on est un monument embl\u00e9matique du paysage architectural parisien et un pr\u00e9cieux t\u00e9moin de l&#8217;histoire politique et religieuse de la France. \u00c0 travers ses grands d\u00e9cors peints, le visiteur peut d\u00e9chiffrer le r\u00e9cit d&#8217;une histoire nationale tourment\u00e9e. Du r\u00e8gne de Louis XV \u00e0 la Troisi\u00e8me R\u00e9publique, de basilique [&hellip;]","og_url":"https:\/\/librairie7l.com\/en\/produit\/les-decors-peints-du-pantheon-2\/","og_site_name":"Librairie 7L","article_modified_time":"2026-05-15T05:26:08+00:00","og_image":[{"width":400,"height":430,"url":"https:\/\/librairie7l.com\/wp-content\/uploads\/2024\/12\/9782757710012_1_75.jpg","type":"image\/jpeg"}],"twitter_card":"summary_large_image","twitter_misc":{"Est. reading time":"1 minute"},"schema":{"@context":"https:\/\/schema.org","@graph":[{"@type":"WebPage","@id":"https:\/\/librairie7l.com\/en\/produit\/les-decors-peints-du-pantheon-2\/","url":"https:\/\/librairie7l.com\/en\/produit\/les-decors-peints-du-pantheon-2\/","name":"Les D\u00e9cors peints du Panth\u00e9on - Librairie 7L","isPartOf":{"@id":"https:\/\/librairie7l.com\/en\/#website"},"datePublished":"2025-03-20T08:18:11+00:00","dateModified":"2026-05-15T05:26:08+00:00","breadcrumb":{"@id":"https:\/\/librairie7l.com\/en\/produit\/les-decors-peints-du-pantheon-2\/#breadcrumb"},"inLanguage":"en-US","potentialAction":[{"@type":"ReadAction","target":["https:\/\/librairie7l.com\/en\/produit\/les-decors-peints-du-pantheon-2\/"]}]},{"@type":"BreadcrumbList","@id":"https:\/\/librairie7l.com\/en\/produit\/les-decors-peints-du-pantheon-2\/#breadcrumb","itemListElement":[{"@type":"ListItem","position":1,"name":"Accueil","item":"https:\/\/librairie7l.com\/en\/"},{"@type":"ListItem","position":2,"name":"Shop","item":"https:\/\/librairie7l.com\/en\/shop\/"},{"@type":"ListItem","position":3,"name":"LES D\u00c9CORS PEINTS DU PANTH\u00c9ON"}]},{"@type":"WebSite","@id":"https:\/\/librairie7l.com\/en\/#website","url":"https:\/\/librairie7l.com\/en\/","name":"Librairie 7L","description":"Librairie fond\u00e9e en 1999 par Karl Lagerfeld \u00e0 Paris","publisher":{"@id":"https:\/\/librairie7l.com\/en\/#organization"},"potentialAction":[{"@type":"SearchAction","target":{"@type":"EntryPoint","urlTemplate":"https:\/\/librairie7l.com\/en\/?s={search_term_string}"},"query-input":"required name=search_term_string"}],"inLanguage":"en-US"},{"@type":"Organization","@id":"https:\/\/librairie7l.com\/en\/#organization","name":"Librairie 7L","url":"https:\/\/librairie7l.com\/en\/","logo":{"@type":"ImageObject","inLanguage":"en-US","@id":"https:\/\/librairie7l.com\/en\/#\/schema\/logo\/image\/","url":"https:\/\/librairie7l.com\/wp-content\/uploads\/2022\/08\/logo-1.png","contentUrl":"https:\/\/librairie7l.com\/wp-content\/uploads\/2022\/08\/logo-1.png","width":227,"height":301,"caption":"Librairie 7L"},"image":{"@id":"https:\/\/librairie7l.com\/en\/#\/schema\/logo\/image\/"}}]}},"_links":{"self":[{"href":"https:\/\/librairie7l.com\/en\/wp-json\/wp\/v2\/product\/47001"}],"collection":[{"href":"https:\/\/librairie7l.com\/en\/wp-json\/wp\/v2\/product"}],"about":[{"href":"https:\/\/librairie7l.com\/en\/wp-json\/wp\/v2\/types\/product"}],"wp:featuredmedia":[{"embeddable":true,"href":"https:\/\/librairie7l.com\/en\/wp-json\/wp\/v2\/media\/46999"}],"wp:attachment":[{"href":"https:\/\/librairie7l.com\/en\/wp-json\/wp\/v2\/media?parent=47001"}],"wp:term":[{"taxonomy":"product_cat","embeddable":true,"href":"https:\/\/librairie7l.com\/en\/wp-json\/wp\/v2\/product_cat?post=47001"},{"taxonomy":"product_tag","embeddable":true,"href":"https:\/\/librairie7l.com\/en\/wp-json\/wp\/v2\/product_tag?post=47001"}],"curies":[{"name":"wp","href":"https:\/\/api.w.org\/{rel}","templated":true}]}}