{"id":47005,"date":"2025-03-20T09:18:14","date_gmt":"2025-03-20T08:18:14","guid":{"rendered":"https:\/\/librairie7l.com\/?post_type=product&#038;p=47005"},"modified":"2026-04-08T22:59:20","modified_gmt":"2026-04-08T20:59:20","slug":"les-cerisiers-en-fleur-par-les-grands-maitres-de-lestampe-japonaise-2","status":"publish","type":"product","link":"https:\/\/librairie7l.com\/en\/produit\/les-cerisiers-en-fleur-par-les-grands-maitres-de-lestampe-japonaise-2\/","title":{"rendered":"LES CERISIERS EN FLEUR PAR LES GRANDS MA\u00ceTRES DE L&#8217;ESTAMPE JAPONAISE"},"content":{"rendered":"<p>V\u00e9ritable c\u00e9l\u00e9bration des cerisiers, ce coffret, accompagn\u00e9 d&#8217;un livret explicatif, d\u00e9ploie dans un format accord\u00e9on plus d&#8217;une soixantaine d&#8217;oeuvres des plus grands ma\u00eetres de l&#8217;estampe japonaise. Le sakura, dont la fleur est devenue l&#8217;embl\u00e8me du pays, offre au d\u00e9but du printemps une floraison grandiose, dans de subtiles variations de couleurs, qui s&#8217;\u00e9tend comme un nuage vaporeux sur tout le pays, et qui a donn\u00e9 lieu \u00e0 un rituel ancestral, le hanami. De Hokusai \u00e0 Hiroshige, en passant par Keibun, Bairei et Hasui, ces estampes mettent en valeur l&#8217;intensit\u00e9 et la fugacit\u00e9 de ce moment unique, occasion de recueillement en famille ou entre amis, o\u00f9 chacun est invit\u00e9 \u00e0 m\u00e9diter sur la bri\u00e8vet\u00e9 de toute chose et sur la fragilit\u00e9 de l&#8217;existence, \u00e0 contempler la nature pour y trouver la sagesse.<\/p>\n","protected":false},"excerpt":{"rendered":"<p>V\u00e9ritable c\u00e9l\u00e9bration des cerisiers, ce coffret, accompagn\u00e9 d&#8217;un livret explicatif, d\u00e9ploie dans un format accord\u00e9on plus d&#8217;une soixantaine d&#8217;oeuvres des plus grands ma\u00eetres de l&#8217;estampe japonaise. Le sakura, dont la fleur est devenue l&#8217;embl\u00e8me du pays, offre au d\u00e9but du printemps une floraison grandiose, dans de subtiles variations de couleurs, qui s&#8217;\u00e9tend comme un nuage [&hellip;]<\/p>\n","protected":false},"featured_media":47003,"template":"","meta":[],"product_cat":[2948,2953],"product_tag":[],"acf":[],"yoast_head":"<!-- This site is optimized with the Yoast SEO plugin v20.11 - https:\/\/yoast.com\/wordpress\/plugins\/seo\/ -->\n<title>Les cerisiers en fleur par les grands ma\u00eetres de l&#039;estampe japonaise - Librairie 7L<\/title>\n<meta name=\"robots\" content=\"index, follow, max-snippet:-1, max-image-preview:large, max-video-preview:-1\" \/>\n<link rel=\"canonical\" href=\"https:\/\/librairie7l.com\/en\/produit\/les-cerisiers-en-fleur-par-les-grands-maitres-de-lestampe-japonaise-2\/\" \/>\n<meta property=\"og:locale\" content=\"en_US\" \/>\n<meta property=\"og:type\" content=\"article\" \/>\n<meta property=\"og:title\" content=\"Les cerisiers en fleur par les grands ma\u00eetres de l&#039;estampe japonaise - Librairie 7L\" \/>\n<meta property=\"og:description\" content=\"V\u00e9ritable c\u00e9l\u00e9bration des cerisiers, ce coffret, accompagn\u00e9 d&#8217;un livret explicatif, d\u00e9ploie dans un format accord\u00e9on plus d&#8217;une soixantaine d&#8217;oeuvres des plus grands ma\u00eetres de l&#8217;estampe japonaise. Le sakura, dont la fleur est devenue l&#8217;embl\u00e8me du pays, offre au d\u00e9but du printemps une floraison grandiose, dans de subtiles variations de couleurs, qui s&#8217;\u00e9tend comme un nuage [&hellip;]\" \/>\n<meta property=\"og:url\" content=\"https:\/\/librairie7l.com\/en\/produit\/les-cerisiers-en-fleur-par-les-grands-maitres-de-lestampe-japonaise-2\/\" \/>\n<meta property=\"og:site_name\" content=\"Librairie 7L\" \/>\n<meta property=\"article:modified_time\" content=\"2026-04-08T20:59:20+00:00\" \/>\n<meta property=\"og:image\" content=\"https:\/\/librairie7l.com\/wp-content\/uploads\/2022\/01\/9782754112468_1_75.jpg\" \/>\n\t<meta property=\"og:image:width\" content=\"600\" \/>\n\t<meta property=\"og:image:height\" content=\"857\" \/>\n\t<meta property=\"og:image:type\" content=\"image\/jpeg\" \/>\n<meta name=\"twitter:card\" content=\"summary_large_image\" \/>\n<meta name=\"twitter:label1\" content=\"Est. reading time\" \/>\n\t<meta name=\"twitter:data1\" content=\"1 minute\" \/>\n<script type=\"application\/ld+json\" class=\"yoast-schema-graph\">{\"@context\":\"https:\/\/schema.org\",\"@graph\":[{\"@type\":\"WebPage\",\"@id\":\"https:\/\/librairie7l.com\/en\/produit\/les-cerisiers-en-fleur-par-les-grands-maitres-de-lestampe-japonaise-2\/\",\"url\":\"https:\/\/librairie7l.com\/en\/produit\/les-cerisiers-en-fleur-par-les-grands-maitres-de-lestampe-japonaise-2\/\",\"name\":\"Les cerisiers en fleur par les grands ma\u00eetres de l'estampe japonaise - Librairie 7L\",\"isPartOf\":{\"@id\":\"https:\/\/librairie7l.com\/en\/#website\"},\"datePublished\":\"2025-03-20T08:18:14+00:00\",\"dateModified\":\"2026-04-08T20:59:20+00:00\",\"breadcrumb\":{\"@id\":\"https:\/\/librairie7l.com\/en\/produit\/les-cerisiers-en-fleur-par-les-grands-maitres-de-lestampe-japonaise-2\/#breadcrumb\"},\"inLanguage\":\"en-US\",\"potentialAction\":[{\"@type\":\"ReadAction\",\"target\":[\"https:\/\/librairie7l.com\/en\/produit\/les-cerisiers-en-fleur-par-les-grands-maitres-de-lestampe-japonaise-2\/\"]}]},{\"@type\":\"BreadcrumbList\",\"@id\":\"https:\/\/librairie7l.com\/en\/produit\/les-cerisiers-en-fleur-par-les-grands-maitres-de-lestampe-japonaise-2\/#breadcrumb\",\"itemListElement\":[{\"@type\":\"ListItem\",\"position\":1,\"name\":\"Accueil\",\"item\":\"https:\/\/librairie7l.com\/en\/\"},{\"@type\":\"ListItem\",\"position\":2,\"name\":\"Shop\",\"item\":\"https:\/\/librairie7l.com\/en\/shop\/\"},{\"@type\":\"ListItem\",\"position\":3,\"name\":\"LES CERISIERS EN FLEUR PAR LES GRANDS MA\u00ceTRES DE L&#8217;ESTAMPE JAPONAISE\"}]},{\"@type\":\"WebSite\",\"@id\":\"https:\/\/librairie7l.com\/en\/#website\",\"url\":\"https:\/\/librairie7l.com\/en\/\",\"name\":\"Librairie 7L\",\"description\":\"Librairie fond\u00e9e en 1999 par Karl Lagerfeld \u00e0 Paris\",\"publisher\":{\"@id\":\"https:\/\/librairie7l.com\/en\/#organization\"},\"potentialAction\":[{\"@type\":\"SearchAction\",\"target\":{\"@type\":\"EntryPoint\",\"urlTemplate\":\"https:\/\/librairie7l.com\/en\/?s={search_term_string}\"},\"query-input\":\"required name=search_term_string\"}],\"inLanguage\":\"en-US\"},{\"@type\":\"Organization\",\"@id\":\"https:\/\/librairie7l.com\/en\/#organization\",\"name\":\"Librairie 7L\",\"url\":\"https:\/\/librairie7l.com\/en\/\",\"logo\":{\"@type\":\"ImageObject\",\"inLanguage\":\"en-US\",\"@id\":\"https:\/\/librairie7l.com\/en\/#\/schema\/logo\/image\/\",\"url\":\"https:\/\/librairie7l.com\/wp-content\/uploads\/2022\/08\/logo-1.png\",\"contentUrl\":\"https:\/\/librairie7l.com\/wp-content\/uploads\/2022\/08\/logo-1.png\",\"width\":227,\"height\":301,\"caption\":\"Librairie 7L\"},\"image\":{\"@id\":\"https:\/\/librairie7l.com\/en\/#\/schema\/logo\/image\/\"}}]}<\/script>\n<!-- \/ Yoast SEO plugin. -->","yoast_head_json":{"title":"Les cerisiers en fleur par les grands ma\u00eetres de l'estampe japonaise - Librairie 7L","robots":{"index":"index","follow":"follow","max-snippet":"max-snippet:-1","max-image-preview":"max-image-preview:large","max-video-preview":"max-video-preview:-1"},"canonical":"https:\/\/librairie7l.com\/en\/produit\/les-cerisiers-en-fleur-par-les-grands-maitres-de-lestampe-japonaise-2\/","og_locale":"en_US","og_type":"article","og_title":"Les cerisiers en fleur par les grands ma\u00eetres de l'estampe japonaise - Librairie 7L","og_description":"V\u00e9ritable c\u00e9l\u00e9bration des cerisiers, ce coffret, accompagn\u00e9 d&#8217;un livret explicatif, d\u00e9ploie dans un format accord\u00e9on plus d&#8217;une soixantaine d&#8217;oeuvres des plus grands ma\u00eetres de l&#8217;estampe japonaise. Le sakura, dont la fleur est devenue l&#8217;embl\u00e8me du pays, offre au d\u00e9but du printemps une floraison grandiose, dans de subtiles variations de couleurs, qui s&#8217;\u00e9tend comme un nuage [&hellip;]","og_url":"https:\/\/librairie7l.com\/en\/produit\/les-cerisiers-en-fleur-par-les-grands-maitres-de-lestampe-japonaise-2\/","og_site_name":"Librairie 7L","article_modified_time":"2026-04-08T20:59:20+00:00","og_image":[{"width":600,"height":857,"url":"https:\/\/librairie7l.com\/wp-content\/uploads\/2022\/01\/9782754112468_1_75.jpg","type":"image\/jpeg"}],"twitter_card":"summary_large_image","twitter_misc":{"Est. reading time":"1 minute"},"schema":{"@context":"https:\/\/schema.org","@graph":[{"@type":"WebPage","@id":"https:\/\/librairie7l.com\/en\/produit\/les-cerisiers-en-fleur-par-les-grands-maitres-de-lestampe-japonaise-2\/","url":"https:\/\/librairie7l.com\/en\/produit\/les-cerisiers-en-fleur-par-les-grands-maitres-de-lestampe-japonaise-2\/","name":"Les cerisiers en fleur par les grands ma\u00eetres de l'estampe japonaise - Librairie 7L","isPartOf":{"@id":"https:\/\/librairie7l.com\/en\/#website"},"datePublished":"2025-03-20T08:18:14+00:00","dateModified":"2026-04-08T20:59:20+00:00","breadcrumb":{"@id":"https:\/\/librairie7l.com\/en\/produit\/les-cerisiers-en-fleur-par-les-grands-maitres-de-lestampe-japonaise-2\/#breadcrumb"},"inLanguage":"en-US","potentialAction":[{"@type":"ReadAction","target":["https:\/\/librairie7l.com\/en\/produit\/les-cerisiers-en-fleur-par-les-grands-maitres-de-lestampe-japonaise-2\/"]}]},{"@type":"BreadcrumbList","@id":"https:\/\/librairie7l.com\/en\/produit\/les-cerisiers-en-fleur-par-les-grands-maitres-de-lestampe-japonaise-2\/#breadcrumb","itemListElement":[{"@type":"ListItem","position":1,"name":"Accueil","item":"https:\/\/librairie7l.com\/en\/"},{"@type":"ListItem","position":2,"name":"Shop","item":"https:\/\/librairie7l.com\/en\/shop\/"},{"@type":"ListItem","position":3,"name":"LES CERISIERS EN FLEUR PAR LES GRANDS MA\u00ceTRES DE L&#8217;ESTAMPE JAPONAISE"}]},{"@type":"WebSite","@id":"https:\/\/librairie7l.com\/en\/#website","url":"https:\/\/librairie7l.com\/en\/","name":"Librairie 7L","description":"Librairie fond\u00e9e en 1999 par Karl Lagerfeld \u00e0 Paris","publisher":{"@id":"https:\/\/librairie7l.com\/en\/#organization"},"potentialAction":[{"@type":"SearchAction","target":{"@type":"EntryPoint","urlTemplate":"https:\/\/librairie7l.com\/en\/?s={search_term_string}"},"query-input":"required name=search_term_string"}],"inLanguage":"en-US"},{"@type":"Organization","@id":"https:\/\/librairie7l.com\/en\/#organization","name":"Librairie 7L","url":"https:\/\/librairie7l.com\/en\/","logo":{"@type":"ImageObject","inLanguage":"en-US","@id":"https:\/\/librairie7l.com\/en\/#\/schema\/logo\/image\/","url":"https:\/\/librairie7l.com\/wp-content\/uploads\/2022\/08\/logo-1.png","contentUrl":"https:\/\/librairie7l.com\/wp-content\/uploads\/2022\/08\/logo-1.png","width":227,"height":301,"caption":"Librairie 7L"},"image":{"@id":"https:\/\/librairie7l.com\/en\/#\/schema\/logo\/image\/"}}]}},"_links":{"self":[{"href":"https:\/\/librairie7l.com\/en\/wp-json\/wp\/v2\/product\/47005"}],"collection":[{"href":"https:\/\/librairie7l.com\/en\/wp-json\/wp\/v2\/product"}],"about":[{"href":"https:\/\/librairie7l.com\/en\/wp-json\/wp\/v2\/types\/product"}],"wp:featuredmedia":[{"embeddable":true,"href":"https:\/\/librairie7l.com\/en\/wp-json\/wp\/v2\/media\/47003"}],"wp:attachment":[{"href":"https:\/\/librairie7l.com\/en\/wp-json\/wp\/v2\/media?parent=47005"}],"wp:term":[{"taxonomy":"product_cat","embeddable":true,"href":"https:\/\/librairie7l.com\/en\/wp-json\/wp\/v2\/product_cat?post=47005"},{"taxonomy":"product_tag","embeddable":true,"href":"https:\/\/librairie7l.com\/en\/wp-json\/wp\/v2\/product_tag?post=47005"}],"curies":[{"name":"wp","href":"https:\/\/api.w.org\/{rel}","templated":true}]}}