{"id":47040,"date":"2025-03-24T11:30:42","date_gmt":"2025-03-24T10:30:42","guid":{"rendered":"https:\/\/librairie7l.com\/?post_type=product&#038;p=47040"},"modified":"2026-04-22T03:07:05","modified_gmt":"2026-04-22T01:07:05","slug":"iconiques-creatrices-de-mode-2","status":"publish","type":"product","link":"https:\/\/librairie7l.com\/en\/produit\/iconiques-creatrices-de-mode-2\/","title":{"rendered":"ICONIQUES CR\u00c9ATRICES DE MODE"},"content":{"rendered":"<p>Des pionni\u00e8res Jeanne Lanvin \u00e0 Gabrielle Chanel, en passant par Elsa Schiaparelli, Sonia Rykiel ou Chantal Thomass, les femmes ont laiss\u00e9 leur empreinte ind\u00e9l\u00e9bile dans le monde de la mode. Leur regard contribua \u00e0 changer la vision de la silhouette f\u00e9minine, \u00e0 briser les codes et les carcans dans lesquels la femme \u00e9tait enferm\u00e9e. Ainsi, ces cr\u00e9atrices boulevers\u00e8rent en profondeur la cr\u00e9ation par leur inventivit\u00e9 et leur incroyable modernit\u00e9.<br \/>\nMalgr\u00e9 une industrie largement domin\u00e9e par les hommes, o\u00f9 pourtant la femme est au coeur de la cr\u00e9ation, il est essentiel de mettre en lumi\u00e8re les principales figures f\u00e9minines de ce domaine. Ce livre dresse les portraits de ces grandes cr\u00e9atrices et leur rend la place qui leur revient l\u00e9gitimement dans l&#8217;histoire de la mode.<\/p>\n","protected":false},"excerpt":{"rendered":"<p>Des pionni\u00e8res Jeanne Lanvin \u00e0 Gabrielle Chanel, en passant par Elsa Schiaparelli, Sonia Rykiel ou Chantal Thomass, les femmes ont laiss\u00e9 leur empreinte ind\u00e9l\u00e9bile dans le monde de la mode. Leur regard contribua \u00e0 changer la vision de la silhouette f\u00e9minine, \u00e0 briser les codes et les carcans dans lesquels la femme \u00e9tait enferm\u00e9e. Ainsi, [&hellip;]<\/p>\n","protected":false},"featured_media":47038,"template":"","meta":[],"product_cat":[7364,2948],"product_tag":[],"acf":[],"yoast_head":"<!-- This site is optimized with the Yoast SEO plugin v20.11 - https:\/\/yoast.com\/wordpress\/plugins\/seo\/ -->\n<title>Iconiques cr\u00e9atrices de mode - Librairie 7L<\/title>\n<meta name=\"robots\" content=\"index, follow, max-snippet:-1, max-image-preview:large, max-video-preview:-1\" \/>\n<link rel=\"canonical\" href=\"https:\/\/librairie7l.com\/en\/produit\/iconiques-creatrices-de-mode-2\/\" \/>\n<meta property=\"og:locale\" content=\"en_US\" \/>\n<meta property=\"og:type\" content=\"article\" \/>\n<meta property=\"og:title\" content=\"Iconiques cr\u00e9atrices de mode - Librairie 7L\" \/>\n<meta property=\"og:description\" content=\"Des pionni\u00e8res Jeanne Lanvin \u00e0 Gabrielle Chanel, en passant par Elsa Schiaparelli, Sonia Rykiel ou Chantal Thomass, les femmes ont laiss\u00e9 leur empreinte ind\u00e9l\u00e9bile dans le monde de la mode. Leur regard contribua \u00e0 changer la vision de la silhouette f\u00e9minine, \u00e0 briser les codes et les carcans dans lesquels la femme \u00e9tait enferm\u00e9e. Ainsi, [&hellip;]\" \/>\n<meta property=\"og:url\" content=\"https:\/\/librairie7l.com\/en\/produit\/iconiques-creatrices-de-mode-2\/\" \/>\n<meta property=\"og:site_name\" content=\"Librairie 7L\" \/>\n<meta property=\"article:modified_time\" content=\"2026-04-22T01:07:05+00:00\" \/>\n<meta property=\"og:image\" content=\"https:\/\/librairie7l.com\/wp-content\/uploads\/2024\/09\/9782036076204_1_75.jpg\" \/>\n\t<meta property=\"og:image:width\" content=\"600\" \/>\n\t<meta property=\"og:image:height\" content=\"836\" \/>\n\t<meta property=\"og:image:type\" content=\"image\/jpeg\" \/>\n<meta name=\"twitter:card\" content=\"summary_large_image\" \/>\n<meta name=\"twitter:label1\" content=\"Est. reading time\" \/>\n\t<meta name=\"twitter:data1\" content=\"1 minute\" \/>\n<script type=\"application\/ld+json\" class=\"yoast-schema-graph\">{\"@context\":\"https:\/\/schema.org\",\"@graph\":[{\"@type\":\"WebPage\",\"@id\":\"https:\/\/librairie7l.com\/en\/produit\/iconiques-creatrices-de-mode-2\/\",\"url\":\"https:\/\/librairie7l.com\/en\/produit\/iconiques-creatrices-de-mode-2\/\",\"name\":\"Iconiques cr\u00e9atrices de mode - Librairie 7L\",\"isPartOf\":{\"@id\":\"https:\/\/librairie7l.com\/en\/#website\"},\"datePublished\":\"2025-03-24T10:30:42+00:00\",\"dateModified\":\"2026-04-22T01:07:05+00:00\",\"breadcrumb\":{\"@id\":\"https:\/\/librairie7l.com\/en\/produit\/iconiques-creatrices-de-mode-2\/#breadcrumb\"},\"inLanguage\":\"en-US\",\"potentialAction\":[{\"@type\":\"ReadAction\",\"target\":[\"https:\/\/librairie7l.com\/en\/produit\/iconiques-creatrices-de-mode-2\/\"]}]},{\"@type\":\"BreadcrumbList\",\"@id\":\"https:\/\/librairie7l.com\/en\/produit\/iconiques-creatrices-de-mode-2\/#breadcrumb\",\"itemListElement\":[{\"@type\":\"ListItem\",\"position\":1,\"name\":\"Accueil\",\"item\":\"https:\/\/librairie7l.com\/en\/\"},{\"@type\":\"ListItem\",\"position\":2,\"name\":\"Shop\",\"item\":\"https:\/\/librairie7l.com\/en\/shop\/\"},{\"@type\":\"ListItem\",\"position\":3,\"name\":\"ICONIQUES CR\u00c9ATRICES DE MODE\"}]},{\"@type\":\"WebSite\",\"@id\":\"https:\/\/librairie7l.com\/en\/#website\",\"url\":\"https:\/\/librairie7l.com\/en\/\",\"name\":\"Librairie 7L\",\"description\":\"Librairie fond\u00e9e en 1999 par Karl Lagerfeld \u00e0 Paris\",\"publisher\":{\"@id\":\"https:\/\/librairie7l.com\/en\/#organization\"},\"potentialAction\":[{\"@type\":\"SearchAction\",\"target\":{\"@type\":\"EntryPoint\",\"urlTemplate\":\"https:\/\/librairie7l.com\/en\/?s={search_term_string}\"},\"query-input\":\"required name=search_term_string\"}],\"inLanguage\":\"en-US\"},{\"@type\":\"Organization\",\"@id\":\"https:\/\/librairie7l.com\/en\/#organization\",\"name\":\"Librairie 7L\",\"url\":\"https:\/\/librairie7l.com\/en\/\",\"logo\":{\"@type\":\"ImageObject\",\"inLanguage\":\"en-US\",\"@id\":\"https:\/\/librairie7l.com\/en\/#\/schema\/logo\/image\/\",\"url\":\"https:\/\/librairie7l.com\/wp-content\/uploads\/2022\/08\/logo-1.png\",\"contentUrl\":\"https:\/\/librairie7l.com\/wp-content\/uploads\/2022\/08\/logo-1.png\",\"width\":227,\"height\":301,\"caption\":\"Librairie 7L\"},\"image\":{\"@id\":\"https:\/\/librairie7l.com\/en\/#\/schema\/logo\/image\/\"}}]}<\/script>\n<!-- \/ Yoast SEO plugin. -->","yoast_head_json":{"title":"Iconiques cr\u00e9atrices de mode - Librairie 7L","robots":{"index":"index","follow":"follow","max-snippet":"max-snippet:-1","max-image-preview":"max-image-preview:large","max-video-preview":"max-video-preview:-1"},"canonical":"https:\/\/librairie7l.com\/en\/produit\/iconiques-creatrices-de-mode-2\/","og_locale":"en_US","og_type":"article","og_title":"Iconiques cr\u00e9atrices de mode - Librairie 7L","og_description":"Des pionni\u00e8res Jeanne Lanvin \u00e0 Gabrielle Chanel, en passant par Elsa Schiaparelli, Sonia Rykiel ou Chantal Thomass, les femmes ont laiss\u00e9 leur empreinte ind\u00e9l\u00e9bile dans le monde de la mode. Leur regard contribua \u00e0 changer la vision de la silhouette f\u00e9minine, \u00e0 briser les codes et les carcans dans lesquels la femme \u00e9tait enferm\u00e9e. Ainsi, [&hellip;]","og_url":"https:\/\/librairie7l.com\/en\/produit\/iconiques-creatrices-de-mode-2\/","og_site_name":"Librairie 7L","article_modified_time":"2026-04-22T01:07:05+00:00","og_image":[{"width":600,"height":836,"url":"https:\/\/librairie7l.com\/wp-content\/uploads\/2024\/09\/9782036076204_1_75.jpg","type":"image\/jpeg"}],"twitter_card":"summary_large_image","twitter_misc":{"Est. reading time":"1 minute"},"schema":{"@context":"https:\/\/schema.org","@graph":[{"@type":"WebPage","@id":"https:\/\/librairie7l.com\/en\/produit\/iconiques-creatrices-de-mode-2\/","url":"https:\/\/librairie7l.com\/en\/produit\/iconiques-creatrices-de-mode-2\/","name":"Iconiques cr\u00e9atrices de mode - Librairie 7L","isPartOf":{"@id":"https:\/\/librairie7l.com\/en\/#website"},"datePublished":"2025-03-24T10:30:42+00:00","dateModified":"2026-04-22T01:07:05+00:00","breadcrumb":{"@id":"https:\/\/librairie7l.com\/en\/produit\/iconiques-creatrices-de-mode-2\/#breadcrumb"},"inLanguage":"en-US","potentialAction":[{"@type":"ReadAction","target":["https:\/\/librairie7l.com\/en\/produit\/iconiques-creatrices-de-mode-2\/"]}]},{"@type":"BreadcrumbList","@id":"https:\/\/librairie7l.com\/en\/produit\/iconiques-creatrices-de-mode-2\/#breadcrumb","itemListElement":[{"@type":"ListItem","position":1,"name":"Accueil","item":"https:\/\/librairie7l.com\/en\/"},{"@type":"ListItem","position":2,"name":"Shop","item":"https:\/\/librairie7l.com\/en\/shop\/"},{"@type":"ListItem","position":3,"name":"ICONIQUES CR\u00c9ATRICES DE MODE"}]},{"@type":"WebSite","@id":"https:\/\/librairie7l.com\/en\/#website","url":"https:\/\/librairie7l.com\/en\/","name":"Librairie 7L","description":"Librairie fond\u00e9e en 1999 par Karl Lagerfeld \u00e0 Paris","publisher":{"@id":"https:\/\/librairie7l.com\/en\/#organization"},"potentialAction":[{"@type":"SearchAction","target":{"@type":"EntryPoint","urlTemplate":"https:\/\/librairie7l.com\/en\/?s={search_term_string}"},"query-input":"required name=search_term_string"}],"inLanguage":"en-US"},{"@type":"Organization","@id":"https:\/\/librairie7l.com\/en\/#organization","name":"Librairie 7L","url":"https:\/\/librairie7l.com\/en\/","logo":{"@type":"ImageObject","inLanguage":"en-US","@id":"https:\/\/librairie7l.com\/en\/#\/schema\/logo\/image\/","url":"https:\/\/librairie7l.com\/wp-content\/uploads\/2022\/08\/logo-1.png","contentUrl":"https:\/\/librairie7l.com\/wp-content\/uploads\/2022\/08\/logo-1.png","width":227,"height":301,"caption":"Librairie 7L"},"image":{"@id":"https:\/\/librairie7l.com\/en\/#\/schema\/logo\/image\/"}}]}},"_links":{"self":[{"href":"https:\/\/librairie7l.com\/en\/wp-json\/wp\/v2\/product\/47040"}],"collection":[{"href":"https:\/\/librairie7l.com\/en\/wp-json\/wp\/v2\/product"}],"about":[{"href":"https:\/\/librairie7l.com\/en\/wp-json\/wp\/v2\/types\/product"}],"wp:featuredmedia":[{"embeddable":true,"href":"https:\/\/librairie7l.com\/en\/wp-json\/wp\/v2\/media\/47038"}],"wp:attachment":[{"href":"https:\/\/librairie7l.com\/en\/wp-json\/wp\/v2\/media?parent=47040"}],"wp:term":[{"taxonomy":"product_cat","embeddable":true,"href":"https:\/\/librairie7l.com\/en\/wp-json\/wp\/v2\/product_cat?post=47040"},{"taxonomy":"product_tag","embeddable":true,"href":"https:\/\/librairie7l.com\/en\/wp-json\/wp\/v2\/product_tag?post=47040"}],"curies":[{"name":"wp","href":"https:\/\/api.w.org\/{rel}","templated":true}]}}