{"id":47061,"date":"2025-03-24T16:28:35","date_gmt":"2025-03-24T15:28:35","guid":{"rendered":"https:\/\/librairie7l.com\/?post_type=product&#038;p=47061"},"modified":"2026-04-22T06:07:08","modified_gmt":"2026-04-22T04:07:08","slug":"latelier-du-brodeur-talents-savoir-faire-2","status":"publish","type":"product","link":"https:\/\/librairie7l.com\/en\/produit\/latelier-du-brodeur-talents-savoir-faire-2\/","title":{"rendered":"L&#8217;ATELIER DU BRODEUR : TALENTS &AMP; SAVOIR-FAIRE"},"content":{"rendered":"<p>Cet ouvrage est un voyage dans l&#8217;histoire de la broderie comme vous n&#8217;en avez encore jamais entrepris&#8230; Pour ses lecteurs, l&#8217;auteure a concoct\u00e9 un itin\u00e9raire sur mesure : allers et retours d&#8217;hier \u00e0 aujourd&#8217;hui en empruntant mille d\u00e9tours pour fl\u00e2ner en chemin. \u00c0 chaque \u00e9tape minutieusement pr\u00e9par\u00e9e, s&#8217;ouvrent les portes d&#8217;un atelier de broderie. Le lecteur d\u00e9couvre les coulisses de la maison Lesage, partenaire incontournable de la haute couture depuis 1924, rencontre successivement Mathias Ouvrard, artiste et brodeur breton, la ma\u00eetre brodeuse Shikha Malik, Souheila Haddad, professeure certifi\u00e9e de broderie japonaise, Julie Henocq, fondatrice de la Clinique du pull, puis Cl\u00e9mentine Brandibas, brodeuse organique. Des talents aussi divers que pointus, autant d&#8217;approches singuli\u00e8res du savoirfaire broderie&#8230;<br \/>\nAu fil de cette enqu\u00eate superbement illustr\u00e9e, l&#8217;auteure propose une mise en miroir des pratiques de la tradition et des enjeux de la cr\u00e9ation contemporaine. Toute l&#8217;histoire socio-\u00e9conomique et culturelle de ce pan important de l&#8217;artisanat d&#8217;art y est dynamiquement bross\u00e9e. F\u00e9rus d&#8217;arts du fil et de mode, historiens des techniques, artisans, passionn\u00e9s de patrimoine, \u00e9tudiants, professionnels et cr\u00e9atifs en tout genre, chacun d\u00e9couvrira avec plaisir et profit ces pages anim\u00e9es d&#8217;une passion contagieuse pour l&#8217;art \u00e9ternel et universel de la broderie.<\/p>\n","protected":false},"excerpt":{"rendered":"<p>Cet ouvrage est un voyage dans l&#8217;histoire de la broderie comme vous n&#8217;en avez encore jamais entrepris&#8230; Pour ses lecteurs, l&#8217;auteure a concoct\u00e9 un itin\u00e9raire sur mesure : allers et retours d&#8217;hier \u00e0 aujourd&#8217;hui en empruntant mille d\u00e9tours pour fl\u00e2ner en chemin. \u00c0 chaque \u00e9tape minutieusement pr\u00e9par\u00e9e, s&#8217;ouvrent les portes d&#8217;un atelier de broderie. Le [&hellip;]<\/p>\n","protected":false},"featured_media":47059,"template":"","meta":[],"product_cat":[7364,2948],"product_tag":[],"acf":[],"yoast_head":"<!-- This site is optimized with the Yoast SEO plugin v20.11 - https:\/\/yoast.com\/wordpress\/plugins\/seo\/ -->\n<title>L&#039;atelier du brodeur : talents &amp; savoir-faire - Librairie 7L<\/title>\n<meta name=\"robots\" content=\"index, follow, max-snippet:-1, max-image-preview:large, max-video-preview:-1\" \/>\n<link rel=\"canonical\" href=\"https:\/\/librairie7l.com\/en\/produit\/latelier-du-brodeur-talents-savoir-faire-2\/\" \/>\n<meta property=\"og:locale\" content=\"en_US\" \/>\n<meta property=\"og:type\" content=\"article\" \/>\n<meta property=\"og:title\" content=\"L&#039;atelier du brodeur : talents &amp; savoir-faire - Librairie 7L\" \/>\n<meta property=\"og:description\" content=\"Cet ouvrage est un voyage dans l&#8217;histoire de la broderie comme vous n&#8217;en avez encore jamais entrepris&#8230; Pour ses lecteurs, l&#8217;auteure a concoct\u00e9 un itin\u00e9raire sur mesure : allers et retours d&#8217;hier \u00e0 aujourd&#8217;hui en empruntant mille d\u00e9tours pour fl\u00e2ner en chemin. \u00c0 chaque \u00e9tape minutieusement pr\u00e9par\u00e9e, s&#8217;ouvrent les portes d&#8217;un atelier de broderie. Le [&hellip;]\" \/>\n<meta property=\"og:url\" content=\"https:\/\/librairie7l.com\/en\/produit\/latelier-du-brodeur-talents-savoir-faire-2\/\" \/>\n<meta property=\"og:site_name\" content=\"Librairie 7L\" \/>\n<meta property=\"article:modified_time\" content=\"2026-04-22T04:07:08+00:00\" \/>\n<meta property=\"og:image\" content=\"https:\/\/librairie7l.com\/wp-content\/uploads\/2023\/11\/9782384549719_1_75.jpg\" \/>\n\t<meta property=\"og:image:width\" content=\"600\" \/>\n\t<meta property=\"og:image:height\" content=\"857\" \/>\n\t<meta property=\"og:image:type\" content=\"image\/jpeg\" \/>\n<meta name=\"twitter:card\" content=\"summary_large_image\" \/>\n<meta name=\"twitter:label1\" content=\"Est. reading time\" \/>\n\t<meta name=\"twitter:data1\" content=\"1 minute\" \/>\n<script type=\"application\/ld+json\" class=\"yoast-schema-graph\">{\"@context\":\"https:\/\/schema.org\",\"@graph\":[{\"@type\":\"WebPage\",\"@id\":\"https:\/\/librairie7l.com\/en\/produit\/latelier-du-brodeur-talents-savoir-faire-2\/\",\"url\":\"https:\/\/librairie7l.com\/en\/produit\/latelier-du-brodeur-talents-savoir-faire-2\/\",\"name\":\"L'atelier du brodeur : talents &amp; savoir-faire - Librairie 7L\",\"isPartOf\":{\"@id\":\"https:\/\/librairie7l.com\/en\/#website\"},\"datePublished\":\"2025-03-24T15:28:35+00:00\",\"dateModified\":\"2026-04-22T04:07:08+00:00\",\"breadcrumb\":{\"@id\":\"https:\/\/librairie7l.com\/en\/produit\/latelier-du-brodeur-talents-savoir-faire-2\/#breadcrumb\"},\"inLanguage\":\"en-US\",\"potentialAction\":[{\"@type\":\"ReadAction\",\"target\":[\"https:\/\/librairie7l.com\/en\/produit\/latelier-du-brodeur-talents-savoir-faire-2\/\"]}]},{\"@type\":\"BreadcrumbList\",\"@id\":\"https:\/\/librairie7l.com\/en\/produit\/latelier-du-brodeur-talents-savoir-faire-2\/#breadcrumb\",\"itemListElement\":[{\"@type\":\"ListItem\",\"position\":1,\"name\":\"Accueil\",\"item\":\"https:\/\/librairie7l.com\/en\/\"},{\"@type\":\"ListItem\",\"position\":2,\"name\":\"Shop\",\"item\":\"https:\/\/librairie7l.com\/en\/shop\/\"},{\"@type\":\"ListItem\",\"position\":3,\"name\":\"L&#8217;ATELIER DU BRODEUR : TALENTS &AMP; SAVOIR-FAIRE\"}]},{\"@type\":\"WebSite\",\"@id\":\"https:\/\/librairie7l.com\/en\/#website\",\"url\":\"https:\/\/librairie7l.com\/en\/\",\"name\":\"Librairie 7L\",\"description\":\"Librairie fond\u00e9e en 1999 par Karl Lagerfeld \u00e0 Paris\",\"publisher\":{\"@id\":\"https:\/\/librairie7l.com\/en\/#organization\"},\"potentialAction\":[{\"@type\":\"SearchAction\",\"target\":{\"@type\":\"EntryPoint\",\"urlTemplate\":\"https:\/\/librairie7l.com\/en\/?s={search_term_string}\"},\"query-input\":\"required name=search_term_string\"}],\"inLanguage\":\"en-US\"},{\"@type\":\"Organization\",\"@id\":\"https:\/\/librairie7l.com\/en\/#organization\",\"name\":\"Librairie 7L\",\"url\":\"https:\/\/librairie7l.com\/en\/\",\"logo\":{\"@type\":\"ImageObject\",\"inLanguage\":\"en-US\",\"@id\":\"https:\/\/librairie7l.com\/en\/#\/schema\/logo\/image\/\",\"url\":\"https:\/\/librairie7l.com\/wp-content\/uploads\/2022\/08\/logo-1.png\",\"contentUrl\":\"https:\/\/librairie7l.com\/wp-content\/uploads\/2022\/08\/logo-1.png\",\"width\":227,\"height\":301,\"caption\":\"Librairie 7L\"},\"image\":{\"@id\":\"https:\/\/librairie7l.com\/en\/#\/schema\/logo\/image\/\"}}]}<\/script>\n<!-- \/ Yoast SEO plugin. -->","yoast_head_json":{"title":"L'atelier du brodeur : talents &amp; savoir-faire - Librairie 7L","robots":{"index":"index","follow":"follow","max-snippet":"max-snippet:-1","max-image-preview":"max-image-preview:large","max-video-preview":"max-video-preview:-1"},"canonical":"https:\/\/librairie7l.com\/en\/produit\/latelier-du-brodeur-talents-savoir-faire-2\/","og_locale":"en_US","og_type":"article","og_title":"L'atelier du brodeur : talents &amp; savoir-faire - Librairie 7L","og_description":"Cet ouvrage est un voyage dans l&#8217;histoire de la broderie comme vous n&#8217;en avez encore jamais entrepris&#8230; Pour ses lecteurs, l&#8217;auteure a concoct\u00e9 un itin\u00e9raire sur mesure : allers et retours d&#8217;hier \u00e0 aujourd&#8217;hui en empruntant mille d\u00e9tours pour fl\u00e2ner en chemin. \u00c0 chaque \u00e9tape minutieusement pr\u00e9par\u00e9e, s&#8217;ouvrent les portes d&#8217;un atelier de broderie. Le [&hellip;]","og_url":"https:\/\/librairie7l.com\/en\/produit\/latelier-du-brodeur-talents-savoir-faire-2\/","og_site_name":"Librairie 7L","article_modified_time":"2026-04-22T04:07:08+00:00","og_image":[{"width":600,"height":857,"url":"https:\/\/librairie7l.com\/wp-content\/uploads\/2023\/11\/9782384549719_1_75.jpg","type":"image\/jpeg"}],"twitter_card":"summary_large_image","twitter_misc":{"Est. reading time":"1 minute"},"schema":{"@context":"https:\/\/schema.org","@graph":[{"@type":"WebPage","@id":"https:\/\/librairie7l.com\/en\/produit\/latelier-du-brodeur-talents-savoir-faire-2\/","url":"https:\/\/librairie7l.com\/en\/produit\/latelier-du-brodeur-talents-savoir-faire-2\/","name":"L'atelier du brodeur : talents &amp; savoir-faire - Librairie 7L","isPartOf":{"@id":"https:\/\/librairie7l.com\/en\/#website"},"datePublished":"2025-03-24T15:28:35+00:00","dateModified":"2026-04-22T04:07:08+00:00","breadcrumb":{"@id":"https:\/\/librairie7l.com\/en\/produit\/latelier-du-brodeur-talents-savoir-faire-2\/#breadcrumb"},"inLanguage":"en-US","potentialAction":[{"@type":"ReadAction","target":["https:\/\/librairie7l.com\/en\/produit\/latelier-du-brodeur-talents-savoir-faire-2\/"]}]},{"@type":"BreadcrumbList","@id":"https:\/\/librairie7l.com\/en\/produit\/latelier-du-brodeur-talents-savoir-faire-2\/#breadcrumb","itemListElement":[{"@type":"ListItem","position":1,"name":"Accueil","item":"https:\/\/librairie7l.com\/en\/"},{"@type":"ListItem","position":2,"name":"Shop","item":"https:\/\/librairie7l.com\/en\/shop\/"},{"@type":"ListItem","position":3,"name":"L&#8217;ATELIER DU BRODEUR : TALENTS &AMP; SAVOIR-FAIRE"}]},{"@type":"WebSite","@id":"https:\/\/librairie7l.com\/en\/#website","url":"https:\/\/librairie7l.com\/en\/","name":"Librairie 7L","description":"Librairie fond\u00e9e en 1999 par Karl Lagerfeld \u00e0 Paris","publisher":{"@id":"https:\/\/librairie7l.com\/en\/#organization"},"potentialAction":[{"@type":"SearchAction","target":{"@type":"EntryPoint","urlTemplate":"https:\/\/librairie7l.com\/en\/?s={search_term_string}"},"query-input":"required name=search_term_string"}],"inLanguage":"en-US"},{"@type":"Organization","@id":"https:\/\/librairie7l.com\/en\/#organization","name":"Librairie 7L","url":"https:\/\/librairie7l.com\/en\/","logo":{"@type":"ImageObject","inLanguage":"en-US","@id":"https:\/\/librairie7l.com\/en\/#\/schema\/logo\/image\/","url":"https:\/\/librairie7l.com\/wp-content\/uploads\/2022\/08\/logo-1.png","contentUrl":"https:\/\/librairie7l.com\/wp-content\/uploads\/2022\/08\/logo-1.png","width":227,"height":301,"caption":"Librairie 7L"},"image":{"@id":"https:\/\/librairie7l.com\/en\/#\/schema\/logo\/image\/"}}]}},"_links":{"self":[{"href":"https:\/\/librairie7l.com\/en\/wp-json\/wp\/v2\/product\/47061"}],"collection":[{"href":"https:\/\/librairie7l.com\/en\/wp-json\/wp\/v2\/product"}],"about":[{"href":"https:\/\/librairie7l.com\/en\/wp-json\/wp\/v2\/types\/product"}],"wp:featuredmedia":[{"embeddable":true,"href":"https:\/\/librairie7l.com\/en\/wp-json\/wp\/v2\/media\/47059"}],"wp:attachment":[{"href":"https:\/\/librairie7l.com\/en\/wp-json\/wp\/v2\/media?parent=47061"}],"wp:term":[{"taxonomy":"product_cat","embeddable":true,"href":"https:\/\/librairie7l.com\/en\/wp-json\/wp\/v2\/product_cat?post=47061"},{"taxonomy":"product_tag","embeddable":true,"href":"https:\/\/librairie7l.com\/en\/wp-json\/wp\/v2\/product_tag?post=47061"}],"curies":[{"name":"wp","href":"https:\/\/api.w.org\/{rel}","templated":true}]}}