{"id":47074,"date":"2025-03-26T09:17:49","date_gmt":"2025-03-26T08:17:49","guid":{"rendered":"https:\/\/librairie7l.com\/?post_type=product&#038;p=47074"},"modified":"2026-04-07T21:05:53","modified_gmt":"2026-04-07T19:05:53","slug":"maximilien-luce-linstinct-du-paysage-2","status":"publish","type":"product","link":"https:\/\/librairie7l.com\/en\/produit\/maximilien-luce-linstinct-du-paysage-2\/","title":{"rendered":"MAXIMILIEN LUCE, L&#8217;INSTINCT DU PAYSAGE"},"content":{"rendered":"<p>Pionnier du n\u00e9o-impressionnisme, pilier des milieux anar chistes et libertaires, Maximilien Luce (1858-1941) a marqu\u00e9 son \u00e9poque par un engagement artistique et politique pro fond. Peintre des paysages urbains et ruraux et de la condi tion humaine, il a su capturer les transformations sociales et industrielles de son temps avec une sensibilit\u00e9 unique.<br \/>\nOutre le caract\u00e8re humaniste qui fait battre le coeur de l&#8217;homme et singularise son oeuvre toute enti\u00e8re, le paysage est l&#8217;autre dominante qui anima sa peinture au long de sa vie. Luce se saisit de la lumi\u00e8re et de la couleur, d\u00e9voilant la beaut\u00e9 des paysages urbains et ruraux avec une sensibilit\u00e9 sociale persistante.<\/p>\n","protected":false},"excerpt":{"rendered":"<p>Pionnier du n\u00e9o-impressionnisme, pilier des milieux anar chistes et libertaires, Maximilien Luce (1858-1941) a marqu\u00e9 son \u00e9poque par un engagement artistique et politique pro fond. Peintre des paysages urbains et ruraux et de la condi tion humaine, il a su capturer les transformations sociales et industrielles de son temps avec une sensibilit\u00e9 unique. Outre le [&hellip;]<\/p>\n","protected":false},"featured_media":47072,"template":"","meta":[],"product_cat":[2948],"product_tag":[],"acf":[],"yoast_head":"<!-- This site is optimized with the Yoast SEO plugin v20.11 - https:\/\/yoast.com\/wordpress\/plugins\/seo\/ -->\n<title>Maximilien Luce, l&#039;instinct du paysage - Librairie 7L<\/title>\n<meta name=\"robots\" content=\"index, follow, max-snippet:-1, max-image-preview:large, max-video-preview:-1\" \/>\n<link rel=\"canonical\" href=\"https:\/\/librairie7l.com\/en\/produit\/maximilien-luce-linstinct-du-paysage-2\/\" \/>\n<meta property=\"og:locale\" content=\"en_US\" \/>\n<meta property=\"og:type\" content=\"article\" \/>\n<meta property=\"og:title\" content=\"Maximilien Luce, l&#039;instinct du paysage - Librairie 7L\" \/>\n<meta property=\"og:description\" content=\"Pionnier du n\u00e9o-impressionnisme, pilier des milieux anar chistes et libertaires, Maximilien Luce (1858-1941) a marqu\u00e9 son \u00e9poque par un engagement artistique et politique pro fond. Peintre des paysages urbains et ruraux et de la condi tion humaine, il a su capturer les transformations sociales et industrielles de son temps avec une sensibilit\u00e9 unique. Outre le [&hellip;]\" \/>\n<meta property=\"og:url\" content=\"https:\/\/librairie7l.com\/en\/produit\/maximilien-luce-linstinct-du-paysage-2\/\" \/>\n<meta property=\"og:site_name\" content=\"Librairie 7L\" \/>\n<meta property=\"article:modified_time\" content=\"2026-04-07T19:05:53+00:00\" \/>\n<meta property=\"og:image\" content=\"https:\/\/librairie7l.com\/wp-content\/uploads\/2024\/12\/9788412949407_1_75.jpg\" \/>\n\t<meta property=\"og:image:width\" content=\"600\" \/>\n\t<meta property=\"og:image:height\" content=\"765\" \/>\n\t<meta property=\"og:image:type\" content=\"image\/jpeg\" \/>\n<meta name=\"twitter:card\" content=\"summary_large_image\" \/>\n<meta name=\"twitter:label1\" content=\"Est. reading time\" \/>\n\t<meta name=\"twitter:data1\" content=\"1 minute\" \/>\n<script type=\"application\/ld+json\" class=\"yoast-schema-graph\">{\"@context\":\"https:\/\/schema.org\",\"@graph\":[{\"@type\":\"WebPage\",\"@id\":\"https:\/\/librairie7l.com\/en\/produit\/maximilien-luce-linstinct-du-paysage-2\/\",\"url\":\"https:\/\/librairie7l.com\/en\/produit\/maximilien-luce-linstinct-du-paysage-2\/\",\"name\":\"Maximilien Luce, l'instinct du paysage - Librairie 7L\",\"isPartOf\":{\"@id\":\"https:\/\/librairie7l.com\/en\/#website\"},\"datePublished\":\"2025-03-26T08:17:49+00:00\",\"dateModified\":\"2026-04-07T19:05:53+00:00\",\"breadcrumb\":{\"@id\":\"https:\/\/librairie7l.com\/en\/produit\/maximilien-luce-linstinct-du-paysage-2\/#breadcrumb\"},\"inLanguage\":\"en-US\",\"potentialAction\":[{\"@type\":\"ReadAction\",\"target\":[\"https:\/\/librairie7l.com\/en\/produit\/maximilien-luce-linstinct-du-paysage-2\/\"]}]},{\"@type\":\"BreadcrumbList\",\"@id\":\"https:\/\/librairie7l.com\/en\/produit\/maximilien-luce-linstinct-du-paysage-2\/#breadcrumb\",\"itemListElement\":[{\"@type\":\"ListItem\",\"position\":1,\"name\":\"Accueil\",\"item\":\"https:\/\/librairie7l.com\/en\/\"},{\"@type\":\"ListItem\",\"position\":2,\"name\":\"Shop\",\"item\":\"https:\/\/librairie7l.com\/en\/shop\/\"},{\"@type\":\"ListItem\",\"position\":3,\"name\":\"MAXIMILIEN LUCE, L&#8217;INSTINCT DU PAYSAGE\"}]},{\"@type\":\"WebSite\",\"@id\":\"https:\/\/librairie7l.com\/en\/#website\",\"url\":\"https:\/\/librairie7l.com\/en\/\",\"name\":\"Librairie 7L\",\"description\":\"Librairie fond\u00e9e en 1999 par Karl Lagerfeld \u00e0 Paris\",\"publisher\":{\"@id\":\"https:\/\/librairie7l.com\/en\/#organization\"},\"potentialAction\":[{\"@type\":\"SearchAction\",\"target\":{\"@type\":\"EntryPoint\",\"urlTemplate\":\"https:\/\/librairie7l.com\/en\/?s={search_term_string}\"},\"query-input\":\"required name=search_term_string\"}],\"inLanguage\":\"en-US\"},{\"@type\":\"Organization\",\"@id\":\"https:\/\/librairie7l.com\/en\/#organization\",\"name\":\"Librairie 7L\",\"url\":\"https:\/\/librairie7l.com\/en\/\",\"logo\":{\"@type\":\"ImageObject\",\"inLanguage\":\"en-US\",\"@id\":\"https:\/\/librairie7l.com\/en\/#\/schema\/logo\/image\/\",\"url\":\"https:\/\/librairie7l.com\/wp-content\/uploads\/2022\/08\/logo-1.png\",\"contentUrl\":\"https:\/\/librairie7l.com\/wp-content\/uploads\/2022\/08\/logo-1.png\",\"width\":227,\"height\":301,\"caption\":\"Librairie 7L\"},\"image\":{\"@id\":\"https:\/\/librairie7l.com\/en\/#\/schema\/logo\/image\/\"}}]}<\/script>\n<!-- \/ Yoast SEO plugin. -->","yoast_head_json":{"title":"Maximilien Luce, l'instinct du paysage - Librairie 7L","robots":{"index":"index","follow":"follow","max-snippet":"max-snippet:-1","max-image-preview":"max-image-preview:large","max-video-preview":"max-video-preview:-1"},"canonical":"https:\/\/librairie7l.com\/en\/produit\/maximilien-luce-linstinct-du-paysage-2\/","og_locale":"en_US","og_type":"article","og_title":"Maximilien Luce, l'instinct du paysage - Librairie 7L","og_description":"Pionnier du n\u00e9o-impressionnisme, pilier des milieux anar chistes et libertaires, Maximilien Luce (1858-1941) a marqu\u00e9 son \u00e9poque par un engagement artistique et politique pro fond. Peintre des paysages urbains et ruraux et de la condi tion humaine, il a su capturer les transformations sociales et industrielles de son temps avec une sensibilit\u00e9 unique. Outre le [&hellip;]","og_url":"https:\/\/librairie7l.com\/en\/produit\/maximilien-luce-linstinct-du-paysage-2\/","og_site_name":"Librairie 7L","article_modified_time":"2026-04-07T19:05:53+00:00","og_image":[{"width":600,"height":765,"url":"https:\/\/librairie7l.com\/wp-content\/uploads\/2024\/12\/9788412949407_1_75.jpg","type":"image\/jpeg"}],"twitter_card":"summary_large_image","twitter_misc":{"Est. reading time":"1 minute"},"schema":{"@context":"https:\/\/schema.org","@graph":[{"@type":"WebPage","@id":"https:\/\/librairie7l.com\/en\/produit\/maximilien-luce-linstinct-du-paysage-2\/","url":"https:\/\/librairie7l.com\/en\/produit\/maximilien-luce-linstinct-du-paysage-2\/","name":"Maximilien Luce, l'instinct du paysage - Librairie 7L","isPartOf":{"@id":"https:\/\/librairie7l.com\/en\/#website"},"datePublished":"2025-03-26T08:17:49+00:00","dateModified":"2026-04-07T19:05:53+00:00","breadcrumb":{"@id":"https:\/\/librairie7l.com\/en\/produit\/maximilien-luce-linstinct-du-paysage-2\/#breadcrumb"},"inLanguage":"en-US","potentialAction":[{"@type":"ReadAction","target":["https:\/\/librairie7l.com\/en\/produit\/maximilien-luce-linstinct-du-paysage-2\/"]}]},{"@type":"BreadcrumbList","@id":"https:\/\/librairie7l.com\/en\/produit\/maximilien-luce-linstinct-du-paysage-2\/#breadcrumb","itemListElement":[{"@type":"ListItem","position":1,"name":"Accueil","item":"https:\/\/librairie7l.com\/en\/"},{"@type":"ListItem","position":2,"name":"Shop","item":"https:\/\/librairie7l.com\/en\/shop\/"},{"@type":"ListItem","position":3,"name":"MAXIMILIEN LUCE, L&#8217;INSTINCT DU PAYSAGE"}]},{"@type":"WebSite","@id":"https:\/\/librairie7l.com\/en\/#website","url":"https:\/\/librairie7l.com\/en\/","name":"Librairie 7L","description":"Librairie fond\u00e9e en 1999 par Karl Lagerfeld \u00e0 Paris","publisher":{"@id":"https:\/\/librairie7l.com\/en\/#organization"},"potentialAction":[{"@type":"SearchAction","target":{"@type":"EntryPoint","urlTemplate":"https:\/\/librairie7l.com\/en\/?s={search_term_string}"},"query-input":"required name=search_term_string"}],"inLanguage":"en-US"},{"@type":"Organization","@id":"https:\/\/librairie7l.com\/en\/#organization","name":"Librairie 7L","url":"https:\/\/librairie7l.com\/en\/","logo":{"@type":"ImageObject","inLanguage":"en-US","@id":"https:\/\/librairie7l.com\/en\/#\/schema\/logo\/image\/","url":"https:\/\/librairie7l.com\/wp-content\/uploads\/2022\/08\/logo-1.png","contentUrl":"https:\/\/librairie7l.com\/wp-content\/uploads\/2022\/08\/logo-1.png","width":227,"height":301,"caption":"Librairie 7L"},"image":{"@id":"https:\/\/librairie7l.com\/en\/#\/schema\/logo\/image\/"}}]}},"_links":{"self":[{"href":"https:\/\/librairie7l.com\/en\/wp-json\/wp\/v2\/product\/47074"}],"collection":[{"href":"https:\/\/librairie7l.com\/en\/wp-json\/wp\/v2\/product"}],"about":[{"href":"https:\/\/librairie7l.com\/en\/wp-json\/wp\/v2\/types\/product"}],"wp:featuredmedia":[{"embeddable":true,"href":"https:\/\/librairie7l.com\/en\/wp-json\/wp\/v2\/media\/47072"}],"wp:attachment":[{"href":"https:\/\/librairie7l.com\/en\/wp-json\/wp\/v2\/media?parent=47074"}],"wp:term":[{"taxonomy":"product_cat","embeddable":true,"href":"https:\/\/librairie7l.com\/en\/wp-json\/wp\/v2\/product_cat?post=47074"},{"taxonomy":"product_tag","embeddable":true,"href":"https:\/\/librairie7l.com\/en\/wp-json\/wp\/v2\/product_tag?post=47074"}],"curies":[{"name":"wp","href":"https:\/\/api.w.org\/{rel}","templated":true}]}}