{"id":47078,"date":"2025-03-26T09:17:52","date_gmt":"2025-03-26T08:17:52","guid":{"rendered":"https:\/\/librairie7l.com\/?post_type=product&#038;p=47078"},"modified":"2026-04-07T02:45:27","modified_gmt":"2026-04-07T00:45:27","slug":"le-chateau-daulteribe-demeure-de-collectionneurs-2","status":"publish","type":"product","link":"https:\/\/librairie7l.com\/en\/produit\/le-chateau-daulteribe-demeure-de-collectionneurs-2\/","title":{"rendered":"LE CH\u00c2TEAU D&#8217;AULTERIBE : DEMEURE DE COLLECTIONNEURS"},"content":{"rendered":"<p>Partez \u00e0 la d\u00e9couverte d&#8217;une famille d&#8217;artistes \u00e9prise de peinture et d&#8217;une collection de plus de deux cents tableaux, constitu\u00e9e par deux femmes dans la seconde moiti\u00e9 du XIXe si\u00e8cle. A travers elles, l&#8217;ouvrage retrace l&#8217;histoire de cette passion collectionneuse, la &#8221; tableaumanie &#8220;, qui s&#8217;empare de la haute soci\u00e9t\u00e9 aristocratique \u00e0 cette \u00e9poque.<br \/>\nLe ch\u00e2teau d&#8217;Aulteribe, l\u00e9gu\u00e9 \u00e0 l&#8217;\u00c9tat au milieu du XXe si\u00e8cle, est riche d&#8217;une remarquable collection de plus de 200 peintures, expos\u00e9es dans un \u00e9crin luxueusement meubl\u00e9. Pour comprendre cette collection exceptionnelle, il faut se plonger dans une histoire de famille parfois tumultueuse. Elle d\u00e9bute \u00e0 Aulteribe pendant la R\u00e9volution, quand un lord anglais \u00e9pouse une aristocrate auvergnate qui donne naissance au c\u00e9l\u00e8bre compositeur George Onslow. Au fil des mariages, l&#8217;histoire familiale croise de grandes figures de l&#8217;histoire : la c\u00e9l\u00e8bre marquise de Fontanges, \u00e9ph\u00e9m\u00e8re ma\u00eetresse de Louis XIV, le dernier aum\u00f4nier de Marie-Antoinette, le cardinal de Fontanges, le mar\u00e9chal d&#8217;Empire Bertrand Clauzel parti \u00e0 la conqu\u00eate de l&#8217;Alg\u00e9rie, le duc de Morny, lui-m\u00eame collectionneur, la peintre N\u00e9lie Jacquemart&#8230; Cette v\u00e9ritable saga se refl\u00e8te dans les peintures, qu&#8217;elles soient historiques, d\u00e9coratives ou m\u00e9morielles.<br \/>\nLa singularit\u00e9 de cette collection r\u00e9side principalement dans le fait qu&#8217;elle a \u00e9t\u00e9 cr\u00e9\u00e9e par deux femmes passionn\u00e9es et ambitieuses. Au milieu du XIXe si\u00e8cle, Caroline Costaz, la marquise d&#8217;Onslow et sa belle-soeur, Marie de Pierre, s&#8217;inspirant des \u00e9volutions de l&#8217;histoire de l&#8217;art, red\u00e9couvrent le XVIIIe si\u00e8cle fran\u00e7ais, la peinture historique, les oeuvres de l&#8217;\u00e9cole du Nord ou d&#8217;Espagne&#8230; Leurs riches collections, issues de leurs demeures parisiennes, seront rassembl\u00e9es \u00e0 Aulteribe par leur neveu et unique descendant, laissant un formidable t\u00e9moignage de la &#8221; tableaumanie &#8221; qui traverse le XIXe si\u00e8cle.<\/p>\n","protected":false},"excerpt":{"rendered":"<p>Partez \u00e0 la d\u00e9couverte d&#8217;une famille d&#8217;artistes \u00e9prise de peinture et d&#8217;une collection de plus de deux cents tableaux, constitu\u00e9e par deux femmes dans la seconde moiti\u00e9 du XIXe si\u00e8cle. A travers elles, l&#8217;ouvrage retrace l&#8217;histoire de cette passion collectionneuse, la &#8221; tableaumanie &#8220;, qui s&#8217;empare de la haute soci\u00e9t\u00e9 aristocratique \u00e0 cette \u00e9poque. Le [&hellip;]<\/p>\n","protected":false},"featured_media":47076,"template":"","meta":[],"product_cat":[2948,2950],"product_tag":[],"acf":[],"yoast_head":"<!-- This site is optimized with the Yoast SEO plugin v20.11 - https:\/\/yoast.com\/wordpress\/plugins\/seo\/ -->\n<title>Le Ch\u00e2teau d&#039;Aulteribe : Demeure de collectionneurs - Librairie 7L<\/title>\n<meta name=\"robots\" content=\"index, follow, max-snippet:-1, max-image-preview:large, max-video-preview:-1\" \/>\n<link rel=\"canonical\" href=\"https:\/\/librairie7l.com\/en\/produit\/le-chateau-daulteribe-demeure-de-collectionneurs-2\/\" \/>\n<meta property=\"og:locale\" content=\"en_US\" \/>\n<meta property=\"og:type\" content=\"article\" \/>\n<meta property=\"og:title\" content=\"Le Ch\u00e2teau d&#039;Aulteribe : Demeure de collectionneurs - Librairie 7L\" \/>\n<meta property=\"og:description\" content=\"Partez \u00e0 la d\u00e9couverte d&#8217;une famille d&#8217;artistes \u00e9prise de peinture et d&#8217;une collection de plus de deux cents tableaux, constitu\u00e9e par deux femmes dans la seconde moiti\u00e9 du XIXe si\u00e8cle. A travers elles, l&#8217;ouvrage retrace l&#8217;histoire de cette passion collectionneuse, la &#8221; tableaumanie &#8220;, qui s&#8217;empare de la haute soci\u00e9t\u00e9 aristocratique \u00e0 cette \u00e9poque. Le [&hellip;]\" \/>\n<meta property=\"og:url\" content=\"https:\/\/librairie7l.com\/en\/produit\/le-chateau-daulteribe-demeure-de-collectionneurs-2\/\" \/>\n<meta property=\"og:site_name\" content=\"Librairie 7L\" \/>\n<meta property=\"article:modified_time\" content=\"2026-04-07T00:45:27+00:00\" \/>\n<meta property=\"og:image\" content=\"https:\/\/librairie7l.com\/wp-content\/uploads\/2024\/12\/9782757709900_1_75.jpg\" \/>\n\t<meta property=\"og:image:width\" content=\"400\" \/>\n\t<meta property=\"og:image:height\" content=\"430\" \/>\n\t<meta property=\"og:image:type\" content=\"image\/jpeg\" \/>\n<meta name=\"twitter:card\" content=\"summary_large_image\" \/>\n<meta name=\"twitter:label1\" content=\"Est. reading time\" \/>\n\t<meta name=\"twitter:data1\" content=\"2 minutes\" \/>\n<script type=\"application\/ld+json\" class=\"yoast-schema-graph\">{\"@context\":\"https:\/\/schema.org\",\"@graph\":[{\"@type\":\"WebPage\",\"@id\":\"https:\/\/librairie7l.com\/en\/produit\/le-chateau-daulteribe-demeure-de-collectionneurs-2\/\",\"url\":\"https:\/\/librairie7l.com\/en\/produit\/le-chateau-daulteribe-demeure-de-collectionneurs-2\/\",\"name\":\"Le Ch\u00e2teau d'Aulteribe : Demeure de collectionneurs - Librairie 7L\",\"isPartOf\":{\"@id\":\"https:\/\/librairie7l.com\/en\/#website\"},\"datePublished\":\"2025-03-26T08:17:52+00:00\",\"dateModified\":\"2026-04-07T00:45:27+00:00\",\"breadcrumb\":{\"@id\":\"https:\/\/librairie7l.com\/en\/produit\/le-chateau-daulteribe-demeure-de-collectionneurs-2\/#breadcrumb\"},\"inLanguage\":\"en-US\",\"potentialAction\":[{\"@type\":\"ReadAction\",\"target\":[\"https:\/\/librairie7l.com\/en\/produit\/le-chateau-daulteribe-demeure-de-collectionneurs-2\/\"]}]},{\"@type\":\"BreadcrumbList\",\"@id\":\"https:\/\/librairie7l.com\/en\/produit\/le-chateau-daulteribe-demeure-de-collectionneurs-2\/#breadcrumb\",\"itemListElement\":[{\"@type\":\"ListItem\",\"position\":1,\"name\":\"Accueil\",\"item\":\"https:\/\/librairie7l.com\/en\/\"},{\"@type\":\"ListItem\",\"position\":2,\"name\":\"Shop\",\"item\":\"https:\/\/librairie7l.com\/en\/shop\/\"},{\"@type\":\"ListItem\",\"position\":3,\"name\":\"LE CH\u00c2TEAU D&#8217;AULTERIBE : DEMEURE DE COLLECTIONNEURS\"}]},{\"@type\":\"WebSite\",\"@id\":\"https:\/\/librairie7l.com\/en\/#website\",\"url\":\"https:\/\/librairie7l.com\/en\/\",\"name\":\"Librairie 7L\",\"description\":\"Librairie fond\u00e9e en 1999 par Karl Lagerfeld \u00e0 Paris\",\"publisher\":{\"@id\":\"https:\/\/librairie7l.com\/en\/#organization\"},\"potentialAction\":[{\"@type\":\"SearchAction\",\"target\":{\"@type\":\"EntryPoint\",\"urlTemplate\":\"https:\/\/librairie7l.com\/en\/?s={search_term_string}\"},\"query-input\":\"required name=search_term_string\"}],\"inLanguage\":\"en-US\"},{\"@type\":\"Organization\",\"@id\":\"https:\/\/librairie7l.com\/en\/#organization\",\"name\":\"Librairie 7L\",\"url\":\"https:\/\/librairie7l.com\/en\/\",\"logo\":{\"@type\":\"ImageObject\",\"inLanguage\":\"en-US\",\"@id\":\"https:\/\/librairie7l.com\/en\/#\/schema\/logo\/image\/\",\"url\":\"https:\/\/librairie7l.com\/wp-content\/uploads\/2022\/08\/logo-1.png\",\"contentUrl\":\"https:\/\/librairie7l.com\/wp-content\/uploads\/2022\/08\/logo-1.png\",\"width\":227,\"height\":301,\"caption\":\"Librairie 7L\"},\"image\":{\"@id\":\"https:\/\/librairie7l.com\/en\/#\/schema\/logo\/image\/\"}}]}<\/script>\n<!-- \/ Yoast SEO plugin. -->","yoast_head_json":{"title":"Le Ch\u00e2teau d'Aulteribe : Demeure de collectionneurs - Librairie 7L","robots":{"index":"index","follow":"follow","max-snippet":"max-snippet:-1","max-image-preview":"max-image-preview:large","max-video-preview":"max-video-preview:-1"},"canonical":"https:\/\/librairie7l.com\/en\/produit\/le-chateau-daulteribe-demeure-de-collectionneurs-2\/","og_locale":"en_US","og_type":"article","og_title":"Le Ch\u00e2teau d'Aulteribe : Demeure de collectionneurs - Librairie 7L","og_description":"Partez \u00e0 la d\u00e9couverte d&#8217;une famille d&#8217;artistes \u00e9prise de peinture et d&#8217;une collection de plus de deux cents tableaux, constitu\u00e9e par deux femmes dans la seconde moiti\u00e9 du XIXe si\u00e8cle. A travers elles, l&#8217;ouvrage retrace l&#8217;histoire de cette passion collectionneuse, la &#8221; tableaumanie &#8220;, qui s&#8217;empare de la haute soci\u00e9t\u00e9 aristocratique \u00e0 cette \u00e9poque. Le [&hellip;]","og_url":"https:\/\/librairie7l.com\/en\/produit\/le-chateau-daulteribe-demeure-de-collectionneurs-2\/","og_site_name":"Librairie 7L","article_modified_time":"2026-04-07T00:45:27+00:00","og_image":[{"width":400,"height":430,"url":"https:\/\/librairie7l.com\/wp-content\/uploads\/2024\/12\/9782757709900_1_75.jpg","type":"image\/jpeg"}],"twitter_card":"summary_large_image","twitter_misc":{"Est. reading time":"2 minutes"},"schema":{"@context":"https:\/\/schema.org","@graph":[{"@type":"WebPage","@id":"https:\/\/librairie7l.com\/en\/produit\/le-chateau-daulteribe-demeure-de-collectionneurs-2\/","url":"https:\/\/librairie7l.com\/en\/produit\/le-chateau-daulteribe-demeure-de-collectionneurs-2\/","name":"Le Ch\u00e2teau d'Aulteribe : Demeure de collectionneurs - Librairie 7L","isPartOf":{"@id":"https:\/\/librairie7l.com\/en\/#website"},"datePublished":"2025-03-26T08:17:52+00:00","dateModified":"2026-04-07T00:45:27+00:00","breadcrumb":{"@id":"https:\/\/librairie7l.com\/en\/produit\/le-chateau-daulteribe-demeure-de-collectionneurs-2\/#breadcrumb"},"inLanguage":"en-US","potentialAction":[{"@type":"ReadAction","target":["https:\/\/librairie7l.com\/en\/produit\/le-chateau-daulteribe-demeure-de-collectionneurs-2\/"]}]},{"@type":"BreadcrumbList","@id":"https:\/\/librairie7l.com\/en\/produit\/le-chateau-daulteribe-demeure-de-collectionneurs-2\/#breadcrumb","itemListElement":[{"@type":"ListItem","position":1,"name":"Accueil","item":"https:\/\/librairie7l.com\/en\/"},{"@type":"ListItem","position":2,"name":"Shop","item":"https:\/\/librairie7l.com\/en\/shop\/"},{"@type":"ListItem","position":3,"name":"LE CH\u00c2TEAU D&#8217;AULTERIBE : DEMEURE DE COLLECTIONNEURS"}]},{"@type":"WebSite","@id":"https:\/\/librairie7l.com\/en\/#website","url":"https:\/\/librairie7l.com\/en\/","name":"Librairie 7L","description":"Librairie fond\u00e9e en 1999 par Karl Lagerfeld \u00e0 Paris","publisher":{"@id":"https:\/\/librairie7l.com\/en\/#organization"},"potentialAction":[{"@type":"SearchAction","target":{"@type":"EntryPoint","urlTemplate":"https:\/\/librairie7l.com\/en\/?s={search_term_string}"},"query-input":"required name=search_term_string"}],"inLanguage":"en-US"},{"@type":"Organization","@id":"https:\/\/librairie7l.com\/en\/#organization","name":"Librairie 7L","url":"https:\/\/librairie7l.com\/en\/","logo":{"@type":"ImageObject","inLanguage":"en-US","@id":"https:\/\/librairie7l.com\/en\/#\/schema\/logo\/image\/","url":"https:\/\/librairie7l.com\/wp-content\/uploads\/2022\/08\/logo-1.png","contentUrl":"https:\/\/librairie7l.com\/wp-content\/uploads\/2022\/08\/logo-1.png","width":227,"height":301,"caption":"Librairie 7L"},"image":{"@id":"https:\/\/librairie7l.com\/en\/#\/schema\/logo\/image\/"}}]}},"_links":{"self":[{"href":"https:\/\/librairie7l.com\/en\/wp-json\/wp\/v2\/product\/47078"}],"collection":[{"href":"https:\/\/librairie7l.com\/en\/wp-json\/wp\/v2\/product"}],"about":[{"href":"https:\/\/librairie7l.com\/en\/wp-json\/wp\/v2\/types\/product"}],"wp:featuredmedia":[{"embeddable":true,"href":"https:\/\/librairie7l.com\/en\/wp-json\/wp\/v2\/media\/47076"}],"wp:attachment":[{"href":"https:\/\/librairie7l.com\/en\/wp-json\/wp\/v2\/media?parent=47078"}],"wp:term":[{"taxonomy":"product_cat","embeddable":true,"href":"https:\/\/librairie7l.com\/en\/wp-json\/wp\/v2\/product_cat?post=47078"},{"taxonomy":"product_tag","embeddable":true,"href":"https:\/\/librairie7l.com\/en\/wp-json\/wp\/v2\/product_tag?post=47078"}],"curies":[{"name":"wp","href":"https:\/\/api.w.org\/{rel}","templated":true}]}}