{"id":47082,"date":"2025-03-26T09:17:55","date_gmt":"2025-03-26T08:17:55","guid":{"rendered":"https:\/\/librairie7l.com\/?post_type=product&#038;p=47082"},"modified":"2026-04-18T17:59:21","modified_gmt":"2026-04-18T15:59:21","slug":"skira-lart-du-livre-dart-2","status":"publish","type":"product","link":"https:\/\/librairie7l.com\/en\/produit\/skira-lart-du-livre-dart-2\/","title":{"rendered":"SKIRA, L&#8217;ART DU LIVRE D&#8217;ART"},"content":{"rendered":"<p>Ami des plus grands artistes, audacieux et travailleur acharn\u00e9, mais impr\u00e9visible, Skira sera l&#8217;un des \u00e9diteurs de livres d&#8217;art les plus r\u00e9put\u00e9s de son temps.<br \/>\nPicasso, Matisse, Dali, Balthus, Giacometti, Malraux, Sartre&#8230; Ce ne sont l\u00e0 que quelques-unes des personnalit\u00e9s avec lesquelles Albert Skira (1904-1973) collaborera et, bien souvent, entretiendra des liens d&#8217;amiti\u00e9. Parti de rien, selon l&#8217;expression consacr\u00e9e, Skira saura s\u00e9duire de grands artistes de son temps pour devenir l&#8217;un des \u00e9diteurs de livres d&#8217;art les plus r\u00e9put\u00e9s au monde.<br \/>\nFondateur de la mythique revue Minotaure, ainsi que du mensuel litt\u00e9raire et artistique Labyrinthe, il recevra de nombreux prix et fera l&#8217;objet d&#8217;expositions aussi bien \u00e0 Moscou qu&#8217;\u00e0 New York. Audacieux, g\u00e9n\u00e9reux et un brin fantasque, il imaginera d&#8217;innombrables projets depuis ses bureaux genevois. Bient\u00f4t, on ne devait plus dire un &#8221; livre d&#8217;art &#8220;, mais un &#8221; Skira &#8221; !<\/p>\n","protected":false},"excerpt":{"rendered":"<p>Ami des plus grands artistes, audacieux et travailleur acharn\u00e9, mais impr\u00e9visible, Skira sera l&#8217;un des \u00e9diteurs de livres d&#8217;art les plus r\u00e9put\u00e9s de son temps. Picasso, Matisse, Dali, Balthus, Giacometti, Malraux, Sartre&#8230; Ce ne sont l\u00e0 que quelques-unes des personnalit\u00e9s avec lesquelles Albert Skira (1904-1973) collaborera et, bien souvent, entretiendra des liens d&#8217;amiti\u00e9. Parti de [&hellip;]<\/p>\n","protected":false},"featured_media":47080,"template":"","meta":[],"product_cat":[2948],"product_tag":[],"acf":[],"yoast_head":"<!-- This site is optimized with the Yoast SEO plugin v20.11 - https:\/\/yoast.com\/wordpress\/plugins\/seo\/ -->\n<title>Skira, l&#039;art du livre d&#039;art - Librairie 7L<\/title>\n<meta name=\"robots\" content=\"index, follow, max-snippet:-1, max-image-preview:large, max-video-preview:-1\" \/>\n<link rel=\"canonical\" href=\"https:\/\/librairie7l.com\/en\/produit\/skira-lart-du-livre-dart-2\/\" \/>\n<meta property=\"og:locale\" content=\"en_US\" \/>\n<meta property=\"og:type\" content=\"article\" \/>\n<meta property=\"og:title\" content=\"Skira, l&#039;art du livre d&#039;art - Librairie 7L\" \/>\n<meta property=\"og:description\" content=\"Ami des plus grands artistes, audacieux et travailleur acharn\u00e9, mais impr\u00e9visible, Skira sera l&#8217;un des \u00e9diteurs de livres d&#8217;art les plus r\u00e9put\u00e9s de son temps. Picasso, Matisse, Dali, Balthus, Giacometti, Malraux, Sartre&#8230; Ce ne sont l\u00e0 que quelques-unes des personnalit\u00e9s avec lesquelles Albert Skira (1904-1973) collaborera et, bien souvent, entretiendra des liens d&#8217;amiti\u00e9. Parti de [&hellip;]\" \/>\n<meta property=\"og:url\" content=\"https:\/\/librairie7l.com\/en\/produit\/skira-lart-du-livre-dart-2\/\" \/>\n<meta property=\"og:site_name\" content=\"Librairie 7L\" \/>\n<meta property=\"article:modified_time\" content=\"2026-04-18T15:59:21+00:00\" \/>\n<meta property=\"og:image\" content=\"https:\/\/librairie7l.com\/wp-content\/uploads\/2024\/12\/9782889681723_1_75.jpg\" \/>\n\t<meta property=\"og:image:width\" content=\"600\" \/>\n\t<meta property=\"og:image:height\" content=\"918\" \/>\n\t<meta property=\"og:image:type\" content=\"image\/jpeg\" \/>\n<meta name=\"twitter:card\" content=\"summary_large_image\" \/>\n<meta name=\"twitter:label1\" content=\"Est. reading time\" \/>\n\t<meta name=\"twitter:data1\" content=\"1 minute\" \/>\n<script type=\"application\/ld+json\" class=\"yoast-schema-graph\">{\"@context\":\"https:\/\/schema.org\",\"@graph\":[{\"@type\":\"WebPage\",\"@id\":\"https:\/\/librairie7l.com\/en\/produit\/skira-lart-du-livre-dart-2\/\",\"url\":\"https:\/\/librairie7l.com\/en\/produit\/skira-lart-du-livre-dart-2\/\",\"name\":\"Skira, l'art du livre d'art - Librairie 7L\",\"isPartOf\":{\"@id\":\"https:\/\/librairie7l.com\/en\/#website\"},\"datePublished\":\"2025-03-26T08:17:55+00:00\",\"dateModified\":\"2026-04-18T15:59:21+00:00\",\"breadcrumb\":{\"@id\":\"https:\/\/librairie7l.com\/en\/produit\/skira-lart-du-livre-dart-2\/#breadcrumb\"},\"inLanguage\":\"en-US\",\"potentialAction\":[{\"@type\":\"ReadAction\",\"target\":[\"https:\/\/librairie7l.com\/en\/produit\/skira-lart-du-livre-dart-2\/\"]}]},{\"@type\":\"BreadcrumbList\",\"@id\":\"https:\/\/librairie7l.com\/en\/produit\/skira-lart-du-livre-dart-2\/#breadcrumb\",\"itemListElement\":[{\"@type\":\"ListItem\",\"position\":1,\"name\":\"Accueil\",\"item\":\"https:\/\/librairie7l.com\/en\/\"},{\"@type\":\"ListItem\",\"position\":2,\"name\":\"Shop\",\"item\":\"https:\/\/librairie7l.com\/en\/shop\/\"},{\"@type\":\"ListItem\",\"position\":3,\"name\":\"SKIRA, L&#8217;ART DU LIVRE D&#8217;ART\"}]},{\"@type\":\"WebSite\",\"@id\":\"https:\/\/librairie7l.com\/en\/#website\",\"url\":\"https:\/\/librairie7l.com\/en\/\",\"name\":\"Librairie 7L\",\"description\":\"Librairie fond\u00e9e en 1999 par Karl Lagerfeld \u00e0 Paris\",\"publisher\":{\"@id\":\"https:\/\/librairie7l.com\/en\/#organization\"},\"potentialAction\":[{\"@type\":\"SearchAction\",\"target\":{\"@type\":\"EntryPoint\",\"urlTemplate\":\"https:\/\/librairie7l.com\/en\/?s={search_term_string}\"},\"query-input\":\"required name=search_term_string\"}],\"inLanguage\":\"en-US\"},{\"@type\":\"Organization\",\"@id\":\"https:\/\/librairie7l.com\/en\/#organization\",\"name\":\"Librairie 7L\",\"url\":\"https:\/\/librairie7l.com\/en\/\",\"logo\":{\"@type\":\"ImageObject\",\"inLanguage\":\"en-US\",\"@id\":\"https:\/\/librairie7l.com\/en\/#\/schema\/logo\/image\/\",\"url\":\"https:\/\/librairie7l.com\/wp-content\/uploads\/2022\/08\/logo-1.png\",\"contentUrl\":\"https:\/\/librairie7l.com\/wp-content\/uploads\/2022\/08\/logo-1.png\",\"width\":227,\"height\":301,\"caption\":\"Librairie 7L\"},\"image\":{\"@id\":\"https:\/\/librairie7l.com\/en\/#\/schema\/logo\/image\/\"}}]}<\/script>\n<!-- \/ Yoast SEO plugin. -->","yoast_head_json":{"title":"Skira, l'art du livre d'art - Librairie 7L","robots":{"index":"index","follow":"follow","max-snippet":"max-snippet:-1","max-image-preview":"max-image-preview:large","max-video-preview":"max-video-preview:-1"},"canonical":"https:\/\/librairie7l.com\/en\/produit\/skira-lart-du-livre-dart-2\/","og_locale":"en_US","og_type":"article","og_title":"Skira, l'art du livre d'art - Librairie 7L","og_description":"Ami des plus grands artistes, audacieux et travailleur acharn\u00e9, mais impr\u00e9visible, Skira sera l&#8217;un des \u00e9diteurs de livres d&#8217;art les plus r\u00e9put\u00e9s de son temps. Picasso, Matisse, Dali, Balthus, Giacometti, Malraux, Sartre&#8230; Ce ne sont l\u00e0 que quelques-unes des personnalit\u00e9s avec lesquelles Albert Skira (1904-1973) collaborera et, bien souvent, entretiendra des liens d&#8217;amiti\u00e9. Parti de [&hellip;]","og_url":"https:\/\/librairie7l.com\/en\/produit\/skira-lart-du-livre-dart-2\/","og_site_name":"Librairie 7L","article_modified_time":"2026-04-18T15:59:21+00:00","og_image":[{"width":600,"height":918,"url":"https:\/\/librairie7l.com\/wp-content\/uploads\/2024\/12\/9782889681723_1_75.jpg","type":"image\/jpeg"}],"twitter_card":"summary_large_image","twitter_misc":{"Est. reading time":"1 minute"},"schema":{"@context":"https:\/\/schema.org","@graph":[{"@type":"WebPage","@id":"https:\/\/librairie7l.com\/en\/produit\/skira-lart-du-livre-dart-2\/","url":"https:\/\/librairie7l.com\/en\/produit\/skira-lart-du-livre-dart-2\/","name":"Skira, l'art du livre d'art - Librairie 7L","isPartOf":{"@id":"https:\/\/librairie7l.com\/en\/#website"},"datePublished":"2025-03-26T08:17:55+00:00","dateModified":"2026-04-18T15:59:21+00:00","breadcrumb":{"@id":"https:\/\/librairie7l.com\/en\/produit\/skira-lart-du-livre-dart-2\/#breadcrumb"},"inLanguage":"en-US","potentialAction":[{"@type":"ReadAction","target":["https:\/\/librairie7l.com\/en\/produit\/skira-lart-du-livre-dart-2\/"]}]},{"@type":"BreadcrumbList","@id":"https:\/\/librairie7l.com\/en\/produit\/skira-lart-du-livre-dart-2\/#breadcrumb","itemListElement":[{"@type":"ListItem","position":1,"name":"Accueil","item":"https:\/\/librairie7l.com\/en\/"},{"@type":"ListItem","position":2,"name":"Shop","item":"https:\/\/librairie7l.com\/en\/shop\/"},{"@type":"ListItem","position":3,"name":"SKIRA, L&#8217;ART DU LIVRE D&#8217;ART"}]},{"@type":"WebSite","@id":"https:\/\/librairie7l.com\/en\/#website","url":"https:\/\/librairie7l.com\/en\/","name":"Librairie 7L","description":"Librairie fond\u00e9e en 1999 par Karl Lagerfeld \u00e0 Paris","publisher":{"@id":"https:\/\/librairie7l.com\/en\/#organization"},"potentialAction":[{"@type":"SearchAction","target":{"@type":"EntryPoint","urlTemplate":"https:\/\/librairie7l.com\/en\/?s={search_term_string}"},"query-input":"required name=search_term_string"}],"inLanguage":"en-US"},{"@type":"Organization","@id":"https:\/\/librairie7l.com\/en\/#organization","name":"Librairie 7L","url":"https:\/\/librairie7l.com\/en\/","logo":{"@type":"ImageObject","inLanguage":"en-US","@id":"https:\/\/librairie7l.com\/en\/#\/schema\/logo\/image\/","url":"https:\/\/librairie7l.com\/wp-content\/uploads\/2022\/08\/logo-1.png","contentUrl":"https:\/\/librairie7l.com\/wp-content\/uploads\/2022\/08\/logo-1.png","width":227,"height":301,"caption":"Librairie 7L"},"image":{"@id":"https:\/\/librairie7l.com\/en\/#\/schema\/logo\/image\/"}}]}},"_links":{"self":[{"href":"https:\/\/librairie7l.com\/en\/wp-json\/wp\/v2\/product\/47082"}],"collection":[{"href":"https:\/\/librairie7l.com\/en\/wp-json\/wp\/v2\/product"}],"about":[{"href":"https:\/\/librairie7l.com\/en\/wp-json\/wp\/v2\/types\/product"}],"wp:featuredmedia":[{"embeddable":true,"href":"https:\/\/librairie7l.com\/en\/wp-json\/wp\/v2\/media\/47080"}],"wp:attachment":[{"href":"https:\/\/librairie7l.com\/en\/wp-json\/wp\/v2\/media?parent=47082"}],"wp:term":[{"taxonomy":"product_cat","embeddable":true,"href":"https:\/\/librairie7l.com\/en\/wp-json\/wp\/v2\/product_cat?post=47082"},{"taxonomy":"product_tag","embeddable":true,"href":"https:\/\/librairie7l.com\/en\/wp-json\/wp\/v2\/product_tag?post=47082"}],"curies":[{"name":"wp","href":"https:\/\/api.w.org\/{rel}","templated":true}]}}