{"id":47090,"date":"2025-03-26T09:18:00","date_gmt":"2025-03-26T08:18:00","guid":{"rendered":"https:\/\/librairie7l.com\/?post_type=product&#038;p=47090"},"modified":"2026-04-03T18:50:46","modified_gmt":"2026-04-03T16:50:46","slug":"sanyu-la-ligne-a-loeuvre-2","status":"publish","type":"product","link":"https:\/\/librairie7l.com\/en\/produit\/sanyu-la-ligne-a-loeuvre-2\/","title":{"rendered":"SANYU : LA LIGNE \u00c0 L&#8217;OEUVRE"},"content":{"rendered":"<p>N\u00e9 en Chine en 1895, Sanyu arrive \u00e0 Paris au lendemain de la Grande Guerre, dans le sillage des premiers artistes venus d&#8217;Asie se former aux techniques de l&#8217;art occidental. \u00c0 la tradition acad\u00e9mique de l&#8217;\u00c9cole des beaux-arts, le jeune homme pr\u00e9f\u00e8re toutefois le climat de libert\u00e9 cr\u00e9ative des ateliers de la Grande Chaumi\u00e8re, dans le Montparnasse cosmopolite et euphorique des Ann\u00e9es folles. Il y c\u00f4toie l&#8217;avant-garde artistique et s&#8217;initie aux recherches formelles de l&#8217;art europ\u00e9en tout en restant fid\u00e8le \u00e0 son propre h\u00e9ritage culturel. Ses dessins suscitent rapidement l&#8217;int\u00e9r\u00eat de ses pairs, fascin\u00e9s par une ligne souple qui porte en elle toute la richesse et la complexit\u00e9 de la tradition calligraphique et picturale chinoise. Tomb\u00e9 dans l&#8217;oubli apr\u00e8s sa mort en 1966, Sanyu n&#8217;a \u00e9t\u00e9 red\u00e9couvert que r\u00e9cemment. Il est aujourd&#8217;hui consid\u00e9r\u00e9 en Chine et \u00e0 Ta\u00efwan comme l&#8217;un des ma\u00eetres de la peinture \u00e0 l&#8217;encre moderne.<\/p>\n","protected":false},"excerpt":{"rendered":"<p>N\u00e9 en Chine en 1895, Sanyu arrive \u00e0 Paris au lendemain de la Grande Guerre, dans le sillage des premiers artistes venus d&#8217;Asie se former aux techniques de l&#8217;art occidental. \u00c0 la tradition acad\u00e9mique de l&#8217;\u00c9cole des beaux-arts, le jeune homme pr\u00e9f\u00e8re toutefois le climat de libert\u00e9 cr\u00e9ative des ateliers de la Grande Chaumi\u00e8re, dans [&hellip;]<\/p>\n","protected":false},"featured_media":47088,"template":"","meta":[],"product_cat":[2948],"product_tag":[],"acf":[],"yoast_head":"<!-- This site is optimized with the Yoast SEO plugin v20.11 - https:\/\/yoast.com\/wordpress\/plugins\/seo\/ -->\n<title>Sanyu : La ligne \u00e0 l&#039;oeuvre - Librairie 7L<\/title>\n<meta name=\"robots\" content=\"index, follow, max-snippet:-1, max-image-preview:large, max-video-preview:-1\" \/>\n<link rel=\"canonical\" href=\"https:\/\/librairie7l.com\/en\/produit\/sanyu-la-ligne-a-loeuvre-2\/\" \/>\n<meta property=\"og:locale\" content=\"en_US\" \/>\n<meta property=\"og:type\" content=\"article\" \/>\n<meta property=\"og:title\" content=\"Sanyu : La ligne \u00e0 l&#039;oeuvre - Librairie 7L\" \/>\n<meta property=\"og:description\" content=\"N\u00e9 en Chine en 1895, Sanyu arrive \u00e0 Paris au lendemain de la Grande Guerre, dans le sillage des premiers artistes venus d&#8217;Asie se former aux techniques de l&#8217;art occidental. \u00c0 la tradition acad\u00e9mique de l&#8217;\u00c9cole des beaux-arts, le jeune homme pr\u00e9f\u00e8re toutefois le climat de libert\u00e9 cr\u00e9ative des ateliers de la Grande Chaumi\u00e8re, dans [&hellip;]\" \/>\n<meta property=\"og:url\" content=\"https:\/\/librairie7l.com\/en\/produit\/sanyu-la-ligne-a-loeuvre-2\/\" \/>\n<meta property=\"og:site_name\" content=\"Librairie 7L\" \/>\n<meta property=\"article:modified_time\" content=\"2026-04-03T16:50:46+00:00\" \/>\n<meta property=\"og:image\" content=\"https:\/\/librairie7l.com\/wp-content\/uploads\/2024\/11\/9788836659975_1_75.jpg\" \/>\n\t<meta property=\"og:image:width\" content=\"600\" \/>\n\t<meta property=\"og:image:height\" content=\"744\" \/>\n\t<meta property=\"og:image:type\" content=\"image\/jpeg\" \/>\n<meta name=\"twitter:card\" content=\"summary_large_image\" \/>\n<meta name=\"twitter:label1\" content=\"Est. reading time\" \/>\n\t<meta name=\"twitter:data1\" content=\"1 minute\" \/>\n<script type=\"application\/ld+json\" class=\"yoast-schema-graph\">{\"@context\":\"https:\/\/schema.org\",\"@graph\":[{\"@type\":\"WebPage\",\"@id\":\"https:\/\/librairie7l.com\/en\/produit\/sanyu-la-ligne-a-loeuvre-2\/\",\"url\":\"https:\/\/librairie7l.com\/en\/produit\/sanyu-la-ligne-a-loeuvre-2\/\",\"name\":\"Sanyu : La ligne \u00e0 l'oeuvre - Librairie 7L\",\"isPartOf\":{\"@id\":\"https:\/\/librairie7l.com\/en\/#website\"},\"datePublished\":\"2025-03-26T08:18:00+00:00\",\"dateModified\":\"2026-04-03T16:50:46+00:00\",\"breadcrumb\":{\"@id\":\"https:\/\/librairie7l.com\/en\/produit\/sanyu-la-ligne-a-loeuvre-2\/#breadcrumb\"},\"inLanguage\":\"en-US\",\"potentialAction\":[{\"@type\":\"ReadAction\",\"target\":[\"https:\/\/librairie7l.com\/en\/produit\/sanyu-la-ligne-a-loeuvre-2\/\"]}]},{\"@type\":\"BreadcrumbList\",\"@id\":\"https:\/\/librairie7l.com\/en\/produit\/sanyu-la-ligne-a-loeuvre-2\/#breadcrumb\",\"itemListElement\":[{\"@type\":\"ListItem\",\"position\":1,\"name\":\"Accueil\",\"item\":\"https:\/\/librairie7l.com\/en\/\"},{\"@type\":\"ListItem\",\"position\":2,\"name\":\"Shop\",\"item\":\"https:\/\/librairie7l.com\/en\/shop\/\"},{\"@type\":\"ListItem\",\"position\":3,\"name\":\"SANYU : LA LIGNE \u00c0 L&#8217;OEUVRE\"}]},{\"@type\":\"WebSite\",\"@id\":\"https:\/\/librairie7l.com\/en\/#website\",\"url\":\"https:\/\/librairie7l.com\/en\/\",\"name\":\"Librairie 7L\",\"description\":\"Librairie fond\u00e9e en 1999 par Karl Lagerfeld \u00e0 Paris\",\"publisher\":{\"@id\":\"https:\/\/librairie7l.com\/en\/#organization\"},\"potentialAction\":[{\"@type\":\"SearchAction\",\"target\":{\"@type\":\"EntryPoint\",\"urlTemplate\":\"https:\/\/librairie7l.com\/en\/?s={search_term_string}\"},\"query-input\":\"required name=search_term_string\"}],\"inLanguage\":\"en-US\"},{\"@type\":\"Organization\",\"@id\":\"https:\/\/librairie7l.com\/en\/#organization\",\"name\":\"Librairie 7L\",\"url\":\"https:\/\/librairie7l.com\/en\/\",\"logo\":{\"@type\":\"ImageObject\",\"inLanguage\":\"en-US\",\"@id\":\"https:\/\/librairie7l.com\/en\/#\/schema\/logo\/image\/\",\"url\":\"https:\/\/librairie7l.com\/wp-content\/uploads\/2022\/08\/logo-1.png\",\"contentUrl\":\"https:\/\/librairie7l.com\/wp-content\/uploads\/2022\/08\/logo-1.png\",\"width\":227,\"height\":301,\"caption\":\"Librairie 7L\"},\"image\":{\"@id\":\"https:\/\/librairie7l.com\/en\/#\/schema\/logo\/image\/\"}}]}<\/script>\n<!-- \/ Yoast SEO plugin. -->","yoast_head_json":{"title":"Sanyu : La ligne \u00e0 l'oeuvre - Librairie 7L","robots":{"index":"index","follow":"follow","max-snippet":"max-snippet:-1","max-image-preview":"max-image-preview:large","max-video-preview":"max-video-preview:-1"},"canonical":"https:\/\/librairie7l.com\/en\/produit\/sanyu-la-ligne-a-loeuvre-2\/","og_locale":"en_US","og_type":"article","og_title":"Sanyu : La ligne \u00e0 l'oeuvre - Librairie 7L","og_description":"N\u00e9 en Chine en 1895, Sanyu arrive \u00e0 Paris au lendemain de la Grande Guerre, dans le sillage des premiers artistes venus d&#8217;Asie se former aux techniques de l&#8217;art occidental. \u00c0 la tradition acad\u00e9mique de l&#8217;\u00c9cole des beaux-arts, le jeune homme pr\u00e9f\u00e8re toutefois le climat de libert\u00e9 cr\u00e9ative des ateliers de la Grande Chaumi\u00e8re, dans [&hellip;]","og_url":"https:\/\/librairie7l.com\/en\/produit\/sanyu-la-ligne-a-loeuvre-2\/","og_site_name":"Librairie 7L","article_modified_time":"2026-04-03T16:50:46+00:00","og_image":[{"width":600,"height":744,"url":"https:\/\/librairie7l.com\/wp-content\/uploads\/2024\/11\/9788836659975_1_75.jpg","type":"image\/jpeg"}],"twitter_card":"summary_large_image","twitter_misc":{"Est. reading time":"1 minute"},"schema":{"@context":"https:\/\/schema.org","@graph":[{"@type":"WebPage","@id":"https:\/\/librairie7l.com\/en\/produit\/sanyu-la-ligne-a-loeuvre-2\/","url":"https:\/\/librairie7l.com\/en\/produit\/sanyu-la-ligne-a-loeuvre-2\/","name":"Sanyu : La ligne \u00e0 l'oeuvre - Librairie 7L","isPartOf":{"@id":"https:\/\/librairie7l.com\/en\/#website"},"datePublished":"2025-03-26T08:18:00+00:00","dateModified":"2026-04-03T16:50:46+00:00","breadcrumb":{"@id":"https:\/\/librairie7l.com\/en\/produit\/sanyu-la-ligne-a-loeuvre-2\/#breadcrumb"},"inLanguage":"en-US","potentialAction":[{"@type":"ReadAction","target":["https:\/\/librairie7l.com\/en\/produit\/sanyu-la-ligne-a-loeuvre-2\/"]}]},{"@type":"BreadcrumbList","@id":"https:\/\/librairie7l.com\/en\/produit\/sanyu-la-ligne-a-loeuvre-2\/#breadcrumb","itemListElement":[{"@type":"ListItem","position":1,"name":"Accueil","item":"https:\/\/librairie7l.com\/en\/"},{"@type":"ListItem","position":2,"name":"Shop","item":"https:\/\/librairie7l.com\/en\/shop\/"},{"@type":"ListItem","position":3,"name":"SANYU : LA LIGNE \u00c0 L&#8217;OEUVRE"}]},{"@type":"WebSite","@id":"https:\/\/librairie7l.com\/en\/#website","url":"https:\/\/librairie7l.com\/en\/","name":"Librairie 7L","description":"Librairie fond\u00e9e en 1999 par Karl Lagerfeld \u00e0 Paris","publisher":{"@id":"https:\/\/librairie7l.com\/en\/#organization"},"potentialAction":[{"@type":"SearchAction","target":{"@type":"EntryPoint","urlTemplate":"https:\/\/librairie7l.com\/en\/?s={search_term_string}"},"query-input":"required name=search_term_string"}],"inLanguage":"en-US"},{"@type":"Organization","@id":"https:\/\/librairie7l.com\/en\/#organization","name":"Librairie 7L","url":"https:\/\/librairie7l.com\/en\/","logo":{"@type":"ImageObject","inLanguage":"en-US","@id":"https:\/\/librairie7l.com\/en\/#\/schema\/logo\/image\/","url":"https:\/\/librairie7l.com\/wp-content\/uploads\/2022\/08\/logo-1.png","contentUrl":"https:\/\/librairie7l.com\/wp-content\/uploads\/2022\/08\/logo-1.png","width":227,"height":301,"caption":"Librairie 7L"},"image":{"@id":"https:\/\/librairie7l.com\/en\/#\/schema\/logo\/image\/"}}]}},"_links":{"self":[{"href":"https:\/\/librairie7l.com\/en\/wp-json\/wp\/v2\/product\/47090"}],"collection":[{"href":"https:\/\/librairie7l.com\/en\/wp-json\/wp\/v2\/product"}],"about":[{"href":"https:\/\/librairie7l.com\/en\/wp-json\/wp\/v2\/types\/product"}],"wp:featuredmedia":[{"embeddable":true,"href":"https:\/\/librairie7l.com\/en\/wp-json\/wp\/v2\/media\/47088"}],"wp:attachment":[{"href":"https:\/\/librairie7l.com\/en\/wp-json\/wp\/v2\/media?parent=47090"}],"wp:term":[{"taxonomy":"product_cat","embeddable":true,"href":"https:\/\/librairie7l.com\/en\/wp-json\/wp\/v2\/product_cat?post=47090"},{"taxonomy":"product_tag","embeddable":true,"href":"https:\/\/librairie7l.com\/en\/wp-json\/wp\/v2\/product_tag?post=47090"}],"curies":[{"name":"wp","href":"https:\/\/api.w.org\/{rel}","templated":true}]}}