{"id":47106,"date":"2025-03-27T09:17:58","date_gmt":"2025-03-27T08:17:58","guid":{"rendered":"https:\/\/librairie7l.com\/?post_type=product&#038;p=47106"},"modified":"2026-04-08T22:03:51","modified_gmt":"2026-04-08T20:03:51","slug":"lexperience-de-la-nature-les-arts-a-prague-a-la-cour-de-rodolphe-ii-2","status":"publish","type":"product","link":"https:\/\/librairie7l.com\/en\/produit\/lexperience-de-la-nature-les-arts-a-prague-a-la-cour-de-rodolphe-ii-2\/","title":{"rendered":"L&#8217;EXP\u00c9RIENCE DE LA NATURE : LES ARTS \u00c0 PRAGUE \u00c0 LA COUR DE RODOLPHE II"},"content":{"rendered":"<p>L&#8217;empereur Rodolphe II avait un int\u00e9r\u00eat marqu\u00e9 pour l&#8217;\u00e9tude de la nature. \u00c0 la cour de Prague, il s&#8217;\u00e9tait entour\u00e9 de nombreux scientifiques, botanistes, astronomes, alchimistes, qui travaillaient non loin des artistes dans l&#8217;enceinte du ch\u00e2teau. L&#8217;ouvrage montre comment la convergence des diff\u00e9rentes approches de la nature, scientifique et artistique, contribua au renouvellement de la cr\u00e9ation artistique \u00e0 la cour de Rodolphe II.<br \/>\nLa fin du XVIe si\u00e8cle voit l&#8217;\u00e9mergence d&#8217;un nouveau regard pos\u00e9 sur la nature, un regard scrutateur, qui cherche \u00e0 mesurer et \u00e0 d\u00e9crire le monde avec pr\u00e9cision et exactitude. Rodolphe II \u00e9tait un fervent collectionneur d&#8217;instruments scientifiques aussi esth\u00e9tiques qu&#8217;innovants, qui soutinrent des d\u00e9couvertes majeures en optique et en astronomie. La collection imp\u00e9riale contenait en outre les plus c\u00e9l\u00e8bres illustrations de sciences naturelles jamais produites. Leur vocation encyclop\u00e9dique refl\u00e9tait le d\u00e9veloppement des sciences naturelles, mais il est frappant de constater que la plupart d\u00e9rivaient de sources picturales ant\u00e9rieures plut\u00f4t que d&#8217;observations d&#8217;apr\u00e8s nature.<br \/>\nR\u00e9ceptif aux id\u00e9es des n\u00e9o-platoniciens, l&#8217;empereur se passionnait pour les sciences occultes qui recherchaient un principe sous-tendant l&#8217;ensemble de la Cr\u00e9ation et tissaient des analogies entre le macrocosme et le microcosme.<br \/>\nL&#8217;observation attentive de la nature, encourag\u00e9e \u00e0 la cour de Rodolphe II, conduisit toutefois \u00e0 un renouvellement des formes artistiques. Les peintres, dessinateurs, orf\u00e8vres, tailleurs de pierres dures firent l&#8217;exp\u00e9rience d&#8217;une nature impermanente et capricieuse, dont les manifestations \u00e9chappaient au syst\u00e8me coh\u00e9rent d\u00e9crit dans les ouvrages antiques et humanistes.<\/p>\n","protected":false},"excerpt":{"rendered":"<p>L&#8217;empereur Rodolphe II avait un int\u00e9r\u00eat marqu\u00e9 pour l&#8217;\u00e9tude de la nature. \u00c0 la cour de Prague, il s&#8217;\u00e9tait entour\u00e9 de nombreux scientifiques, botanistes, astronomes, alchimistes, qui travaillaient non loin des artistes dans l&#8217;enceinte du ch\u00e2teau. L&#8217;ouvrage montre comment la convergence des diff\u00e9rentes approches de la nature, scientifique et artistique, contribua au renouvellement de la [&hellip;]<\/p>\n","protected":false},"featured_media":47104,"template":"","meta":[],"product_cat":[2948],"product_tag":[],"acf":[],"yoast_head":"<!-- This site is optimized with the Yoast SEO plugin v20.11 - https:\/\/yoast.com\/wordpress\/plugins\/seo\/ -->\n<title>L&#039;exp\u00e9rience de la nature : Les arts \u00e0 Prague \u00e0 la cour de Rodolphe II - Librairie 7L<\/title>\n<meta name=\"robots\" content=\"index, follow, max-snippet:-1, max-image-preview:large, max-video-preview:-1\" \/>\n<link rel=\"canonical\" href=\"https:\/\/librairie7l.com\/en\/produit\/lexperience-de-la-nature-les-arts-a-prague-a-la-cour-de-rodolphe-ii-2\/\" \/>\n<meta property=\"og:locale\" content=\"en_US\" \/>\n<meta property=\"og:type\" content=\"article\" \/>\n<meta property=\"og:title\" content=\"L&#039;exp\u00e9rience de la nature : Les arts \u00e0 Prague \u00e0 la cour de Rodolphe II - Librairie 7L\" \/>\n<meta property=\"og:description\" content=\"L&#8217;empereur Rodolphe II avait un int\u00e9r\u00eat marqu\u00e9 pour l&#8217;\u00e9tude de la nature. \u00c0 la cour de Prague, il s&#8217;\u00e9tait entour\u00e9 de nombreux scientifiques, botanistes, astronomes, alchimistes, qui travaillaient non loin des artistes dans l&#8217;enceinte du ch\u00e2teau. L&#8217;ouvrage montre comment la convergence des diff\u00e9rentes approches de la nature, scientifique et artistique, contribua au renouvellement de la [&hellip;]\" \/>\n<meta property=\"og:url\" content=\"https:\/\/librairie7l.com\/en\/produit\/lexperience-de-la-nature-les-arts-a-prague-a-la-cour-de-rodolphe-ii-2\/\" \/>\n<meta property=\"og:site_name\" content=\"Librairie 7L\" \/>\n<meta property=\"article:modified_time\" content=\"2026-04-08T20:03:51+00:00\" \/>\n<meta property=\"og:image\" content=\"https:\/\/librairie7l.com\/wp-content\/uploads\/2024\/11\/9782359064612_1_75.jpg\" \/>\n\t<meta property=\"og:image:width\" content=\"600\" \/>\n\t<meta property=\"og:image:height\" content=\"763\" \/>\n\t<meta property=\"og:image:type\" content=\"image\/jpeg\" \/>\n<meta name=\"twitter:card\" content=\"summary_large_image\" \/>\n<meta name=\"twitter:label1\" content=\"Est. reading time\" \/>\n\t<meta name=\"twitter:data1\" content=\"1 minute\" \/>\n<script type=\"application\/ld+json\" class=\"yoast-schema-graph\">{\"@context\":\"https:\/\/schema.org\",\"@graph\":[{\"@type\":\"WebPage\",\"@id\":\"https:\/\/librairie7l.com\/en\/produit\/lexperience-de-la-nature-les-arts-a-prague-a-la-cour-de-rodolphe-ii-2\/\",\"url\":\"https:\/\/librairie7l.com\/en\/produit\/lexperience-de-la-nature-les-arts-a-prague-a-la-cour-de-rodolphe-ii-2\/\",\"name\":\"L'exp\u00e9rience de la nature : Les arts \u00e0 Prague \u00e0 la cour de Rodolphe II - Librairie 7L\",\"isPartOf\":{\"@id\":\"https:\/\/librairie7l.com\/en\/#website\"},\"datePublished\":\"2025-03-27T08:17:58+00:00\",\"dateModified\":\"2026-04-08T20:03:51+00:00\",\"breadcrumb\":{\"@id\":\"https:\/\/librairie7l.com\/en\/produit\/lexperience-de-la-nature-les-arts-a-prague-a-la-cour-de-rodolphe-ii-2\/#breadcrumb\"},\"inLanguage\":\"en-US\",\"potentialAction\":[{\"@type\":\"ReadAction\",\"target\":[\"https:\/\/librairie7l.com\/en\/produit\/lexperience-de-la-nature-les-arts-a-prague-a-la-cour-de-rodolphe-ii-2\/\"]}]},{\"@type\":\"BreadcrumbList\",\"@id\":\"https:\/\/librairie7l.com\/en\/produit\/lexperience-de-la-nature-les-arts-a-prague-a-la-cour-de-rodolphe-ii-2\/#breadcrumb\",\"itemListElement\":[{\"@type\":\"ListItem\",\"position\":1,\"name\":\"Accueil\",\"item\":\"https:\/\/librairie7l.com\/en\/\"},{\"@type\":\"ListItem\",\"position\":2,\"name\":\"Shop\",\"item\":\"https:\/\/librairie7l.com\/en\/shop\/\"},{\"@type\":\"ListItem\",\"position\":3,\"name\":\"L&#8217;EXP\u00c9RIENCE DE LA NATURE : LES ARTS \u00c0 PRAGUE \u00c0 LA COUR DE RODOLPHE II\"}]},{\"@type\":\"WebSite\",\"@id\":\"https:\/\/librairie7l.com\/en\/#website\",\"url\":\"https:\/\/librairie7l.com\/en\/\",\"name\":\"Librairie 7L\",\"description\":\"Librairie fond\u00e9e en 1999 par Karl Lagerfeld \u00e0 Paris\",\"publisher\":{\"@id\":\"https:\/\/librairie7l.com\/en\/#organization\"},\"potentialAction\":[{\"@type\":\"SearchAction\",\"target\":{\"@type\":\"EntryPoint\",\"urlTemplate\":\"https:\/\/librairie7l.com\/en\/?s={search_term_string}\"},\"query-input\":\"required name=search_term_string\"}],\"inLanguage\":\"en-US\"},{\"@type\":\"Organization\",\"@id\":\"https:\/\/librairie7l.com\/en\/#organization\",\"name\":\"Librairie 7L\",\"url\":\"https:\/\/librairie7l.com\/en\/\",\"logo\":{\"@type\":\"ImageObject\",\"inLanguage\":\"en-US\",\"@id\":\"https:\/\/librairie7l.com\/en\/#\/schema\/logo\/image\/\",\"url\":\"https:\/\/librairie7l.com\/wp-content\/uploads\/2022\/08\/logo-1.png\",\"contentUrl\":\"https:\/\/librairie7l.com\/wp-content\/uploads\/2022\/08\/logo-1.png\",\"width\":227,\"height\":301,\"caption\":\"Librairie 7L\"},\"image\":{\"@id\":\"https:\/\/librairie7l.com\/en\/#\/schema\/logo\/image\/\"}}]}<\/script>\n<!-- \/ Yoast SEO plugin. -->","yoast_head_json":{"title":"L'exp\u00e9rience de la nature : Les arts \u00e0 Prague \u00e0 la cour de Rodolphe II - Librairie 7L","robots":{"index":"index","follow":"follow","max-snippet":"max-snippet:-1","max-image-preview":"max-image-preview:large","max-video-preview":"max-video-preview:-1"},"canonical":"https:\/\/librairie7l.com\/en\/produit\/lexperience-de-la-nature-les-arts-a-prague-a-la-cour-de-rodolphe-ii-2\/","og_locale":"en_US","og_type":"article","og_title":"L'exp\u00e9rience de la nature : Les arts \u00e0 Prague \u00e0 la cour de Rodolphe II - Librairie 7L","og_description":"L&#8217;empereur Rodolphe II avait un int\u00e9r\u00eat marqu\u00e9 pour l&#8217;\u00e9tude de la nature. \u00c0 la cour de Prague, il s&#8217;\u00e9tait entour\u00e9 de nombreux scientifiques, botanistes, astronomes, alchimistes, qui travaillaient non loin des artistes dans l&#8217;enceinte du ch\u00e2teau. L&#8217;ouvrage montre comment la convergence des diff\u00e9rentes approches de la nature, scientifique et artistique, contribua au renouvellement de la [&hellip;]","og_url":"https:\/\/librairie7l.com\/en\/produit\/lexperience-de-la-nature-les-arts-a-prague-a-la-cour-de-rodolphe-ii-2\/","og_site_name":"Librairie 7L","article_modified_time":"2026-04-08T20:03:51+00:00","og_image":[{"width":600,"height":763,"url":"https:\/\/librairie7l.com\/wp-content\/uploads\/2024\/11\/9782359064612_1_75.jpg","type":"image\/jpeg"}],"twitter_card":"summary_large_image","twitter_misc":{"Est. reading time":"1 minute"},"schema":{"@context":"https:\/\/schema.org","@graph":[{"@type":"WebPage","@id":"https:\/\/librairie7l.com\/en\/produit\/lexperience-de-la-nature-les-arts-a-prague-a-la-cour-de-rodolphe-ii-2\/","url":"https:\/\/librairie7l.com\/en\/produit\/lexperience-de-la-nature-les-arts-a-prague-a-la-cour-de-rodolphe-ii-2\/","name":"L'exp\u00e9rience de la nature : Les arts \u00e0 Prague \u00e0 la cour de Rodolphe II - Librairie 7L","isPartOf":{"@id":"https:\/\/librairie7l.com\/en\/#website"},"datePublished":"2025-03-27T08:17:58+00:00","dateModified":"2026-04-08T20:03:51+00:00","breadcrumb":{"@id":"https:\/\/librairie7l.com\/en\/produit\/lexperience-de-la-nature-les-arts-a-prague-a-la-cour-de-rodolphe-ii-2\/#breadcrumb"},"inLanguage":"en-US","potentialAction":[{"@type":"ReadAction","target":["https:\/\/librairie7l.com\/en\/produit\/lexperience-de-la-nature-les-arts-a-prague-a-la-cour-de-rodolphe-ii-2\/"]}]},{"@type":"BreadcrumbList","@id":"https:\/\/librairie7l.com\/en\/produit\/lexperience-de-la-nature-les-arts-a-prague-a-la-cour-de-rodolphe-ii-2\/#breadcrumb","itemListElement":[{"@type":"ListItem","position":1,"name":"Accueil","item":"https:\/\/librairie7l.com\/en\/"},{"@type":"ListItem","position":2,"name":"Shop","item":"https:\/\/librairie7l.com\/en\/shop\/"},{"@type":"ListItem","position":3,"name":"L&#8217;EXP\u00c9RIENCE DE LA NATURE : LES ARTS \u00c0 PRAGUE \u00c0 LA COUR DE RODOLPHE II"}]},{"@type":"WebSite","@id":"https:\/\/librairie7l.com\/en\/#website","url":"https:\/\/librairie7l.com\/en\/","name":"Librairie 7L","description":"Librairie fond\u00e9e en 1999 par Karl Lagerfeld \u00e0 Paris","publisher":{"@id":"https:\/\/librairie7l.com\/en\/#organization"},"potentialAction":[{"@type":"SearchAction","target":{"@type":"EntryPoint","urlTemplate":"https:\/\/librairie7l.com\/en\/?s={search_term_string}"},"query-input":"required name=search_term_string"}],"inLanguage":"en-US"},{"@type":"Organization","@id":"https:\/\/librairie7l.com\/en\/#organization","name":"Librairie 7L","url":"https:\/\/librairie7l.com\/en\/","logo":{"@type":"ImageObject","inLanguage":"en-US","@id":"https:\/\/librairie7l.com\/en\/#\/schema\/logo\/image\/","url":"https:\/\/librairie7l.com\/wp-content\/uploads\/2022\/08\/logo-1.png","contentUrl":"https:\/\/librairie7l.com\/wp-content\/uploads\/2022\/08\/logo-1.png","width":227,"height":301,"caption":"Librairie 7L"},"image":{"@id":"https:\/\/librairie7l.com\/en\/#\/schema\/logo\/image\/"}}]}},"_links":{"self":[{"href":"https:\/\/librairie7l.com\/en\/wp-json\/wp\/v2\/product\/47106"}],"collection":[{"href":"https:\/\/librairie7l.com\/en\/wp-json\/wp\/v2\/product"}],"about":[{"href":"https:\/\/librairie7l.com\/en\/wp-json\/wp\/v2\/types\/product"}],"wp:featuredmedia":[{"embeddable":true,"href":"https:\/\/librairie7l.com\/en\/wp-json\/wp\/v2\/media\/47104"}],"wp:attachment":[{"href":"https:\/\/librairie7l.com\/en\/wp-json\/wp\/v2\/media?parent=47106"}],"wp:term":[{"taxonomy":"product_cat","embeddable":true,"href":"https:\/\/librairie7l.com\/en\/wp-json\/wp\/v2\/product_cat?post=47106"},{"taxonomy":"product_tag","embeddable":true,"href":"https:\/\/librairie7l.com\/en\/wp-json\/wp\/v2\/product_tag?post=47106"}],"curies":[{"name":"wp","href":"https:\/\/api.w.org\/{rel}","templated":true}]}}