{"id":47110,"date":"2025-03-27T09:18:01","date_gmt":"2025-03-27T08:18:01","guid":{"rendered":"https:\/\/librairie7l.com\/?post_type=product&#038;p=47110"},"modified":"2026-04-15T03:17:14","modified_gmt":"2026-04-15T01:17:14","slug":"dans-latelier-de-michel-pastoureau-2","status":"publish","type":"product","link":"https:\/\/librairie7l.com\/en\/produit\/dans-latelier-de-michel-pastoureau-2\/","title":{"rendered":"DANS L&#8217;ATELIER DE MICHEL PASTOUREAU"},"content":{"rendered":"<p>Historien des couleurs et des animaux, sp\u00e9cialiste de l&#8217;h\u00e9raldique et de l&#8217;embl\u00e9matique du Moyen \u00c2ge, auteur pl\u00e9biscit\u00e9 par le grand public, Michel Pastoureau partage avec gourmandise son app\u00e9tit gargantuesque pour les sujets les plus divers. Ce livre rassemble les hommages qu&#8217;ont voulu lui rendre quelques-uns de ses amis, de ses coll\u00e8gues et de ses \u00e9l\u00e8ves.Chaque auteur de ce livre a choisi une image et la commente bri\u00e8vement \u00e0 sa fa\u00e7on. Le r\u00e9sultat est un v\u00e9ritable cabinet de curiosit\u00e9s visuelles qui refl\u00e8te la vari\u00e9t\u00e9 des objets passionnants auxquels s&#8217;est int\u00e9ress\u00e9 Michel Pastoureau (armoiries, embl\u00e8mes, enluminures, sceaux, couleurs, animaux, et d&#8217;autres plus surprenants encore !).Ce livre kal\u00e9idoscope propose ainsi au fil de ses 84 images un portrait composite de Michel Pastoureau, fid\u00e8le \u00e0 la diversit\u00e9 des facettes de son savoir et \u00e0 sa pratique malicieuse et bienveillante de l&#8217;\u00e9rudition.<\/p>\n","protected":false},"excerpt":{"rendered":"<p>Historien des couleurs et des animaux, sp\u00e9cialiste de l&#8217;h\u00e9raldique et de l&#8217;embl\u00e9matique du Moyen \u00c2ge, auteur pl\u00e9biscit\u00e9 par le grand public, Michel Pastoureau partage avec gourmandise son app\u00e9tit gargantuesque pour les sujets les plus divers. Ce livre rassemble les hommages qu&#8217;ont voulu lui rendre quelques-uns de ses amis, de ses coll\u00e8gues et de ses \u00e9l\u00e8ves.Chaque [&hellip;]<\/p>\n","protected":false},"featured_media":47108,"template":"","meta":[],"product_cat":[2948],"product_tag":[],"acf":[],"yoast_head":"<!-- This site is optimized with the Yoast SEO plugin v20.11 - https:\/\/yoast.com\/wordpress\/plugins\/seo\/ -->\n<title>Dans l&#039;atelier de Michel Pastoureau - Librairie 7L<\/title>\n<meta name=\"robots\" content=\"index, follow, max-snippet:-1, max-image-preview:large, max-video-preview:-1\" \/>\n<link rel=\"canonical\" href=\"https:\/\/librairie7l.com\/en\/produit\/dans-latelier-de-michel-pastoureau-2\/\" \/>\n<meta property=\"og:locale\" content=\"en_US\" \/>\n<meta property=\"og:type\" content=\"article\" \/>\n<meta property=\"og:title\" content=\"Dans l&#039;atelier de Michel Pastoureau - Librairie 7L\" \/>\n<meta property=\"og:description\" content=\"Historien des couleurs et des animaux, sp\u00e9cialiste de l&#8217;h\u00e9raldique et de l&#8217;embl\u00e9matique du Moyen \u00c2ge, auteur pl\u00e9biscit\u00e9 par le grand public, Michel Pastoureau partage avec gourmandise son app\u00e9tit gargantuesque pour les sujets les plus divers. Ce livre rassemble les hommages qu&#8217;ont voulu lui rendre quelques-uns de ses amis, de ses coll\u00e8gues et de ses \u00e9l\u00e8ves.Chaque [&hellip;]\" \/>\n<meta property=\"og:url\" content=\"https:\/\/librairie7l.com\/en\/produit\/dans-latelier-de-michel-pastoureau-2\/\" \/>\n<meta property=\"og:site_name\" content=\"Librairie 7L\" \/>\n<meta property=\"article:modified_time\" content=\"2026-04-15T01:17:14+00:00\" \/>\n<meta property=\"og:image\" content=\"https:\/\/librairie7l.com\/wp-content\/uploads\/2021\/06\/9782869067882_1_75.jpg\" \/>\n\t<meta property=\"og:image:width\" content=\"600\" \/>\n\t<meta property=\"og:image:height\" content=\"860\" \/>\n\t<meta property=\"og:image:type\" content=\"image\/jpeg\" \/>\n<meta name=\"twitter:card\" content=\"summary_large_image\" \/>\n<meta name=\"twitter:label1\" content=\"Est. reading time\" \/>\n\t<meta name=\"twitter:data1\" content=\"1 minute\" \/>\n<script type=\"application\/ld+json\" class=\"yoast-schema-graph\">{\"@context\":\"https:\/\/schema.org\",\"@graph\":[{\"@type\":\"WebPage\",\"@id\":\"https:\/\/librairie7l.com\/en\/produit\/dans-latelier-de-michel-pastoureau-2\/\",\"url\":\"https:\/\/librairie7l.com\/en\/produit\/dans-latelier-de-michel-pastoureau-2\/\",\"name\":\"Dans l'atelier de Michel Pastoureau - Librairie 7L\",\"isPartOf\":{\"@id\":\"https:\/\/librairie7l.com\/en\/#website\"},\"datePublished\":\"2025-03-27T08:18:01+00:00\",\"dateModified\":\"2026-04-15T01:17:14+00:00\",\"breadcrumb\":{\"@id\":\"https:\/\/librairie7l.com\/en\/produit\/dans-latelier-de-michel-pastoureau-2\/#breadcrumb\"},\"inLanguage\":\"en-US\",\"potentialAction\":[{\"@type\":\"ReadAction\",\"target\":[\"https:\/\/librairie7l.com\/en\/produit\/dans-latelier-de-michel-pastoureau-2\/\"]}]},{\"@type\":\"BreadcrumbList\",\"@id\":\"https:\/\/librairie7l.com\/en\/produit\/dans-latelier-de-michel-pastoureau-2\/#breadcrumb\",\"itemListElement\":[{\"@type\":\"ListItem\",\"position\":1,\"name\":\"Accueil\",\"item\":\"https:\/\/librairie7l.com\/en\/\"},{\"@type\":\"ListItem\",\"position\":2,\"name\":\"Shop\",\"item\":\"https:\/\/librairie7l.com\/en\/shop\/\"},{\"@type\":\"ListItem\",\"position\":3,\"name\":\"DANS L&#8217;ATELIER DE MICHEL PASTOUREAU\"}]},{\"@type\":\"WebSite\",\"@id\":\"https:\/\/librairie7l.com\/en\/#website\",\"url\":\"https:\/\/librairie7l.com\/en\/\",\"name\":\"Librairie 7L\",\"description\":\"Librairie fond\u00e9e en 1999 par Karl Lagerfeld \u00e0 Paris\",\"publisher\":{\"@id\":\"https:\/\/librairie7l.com\/en\/#organization\"},\"potentialAction\":[{\"@type\":\"SearchAction\",\"target\":{\"@type\":\"EntryPoint\",\"urlTemplate\":\"https:\/\/librairie7l.com\/en\/?s={search_term_string}\"},\"query-input\":\"required name=search_term_string\"}],\"inLanguage\":\"en-US\"},{\"@type\":\"Organization\",\"@id\":\"https:\/\/librairie7l.com\/en\/#organization\",\"name\":\"Librairie 7L\",\"url\":\"https:\/\/librairie7l.com\/en\/\",\"logo\":{\"@type\":\"ImageObject\",\"inLanguage\":\"en-US\",\"@id\":\"https:\/\/librairie7l.com\/en\/#\/schema\/logo\/image\/\",\"url\":\"https:\/\/librairie7l.com\/wp-content\/uploads\/2022\/08\/logo-1.png\",\"contentUrl\":\"https:\/\/librairie7l.com\/wp-content\/uploads\/2022\/08\/logo-1.png\",\"width\":227,\"height\":301,\"caption\":\"Librairie 7L\"},\"image\":{\"@id\":\"https:\/\/librairie7l.com\/en\/#\/schema\/logo\/image\/\"}}]}<\/script>\n<!-- \/ Yoast SEO plugin. -->","yoast_head_json":{"title":"Dans l'atelier de Michel Pastoureau - Librairie 7L","robots":{"index":"index","follow":"follow","max-snippet":"max-snippet:-1","max-image-preview":"max-image-preview:large","max-video-preview":"max-video-preview:-1"},"canonical":"https:\/\/librairie7l.com\/en\/produit\/dans-latelier-de-michel-pastoureau-2\/","og_locale":"en_US","og_type":"article","og_title":"Dans l'atelier de Michel Pastoureau - Librairie 7L","og_description":"Historien des couleurs et des animaux, sp\u00e9cialiste de l&#8217;h\u00e9raldique et de l&#8217;embl\u00e9matique du Moyen \u00c2ge, auteur pl\u00e9biscit\u00e9 par le grand public, Michel Pastoureau partage avec gourmandise son app\u00e9tit gargantuesque pour les sujets les plus divers. Ce livre rassemble les hommages qu&#8217;ont voulu lui rendre quelques-uns de ses amis, de ses coll\u00e8gues et de ses \u00e9l\u00e8ves.Chaque [&hellip;]","og_url":"https:\/\/librairie7l.com\/en\/produit\/dans-latelier-de-michel-pastoureau-2\/","og_site_name":"Librairie 7L","article_modified_time":"2026-04-15T01:17:14+00:00","og_image":[{"width":600,"height":860,"url":"https:\/\/librairie7l.com\/wp-content\/uploads\/2021\/06\/9782869067882_1_75.jpg","type":"image\/jpeg"}],"twitter_card":"summary_large_image","twitter_misc":{"Est. reading time":"1 minute"},"schema":{"@context":"https:\/\/schema.org","@graph":[{"@type":"WebPage","@id":"https:\/\/librairie7l.com\/en\/produit\/dans-latelier-de-michel-pastoureau-2\/","url":"https:\/\/librairie7l.com\/en\/produit\/dans-latelier-de-michel-pastoureau-2\/","name":"Dans l'atelier de Michel Pastoureau - Librairie 7L","isPartOf":{"@id":"https:\/\/librairie7l.com\/en\/#website"},"datePublished":"2025-03-27T08:18:01+00:00","dateModified":"2026-04-15T01:17:14+00:00","breadcrumb":{"@id":"https:\/\/librairie7l.com\/en\/produit\/dans-latelier-de-michel-pastoureau-2\/#breadcrumb"},"inLanguage":"en-US","potentialAction":[{"@type":"ReadAction","target":["https:\/\/librairie7l.com\/en\/produit\/dans-latelier-de-michel-pastoureau-2\/"]}]},{"@type":"BreadcrumbList","@id":"https:\/\/librairie7l.com\/en\/produit\/dans-latelier-de-michel-pastoureau-2\/#breadcrumb","itemListElement":[{"@type":"ListItem","position":1,"name":"Accueil","item":"https:\/\/librairie7l.com\/en\/"},{"@type":"ListItem","position":2,"name":"Shop","item":"https:\/\/librairie7l.com\/en\/shop\/"},{"@type":"ListItem","position":3,"name":"DANS L&#8217;ATELIER DE MICHEL PASTOUREAU"}]},{"@type":"WebSite","@id":"https:\/\/librairie7l.com\/en\/#website","url":"https:\/\/librairie7l.com\/en\/","name":"Librairie 7L","description":"Librairie fond\u00e9e en 1999 par Karl Lagerfeld \u00e0 Paris","publisher":{"@id":"https:\/\/librairie7l.com\/en\/#organization"},"potentialAction":[{"@type":"SearchAction","target":{"@type":"EntryPoint","urlTemplate":"https:\/\/librairie7l.com\/en\/?s={search_term_string}"},"query-input":"required name=search_term_string"}],"inLanguage":"en-US"},{"@type":"Organization","@id":"https:\/\/librairie7l.com\/en\/#organization","name":"Librairie 7L","url":"https:\/\/librairie7l.com\/en\/","logo":{"@type":"ImageObject","inLanguage":"en-US","@id":"https:\/\/librairie7l.com\/en\/#\/schema\/logo\/image\/","url":"https:\/\/librairie7l.com\/wp-content\/uploads\/2022\/08\/logo-1.png","contentUrl":"https:\/\/librairie7l.com\/wp-content\/uploads\/2022\/08\/logo-1.png","width":227,"height":301,"caption":"Librairie 7L"},"image":{"@id":"https:\/\/librairie7l.com\/en\/#\/schema\/logo\/image\/"}}]}},"_links":{"self":[{"href":"https:\/\/librairie7l.com\/en\/wp-json\/wp\/v2\/product\/47110"}],"collection":[{"href":"https:\/\/librairie7l.com\/en\/wp-json\/wp\/v2\/product"}],"about":[{"href":"https:\/\/librairie7l.com\/en\/wp-json\/wp\/v2\/types\/product"}],"wp:featuredmedia":[{"embeddable":true,"href":"https:\/\/librairie7l.com\/en\/wp-json\/wp\/v2\/media\/47108"}],"wp:attachment":[{"href":"https:\/\/librairie7l.com\/en\/wp-json\/wp\/v2\/media?parent=47110"}],"wp:term":[{"taxonomy":"product_cat","embeddable":true,"href":"https:\/\/librairie7l.com\/en\/wp-json\/wp\/v2\/product_cat?post=47110"},{"taxonomy":"product_tag","embeddable":true,"href":"https:\/\/librairie7l.com\/en\/wp-json\/wp\/v2\/product_tag?post=47110"}],"curies":[{"name":"wp","href":"https:\/\/api.w.org\/{rel}","templated":true}]}}