{"id":47114,"date":"2025-03-27T09:18:04","date_gmt":"2025-03-27T08:18:04","guid":{"rendered":"https:\/\/librairie7l.com\/?post_type=product&#038;p=47114"},"modified":"2026-04-22T23:15:11","modified_gmt":"2026-04-22T21:15:11","slug":"savoir-faire-2","status":"publish","type":"product","link":"https:\/\/librairie7l.com\/en\/produit\/savoir-faire-2\/","title":{"rendered":"SAVOIR &AMP; FAIRE"},"content":{"rendered":"<p>De l&#8217;objet au geste, Emma Bruschi, designeuse et styliste v\u00e9g\u00e9tale, remet au go\u00fbt du jour des savoir-faire domestiques oubli\u00e9s. Elle puise dans ses racines paysannes pour cr\u00e9er des objets du quotidien utiles et beaux. Une galerie de 10 objets ruraux embl\u00e9matiques de l&#8217;art populaire pour susciter l&#8217;envie de faire de ses mains. Un panorama du paysage de l&#8217;artisanat fran\u00e7ais.<br \/>\nAutrefois, dans chaque village on travaillait le bois, tressait la paille et l&#8217;osier, raccommodait les v\u00eatements, filait la laine, faisait son pain&#8230; Des savoir-faire domestiques transmis de g\u00e9n\u00e9ration en g\u00e9n\u00e9ration, avec l&#8217;amour du bel ouvrage. Dipl\u00f4m\u00e9e de la haute \u00e9cole d&#8217;art et de design (HEAD) de Gen\u00e8ve, Emma Bruschi s&#8217;inscrit dans cette nouvelle g\u00e9n\u00e9ration qui compose le paysage de l&#8217;artisanat fran\u00e7ais. Cette artiste aux multiples facettes file au rouet la paille de seigle cultiv\u00e9e sur les terres familiales savoyardes, tresse, brode, croch\u00e8te cette ressource naturelle rustique pour confectionner bijoux, v\u00eatements et bouquets de moissons. Elle se r\u00e9approprie ces objets et gestes du quotidien pour transmettre \u00e0 son tour la m\u00e9moire de ces savoirs oubli\u00e9s.<br \/>\nElle s&#8217;est inspir\u00e9e de ses racines paysannes pour mettre en sc\u00e8ne 10 objets de l&#8217;art populaire, con\u00e7us comme une petite collection d&#8217;objets, des outils fonctionnels et des petites oeuvres d&#8217;art t\u00e9moins du pass\u00e9. Une d\u00e9marche authentique port\u00e9e par une qu\u00eate de sens et d&#8217;autonomie, un besoin d&#8217;un temps profond et un plaisir de fabriquer soi-m\u00eame.<br \/>\n10 objets cultes de l&#8217;art populaire : bouquet de moisson, vinaigrier, chandelle, panier en osier, banneton, ciseaux \u00e0 broder, fuseau de lavande, ruche, quenouille et fuseau&#8230; Emma Bruschi remet en mouvement ces objets anciens en red\u00e9ployant leur technicit\u00e9, mais aussi en d\u00e9composant le geste de la main qui les utilise, les fa\u00e7onne ou les d\u00e9core. Des images d&#8217;archive et des photos qui pr\u00e9sentent dans le temps l&#8217;objet redesign\u00e9, ponctu\u00e9es d&#8217;anecdotes et d&#8217;informations sur les coutumes li\u00e9es aux techniques. Une plong\u00e9e dans l&#8217;artisanat domestique.<br \/>\nSavoir et faire pour le plaisir de cr\u00e9er soi-m\u00eame. Des pas \u00e0 pas pour apprendre \u00e0 faire son vinaigre, baratter son beurre, repriser une chaussette, fabriquer un rucher, tresser la paille ou la lavande, filer la laine&#8230; Une invitation \u00e0 se r\u00e9approprier ces gestes oubli\u00e9s.<br \/>\nUn beau-livre avec des photos d&#8217;Ana\u00efs Barelli. Le regard singulier d&#8217;Ana\u00efs a su capturer les gestes, les objets avec justesse et po\u00e9sie.<\/p>\n","protected":false},"excerpt":{"rendered":"<p>De l&#8217;objet au geste, Emma Bruschi, designeuse et styliste v\u00e9g\u00e9tale, remet au go\u00fbt du jour des savoir-faire domestiques oubli\u00e9s. Elle puise dans ses racines paysannes pour cr\u00e9er des objets du quotidien utiles et beaux. Une galerie de 10 objets ruraux embl\u00e9matiques de l&#8217;art populaire pour susciter l&#8217;envie de faire de ses mains. Un panorama du [&hellip;]<\/p>\n","protected":false},"featured_media":47112,"template":"","meta":[],"product_cat":[2948],"product_tag":[],"acf":[],"yoast_head":"<!-- This site is optimized with the Yoast SEO plugin v20.11 - https:\/\/yoast.com\/wordpress\/plugins\/seo\/ -->\n<title>Savoir &amp; faire - Librairie 7L<\/title>\n<meta name=\"robots\" content=\"index, follow, max-snippet:-1, max-image-preview:large, max-video-preview:-1\" \/>\n<link rel=\"canonical\" href=\"https:\/\/librairie7l.com\/en\/produit\/savoir-faire-2\/\" \/>\n<meta property=\"og:locale\" content=\"en_US\" \/>\n<meta property=\"og:type\" content=\"article\" \/>\n<meta property=\"og:title\" content=\"Savoir &amp; faire - Librairie 7L\" \/>\n<meta property=\"og:description\" content=\"De l&#8217;objet au geste, Emma Bruschi, designeuse et styliste v\u00e9g\u00e9tale, remet au go\u00fbt du jour des savoir-faire domestiques oubli\u00e9s. Elle puise dans ses racines paysannes pour cr\u00e9er des objets du quotidien utiles et beaux. Une galerie de 10 objets ruraux embl\u00e9matiques de l&#8217;art populaire pour susciter l&#8217;envie de faire de ses mains. Un panorama du [&hellip;]\" \/>\n<meta property=\"og:url\" content=\"https:\/\/librairie7l.com\/en\/produit\/savoir-faire-2\/\" \/>\n<meta property=\"og:site_name\" content=\"Librairie 7L\" \/>\n<meta property=\"article:modified_time\" content=\"2026-04-22T21:15:11+00:00\" \/>\n<meta property=\"og:image\" content=\"https:\/\/librairie7l.com\/wp-content\/uploads\/2024\/06\/9782379223143_1_75.jpg\" \/>\n\t<meta property=\"og:image:width\" content=\"600\" \/>\n\t<meta property=\"og:image:height\" content=\"776\" \/>\n\t<meta property=\"og:image:type\" content=\"image\/jpeg\" \/>\n<meta name=\"twitter:card\" content=\"summary_large_image\" \/>\n<meta name=\"twitter:label1\" content=\"Est. reading time\" \/>\n\t<meta name=\"twitter:data1\" content=\"2 minutes\" \/>\n<script type=\"application\/ld+json\" class=\"yoast-schema-graph\">{\"@context\":\"https:\/\/schema.org\",\"@graph\":[{\"@type\":\"WebPage\",\"@id\":\"https:\/\/librairie7l.com\/en\/produit\/savoir-faire-2\/\",\"url\":\"https:\/\/librairie7l.com\/en\/produit\/savoir-faire-2\/\",\"name\":\"Savoir &amp; faire - Librairie 7L\",\"isPartOf\":{\"@id\":\"https:\/\/librairie7l.com\/en\/#website\"},\"datePublished\":\"2025-03-27T08:18:04+00:00\",\"dateModified\":\"2026-04-22T21:15:11+00:00\",\"breadcrumb\":{\"@id\":\"https:\/\/librairie7l.com\/en\/produit\/savoir-faire-2\/#breadcrumb\"},\"inLanguage\":\"en-US\",\"potentialAction\":[{\"@type\":\"ReadAction\",\"target\":[\"https:\/\/librairie7l.com\/en\/produit\/savoir-faire-2\/\"]}]},{\"@type\":\"BreadcrumbList\",\"@id\":\"https:\/\/librairie7l.com\/en\/produit\/savoir-faire-2\/#breadcrumb\",\"itemListElement\":[{\"@type\":\"ListItem\",\"position\":1,\"name\":\"Accueil\",\"item\":\"https:\/\/librairie7l.com\/en\/\"},{\"@type\":\"ListItem\",\"position\":2,\"name\":\"Shop\",\"item\":\"https:\/\/librairie7l.com\/en\/shop\/\"},{\"@type\":\"ListItem\",\"position\":3,\"name\":\"SAVOIR &AMP; FAIRE\"}]},{\"@type\":\"WebSite\",\"@id\":\"https:\/\/librairie7l.com\/en\/#website\",\"url\":\"https:\/\/librairie7l.com\/en\/\",\"name\":\"Librairie 7L\",\"description\":\"Librairie fond\u00e9e en 1999 par Karl Lagerfeld \u00e0 Paris\",\"publisher\":{\"@id\":\"https:\/\/librairie7l.com\/en\/#organization\"},\"potentialAction\":[{\"@type\":\"SearchAction\",\"target\":{\"@type\":\"EntryPoint\",\"urlTemplate\":\"https:\/\/librairie7l.com\/en\/?s={search_term_string}\"},\"query-input\":\"required name=search_term_string\"}],\"inLanguage\":\"en-US\"},{\"@type\":\"Organization\",\"@id\":\"https:\/\/librairie7l.com\/en\/#organization\",\"name\":\"Librairie 7L\",\"url\":\"https:\/\/librairie7l.com\/en\/\",\"logo\":{\"@type\":\"ImageObject\",\"inLanguage\":\"en-US\",\"@id\":\"https:\/\/librairie7l.com\/en\/#\/schema\/logo\/image\/\",\"url\":\"https:\/\/librairie7l.com\/wp-content\/uploads\/2022\/08\/logo-1.png\",\"contentUrl\":\"https:\/\/librairie7l.com\/wp-content\/uploads\/2022\/08\/logo-1.png\",\"width\":227,\"height\":301,\"caption\":\"Librairie 7L\"},\"image\":{\"@id\":\"https:\/\/librairie7l.com\/en\/#\/schema\/logo\/image\/\"}}]}<\/script>\n<!-- \/ Yoast SEO plugin. -->","yoast_head_json":{"title":"Savoir &amp; faire - Librairie 7L","robots":{"index":"index","follow":"follow","max-snippet":"max-snippet:-1","max-image-preview":"max-image-preview:large","max-video-preview":"max-video-preview:-1"},"canonical":"https:\/\/librairie7l.com\/en\/produit\/savoir-faire-2\/","og_locale":"en_US","og_type":"article","og_title":"Savoir &amp; faire - Librairie 7L","og_description":"De l&#8217;objet au geste, Emma Bruschi, designeuse et styliste v\u00e9g\u00e9tale, remet au go\u00fbt du jour des savoir-faire domestiques oubli\u00e9s. Elle puise dans ses racines paysannes pour cr\u00e9er des objets du quotidien utiles et beaux. Une galerie de 10 objets ruraux embl\u00e9matiques de l&#8217;art populaire pour susciter l&#8217;envie de faire de ses mains. Un panorama du [&hellip;]","og_url":"https:\/\/librairie7l.com\/en\/produit\/savoir-faire-2\/","og_site_name":"Librairie 7L","article_modified_time":"2026-04-22T21:15:11+00:00","og_image":[{"width":600,"height":776,"url":"https:\/\/librairie7l.com\/wp-content\/uploads\/2024\/06\/9782379223143_1_75.jpg","type":"image\/jpeg"}],"twitter_card":"summary_large_image","twitter_misc":{"Est. reading time":"2 minutes"},"schema":{"@context":"https:\/\/schema.org","@graph":[{"@type":"WebPage","@id":"https:\/\/librairie7l.com\/en\/produit\/savoir-faire-2\/","url":"https:\/\/librairie7l.com\/en\/produit\/savoir-faire-2\/","name":"Savoir &amp; faire - Librairie 7L","isPartOf":{"@id":"https:\/\/librairie7l.com\/en\/#website"},"datePublished":"2025-03-27T08:18:04+00:00","dateModified":"2026-04-22T21:15:11+00:00","breadcrumb":{"@id":"https:\/\/librairie7l.com\/en\/produit\/savoir-faire-2\/#breadcrumb"},"inLanguage":"en-US","potentialAction":[{"@type":"ReadAction","target":["https:\/\/librairie7l.com\/en\/produit\/savoir-faire-2\/"]}]},{"@type":"BreadcrumbList","@id":"https:\/\/librairie7l.com\/en\/produit\/savoir-faire-2\/#breadcrumb","itemListElement":[{"@type":"ListItem","position":1,"name":"Accueil","item":"https:\/\/librairie7l.com\/en\/"},{"@type":"ListItem","position":2,"name":"Shop","item":"https:\/\/librairie7l.com\/en\/shop\/"},{"@type":"ListItem","position":3,"name":"SAVOIR &AMP; FAIRE"}]},{"@type":"WebSite","@id":"https:\/\/librairie7l.com\/en\/#website","url":"https:\/\/librairie7l.com\/en\/","name":"Librairie 7L","description":"Librairie fond\u00e9e en 1999 par Karl Lagerfeld \u00e0 Paris","publisher":{"@id":"https:\/\/librairie7l.com\/en\/#organization"},"potentialAction":[{"@type":"SearchAction","target":{"@type":"EntryPoint","urlTemplate":"https:\/\/librairie7l.com\/en\/?s={search_term_string}"},"query-input":"required name=search_term_string"}],"inLanguage":"en-US"},{"@type":"Organization","@id":"https:\/\/librairie7l.com\/en\/#organization","name":"Librairie 7L","url":"https:\/\/librairie7l.com\/en\/","logo":{"@type":"ImageObject","inLanguage":"en-US","@id":"https:\/\/librairie7l.com\/en\/#\/schema\/logo\/image\/","url":"https:\/\/librairie7l.com\/wp-content\/uploads\/2022\/08\/logo-1.png","contentUrl":"https:\/\/librairie7l.com\/wp-content\/uploads\/2022\/08\/logo-1.png","width":227,"height":301,"caption":"Librairie 7L"},"image":{"@id":"https:\/\/librairie7l.com\/en\/#\/schema\/logo\/image\/"}}]}},"_links":{"self":[{"href":"https:\/\/librairie7l.com\/en\/wp-json\/wp\/v2\/product\/47114"}],"collection":[{"href":"https:\/\/librairie7l.com\/en\/wp-json\/wp\/v2\/product"}],"about":[{"href":"https:\/\/librairie7l.com\/en\/wp-json\/wp\/v2\/types\/product"}],"wp:featuredmedia":[{"embeddable":true,"href":"https:\/\/librairie7l.com\/en\/wp-json\/wp\/v2\/media\/47112"}],"wp:attachment":[{"href":"https:\/\/librairie7l.com\/en\/wp-json\/wp\/v2\/media?parent=47114"}],"wp:term":[{"taxonomy":"product_cat","embeddable":true,"href":"https:\/\/librairie7l.com\/en\/wp-json\/wp\/v2\/product_cat?post=47114"},{"taxonomy":"product_tag","embeddable":true,"href":"https:\/\/librairie7l.com\/en\/wp-json\/wp\/v2\/product_tag?post=47114"}],"curies":[{"name":"wp","href":"https:\/\/api.w.org\/{rel}","templated":true}]}}