{"id":47122,"date":"2025-03-29T09:17:58","date_gmt":"2025-03-29T08:17:58","guid":{"rendered":"https:\/\/librairie7l.com\/?post_type=product&#038;p=47122"},"modified":"2026-04-22T23:18:23","modified_gmt":"2026-04-22T21:18:23","slug":"le-garde-meuble-de-la-couronne-le-temps-retrouve-a-lhotel-de-la-marine-2","status":"publish","type":"product","link":"https:\/\/librairie7l.com\/en\/produit\/le-garde-meuble-de-la-couronne-le-temps-retrouve-a-lhotel-de-la-marine-2\/","title":{"rendered":"LE GARDE-MEUBLE DE LA COURONNE : LE TEMPS RETROUV\u00c9 \u00c0 L&#8217;H\u00d4TEL DE LA MARINE"},"content":{"rendered":"<p>Monument embl\u00e9matique de la place de la Concorde, l&#8217;H\u00f4tel de la Marine est un superbe ensemble architectural b\u00e2ti au XVIII? si\u00e8cle par Ange Jacques Gabriel, premier architecte du roi Louis XV. Avant d&#8217;\u00eatre occup\u00e9 pendant plus de deux cents ans par le minist\u00e8re de la Marine, l&#8217;\u00e9difice accueillit jusque dans les ann\u00e9es 1790 le Garde-Meuble royal, une prestigieuse institution anc\u00eatre du Mobilier national. En charge de l&#8217;am\u00e9nagement et du mobilier des r\u00e9sidences des souverains, le Garde-Meuble avait aussi pour mission la conservation et la pr\u00e9sentation des collections royales ainsi que des fameux joyaux de la Couronne. Au terme d&#8217;une exemplaire campagne de restauration men\u00e9e depuis 2017 par le Centre des monuments nationaux, l&#8217;H\u00f4tel de la Marine d\u00e9voile aujourd&#8217;hui ses splendeurs retrouv\u00e9es. De l&#8217;histoire du monument \u00e0 sa renaissance actuelle, des espaces de repr\u00e9sentation aux appartements priv\u00e9s des intendants du Garde-Meuble, cet ouvrage explore par des textes pertinents un site d&#8217;exception sublim\u00e9 par une campagne photographique in\u00e9dite. Cet ouvrage se propose de parcourir l&#8217;histoire de l&#8217;H\u00f4tel de la Marine et de d\u00e9couvrir la m\u00e9tamorphose de ce chef-d&#8217;oeuvre du patrimoine parisien somptueusement restaur\u00e9 sous la direction du Centre des monuments nationaux. Un exceptionnel lieu de m\u00e9moire o\u00f9 les d\u00e9corateurs Joseph Achkar et Michel Charri\u00e8re ont ressuscit\u00e9 les fastes du XVIII? si\u00e8cle et dont le photographe Ambroise T\u00e9zenas a captur\u00e9 l&#8217;esprit et la po\u00e9sie.<\/p>\n","protected":false},"excerpt":{"rendered":"<p>Monument embl\u00e9matique de la place de la Concorde, l&#8217;H\u00f4tel de la Marine est un superbe ensemble architectural b\u00e2ti au XVIII? si\u00e8cle par Ange Jacques Gabriel, premier architecte du roi Louis XV. Avant d&#8217;\u00eatre occup\u00e9 pendant plus de deux cents ans par le minist\u00e8re de la Marine, l&#8217;\u00e9difice accueillit jusque dans les ann\u00e9es 1790 le Garde-Meuble [&hellip;]<\/p>\n","protected":false},"featured_media":47120,"template":"","meta":[],"product_cat":[2948],"product_tag":[],"acf":[],"yoast_head":"<!-- This site is optimized with the Yoast SEO plugin v20.11 - https:\/\/yoast.com\/wordpress\/plugins\/seo\/ -->\n<title>Le garde-meuble de la couronne : le temps retrouv\u00e9 \u00e0 l&#039;h\u00f4tel de la Marine - Librairie 7L<\/title>\n<meta name=\"robots\" content=\"index, follow, max-snippet:-1, max-image-preview:large, max-video-preview:-1\" \/>\n<link rel=\"canonical\" href=\"https:\/\/librairie7l.com\/en\/produit\/le-garde-meuble-de-la-couronne-le-temps-retrouve-a-lhotel-de-la-marine-2\/\" \/>\n<meta property=\"og:locale\" content=\"en_US\" \/>\n<meta property=\"og:type\" content=\"article\" \/>\n<meta property=\"og:title\" content=\"Le garde-meuble de la couronne : le temps retrouv\u00e9 \u00e0 l&#039;h\u00f4tel de la Marine - Librairie 7L\" \/>\n<meta property=\"og:description\" content=\"Monument embl\u00e9matique de la place de la Concorde, l&#8217;H\u00f4tel de la Marine est un superbe ensemble architectural b\u00e2ti au XVIII? si\u00e8cle par Ange Jacques Gabriel, premier architecte du roi Louis XV. Avant d&#8217;\u00eatre occup\u00e9 pendant plus de deux cents ans par le minist\u00e8re de la Marine, l&#8217;\u00e9difice accueillit jusque dans les ann\u00e9es 1790 le Garde-Meuble [&hellip;]\" \/>\n<meta property=\"og:url\" content=\"https:\/\/librairie7l.com\/en\/produit\/le-garde-meuble-de-la-couronne-le-temps-retrouve-a-lhotel-de-la-marine-2\/\" \/>\n<meta property=\"og:site_name\" content=\"Librairie 7L\" \/>\n<meta property=\"article:modified_time\" content=\"2026-04-22T21:18:23+00:00\" \/>\n<meta property=\"og:image\" content=\"https:\/\/librairie7l.com\/wp-content\/uploads\/2021\/07\/9782080258571_1_75.jpg\" \/>\n\t<meta property=\"og:image:width\" content=\"600\" \/>\n\t<meta property=\"og:image:height\" content=\"716\" \/>\n\t<meta property=\"og:image:type\" content=\"image\/jpeg\" \/>\n<meta name=\"twitter:card\" content=\"summary_large_image\" \/>\n<meta name=\"twitter:label1\" content=\"Est. reading time\" \/>\n\t<meta name=\"twitter:data1\" content=\"1 minute\" \/>\n<script type=\"application\/ld+json\" class=\"yoast-schema-graph\">{\"@context\":\"https:\/\/schema.org\",\"@graph\":[{\"@type\":\"WebPage\",\"@id\":\"https:\/\/librairie7l.com\/en\/produit\/le-garde-meuble-de-la-couronne-le-temps-retrouve-a-lhotel-de-la-marine-2\/\",\"url\":\"https:\/\/librairie7l.com\/en\/produit\/le-garde-meuble-de-la-couronne-le-temps-retrouve-a-lhotel-de-la-marine-2\/\",\"name\":\"Le garde-meuble de la couronne : le temps retrouv\u00e9 \u00e0 l'h\u00f4tel de la Marine - Librairie 7L\",\"isPartOf\":{\"@id\":\"https:\/\/librairie7l.com\/en\/#website\"},\"datePublished\":\"2025-03-29T08:17:58+00:00\",\"dateModified\":\"2026-04-22T21:18:23+00:00\",\"breadcrumb\":{\"@id\":\"https:\/\/librairie7l.com\/en\/produit\/le-garde-meuble-de-la-couronne-le-temps-retrouve-a-lhotel-de-la-marine-2\/#breadcrumb\"},\"inLanguage\":\"en-US\",\"potentialAction\":[{\"@type\":\"ReadAction\",\"target\":[\"https:\/\/librairie7l.com\/en\/produit\/le-garde-meuble-de-la-couronne-le-temps-retrouve-a-lhotel-de-la-marine-2\/\"]}]},{\"@type\":\"BreadcrumbList\",\"@id\":\"https:\/\/librairie7l.com\/en\/produit\/le-garde-meuble-de-la-couronne-le-temps-retrouve-a-lhotel-de-la-marine-2\/#breadcrumb\",\"itemListElement\":[{\"@type\":\"ListItem\",\"position\":1,\"name\":\"Accueil\",\"item\":\"https:\/\/librairie7l.com\/en\/\"},{\"@type\":\"ListItem\",\"position\":2,\"name\":\"Shop\",\"item\":\"https:\/\/librairie7l.com\/en\/shop\/\"},{\"@type\":\"ListItem\",\"position\":3,\"name\":\"LE GARDE-MEUBLE DE LA COURONNE : LE TEMPS RETROUV\u00c9 \u00c0 L&#8217;H\u00d4TEL DE LA MARINE\"}]},{\"@type\":\"WebSite\",\"@id\":\"https:\/\/librairie7l.com\/en\/#website\",\"url\":\"https:\/\/librairie7l.com\/en\/\",\"name\":\"Librairie 7L\",\"description\":\"Librairie fond\u00e9e en 1999 par Karl Lagerfeld \u00e0 Paris\",\"publisher\":{\"@id\":\"https:\/\/librairie7l.com\/en\/#organization\"},\"potentialAction\":[{\"@type\":\"SearchAction\",\"target\":{\"@type\":\"EntryPoint\",\"urlTemplate\":\"https:\/\/librairie7l.com\/en\/?s={search_term_string}\"},\"query-input\":\"required name=search_term_string\"}],\"inLanguage\":\"en-US\"},{\"@type\":\"Organization\",\"@id\":\"https:\/\/librairie7l.com\/en\/#organization\",\"name\":\"Librairie 7L\",\"url\":\"https:\/\/librairie7l.com\/en\/\",\"logo\":{\"@type\":\"ImageObject\",\"inLanguage\":\"en-US\",\"@id\":\"https:\/\/librairie7l.com\/en\/#\/schema\/logo\/image\/\",\"url\":\"https:\/\/librairie7l.com\/wp-content\/uploads\/2022\/08\/logo-1.png\",\"contentUrl\":\"https:\/\/librairie7l.com\/wp-content\/uploads\/2022\/08\/logo-1.png\",\"width\":227,\"height\":301,\"caption\":\"Librairie 7L\"},\"image\":{\"@id\":\"https:\/\/librairie7l.com\/en\/#\/schema\/logo\/image\/\"}}]}<\/script>\n<!-- \/ Yoast SEO plugin. -->","yoast_head_json":{"title":"Le garde-meuble de la couronne : le temps retrouv\u00e9 \u00e0 l'h\u00f4tel de la Marine - Librairie 7L","robots":{"index":"index","follow":"follow","max-snippet":"max-snippet:-1","max-image-preview":"max-image-preview:large","max-video-preview":"max-video-preview:-1"},"canonical":"https:\/\/librairie7l.com\/en\/produit\/le-garde-meuble-de-la-couronne-le-temps-retrouve-a-lhotel-de-la-marine-2\/","og_locale":"en_US","og_type":"article","og_title":"Le garde-meuble de la couronne : le temps retrouv\u00e9 \u00e0 l'h\u00f4tel de la Marine - Librairie 7L","og_description":"Monument embl\u00e9matique de la place de la Concorde, l&#8217;H\u00f4tel de la Marine est un superbe ensemble architectural b\u00e2ti au XVIII? si\u00e8cle par Ange Jacques Gabriel, premier architecte du roi Louis XV. Avant d&#8217;\u00eatre occup\u00e9 pendant plus de deux cents ans par le minist\u00e8re de la Marine, l&#8217;\u00e9difice accueillit jusque dans les ann\u00e9es 1790 le Garde-Meuble [&hellip;]","og_url":"https:\/\/librairie7l.com\/en\/produit\/le-garde-meuble-de-la-couronne-le-temps-retrouve-a-lhotel-de-la-marine-2\/","og_site_name":"Librairie 7L","article_modified_time":"2026-04-22T21:18:23+00:00","og_image":[{"width":600,"height":716,"url":"https:\/\/librairie7l.com\/wp-content\/uploads\/2021\/07\/9782080258571_1_75.jpg","type":"image\/jpeg"}],"twitter_card":"summary_large_image","twitter_misc":{"Est. reading time":"1 minute"},"schema":{"@context":"https:\/\/schema.org","@graph":[{"@type":"WebPage","@id":"https:\/\/librairie7l.com\/en\/produit\/le-garde-meuble-de-la-couronne-le-temps-retrouve-a-lhotel-de-la-marine-2\/","url":"https:\/\/librairie7l.com\/en\/produit\/le-garde-meuble-de-la-couronne-le-temps-retrouve-a-lhotel-de-la-marine-2\/","name":"Le garde-meuble de la couronne : le temps retrouv\u00e9 \u00e0 l'h\u00f4tel de la Marine - Librairie 7L","isPartOf":{"@id":"https:\/\/librairie7l.com\/en\/#website"},"datePublished":"2025-03-29T08:17:58+00:00","dateModified":"2026-04-22T21:18:23+00:00","breadcrumb":{"@id":"https:\/\/librairie7l.com\/en\/produit\/le-garde-meuble-de-la-couronne-le-temps-retrouve-a-lhotel-de-la-marine-2\/#breadcrumb"},"inLanguage":"en-US","potentialAction":[{"@type":"ReadAction","target":["https:\/\/librairie7l.com\/en\/produit\/le-garde-meuble-de-la-couronne-le-temps-retrouve-a-lhotel-de-la-marine-2\/"]}]},{"@type":"BreadcrumbList","@id":"https:\/\/librairie7l.com\/en\/produit\/le-garde-meuble-de-la-couronne-le-temps-retrouve-a-lhotel-de-la-marine-2\/#breadcrumb","itemListElement":[{"@type":"ListItem","position":1,"name":"Accueil","item":"https:\/\/librairie7l.com\/en\/"},{"@type":"ListItem","position":2,"name":"Shop","item":"https:\/\/librairie7l.com\/en\/shop\/"},{"@type":"ListItem","position":3,"name":"LE GARDE-MEUBLE DE LA COURONNE : LE TEMPS RETROUV\u00c9 \u00c0 L&#8217;H\u00d4TEL DE LA MARINE"}]},{"@type":"WebSite","@id":"https:\/\/librairie7l.com\/en\/#website","url":"https:\/\/librairie7l.com\/en\/","name":"Librairie 7L","description":"Librairie fond\u00e9e en 1999 par Karl Lagerfeld \u00e0 Paris","publisher":{"@id":"https:\/\/librairie7l.com\/en\/#organization"},"potentialAction":[{"@type":"SearchAction","target":{"@type":"EntryPoint","urlTemplate":"https:\/\/librairie7l.com\/en\/?s={search_term_string}"},"query-input":"required name=search_term_string"}],"inLanguage":"en-US"},{"@type":"Organization","@id":"https:\/\/librairie7l.com\/en\/#organization","name":"Librairie 7L","url":"https:\/\/librairie7l.com\/en\/","logo":{"@type":"ImageObject","inLanguage":"en-US","@id":"https:\/\/librairie7l.com\/en\/#\/schema\/logo\/image\/","url":"https:\/\/librairie7l.com\/wp-content\/uploads\/2022\/08\/logo-1.png","contentUrl":"https:\/\/librairie7l.com\/wp-content\/uploads\/2022\/08\/logo-1.png","width":227,"height":301,"caption":"Librairie 7L"},"image":{"@id":"https:\/\/librairie7l.com\/en\/#\/schema\/logo\/image\/"}}]}},"_links":{"self":[{"href":"https:\/\/librairie7l.com\/en\/wp-json\/wp\/v2\/product\/47122"}],"collection":[{"href":"https:\/\/librairie7l.com\/en\/wp-json\/wp\/v2\/product"}],"about":[{"href":"https:\/\/librairie7l.com\/en\/wp-json\/wp\/v2\/types\/product"}],"wp:featuredmedia":[{"embeddable":true,"href":"https:\/\/librairie7l.com\/en\/wp-json\/wp\/v2\/media\/47120"}],"wp:attachment":[{"href":"https:\/\/librairie7l.com\/en\/wp-json\/wp\/v2\/media?parent=47122"}],"wp:term":[{"taxonomy":"product_cat","embeddable":true,"href":"https:\/\/librairie7l.com\/en\/wp-json\/wp\/v2\/product_cat?post=47122"},{"taxonomy":"product_tag","embeddable":true,"href":"https:\/\/librairie7l.com\/en\/wp-json\/wp\/v2\/product_tag?post=47122"}],"curies":[{"name":"wp","href":"https:\/\/api.w.org\/{rel}","templated":true}]}}