{"id":47126,"date":"2025-03-29T23:12:36","date_gmt":"2025-03-29T22:12:36","guid":{"rendered":"https:\/\/librairie7l.com\/?post_type=product&#038;p=47126"},"modified":"2026-04-23T00:01:47","modified_gmt":"2026-04-22T22:01:47","slug":"les-bases-du-macrame-2","status":"publish","type":"product","link":"https:\/\/librairie7l.com\/en\/produit\/les-bases-du-macrame-2\/","title":{"rendered":"LES BASES DU MACRAM\u00c9"},"content":{"rendered":"<p>Livre de macram\u00e9 pour d\u00e9butant : apprenez facilement les bases !<br \/>\n\u00c0 ses d\u00e9buts en macram\u00e9, l&#8217;auteure de ce livre de 112 pages a rencontr\u00e9 bien des difficult\u00e9s, car aucun ouvrage n&#8217;\u00e9tait destin\u00e9 aux d\u00e9butants. C&#8217;est pourquoi elle a d\u00e9cid\u00e9 de publier ce guide afin de partager ses exp\u00e9riences avec vous, vous faire profiter de son savoir-faire et vous \u00e9viter bien des erreurs (de d\u00e9butant !).<\/p>\n<p>Pour vous aider \u00e0 apprendre les bases du macram\u00e9, elle vous offre :<br \/>\n&#8211; La liste des fournitures et mat\u00e9riel n\u00e9cessaires.<br \/>\n&#8211; 5 le\u00e7ons en pas \u00e0 pas photos pour r\u00e9ussir les \u00e9tapes de chaque technique (r\u00e9aliser un cordon, r\u00e9aliser un carr\u00e9, travailler en rond&#8230;).<br \/>\n&#8211; Une collection de motifs et des sch\u00e9mas \u00e9tape par \u00e9tape pour les r\u00e9aliser facilement.<br \/>\n&#8211; Des explications avec des termes techniques simples pour qu&#8217;elles soient comprises par tous.<\/p>\n<p>Traiter toutes les techniques de macram\u00e9 dans un seul livre est impossible. C&#8217;est pourquoi seuls les noeuds plats sont expliqu\u00e9s. Chaque variante est d\u00e9taill\u00e9e pour que chacun puisse les reproduire avec une grande facilit\u00e9.<\/p>\n<p>Plus de 20 accessoires faciles \u00e0 r\u00e9aliser avec un seul noeud en macram\u00e9 (et ses variantes) Une fois la technique ma\u00eetris\u00e9e, vous allez vous amuser \u00e0 cr\u00e9er en macram\u00e9 la vingtaine de charmants accessoires propos\u00e9s :<br \/>\n&#8211; Bracelets en macram\u00e9.<br \/>\n&#8211; D\u00e9coration murale.<br \/>\n&#8211; Sac \u00e0 main.<br \/>\n&#8211; Filet \u00e0 provisions.<br \/>\n&#8211; Pochon.<br \/>\n&#8211; Abat-jour.<br \/>\n&#8211; Napperons&#8230;<br \/>\nEt cette fois-ci, vous n&#8217;abandonnerez pas en cours de route ! Vous allez vous en rendre compte : r\u00e9aliser des cr\u00e9ations en macram\u00e9 est simple !<\/p>\n","protected":false},"excerpt":{"rendered":"<p>Livre de macram\u00e9 pour d\u00e9butant : apprenez facilement les bases ! \u00c0 ses d\u00e9buts en macram\u00e9, l&#8217;auteure de ce livre de 112 pages a rencontr\u00e9 bien des difficult\u00e9s, car aucun ouvrage n&#8217;\u00e9tait destin\u00e9 aux d\u00e9butants. C&#8217;est pourquoi elle a d\u00e9cid\u00e9 de publier ce guide afin de partager ses exp\u00e9riences avec vous, vous faire profiter de [&hellip;]<\/p>\n","protected":false},"featured_media":47124,"template":"","meta":[],"product_cat":[7364,2948],"product_tag":[],"acf":[],"yoast_head":"<!-- This site is optimized with the Yoast SEO plugin v20.11 - https:\/\/yoast.com\/wordpress\/plugins\/seo\/ -->\n<title>Les bases du macram\u00e9 - Librairie 7L<\/title>\n<meta name=\"robots\" content=\"index, follow, max-snippet:-1, max-image-preview:large, max-video-preview:-1\" \/>\n<link rel=\"canonical\" href=\"https:\/\/librairie7l.com\/en\/produit\/les-bases-du-macrame-2\/\" \/>\n<meta property=\"og:locale\" content=\"en_US\" \/>\n<meta property=\"og:type\" content=\"article\" \/>\n<meta property=\"og:title\" content=\"Les bases du macram\u00e9 - Librairie 7L\" \/>\n<meta property=\"og:description\" content=\"Livre de macram\u00e9 pour d\u00e9butant : apprenez facilement les bases ! \u00c0 ses d\u00e9buts en macram\u00e9, l&#8217;auteure de ce livre de 112 pages a rencontr\u00e9 bien des difficult\u00e9s, car aucun ouvrage n&#8217;\u00e9tait destin\u00e9 aux d\u00e9butants. C&#8217;est pourquoi elle a d\u00e9cid\u00e9 de publier ce guide afin de partager ses exp\u00e9riences avec vous, vous faire profiter de [&hellip;]\" \/>\n<meta property=\"og:url\" content=\"https:\/\/librairie7l.com\/en\/produit\/les-bases-du-macrame-2\/\" \/>\n<meta property=\"og:site_name\" content=\"Librairie 7L\" \/>\n<meta property=\"article:modified_time\" content=\"2026-04-22T22:01:47+00:00\" \/>\n<meta property=\"og:image\" content=\"https:\/\/librairie7l.com\/wp-content\/uploads\/2021\/09\/9782756536651_1_75.jpg\" \/>\n\t<meta property=\"og:image:width\" content=\"600\" \/>\n\t<meta property=\"og:image:height\" content=\"756\" \/>\n\t<meta property=\"og:image:type\" content=\"image\/jpeg\" \/>\n<meta name=\"twitter:card\" content=\"summary_large_image\" \/>\n<meta name=\"twitter:label1\" content=\"Est. reading time\" \/>\n\t<meta name=\"twitter:data1\" content=\"1 minute\" \/>\n<script type=\"application\/ld+json\" class=\"yoast-schema-graph\">{\"@context\":\"https:\/\/schema.org\",\"@graph\":[{\"@type\":\"WebPage\",\"@id\":\"https:\/\/librairie7l.com\/en\/produit\/les-bases-du-macrame-2\/\",\"url\":\"https:\/\/librairie7l.com\/en\/produit\/les-bases-du-macrame-2\/\",\"name\":\"Les bases du macram\u00e9 - Librairie 7L\",\"isPartOf\":{\"@id\":\"https:\/\/librairie7l.com\/en\/#website\"},\"datePublished\":\"2025-03-29T22:12:36+00:00\",\"dateModified\":\"2026-04-22T22:01:47+00:00\",\"breadcrumb\":{\"@id\":\"https:\/\/librairie7l.com\/en\/produit\/les-bases-du-macrame-2\/#breadcrumb\"},\"inLanguage\":\"en-US\",\"potentialAction\":[{\"@type\":\"ReadAction\",\"target\":[\"https:\/\/librairie7l.com\/en\/produit\/les-bases-du-macrame-2\/\"]}]},{\"@type\":\"BreadcrumbList\",\"@id\":\"https:\/\/librairie7l.com\/en\/produit\/les-bases-du-macrame-2\/#breadcrumb\",\"itemListElement\":[{\"@type\":\"ListItem\",\"position\":1,\"name\":\"Accueil\",\"item\":\"https:\/\/librairie7l.com\/en\/\"},{\"@type\":\"ListItem\",\"position\":2,\"name\":\"Shop\",\"item\":\"https:\/\/librairie7l.com\/en\/shop\/\"},{\"@type\":\"ListItem\",\"position\":3,\"name\":\"LES BASES DU MACRAM\u00c9\"}]},{\"@type\":\"WebSite\",\"@id\":\"https:\/\/librairie7l.com\/en\/#website\",\"url\":\"https:\/\/librairie7l.com\/en\/\",\"name\":\"Librairie 7L\",\"description\":\"Librairie fond\u00e9e en 1999 par Karl Lagerfeld \u00e0 Paris\",\"publisher\":{\"@id\":\"https:\/\/librairie7l.com\/en\/#organization\"},\"potentialAction\":[{\"@type\":\"SearchAction\",\"target\":{\"@type\":\"EntryPoint\",\"urlTemplate\":\"https:\/\/librairie7l.com\/en\/?s={search_term_string}\"},\"query-input\":\"required name=search_term_string\"}],\"inLanguage\":\"en-US\"},{\"@type\":\"Organization\",\"@id\":\"https:\/\/librairie7l.com\/en\/#organization\",\"name\":\"Librairie 7L\",\"url\":\"https:\/\/librairie7l.com\/en\/\",\"logo\":{\"@type\":\"ImageObject\",\"inLanguage\":\"en-US\",\"@id\":\"https:\/\/librairie7l.com\/en\/#\/schema\/logo\/image\/\",\"url\":\"https:\/\/librairie7l.com\/wp-content\/uploads\/2022\/08\/logo-1.png\",\"contentUrl\":\"https:\/\/librairie7l.com\/wp-content\/uploads\/2022\/08\/logo-1.png\",\"width\":227,\"height\":301,\"caption\":\"Librairie 7L\"},\"image\":{\"@id\":\"https:\/\/librairie7l.com\/en\/#\/schema\/logo\/image\/\"}}]}<\/script>\n<!-- \/ Yoast SEO plugin. -->","yoast_head_json":{"title":"Les bases du macram\u00e9 - Librairie 7L","robots":{"index":"index","follow":"follow","max-snippet":"max-snippet:-1","max-image-preview":"max-image-preview:large","max-video-preview":"max-video-preview:-1"},"canonical":"https:\/\/librairie7l.com\/en\/produit\/les-bases-du-macrame-2\/","og_locale":"en_US","og_type":"article","og_title":"Les bases du macram\u00e9 - Librairie 7L","og_description":"Livre de macram\u00e9 pour d\u00e9butant : apprenez facilement les bases ! \u00c0 ses d\u00e9buts en macram\u00e9, l&#8217;auteure de ce livre de 112 pages a rencontr\u00e9 bien des difficult\u00e9s, car aucun ouvrage n&#8217;\u00e9tait destin\u00e9 aux d\u00e9butants. C&#8217;est pourquoi elle a d\u00e9cid\u00e9 de publier ce guide afin de partager ses exp\u00e9riences avec vous, vous faire profiter de [&hellip;]","og_url":"https:\/\/librairie7l.com\/en\/produit\/les-bases-du-macrame-2\/","og_site_name":"Librairie 7L","article_modified_time":"2026-04-22T22:01:47+00:00","og_image":[{"width":600,"height":756,"url":"https:\/\/librairie7l.com\/wp-content\/uploads\/2021\/09\/9782756536651_1_75.jpg","type":"image\/jpeg"}],"twitter_card":"summary_large_image","twitter_misc":{"Est. reading time":"1 minute"},"schema":{"@context":"https:\/\/schema.org","@graph":[{"@type":"WebPage","@id":"https:\/\/librairie7l.com\/en\/produit\/les-bases-du-macrame-2\/","url":"https:\/\/librairie7l.com\/en\/produit\/les-bases-du-macrame-2\/","name":"Les bases du macram\u00e9 - Librairie 7L","isPartOf":{"@id":"https:\/\/librairie7l.com\/en\/#website"},"datePublished":"2025-03-29T22:12:36+00:00","dateModified":"2026-04-22T22:01:47+00:00","breadcrumb":{"@id":"https:\/\/librairie7l.com\/en\/produit\/les-bases-du-macrame-2\/#breadcrumb"},"inLanguage":"en-US","potentialAction":[{"@type":"ReadAction","target":["https:\/\/librairie7l.com\/en\/produit\/les-bases-du-macrame-2\/"]}]},{"@type":"BreadcrumbList","@id":"https:\/\/librairie7l.com\/en\/produit\/les-bases-du-macrame-2\/#breadcrumb","itemListElement":[{"@type":"ListItem","position":1,"name":"Accueil","item":"https:\/\/librairie7l.com\/en\/"},{"@type":"ListItem","position":2,"name":"Shop","item":"https:\/\/librairie7l.com\/en\/shop\/"},{"@type":"ListItem","position":3,"name":"LES BASES DU MACRAM\u00c9"}]},{"@type":"WebSite","@id":"https:\/\/librairie7l.com\/en\/#website","url":"https:\/\/librairie7l.com\/en\/","name":"Librairie 7L","description":"Librairie fond\u00e9e en 1999 par Karl Lagerfeld \u00e0 Paris","publisher":{"@id":"https:\/\/librairie7l.com\/en\/#organization"},"potentialAction":[{"@type":"SearchAction","target":{"@type":"EntryPoint","urlTemplate":"https:\/\/librairie7l.com\/en\/?s={search_term_string}"},"query-input":"required name=search_term_string"}],"inLanguage":"en-US"},{"@type":"Organization","@id":"https:\/\/librairie7l.com\/en\/#organization","name":"Librairie 7L","url":"https:\/\/librairie7l.com\/en\/","logo":{"@type":"ImageObject","inLanguage":"en-US","@id":"https:\/\/librairie7l.com\/en\/#\/schema\/logo\/image\/","url":"https:\/\/librairie7l.com\/wp-content\/uploads\/2022\/08\/logo-1.png","contentUrl":"https:\/\/librairie7l.com\/wp-content\/uploads\/2022\/08\/logo-1.png","width":227,"height":301,"caption":"Librairie 7L"},"image":{"@id":"https:\/\/librairie7l.com\/en\/#\/schema\/logo\/image\/"}}]}},"_links":{"self":[{"href":"https:\/\/librairie7l.com\/en\/wp-json\/wp\/v2\/product\/47126"}],"collection":[{"href":"https:\/\/librairie7l.com\/en\/wp-json\/wp\/v2\/product"}],"about":[{"href":"https:\/\/librairie7l.com\/en\/wp-json\/wp\/v2\/types\/product"}],"wp:featuredmedia":[{"embeddable":true,"href":"https:\/\/librairie7l.com\/en\/wp-json\/wp\/v2\/media\/47124"}],"wp:attachment":[{"href":"https:\/\/librairie7l.com\/en\/wp-json\/wp\/v2\/media?parent=47126"}],"wp:term":[{"taxonomy":"product_cat","embeddable":true,"href":"https:\/\/librairie7l.com\/en\/wp-json\/wp\/v2\/product_cat?post=47126"},{"taxonomy":"product_tag","embeddable":true,"href":"https:\/\/librairie7l.com\/en\/wp-json\/wp\/v2\/product_tag?post=47126"}],"curies":[{"name":"wp","href":"https:\/\/api.w.org\/{rel}","templated":true}]}}