{"id":47159,"date":"2025-04-02T09:17:55","date_gmt":"2025-04-02T07:17:55","guid":{"rendered":"https:\/\/librairie7l.com\/?post_type=product&#038;p=47159"},"modified":"2026-04-27T01:07:06","modified_gmt":"2026-04-26T23:07:06","slug":"le-guide-de-la-teinture-vegetale-de-la-culture-des-plantes-a-la-realisation-douvrages-2","status":"publish","type":"product","link":"https:\/\/librairie7l.com\/en\/produit\/le-guide-de-la-teinture-vegetale-de-la-culture-des-plantes-a-la-realisation-douvrages-2\/","title":{"rendered":"LE GUIDE DE LA TEINTURE V\u00c9G\u00c9TALE ; DE LA CULTURE DES PLANTES \u00c0 LA R\u00c9ALISATION D&#8217;OUVRAGES"},"content":{"rendered":"<p>De la culture des plantes \u00e0 la r\u00e9alisation d&#8217;ouvrages \u00a0 \u00a0 \u00a0 \u00a0 D\u00e9couvrez et apprenez la \u00ab magie \u00bb de la teinture naturelle !<br \/>\n\u00c0 la port\u00e9e de tous, ce savoir-faire vous permet de lier nature et cr\u00e9ation en profitant de l&#8217;immense palette de couleurs qui vous entoure, en cr\u00e9ant \u00e0 moindre co\u00fbt et en r\u00e9duisant vos d\u00e9chets.<br \/>\nSuivez les conseils de l&#8217;auteure pour bien vous \u00e9quiper, choisir vos tissus, mais aussi reconna\u00eetre les plantes tinctoriales et savoir o\u00f9 les trouver au gr\u00e9 des saisons. En effet, que vous viviez en ville ou \u00e0 la campagne, votre environnement foisonne de mati\u00e8res premi\u00e8res. Que ce soit dans votre cuisine avec les pelures et autres d\u00e9chets, sur votre balcon ou au dans votre jardin avec les plantes que vous cultivez, en for\u00eat avec les racines, ou encore les baies r\u00e9colt\u00e9s au bord des sentiers&#8230; la nature a beaucoup de chose \u00e0 vous offrir !<br \/>\nUne fois vos plantes r\u00e9colt\u00e9es, apprenez \u00e0 pr\u00e9parer vos couleurs et \u00e0 teindre vos tissus avec les explications d\u00e9taill\u00e9es pas \u00e0 pas. Chaque plante est diff\u00e9rente et son rendu inattendu. Gr\u00e2ce \u00e0 cet ouvrage faites votre propre exp\u00e9rience : jouez, testez et exp\u00e9rimentez les multiples possibles des v\u00e9g\u00e9taux !<br \/>\nEnfin, utilisez vos tissus pour les superbes projets propos\u00e9s dans ces pages. Tablier, sac \u00e0 coulisses, coussins patchwork, sac de cueillette&#8230; autant de r\u00e9alisations qui vous permettent de mettre en valeur vos teintures.<br \/>\nToutes les cl\u00e9s pour cr\u00e9er dans une d\u00e9marche \u00e9coresponsable et z\u00e9ro d\u00e9chet !<\/p>\n","protected":false},"excerpt":{"rendered":"<p>De la culture des plantes \u00e0 la r\u00e9alisation d&#8217;ouvrages \u00a0 \u00a0 \u00a0 \u00a0 D\u00e9couvrez et apprenez la \u00ab magie \u00bb de la teinture naturelle ! \u00c0 la port\u00e9e de tous, ce savoir-faire vous permet de lier nature et cr\u00e9ation en profitant de l&#8217;immense palette de couleurs qui vous entoure, en cr\u00e9ant \u00e0 moindre co\u00fbt et [&hellip;]<\/p>\n","protected":false},"featured_media":47157,"template":"","meta":[],"product_cat":[2948,2957],"product_tag":[],"acf":[],"yoast_head":"<!-- This site is optimized with the Yoast SEO plugin v20.11 - https:\/\/yoast.com\/wordpress\/plugins\/seo\/ -->\n<title>Le guide de la teinture v\u00e9g\u00e9tale ; de la culture des plantes \u00e0 la r\u00e9alisation d&#039;ouvrages - Librairie 7L<\/title>\n<meta name=\"robots\" content=\"index, follow, max-snippet:-1, max-image-preview:large, max-video-preview:-1\" \/>\n<link rel=\"canonical\" href=\"https:\/\/librairie7l.com\/en\/produit\/le-guide-de-la-teinture-vegetale-de-la-culture-des-plantes-a-la-realisation-douvrages-2\/\" \/>\n<meta property=\"og:locale\" content=\"en_US\" \/>\n<meta property=\"og:type\" content=\"article\" \/>\n<meta property=\"og:title\" content=\"Le guide de la teinture v\u00e9g\u00e9tale ; de la culture des plantes \u00e0 la r\u00e9alisation d&#039;ouvrages - Librairie 7L\" \/>\n<meta property=\"og:description\" content=\"De la culture des plantes \u00e0 la r\u00e9alisation d&#8217;ouvrages \u00a0 \u00a0 \u00a0 \u00a0 D\u00e9couvrez et apprenez la \u00ab magie \u00bb de la teinture naturelle ! \u00c0 la port\u00e9e de tous, ce savoir-faire vous permet de lier nature et cr\u00e9ation en profitant de l&#8217;immense palette de couleurs qui vous entoure, en cr\u00e9ant \u00e0 moindre co\u00fbt et [&hellip;]\" \/>\n<meta property=\"og:url\" content=\"https:\/\/librairie7l.com\/en\/produit\/le-guide-de-la-teinture-vegetale-de-la-culture-des-plantes-a-la-realisation-douvrages-2\/\" \/>\n<meta property=\"og:site_name\" content=\"Librairie 7L\" \/>\n<meta property=\"article:modified_time\" content=\"2026-04-26T23:07:06+00:00\" \/>\n<meta property=\"og:image\" content=\"https:\/\/librairie7l.com\/wp-content\/uploads\/2018\/10\/9782295011060_1_75.jpg\" \/>\n\t<meta property=\"og:image:width\" content=\"600\" \/>\n\t<meta property=\"og:image:height\" content=\"726\" \/>\n\t<meta property=\"og:image:type\" content=\"image\/jpeg\" \/>\n<meta name=\"twitter:card\" content=\"summary_large_image\" \/>\n<meta name=\"twitter:label1\" content=\"Est. reading time\" \/>\n\t<meta name=\"twitter:data1\" content=\"1 minute\" \/>\n<script type=\"application\/ld+json\" class=\"yoast-schema-graph\">{\"@context\":\"https:\/\/schema.org\",\"@graph\":[{\"@type\":\"WebPage\",\"@id\":\"https:\/\/librairie7l.com\/en\/produit\/le-guide-de-la-teinture-vegetale-de-la-culture-des-plantes-a-la-realisation-douvrages-2\/\",\"url\":\"https:\/\/librairie7l.com\/en\/produit\/le-guide-de-la-teinture-vegetale-de-la-culture-des-plantes-a-la-realisation-douvrages-2\/\",\"name\":\"Le guide de la teinture v\u00e9g\u00e9tale ; de la culture des plantes \u00e0 la r\u00e9alisation d'ouvrages - Librairie 7L\",\"isPartOf\":{\"@id\":\"https:\/\/librairie7l.com\/en\/#website\"},\"datePublished\":\"2025-04-02T07:17:55+00:00\",\"dateModified\":\"2026-04-26T23:07:06+00:00\",\"breadcrumb\":{\"@id\":\"https:\/\/librairie7l.com\/en\/produit\/le-guide-de-la-teinture-vegetale-de-la-culture-des-plantes-a-la-realisation-douvrages-2\/#breadcrumb\"},\"inLanguage\":\"en-US\",\"potentialAction\":[{\"@type\":\"ReadAction\",\"target\":[\"https:\/\/librairie7l.com\/en\/produit\/le-guide-de-la-teinture-vegetale-de-la-culture-des-plantes-a-la-realisation-douvrages-2\/\"]}]},{\"@type\":\"BreadcrumbList\",\"@id\":\"https:\/\/librairie7l.com\/en\/produit\/le-guide-de-la-teinture-vegetale-de-la-culture-des-plantes-a-la-realisation-douvrages-2\/#breadcrumb\",\"itemListElement\":[{\"@type\":\"ListItem\",\"position\":1,\"name\":\"Accueil\",\"item\":\"https:\/\/librairie7l.com\/en\/\"},{\"@type\":\"ListItem\",\"position\":2,\"name\":\"Shop\",\"item\":\"https:\/\/librairie7l.com\/en\/shop\/\"},{\"@type\":\"ListItem\",\"position\":3,\"name\":\"LE GUIDE DE LA TEINTURE V\u00c9G\u00c9TALE ; DE LA CULTURE DES PLANTES \u00c0 LA R\u00c9ALISATION D&#8217;OUVRAGES\"}]},{\"@type\":\"WebSite\",\"@id\":\"https:\/\/librairie7l.com\/en\/#website\",\"url\":\"https:\/\/librairie7l.com\/en\/\",\"name\":\"Librairie 7L\",\"description\":\"Librairie fond\u00e9e en 1999 par Karl Lagerfeld \u00e0 Paris\",\"publisher\":{\"@id\":\"https:\/\/librairie7l.com\/en\/#organization\"},\"potentialAction\":[{\"@type\":\"SearchAction\",\"target\":{\"@type\":\"EntryPoint\",\"urlTemplate\":\"https:\/\/librairie7l.com\/en\/?s={search_term_string}\"},\"query-input\":\"required name=search_term_string\"}],\"inLanguage\":\"en-US\"},{\"@type\":\"Organization\",\"@id\":\"https:\/\/librairie7l.com\/en\/#organization\",\"name\":\"Librairie 7L\",\"url\":\"https:\/\/librairie7l.com\/en\/\",\"logo\":{\"@type\":\"ImageObject\",\"inLanguage\":\"en-US\",\"@id\":\"https:\/\/librairie7l.com\/en\/#\/schema\/logo\/image\/\",\"url\":\"https:\/\/librairie7l.com\/wp-content\/uploads\/2022\/08\/logo-1.png\",\"contentUrl\":\"https:\/\/librairie7l.com\/wp-content\/uploads\/2022\/08\/logo-1.png\",\"width\":227,\"height\":301,\"caption\":\"Librairie 7L\"},\"image\":{\"@id\":\"https:\/\/librairie7l.com\/en\/#\/schema\/logo\/image\/\"}}]}<\/script>\n<!-- \/ Yoast SEO plugin. -->","yoast_head_json":{"title":"Le guide de la teinture v\u00e9g\u00e9tale ; de la culture des plantes \u00e0 la r\u00e9alisation d'ouvrages - Librairie 7L","robots":{"index":"index","follow":"follow","max-snippet":"max-snippet:-1","max-image-preview":"max-image-preview:large","max-video-preview":"max-video-preview:-1"},"canonical":"https:\/\/librairie7l.com\/en\/produit\/le-guide-de-la-teinture-vegetale-de-la-culture-des-plantes-a-la-realisation-douvrages-2\/","og_locale":"en_US","og_type":"article","og_title":"Le guide de la teinture v\u00e9g\u00e9tale ; de la culture des plantes \u00e0 la r\u00e9alisation d'ouvrages - Librairie 7L","og_description":"De la culture des plantes \u00e0 la r\u00e9alisation d&#8217;ouvrages \u00a0 \u00a0 \u00a0 \u00a0 D\u00e9couvrez et apprenez la \u00ab magie \u00bb de la teinture naturelle ! \u00c0 la port\u00e9e de tous, ce savoir-faire vous permet de lier nature et cr\u00e9ation en profitant de l&#8217;immense palette de couleurs qui vous entoure, en cr\u00e9ant \u00e0 moindre co\u00fbt et [&hellip;]","og_url":"https:\/\/librairie7l.com\/en\/produit\/le-guide-de-la-teinture-vegetale-de-la-culture-des-plantes-a-la-realisation-douvrages-2\/","og_site_name":"Librairie 7L","article_modified_time":"2026-04-26T23:07:06+00:00","og_image":[{"width":600,"height":726,"url":"https:\/\/librairie7l.com\/wp-content\/uploads\/2018\/10\/9782295011060_1_75.jpg","type":"image\/jpeg"}],"twitter_card":"summary_large_image","twitter_misc":{"Est. reading time":"1 minute"},"schema":{"@context":"https:\/\/schema.org","@graph":[{"@type":"WebPage","@id":"https:\/\/librairie7l.com\/en\/produit\/le-guide-de-la-teinture-vegetale-de-la-culture-des-plantes-a-la-realisation-douvrages-2\/","url":"https:\/\/librairie7l.com\/en\/produit\/le-guide-de-la-teinture-vegetale-de-la-culture-des-plantes-a-la-realisation-douvrages-2\/","name":"Le guide de la teinture v\u00e9g\u00e9tale ; de la culture des plantes \u00e0 la r\u00e9alisation d'ouvrages - Librairie 7L","isPartOf":{"@id":"https:\/\/librairie7l.com\/en\/#website"},"datePublished":"2025-04-02T07:17:55+00:00","dateModified":"2026-04-26T23:07:06+00:00","breadcrumb":{"@id":"https:\/\/librairie7l.com\/en\/produit\/le-guide-de-la-teinture-vegetale-de-la-culture-des-plantes-a-la-realisation-douvrages-2\/#breadcrumb"},"inLanguage":"en-US","potentialAction":[{"@type":"ReadAction","target":["https:\/\/librairie7l.com\/en\/produit\/le-guide-de-la-teinture-vegetale-de-la-culture-des-plantes-a-la-realisation-douvrages-2\/"]}]},{"@type":"BreadcrumbList","@id":"https:\/\/librairie7l.com\/en\/produit\/le-guide-de-la-teinture-vegetale-de-la-culture-des-plantes-a-la-realisation-douvrages-2\/#breadcrumb","itemListElement":[{"@type":"ListItem","position":1,"name":"Accueil","item":"https:\/\/librairie7l.com\/en\/"},{"@type":"ListItem","position":2,"name":"Shop","item":"https:\/\/librairie7l.com\/en\/shop\/"},{"@type":"ListItem","position":3,"name":"LE GUIDE DE LA TEINTURE V\u00c9G\u00c9TALE ; DE LA CULTURE DES PLANTES \u00c0 LA R\u00c9ALISATION D&#8217;OUVRAGES"}]},{"@type":"WebSite","@id":"https:\/\/librairie7l.com\/en\/#website","url":"https:\/\/librairie7l.com\/en\/","name":"Librairie 7L","description":"Librairie fond\u00e9e en 1999 par Karl Lagerfeld \u00e0 Paris","publisher":{"@id":"https:\/\/librairie7l.com\/en\/#organization"},"potentialAction":[{"@type":"SearchAction","target":{"@type":"EntryPoint","urlTemplate":"https:\/\/librairie7l.com\/en\/?s={search_term_string}"},"query-input":"required name=search_term_string"}],"inLanguage":"en-US"},{"@type":"Organization","@id":"https:\/\/librairie7l.com\/en\/#organization","name":"Librairie 7L","url":"https:\/\/librairie7l.com\/en\/","logo":{"@type":"ImageObject","inLanguage":"en-US","@id":"https:\/\/librairie7l.com\/en\/#\/schema\/logo\/image\/","url":"https:\/\/librairie7l.com\/wp-content\/uploads\/2022\/08\/logo-1.png","contentUrl":"https:\/\/librairie7l.com\/wp-content\/uploads\/2022\/08\/logo-1.png","width":227,"height":301,"caption":"Librairie 7L"},"image":{"@id":"https:\/\/librairie7l.com\/en\/#\/schema\/logo\/image\/"}}]}},"_links":{"self":[{"href":"https:\/\/librairie7l.com\/en\/wp-json\/wp\/v2\/product\/47159"}],"collection":[{"href":"https:\/\/librairie7l.com\/en\/wp-json\/wp\/v2\/product"}],"about":[{"href":"https:\/\/librairie7l.com\/en\/wp-json\/wp\/v2\/types\/product"}],"wp:featuredmedia":[{"embeddable":true,"href":"https:\/\/librairie7l.com\/en\/wp-json\/wp\/v2\/media\/47157"}],"wp:attachment":[{"href":"https:\/\/librairie7l.com\/en\/wp-json\/wp\/v2\/media?parent=47159"}],"wp:term":[{"taxonomy":"product_cat","embeddable":true,"href":"https:\/\/librairie7l.com\/en\/wp-json\/wp\/v2\/product_cat?post=47159"},{"taxonomy":"product_tag","embeddable":true,"href":"https:\/\/librairie7l.com\/en\/wp-json\/wp\/v2\/product_tag?post=47159"}],"curies":[{"name":"wp","href":"https:\/\/api.w.org\/{rel}","templated":true}]}}