{"id":47163,"date":"2025-04-02T09:18:00","date_gmt":"2025-04-02T07:18:00","guid":{"rendered":"https:\/\/librairie7l.com\/?post_type=product&#038;p=47163"},"modified":"2026-04-24T05:45:20","modified_gmt":"2026-04-24T03:45:20","slug":"nues-femmes-lascives-2","status":"publish","type":"product","link":"https:\/\/librairie7l.com\/en\/produit\/nues-femmes-lascives-2\/","title":{"rendered":"NUES ; FEMMES LASCIVES"},"content":{"rendered":"<p>Cet opus de &#8220;L&#8217;Oeil curieux&#8221;, con\u00e7u autour de portraits de femmes nues photographi\u00e9es par les pionniers de la photographie jusqu&#8217;\u00e0 Man Ray, donne \u00e0 voir les rencontres les plus accomplies entre un artiste et son mod\u00e8le. Un art et une \u00e9cole. L&#8217;\u00e9tude du nu est primordiale dans la formation artistique des peintres et des dessinateurs depuis la Renaissance. Ce petit livre prend le parti, lui, de montrer le travail de grands photographes, tous inventifs et magistraux dans l&#8217;interpr\u00e9tation de leur sujet.<br \/>\nDes collections prestigieuses. 40 images ont \u00e9t\u00e9 soigneusement s\u00e9lectionn\u00e9es parmi les milliers que compte la collection de photographies de la BnF, l&#8217;une des plus importantes au monde. Toutes montrent combien l&#8217;art du nu a pu produire de chefs-d&#8217;oeuvre \u00e0 une \u00e9poque o\u00f9 le corps \u00e9rotique est encore banni des discours et des manifestations officiels. Des images puissamment sensuelles. Belloc, Pierre Lou\u00ffs, Nadar ou Man Ray, d&#8217;autres encore et avec eux de talentueux anonymes, offrent une diversit\u00e9 \u00e9blouissante de poses et de mises en sc\u00e8ne o\u00f9 l&#8217;acad\u00e9misme lui-m\u00eame peut devenir sensuel, lascif, \u00e9rotique&#8230;<\/p>\n","protected":false},"excerpt":{"rendered":"<p>Cet opus de &#8220;L&#8217;Oeil curieux&#8221;, con\u00e7u autour de portraits de femmes nues photographi\u00e9es par les pionniers de la photographie jusqu&#8217;\u00e0 Man Ray, donne \u00e0 voir les rencontres les plus accomplies entre un artiste et son mod\u00e8le. Un art et une \u00e9cole. L&#8217;\u00e9tude du nu est primordiale dans la formation artistique des peintres et des dessinateurs [&hellip;]<\/p>\n","protected":false},"featured_media":47161,"template":"","meta":[],"product_cat":[2948,2958],"product_tag":[],"acf":[],"yoast_head":"<!-- This site is optimized with the Yoast SEO plugin v20.11 - https:\/\/yoast.com\/wordpress\/plugins\/seo\/ -->\n<title>Nues ; femmes lascives - Librairie 7L<\/title>\n<meta name=\"robots\" content=\"index, follow, max-snippet:-1, max-image-preview:large, max-video-preview:-1\" \/>\n<link rel=\"canonical\" href=\"https:\/\/librairie7l.com\/en\/produit\/nues-femmes-lascives-2\/\" \/>\n<meta property=\"og:locale\" content=\"en_US\" \/>\n<meta property=\"og:type\" content=\"article\" \/>\n<meta property=\"og:title\" content=\"Nues ; femmes lascives - Librairie 7L\" \/>\n<meta property=\"og:description\" content=\"Cet opus de &#8220;L&#8217;Oeil curieux&#8221;, con\u00e7u autour de portraits de femmes nues photographi\u00e9es par les pionniers de la photographie jusqu&#8217;\u00e0 Man Ray, donne \u00e0 voir les rencontres les plus accomplies entre un artiste et son mod\u00e8le. Un art et une \u00e9cole. L&#8217;\u00e9tude du nu est primordiale dans la formation artistique des peintres et des dessinateurs [&hellip;]\" \/>\n<meta property=\"og:url\" content=\"https:\/\/librairie7l.com\/en\/produit\/nues-femmes-lascives-2\/\" \/>\n<meta property=\"og:site_name\" content=\"Librairie 7L\" \/>\n<meta property=\"article:modified_time\" content=\"2026-04-24T03:45:20+00:00\" \/>\n<meta property=\"og:image\" content=\"https:\/\/librairie7l.com\/wp-content\/uploads\/2015\/10\/9782717727012_1_75.jpg\" \/>\n\t<meta property=\"og:image:width\" content=\"400\" \/>\n\t<meta property=\"og:image:height\" content=\"561\" \/>\n\t<meta property=\"og:image:type\" content=\"image\/jpeg\" \/>\n<meta name=\"twitter:card\" content=\"summary_large_image\" \/>\n<meta name=\"twitter:label1\" content=\"Est. reading time\" \/>\n\t<meta name=\"twitter:data1\" content=\"1 minute\" \/>\n<script type=\"application\/ld+json\" class=\"yoast-schema-graph\">{\"@context\":\"https:\/\/schema.org\",\"@graph\":[{\"@type\":\"WebPage\",\"@id\":\"https:\/\/librairie7l.com\/en\/produit\/nues-femmes-lascives-2\/\",\"url\":\"https:\/\/librairie7l.com\/en\/produit\/nues-femmes-lascives-2\/\",\"name\":\"Nues ; femmes lascives - Librairie 7L\",\"isPartOf\":{\"@id\":\"https:\/\/librairie7l.com\/en\/#website\"},\"datePublished\":\"2025-04-02T07:18:00+00:00\",\"dateModified\":\"2026-04-24T03:45:20+00:00\",\"breadcrumb\":{\"@id\":\"https:\/\/librairie7l.com\/en\/produit\/nues-femmes-lascives-2\/#breadcrumb\"},\"inLanguage\":\"en-US\",\"potentialAction\":[{\"@type\":\"ReadAction\",\"target\":[\"https:\/\/librairie7l.com\/en\/produit\/nues-femmes-lascives-2\/\"]}]},{\"@type\":\"BreadcrumbList\",\"@id\":\"https:\/\/librairie7l.com\/en\/produit\/nues-femmes-lascives-2\/#breadcrumb\",\"itemListElement\":[{\"@type\":\"ListItem\",\"position\":1,\"name\":\"Accueil\",\"item\":\"https:\/\/librairie7l.com\/en\/\"},{\"@type\":\"ListItem\",\"position\":2,\"name\":\"Shop\",\"item\":\"https:\/\/librairie7l.com\/en\/shop\/\"},{\"@type\":\"ListItem\",\"position\":3,\"name\":\"NUES ; FEMMES LASCIVES\"}]},{\"@type\":\"WebSite\",\"@id\":\"https:\/\/librairie7l.com\/en\/#website\",\"url\":\"https:\/\/librairie7l.com\/en\/\",\"name\":\"Librairie 7L\",\"description\":\"Librairie fond\u00e9e en 1999 par Karl Lagerfeld \u00e0 Paris\",\"publisher\":{\"@id\":\"https:\/\/librairie7l.com\/en\/#organization\"},\"potentialAction\":[{\"@type\":\"SearchAction\",\"target\":{\"@type\":\"EntryPoint\",\"urlTemplate\":\"https:\/\/librairie7l.com\/en\/?s={search_term_string}\"},\"query-input\":\"required name=search_term_string\"}],\"inLanguage\":\"en-US\"},{\"@type\":\"Organization\",\"@id\":\"https:\/\/librairie7l.com\/en\/#organization\",\"name\":\"Librairie 7L\",\"url\":\"https:\/\/librairie7l.com\/en\/\",\"logo\":{\"@type\":\"ImageObject\",\"inLanguage\":\"en-US\",\"@id\":\"https:\/\/librairie7l.com\/en\/#\/schema\/logo\/image\/\",\"url\":\"https:\/\/librairie7l.com\/wp-content\/uploads\/2022\/08\/logo-1.png\",\"contentUrl\":\"https:\/\/librairie7l.com\/wp-content\/uploads\/2022\/08\/logo-1.png\",\"width\":227,\"height\":301,\"caption\":\"Librairie 7L\"},\"image\":{\"@id\":\"https:\/\/librairie7l.com\/en\/#\/schema\/logo\/image\/\"}}]}<\/script>\n<!-- \/ Yoast SEO plugin. -->","yoast_head_json":{"title":"Nues ; femmes lascives - Librairie 7L","robots":{"index":"index","follow":"follow","max-snippet":"max-snippet:-1","max-image-preview":"max-image-preview:large","max-video-preview":"max-video-preview:-1"},"canonical":"https:\/\/librairie7l.com\/en\/produit\/nues-femmes-lascives-2\/","og_locale":"en_US","og_type":"article","og_title":"Nues ; femmes lascives - Librairie 7L","og_description":"Cet opus de &#8220;L&#8217;Oeil curieux&#8221;, con\u00e7u autour de portraits de femmes nues photographi\u00e9es par les pionniers de la photographie jusqu&#8217;\u00e0 Man Ray, donne \u00e0 voir les rencontres les plus accomplies entre un artiste et son mod\u00e8le. Un art et une \u00e9cole. L&#8217;\u00e9tude du nu est primordiale dans la formation artistique des peintres et des dessinateurs [&hellip;]","og_url":"https:\/\/librairie7l.com\/en\/produit\/nues-femmes-lascives-2\/","og_site_name":"Librairie 7L","article_modified_time":"2026-04-24T03:45:20+00:00","og_image":[{"width":400,"height":561,"url":"https:\/\/librairie7l.com\/wp-content\/uploads\/2015\/10\/9782717727012_1_75.jpg","type":"image\/jpeg"}],"twitter_card":"summary_large_image","twitter_misc":{"Est. reading time":"1 minute"},"schema":{"@context":"https:\/\/schema.org","@graph":[{"@type":"WebPage","@id":"https:\/\/librairie7l.com\/en\/produit\/nues-femmes-lascives-2\/","url":"https:\/\/librairie7l.com\/en\/produit\/nues-femmes-lascives-2\/","name":"Nues ; femmes lascives - Librairie 7L","isPartOf":{"@id":"https:\/\/librairie7l.com\/en\/#website"},"datePublished":"2025-04-02T07:18:00+00:00","dateModified":"2026-04-24T03:45:20+00:00","breadcrumb":{"@id":"https:\/\/librairie7l.com\/en\/produit\/nues-femmes-lascives-2\/#breadcrumb"},"inLanguage":"en-US","potentialAction":[{"@type":"ReadAction","target":["https:\/\/librairie7l.com\/en\/produit\/nues-femmes-lascives-2\/"]}]},{"@type":"BreadcrumbList","@id":"https:\/\/librairie7l.com\/en\/produit\/nues-femmes-lascives-2\/#breadcrumb","itemListElement":[{"@type":"ListItem","position":1,"name":"Accueil","item":"https:\/\/librairie7l.com\/en\/"},{"@type":"ListItem","position":2,"name":"Shop","item":"https:\/\/librairie7l.com\/en\/shop\/"},{"@type":"ListItem","position":3,"name":"NUES ; FEMMES LASCIVES"}]},{"@type":"WebSite","@id":"https:\/\/librairie7l.com\/en\/#website","url":"https:\/\/librairie7l.com\/en\/","name":"Librairie 7L","description":"Librairie fond\u00e9e en 1999 par Karl Lagerfeld \u00e0 Paris","publisher":{"@id":"https:\/\/librairie7l.com\/en\/#organization"},"potentialAction":[{"@type":"SearchAction","target":{"@type":"EntryPoint","urlTemplate":"https:\/\/librairie7l.com\/en\/?s={search_term_string}"},"query-input":"required name=search_term_string"}],"inLanguage":"en-US"},{"@type":"Organization","@id":"https:\/\/librairie7l.com\/en\/#organization","name":"Librairie 7L","url":"https:\/\/librairie7l.com\/en\/","logo":{"@type":"ImageObject","inLanguage":"en-US","@id":"https:\/\/librairie7l.com\/en\/#\/schema\/logo\/image\/","url":"https:\/\/librairie7l.com\/wp-content\/uploads\/2022\/08\/logo-1.png","contentUrl":"https:\/\/librairie7l.com\/wp-content\/uploads\/2022\/08\/logo-1.png","width":227,"height":301,"caption":"Librairie 7L"},"image":{"@id":"https:\/\/librairie7l.com\/en\/#\/schema\/logo\/image\/"}}]}},"_links":{"self":[{"href":"https:\/\/librairie7l.com\/en\/wp-json\/wp\/v2\/product\/47163"}],"collection":[{"href":"https:\/\/librairie7l.com\/en\/wp-json\/wp\/v2\/product"}],"about":[{"href":"https:\/\/librairie7l.com\/en\/wp-json\/wp\/v2\/types\/product"}],"wp:featuredmedia":[{"embeddable":true,"href":"https:\/\/librairie7l.com\/en\/wp-json\/wp\/v2\/media\/47161"}],"wp:attachment":[{"href":"https:\/\/librairie7l.com\/en\/wp-json\/wp\/v2\/media?parent=47163"}],"wp:term":[{"taxonomy":"product_cat","embeddable":true,"href":"https:\/\/librairie7l.com\/en\/wp-json\/wp\/v2\/product_cat?post=47163"},{"taxonomy":"product_tag","embeddable":true,"href":"https:\/\/librairie7l.com\/en\/wp-json\/wp\/v2\/product_tag?post=47163"}],"curies":[{"name":"wp","href":"https:\/\/api.w.org\/{rel}","templated":true}]}}