{"id":47167,"date":"2025-04-02T09:18:04","date_gmt":"2025-04-02T07:18:04","guid":{"rendered":"https:\/\/librairie7l.com\/?post_type=product&#038;p=47167"},"modified":"2026-04-18T01:02:43","modified_gmt":"2026-04-17T23:02:43","slug":"la-femme-nouvelle-selon-gabriele-munter-2","status":"publish","type":"product","link":"https:\/\/librairie7l.com\/en\/produit\/la-femme-nouvelle-selon-gabriele-munter-2\/","title":{"rendered":"LA FEMME NOUVELLE SELON GABRIELE M\u00dcNTER"},"content":{"rendered":"<p>\u00c0 partir du tableau<br \/>\nDame assise dans un fauteuil \u00e9crivant, l&#8217;auteure reconstitue la vie romanesque de Gabriele M\u00fcnter \u00e0 Murnau, Berlin mais aussi \u00e0 Paris et Stockholm. <\/p>\n<p>Premier (et unique ?) roman francophone autour de Gabriele M\u00fcnter dont la sortie en librairie co\u00efncidera avec la grande exposition pr\u00e9vue au MAM de Paris.<br \/>\nGabriele s&#8217;\u00e9tait-elle agenouill\u00e9e face \u00e0 cette femme pour parvenir \u00e0 peindre, cadr\u00e9 de cette mani\u00e8re, son motif ?<br \/>\n Cette<br \/>\nDame assise dans un fauteuil \u00e9crivant (St\u00e9nographe. Femme suisse v\u00eatue d&#8217;un pyjama) assure selon l&#8217;artiste la fonction de st\u00e9nographe, consid\u00e9r\u00e9e comme le premier m\u00e9tier f\u00e9minin de l&#8217;entre deux-guerre.<br \/>\n Le personnage porte des cheveux courts coiff\u00e9s \u00e0 la derni\u00e8re mode, s&#8217;habille d&#8217;un pantalon fluide assorti par sa couleur aux longues manches qui recouvrent ses bras et d\u00e9passent d&#8217;un corsage noir.<br \/>\n Gabriele effectue le portrait d&#8217;une femme moderne. Nous sommes \u00e0 Paris en 1929.<br \/>\n Dans une<br \/>\n\u00c9tude de paysage r\u00e9alis\u00e9e par la peintre en 1904, on aper\u00e7oit sur l&#8217;autre rive du Rhin, une petite maison blanche surmont\u00e9e d&#8217;un toit rouge. Le fleuve motif central laisse appara\u00eetre \u00e0 son angle, cette fois en bas du tableau, la silhouette modeste d&#8217;une femme. On la dirait assise \u00e0 une table. Son corsage turquoise annonce le vif de l&#8217;indigo des fleurs au milieu des lierres grimpant le long du parapet qui la prot\u00e8ge.<\/p>\n<p> En ce mois de mai 1904, Gabriele voyage accompagn\u00e9e de sa soeur Emmy le long du Rhin. Elle s&#8217;appr\u00eate \u00e0 rejoindre Vassili son grand amour, ils doivent partir vers la Hollande. <\/p>\n<p>Que s&#8217;est-il pass\u00e9 dans la vie de Gabri\u00e8le M\u00fcnter entre 1904 et 1929 pour que l&#8217;artiste recadre ainsi son motif, que cette femme miniature \u00e0 l&#8217;angle du grand paysage devienne vingt-cinq ans plus tard et brusquement le sujet de l&#8217;enti\u00e8ret\u00e9 du cadre peint ?<\/p>\n","protected":false},"excerpt":{"rendered":"<p>\u00c0 partir du tableau Dame assise dans un fauteuil \u00e9crivant, l&#8217;auteure reconstitue la vie romanesque de Gabriele M\u00fcnter \u00e0 Murnau, Berlin mais aussi \u00e0 Paris et Stockholm. Premier (et unique ?) roman francophone autour de Gabriele M\u00fcnter dont la sortie en librairie co\u00efncidera avec la grande exposition pr\u00e9vue au MAM de Paris. Gabriele s&#8217;\u00e9tait-elle agenouill\u00e9e [&hellip;]<\/p>\n","protected":false},"featured_media":47165,"template":"","meta":[],"product_cat":[2948,2953],"product_tag":[],"acf":[],"yoast_head":"<!-- This site is optimized with the Yoast SEO plugin v20.11 - https:\/\/yoast.com\/wordpress\/plugins\/seo\/ -->\n<title>La femme nouvelle selon Gabriele M\u00fcnter - Librairie 7L<\/title>\n<meta name=\"robots\" content=\"index, follow, max-snippet:-1, max-image-preview:large, max-video-preview:-1\" \/>\n<link rel=\"canonical\" href=\"https:\/\/librairie7l.com\/en\/produit\/la-femme-nouvelle-selon-gabriele-munter-2\/\" \/>\n<meta property=\"og:locale\" content=\"en_US\" \/>\n<meta property=\"og:type\" content=\"article\" \/>\n<meta property=\"og:title\" content=\"La femme nouvelle selon Gabriele M\u00fcnter - Librairie 7L\" \/>\n<meta property=\"og:description\" content=\"\u00c0 partir du tableau Dame assise dans un fauteuil \u00e9crivant, l&#8217;auteure reconstitue la vie romanesque de Gabriele M\u00fcnter \u00e0 Murnau, Berlin mais aussi \u00e0 Paris et Stockholm. Premier (et unique ?) roman francophone autour de Gabriele M\u00fcnter dont la sortie en librairie co\u00efncidera avec la grande exposition pr\u00e9vue au MAM de Paris. Gabriele s&#8217;\u00e9tait-elle agenouill\u00e9e [&hellip;]\" \/>\n<meta property=\"og:url\" content=\"https:\/\/librairie7l.com\/en\/produit\/la-femme-nouvelle-selon-gabriele-munter-2\/\" \/>\n<meta property=\"og:site_name\" content=\"Librairie 7L\" \/>\n<meta property=\"article:modified_time\" content=\"2026-04-17T23:02:43+00:00\" \/>\n<meta property=\"og:image\" content=\"https:\/\/librairie7l.com\/wp-content\/uploads\/2024\/12\/9791031206417_1_75.jpg\" \/>\n\t<meta property=\"og:image:width\" content=\"600\" \/>\n\t<meta property=\"og:image:height\" content=\"864\" \/>\n\t<meta property=\"og:image:type\" content=\"image\/jpeg\" \/>\n<meta name=\"twitter:card\" content=\"summary_large_image\" \/>\n<meta name=\"twitter:label1\" content=\"Est. reading time\" \/>\n\t<meta name=\"twitter:data1\" content=\"2 minutes\" \/>\n<script type=\"application\/ld+json\" class=\"yoast-schema-graph\">{\"@context\":\"https:\/\/schema.org\",\"@graph\":[{\"@type\":\"WebPage\",\"@id\":\"https:\/\/librairie7l.com\/en\/produit\/la-femme-nouvelle-selon-gabriele-munter-2\/\",\"url\":\"https:\/\/librairie7l.com\/en\/produit\/la-femme-nouvelle-selon-gabriele-munter-2\/\",\"name\":\"La femme nouvelle selon Gabriele M\u00fcnter - Librairie 7L\",\"isPartOf\":{\"@id\":\"https:\/\/librairie7l.com\/en\/#website\"},\"datePublished\":\"2025-04-02T07:18:04+00:00\",\"dateModified\":\"2026-04-17T23:02:43+00:00\",\"breadcrumb\":{\"@id\":\"https:\/\/librairie7l.com\/en\/produit\/la-femme-nouvelle-selon-gabriele-munter-2\/#breadcrumb\"},\"inLanguage\":\"en-US\",\"potentialAction\":[{\"@type\":\"ReadAction\",\"target\":[\"https:\/\/librairie7l.com\/en\/produit\/la-femme-nouvelle-selon-gabriele-munter-2\/\"]}]},{\"@type\":\"BreadcrumbList\",\"@id\":\"https:\/\/librairie7l.com\/en\/produit\/la-femme-nouvelle-selon-gabriele-munter-2\/#breadcrumb\",\"itemListElement\":[{\"@type\":\"ListItem\",\"position\":1,\"name\":\"Accueil\",\"item\":\"https:\/\/librairie7l.com\/en\/\"},{\"@type\":\"ListItem\",\"position\":2,\"name\":\"Shop\",\"item\":\"https:\/\/librairie7l.com\/en\/shop\/\"},{\"@type\":\"ListItem\",\"position\":3,\"name\":\"LA FEMME NOUVELLE SELON GABRIELE M\u00dcNTER\"}]},{\"@type\":\"WebSite\",\"@id\":\"https:\/\/librairie7l.com\/en\/#website\",\"url\":\"https:\/\/librairie7l.com\/en\/\",\"name\":\"Librairie 7L\",\"description\":\"Librairie fond\u00e9e en 1999 par Karl Lagerfeld \u00e0 Paris\",\"publisher\":{\"@id\":\"https:\/\/librairie7l.com\/en\/#organization\"},\"potentialAction\":[{\"@type\":\"SearchAction\",\"target\":{\"@type\":\"EntryPoint\",\"urlTemplate\":\"https:\/\/librairie7l.com\/en\/?s={search_term_string}\"},\"query-input\":\"required name=search_term_string\"}],\"inLanguage\":\"en-US\"},{\"@type\":\"Organization\",\"@id\":\"https:\/\/librairie7l.com\/en\/#organization\",\"name\":\"Librairie 7L\",\"url\":\"https:\/\/librairie7l.com\/en\/\",\"logo\":{\"@type\":\"ImageObject\",\"inLanguage\":\"en-US\",\"@id\":\"https:\/\/librairie7l.com\/en\/#\/schema\/logo\/image\/\",\"url\":\"https:\/\/librairie7l.com\/wp-content\/uploads\/2022\/08\/logo-1.png\",\"contentUrl\":\"https:\/\/librairie7l.com\/wp-content\/uploads\/2022\/08\/logo-1.png\",\"width\":227,\"height\":301,\"caption\":\"Librairie 7L\"},\"image\":{\"@id\":\"https:\/\/librairie7l.com\/en\/#\/schema\/logo\/image\/\"}}]}<\/script>\n<!-- \/ Yoast SEO plugin. -->","yoast_head_json":{"title":"La femme nouvelle selon Gabriele M\u00fcnter - Librairie 7L","robots":{"index":"index","follow":"follow","max-snippet":"max-snippet:-1","max-image-preview":"max-image-preview:large","max-video-preview":"max-video-preview:-1"},"canonical":"https:\/\/librairie7l.com\/en\/produit\/la-femme-nouvelle-selon-gabriele-munter-2\/","og_locale":"en_US","og_type":"article","og_title":"La femme nouvelle selon Gabriele M\u00fcnter - Librairie 7L","og_description":"\u00c0 partir du tableau Dame assise dans un fauteuil \u00e9crivant, l&#8217;auteure reconstitue la vie romanesque de Gabriele M\u00fcnter \u00e0 Murnau, Berlin mais aussi \u00e0 Paris et Stockholm. Premier (et unique ?) roman francophone autour de Gabriele M\u00fcnter dont la sortie en librairie co\u00efncidera avec la grande exposition pr\u00e9vue au MAM de Paris. Gabriele s&#8217;\u00e9tait-elle agenouill\u00e9e [&hellip;]","og_url":"https:\/\/librairie7l.com\/en\/produit\/la-femme-nouvelle-selon-gabriele-munter-2\/","og_site_name":"Librairie 7L","article_modified_time":"2026-04-17T23:02:43+00:00","og_image":[{"width":600,"height":864,"url":"https:\/\/librairie7l.com\/wp-content\/uploads\/2024\/12\/9791031206417_1_75.jpg","type":"image\/jpeg"}],"twitter_card":"summary_large_image","twitter_misc":{"Est. reading time":"2 minutes"},"schema":{"@context":"https:\/\/schema.org","@graph":[{"@type":"WebPage","@id":"https:\/\/librairie7l.com\/en\/produit\/la-femme-nouvelle-selon-gabriele-munter-2\/","url":"https:\/\/librairie7l.com\/en\/produit\/la-femme-nouvelle-selon-gabriele-munter-2\/","name":"La femme nouvelle selon Gabriele M\u00fcnter - Librairie 7L","isPartOf":{"@id":"https:\/\/librairie7l.com\/en\/#website"},"datePublished":"2025-04-02T07:18:04+00:00","dateModified":"2026-04-17T23:02:43+00:00","breadcrumb":{"@id":"https:\/\/librairie7l.com\/en\/produit\/la-femme-nouvelle-selon-gabriele-munter-2\/#breadcrumb"},"inLanguage":"en-US","potentialAction":[{"@type":"ReadAction","target":["https:\/\/librairie7l.com\/en\/produit\/la-femme-nouvelle-selon-gabriele-munter-2\/"]}]},{"@type":"BreadcrumbList","@id":"https:\/\/librairie7l.com\/en\/produit\/la-femme-nouvelle-selon-gabriele-munter-2\/#breadcrumb","itemListElement":[{"@type":"ListItem","position":1,"name":"Accueil","item":"https:\/\/librairie7l.com\/en\/"},{"@type":"ListItem","position":2,"name":"Shop","item":"https:\/\/librairie7l.com\/en\/shop\/"},{"@type":"ListItem","position":3,"name":"LA FEMME NOUVELLE SELON GABRIELE M\u00dcNTER"}]},{"@type":"WebSite","@id":"https:\/\/librairie7l.com\/en\/#website","url":"https:\/\/librairie7l.com\/en\/","name":"Librairie 7L","description":"Librairie fond\u00e9e en 1999 par Karl Lagerfeld \u00e0 Paris","publisher":{"@id":"https:\/\/librairie7l.com\/en\/#organization"},"potentialAction":[{"@type":"SearchAction","target":{"@type":"EntryPoint","urlTemplate":"https:\/\/librairie7l.com\/en\/?s={search_term_string}"},"query-input":"required name=search_term_string"}],"inLanguage":"en-US"},{"@type":"Organization","@id":"https:\/\/librairie7l.com\/en\/#organization","name":"Librairie 7L","url":"https:\/\/librairie7l.com\/en\/","logo":{"@type":"ImageObject","inLanguage":"en-US","@id":"https:\/\/librairie7l.com\/en\/#\/schema\/logo\/image\/","url":"https:\/\/librairie7l.com\/wp-content\/uploads\/2022\/08\/logo-1.png","contentUrl":"https:\/\/librairie7l.com\/wp-content\/uploads\/2022\/08\/logo-1.png","width":227,"height":301,"caption":"Librairie 7L"},"image":{"@id":"https:\/\/librairie7l.com\/en\/#\/schema\/logo\/image\/"}}]}},"_links":{"self":[{"href":"https:\/\/librairie7l.com\/en\/wp-json\/wp\/v2\/product\/47167"}],"collection":[{"href":"https:\/\/librairie7l.com\/en\/wp-json\/wp\/v2\/product"}],"about":[{"href":"https:\/\/librairie7l.com\/en\/wp-json\/wp\/v2\/types\/product"}],"wp:featuredmedia":[{"embeddable":true,"href":"https:\/\/librairie7l.com\/en\/wp-json\/wp\/v2\/media\/47165"}],"wp:attachment":[{"href":"https:\/\/librairie7l.com\/en\/wp-json\/wp\/v2\/media?parent=47167"}],"wp:term":[{"taxonomy":"product_cat","embeddable":true,"href":"https:\/\/librairie7l.com\/en\/wp-json\/wp\/v2\/product_cat?post=47167"},{"taxonomy":"product_tag","embeddable":true,"href":"https:\/\/librairie7l.com\/en\/wp-json\/wp\/v2\/product_tag?post=47167"}],"curies":[{"name":"wp","href":"https:\/\/api.w.org\/{rel}","templated":true}]}}