{"id":47181,"date":"2025-04-02T09:18:14","date_gmt":"2025-04-02T07:18:14","guid":{"rendered":"https:\/\/librairie7l.com\/?post_type=product&#038;p=47181"},"modified":"2026-04-23T03:02:54","modified_gmt":"2026-04-23T01:02:54","slug":"la-veille-du-ciel-aquarelles-meteorologiques-2","status":"publish","type":"product","link":"https:\/\/librairie7l.com\/en\/produit\/la-veille-du-ciel-aquarelles-meteorologiques-2\/","title":{"rendered":"LA VEILLE DU CIEL : AQUARELLES M\u00c9T\u00c9OROLOGIQUES"},"content":{"rendered":"<p>Chaque jour, de 1912 \u00e0 1951, Andr\u00e9 des Gachons, illustrateur symboliste et m\u00e9t\u00e9orologue amateur, reproduit l&#8217;\u00e9tat du ciel, composant une oeuvre unique riche de plus de 9\u00a0000 dessins et aquarelles.<br \/>\nDepuis son observatoire install\u00e9 \u00e0 La Chauss\u00e9e-sur-Marne, en Champagne, il cherche une m\u00e9thode pour pr\u00e9dire le temps du lendemain, notant la forme des nuages et la couleur du ciel avant de faire parvenir ses bulletins illustr\u00e9s au Bureau central m\u00e9t\u00e9orologique.<br \/>\nCes aquarelles m\u00e9t\u00e9orologiques, dont la majorit\u00e9 a aujourd&#8217;hui disparu, sont rest\u00e9es largement inconnues. Rassembl\u00e9es pour la premi\u00e8re fois, elles offrent un panorama in\u00e9dit des ph\u00e9nom\u00e8nes atmosph\u00e9riques pass\u00e9s en un point pr\u00e9cis du globe.<br \/>\nLa Veille du ciel rend hommage \u00e0 cette oeuvre singuli\u00e8re et po\u00e9tique \u00e0 la crois\u00e9e de la science et de l&#8217;art.<br \/>\n\u00ab\u00a0Lorsque le soleil se couche derri\u00e8re un rideau de nuages, le lendemain le temps sera mauvais ; lorsqu&#8217;il se couche derri\u00e8re un rideau de nuages et r\u00e9appara\u00eet avant de dispara\u00eetre \u00e0 l&#8217;horizon, au contraire, il fera beau\u00a0; le matin, si le soleil se l\u00e8ve derri\u00e8re un rideau de nuages, soyez certains qu&#8217;il fera du vent dans la journ\u00e9e\u00a0; enfin, si le soleil se l\u00e8ve dans un ciel l\u00e9g\u00e8rement nuageux avec vent d&#8217;est, le temps sera beau.\u00a0\u00bb<\/p>\n<p>Andr\u00e9 des Gachons<\/p>\n","protected":false},"excerpt":{"rendered":"<p>Chaque jour, de 1912 \u00e0 1951, Andr\u00e9 des Gachons, illustrateur symboliste et m\u00e9t\u00e9orologue amateur, reproduit l&#8217;\u00e9tat du ciel, composant une oeuvre unique riche de plus de 9\u00a0000 dessins et aquarelles. Depuis son observatoire install\u00e9 \u00e0 La Chauss\u00e9e-sur-Marne, en Champagne, il cherche une m\u00e9thode pour pr\u00e9dire le temps du lendemain, notant la forme des nuages et [&hellip;]<\/p>\n","protected":false},"featured_media":47179,"template":"","meta":[],"product_cat":[2948,2953],"product_tag":[],"acf":[],"yoast_head":"<!-- This site is optimized with the Yoast SEO plugin v20.11 - https:\/\/yoast.com\/wordpress\/plugins\/seo\/ -->\n<title>La Veille du Ciel : Aquarelles m\u00e9t\u00e9orologiques - Librairie 7L<\/title>\n<meta name=\"robots\" content=\"index, follow, max-snippet:-1, max-image-preview:large, max-video-preview:-1\" \/>\n<link rel=\"canonical\" href=\"https:\/\/librairie7l.com\/en\/produit\/la-veille-du-ciel-aquarelles-meteorologiques-2\/\" \/>\n<meta property=\"og:locale\" content=\"en_US\" \/>\n<meta property=\"og:type\" content=\"article\" \/>\n<meta property=\"og:title\" content=\"La Veille du Ciel : Aquarelles m\u00e9t\u00e9orologiques - Librairie 7L\" \/>\n<meta property=\"og:description\" content=\"Chaque jour, de 1912 \u00e0 1951, Andr\u00e9 des Gachons, illustrateur symboliste et m\u00e9t\u00e9orologue amateur, reproduit l&#8217;\u00e9tat du ciel, composant une oeuvre unique riche de plus de 9\u00a0000 dessins et aquarelles. Depuis son observatoire install\u00e9 \u00e0 La Chauss\u00e9e-sur-Marne, en Champagne, il cherche une m\u00e9thode pour pr\u00e9dire le temps du lendemain, notant la forme des nuages et [&hellip;]\" \/>\n<meta property=\"og:url\" content=\"https:\/\/librairie7l.com\/en\/produit\/la-veille-du-ciel-aquarelles-meteorologiques-2\/\" \/>\n<meta property=\"og:site_name\" content=\"Librairie 7L\" \/>\n<meta property=\"article:modified_time\" content=\"2026-04-23T01:02:54+00:00\" \/>\n<meta property=\"og:image\" content=\"https:\/\/librairie7l.com\/wp-content\/uploads\/2025\/02\/9782959775604_1_75.jpg\" \/>\n\t<meta property=\"og:image:width\" content=\"376\" \/>\n\t<meta property=\"og:image:height\" content=\"500\" \/>\n\t<meta property=\"og:image:type\" content=\"image\/jpeg\" \/>\n<meta name=\"twitter:card\" content=\"summary_large_image\" \/>\n<meta name=\"twitter:label1\" content=\"Est. reading time\" \/>\n\t<meta name=\"twitter:data1\" content=\"1 minute\" \/>\n<script type=\"application\/ld+json\" class=\"yoast-schema-graph\">{\"@context\":\"https:\/\/schema.org\",\"@graph\":[{\"@type\":\"WebPage\",\"@id\":\"https:\/\/librairie7l.com\/en\/produit\/la-veille-du-ciel-aquarelles-meteorologiques-2\/\",\"url\":\"https:\/\/librairie7l.com\/en\/produit\/la-veille-du-ciel-aquarelles-meteorologiques-2\/\",\"name\":\"La Veille du Ciel : Aquarelles m\u00e9t\u00e9orologiques - Librairie 7L\",\"isPartOf\":{\"@id\":\"https:\/\/librairie7l.com\/en\/#website\"},\"datePublished\":\"2025-04-02T07:18:14+00:00\",\"dateModified\":\"2026-04-23T01:02:54+00:00\",\"breadcrumb\":{\"@id\":\"https:\/\/librairie7l.com\/en\/produit\/la-veille-du-ciel-aquarelles-meteorologiques-2\/#breadcrumb\"},\"inLanguage\":\"en-US\",\"potentialAction\":[{\"@type\":\"ReadAction\",\"target\":[\"https:\/\/librairie7l.com\/en\/produit\/la-veille-du-ciel-aquarelles-meteorologiques-2\/\"]}]},{\"@type\":\"BreadcrumbList\",\"@id\":\"https:\/\/librairie7l.com\/en\/produit\/la-veille-du-ciel-aquarelles-meteorologiques-2\/#breadcrumb\",\"itemListElement\":[{\"@type\":\"ListItem\",\"position\":1,\"name\":\"Accueil\",\"item\":\"https:\/\/librairie7l.com\/en\/\"},{\"@type\":\"ListItem\",\"position\":2,\"name\":\"Shop\",\"item\":\"https:\/\/librairie7l.com\/en\/shop\/\"},{\"@type\":\"ListItem\",\"position\":3,\"name\":\"LA VEILLE DU CIEL : AQUARELLES M\u00c9T\u00c9OROLOGIQUES\"}]},{\"@type\":\"WebSite\",\"@id\":\"https:\/\/librairie7l.com\/en\/#website\",\"url\":\"https:\/\/librairie7l.com\/en\/\",\"name\":\"Librairie 7L\",\"description\":\"Librairie fond\u00e9e en 1999 par Karl Lagerfeld \u00e0 Paris\",\"publisher\":{\"@id\":\"https:\/\/librairie7l.com\/en\/#organization\"},\"potentialAction\":[{\"@type\":\"SearchAction\",\"target\":{\"@type\":\"EntryPoint\",\"urlTemplate\":\"https:\/\/librairie7l.com\/en\/?s={search_term_string}\"},\"query-input\":\"required name=search_term_string\"}],\"inLanguage\":\"en-US\"},{\"@type\":\"Organization\",\"@id\":\"https:\/\/librairie7l.com\/en\/#organization\",\"name\":\"Librairie 7L\",\"url\":\"https:\/\/librairie7l.com\/en\/\",\"logo\":{\"@type\":\"ImageObject\",\"inLanguage\":\"en-US\",\"@id\":\"https:\/\/librairie7l.com\/en\/#\/schema\/logo\/image\/\",\"url\":\"https:\/\/librairie7l.com\/wp-content\/uploads\/2022\/08\/logo-1.png\",\"contentUrl\":\"https:\/\/librairie7l.com\/wp-content\/uploads\/2022\/08\/logo-1.png\",\"width\":227,\"height\":301,\"caption\":\"Librairie 7L\"},\"image\":{\"@id\":\"https:\/\/librairie7l.com\/en\/#\/schema\/logo\/image\/\"}}]}<\/script>\n<!-- \/ Yoast SEO plugin. -->","yoast_head_json":{"title":"La Veille du Ciel : Aquarelles m\u00e9t\u00e9orologiques - Librairie 7L","robots":{"index":"index","follow":"follow","max-snippet":"max-snippet:-1","max-image-preview":"max-image-preview:large","max-video-preview":"max-video-preview:-1"},"canonical":"https:\/\/librairie7l.com\/en\/produit\/la-veille-du-ciel-aquarelles-meteorologiques-2\/","og_locale":"en_US","og_type":"article","og_title":"La Veille du Ciel : Aquarelles m\u00e9t\u00e9orologiques - Librairie 7L","og_description":"Chaque jour, de 1912 \u00e0 1951, Andr\u00e9 des Gachons, illustrateur symboliste et m\u00e9t\u00e9orologue amateur, reproduit l&#8217;\u00e9tat du ciel, composant une oeuvre unique riche de plus de 9\u00a0000 dessins et aquarelles. Depuis son observatoire install\u00e9 \u00e0 La Chauss\u00e9e-sur-Marne, en Champagne, il cherche une m\u00e9thode pour pr\u00e9dire le temps du lendemain, notant la forme des nuages et [&hellip;]","og_url":"https:\/\/librairie7l.com\/en\/produit\/la-veille-du-ciel-aquarelles-meteorologiques-2\/","og_site_name":"Librairie 7L","article_modified_time":"2026-04-23T01:02:54+00:00","og_image":[{"width":376,"height":500,"url":"https:\/\/librairie7l.com\/wp-content\/uploads\/2025\/02\/9782959775604_1_75.jpg","type":"image\/jpeg"}],"twitter_card":"summary_large_image","twitter_misc":{"Est. reading time":"1 minute"},"schema":{"@context":"https:\/\/schema.org","@graph":[{"@type":"WebPage","@id":"https:\/\/librairie7l.com\/en\/produit\/la-veille-du-ciel-aquarelles-meteorologiques-2\/","url":"https:\/\/librairie7l.com\/en\/produit\/la-veille-du-ciel-aquarelles-meteorologiques-2\/","name":"La Veille du Ciel : Aquarelles m\u00e9t\u00e9orologiques - Librairie 7L","isPartOf":{"@id":"https:\/\/librairie7l.com\/en\/#website"},"datePublished":"2025-04-02T07:18:14+00:00","dateModified":"2026-04-23T01:02:54+00:00","breadcrumb":{"@id":"https:\/\/librairie7l.com\/en\/produit\/la-veille-du-ciel-aquarelles-meteorologiques-2\/#breadcrumb"},"inLanguage":"en-US","potentialAction":[{"@type":"ReadAction","target":["https:\/\/librairie7l.com\/en\/produit\/la-veille-du-ciel-aquarelles-meteorologiques-2\/"]}]},{"@type":"BreadcrumbList","@id":"https:\/\/librairie7l.com\/en\/produit\/la-veille-du-ciel-aquarelles-meteorologiques-2\/#breadcrumb","itemListElement":[{"@type":"ListItem","position":1,"name":"Accueil","item":"https:\/\/librairie7l.com\/en\/"},{"@type":"ListItem","position":2,"name":"Shop","item":"https:\/\/librairie7l.com\/en\/shop\/"},{"@type":"ListItem","position":3,"name":"LA VEILLE DU CIEL : AQUARELLES M\u00c9T\u00c9OROLOGIQUES"}]},{"@type":"WebSite","@id":"https:\/\/librairie7l.com\/en\/#website","url":"https:\/\/librairie7l.com\/en\/","name":"Librairie 7L","description":"Librairie fond\u00e9e en 1999 par Karl Lagerfeld \u00e0 Paris","publisher":{"@id":"https:\/\/librairie7l.com\/en\/#organization"},"potentialAction":[{"@type":"SearchAction","target":{"@type":"EntryPoint","urlTemplate":"https:\/\/librairie7l.com\/en\/?s={search_term_string}"},"query-input":"required name=search_term_string"}],"inLanguage":"en-US"},{"@type":"Organization","@id":"https:\/\/librairie7l.com\/en\/#organization","name":"Librairie 7L","url":"https:\/\/librairie7l.com\/en\/","logo":{"@type":"ImageObject","inLanguage":"en-US","@id":"https:\/\/librairie7l.com\/en\/#\/schema\/logo\/image\/","url":"https:\/\/librairie7l.com\/wp-content\/uploads\/2022\/08\/logo-1.png","contentUrl":"https:\/\/librairie7l.com\/wp-content\/uploads\/2022\/08\/logo-1.png","width":227,"height":301,"caption":"Librairie 7L"},"image":{"@id":"https:\/\/librairie7l.com\/en\/#\/schema\/logo\/image\/"}}]}},"_links":{"self":[{"href":"https:\/\/librairie7l.com\/en\/wp-json\/wp\/v2\/product\/47181"}],"collection":[{"href":"https:\/\/librairie7l.com\/en\/wp-json\/wp\/v2\/product"}],"about":[{"href":"https:\/\/librairie7l.com\/en\/wp-json\/wp\/v2\/types\/product"}],"wp:featuredmedia":[{"embeddable":true,"href":"https:\/\/librairie7l.com\/en\/wp-json\/wp\/v2\/media\/47179"}],"wp:attachment":[{"href":"https:\/\/librairie7l.com\/en\/wp-json\/wp\/v2\/media?parent=47181"}],"wp:term":[{"taxonomy":"product_cat","embeddable":true,"href":"https:\/\/librairie7l.com\/en\/wp-json\/wp\/v2\/product_cat?post=47181"},{"taxonomy":"product_tag","embeddable":true,"href":"https:\/\/librairie7l.com\/en\/wp-json\/wp\/v2\/product_tag?post=47181"}],"curies":[{"name":"wp","href":"https:\/\/api.w.org\/{rel}","templated":true}]}}