{"id":47199,"date":"2025-04-03T09:18:00","date_gmt":"2025-04-03T07:18:00","guid":{"rendered":"https:\/\/librairie7l.com\/?post_type=product&#038;p=47199"},"modified":"2026-04-29T23:37:23","modified_gmt":"2026-04-29T21:37:23","slug":"petrovitch-dialogues-inattendus-au-musee-marmottan-monet-2","status":"publish","type":"product","link":"https:\/\/librairie7l.com\/en\/produit\/petrovitch-dialogues-inattendus-au-musee-marmottan-monet-2\/","title":{"rendered":"P\u00c9TROVITCH DIALOGUES INATTENDUS AU MUS\u00c9E MARMOTTAN MONET"},"content":{"rendered":"<p>Le catalogue accompagne l&#8217;exposition \u00ab P\u00e9trovitch \/ Morisot. Soleil \u00bb  au mus\u00e9e Marmottan Monet \u00e0 Paris (9 avril &#8211; 14 septembre 2025). Cet ouvrage propose de d\u00e9couvrir la s\u00e9rie in\u00e9dite des \u00ab Soleils \u00bb cr\u00e9\u00e9e par Fran\u00e7oise P\u00e9trovitch pour ce dialogue inattendu avec Berthe Morisot. Le parall\u00e8le entre les deux artistes sera donn\u00e9 \u00e0 voir \u00e0 travers des rapprochements d&#8217;oeuvres et de photographies.<br \/>\nL&#8217;ouvrage s&#8217;ouvre par une pr\u00e9face du directeur du mus\u00e9e Marmottan Monet, \u00c9rik Desmazi\u00e8res, et l&#8217;avant-propos et l&#8217;entretien avec l&#8217;artiste sont sign\u00e9s par Ana\u00ebl Pigeat.<\/p>\n","protected":false},"excerpt":{"rendered":"<p>Le catalogue accompagne l&#8217;exposition \u00ab P\u00e9trovitch \/ Morisot. Soleil \u00bb au mus\u00e9e Marmottan Monet \u00e0 Paris (9 avril &#8211; 14 septembre 2025). Cet ouvrage propose de d\u00e9couvrir la s\u00e9rie in\u00e9dite des \u00ab Soleils \u00bb cr\u00e9\u00e9e par Fran\u00e7oise P\u00e9trovitch pour ce dialogue inattendu avec Berthe Morisot. Le parall\u00e8le entre les deux artistes sera donn\u00e9 \u00e0 voir [&hellip;]<\/p>\n","protected":false},"featured_media":47197,"template":"","meta":[],"product_cat":[2948,2953],"product_tag":[],"acf":[],"yoast_head":"<!-- This site is optimized with the Yoast SEO plugin v20.11 - https:\/\/yoast.com\/wordpress\/plugins\/seo\/ -->\n<title>P\u00e9trovitch Dialogues inattendus au mus\u00e9e Marmottan Monet - Librairie 7L<\/title>\n<meta name=\"robots\" content=\"index, follow, max-snippet:-1, max-image-preview:large, max-video-preview:-1\" \/>\n<link rel=\"canonical\" href=\"https:\/\/librairie7l.com\/en\/produit\/petrovitch-dialogues-inattendus-au-musee-marmottan-monet-2\/\" \/>\n<meta property=\"og:locale\" content=\"en_US\" \/>\n<meta property=\"og:type\" content=\"article\" \/>\n<meta property=\"og:title\" content=\"P\u00e9trovitch Dialogues inattendus au mus\u00e9e Marmottan Monet - Librairie 7L\" \/>\n<meta property=\"og:description\" content=\"Le catalogue accompagne l&#8217;exposition \u00ab P\u00e9trovitch \/ Morisot. Soleil \u00bb au mus\u00e9e Marmottan Monet \u00e0 Paris (9 avril &#8211; 14 septembre 2025). Cet ouvrage propose de d\u00e9couvrir la s\u00e9rie in\u00e9dite des \u00ab Soleils \u00bb cr\u00e9\u00e9e par Fran\u00e7oise P\u00e9trovitch pour ce dialogue inattendu avec Berthe Morisot. Le parall\u00e8le entre les deux artistes sera donn\u00e9 \u00e0 voir [&hellip;]\" \/>\n<meta property=\"og:url\" content=\"https:\/\/librairie7l.com\/en\/produit\/petrovitch-dialogues-inattendus-au-musee-marmottan-monet-2\/\" \/>\n<meta property=\"og:site_name\" content=\"Librairie 7L\" \/>\n<meta property=\"article:modified_time\" content=\"2026-04-29T21:37:23+00:00\" \/>\n<meta property=\"og:image\" content=\"https:\/\/librairie7l.com\/wp-content\/uploads\/2024\/12\/9782377390786_1_75.jpg\" \/>\n\t<meta property=\"og:image:width\" content=\"240\" \/>\n\t<meta property=\"og:image:height\" content=\"292\" \/>\n\t<meta property=\"og:image:type\" content=\"image\/jpeg\" \/>\n<meta name=\"twitter:card\" content=\"summary_large_image\" \/>\n<script type=\"application\/ld+json\" class=\"yoast-schema-graph\">{\"@context\":\"https:\/\/schema.org\",\"@graph\":[{\"@type\":\"WebPage\",\"@id\":\"https:\/\/librairie7l.com\/en\/produit\/petrovitch-dialogues-inattendus-au-musee-marmottan-monet-2\/\",\"url\":\"https:\/\/librairie7l.com\/en\/produit\/petrovitch-dialogues-inattendus-au-musee-marmottan-monet-2\/\",\"name\":\"P\u00e9trovitch Dialogues inattendus au mus\u00e9e Marmottan Monet - Librairie 7L\",\"isPartOf\":{\"@id\":\"https:\/\/librairie7l.com\/en\/#website\"},\"datePublished\":\"2025-04-03T07:18:00+00:00\",\"dateModified\":\"2026-04-29T21:37:23+00:00\",\"breadcrumb\":{\"@id\":\"https:\/\/librairie7l.com\/en\/produit\/petrovitch-dialogues-inattendus-au-musee-marmottan-monet-2\/#breadcrumb\"},\"inLanguage\":\"en-US\",\"potentialAction\":[{\"@type\":\"ReadAction\",\"target\":[\"https:\/\/librairie7l.com\/en\/produit\/petrovitch-dialogues-inattendus-au-musee-marmottan-monet-2\/\"]}]},{\"@type\":\"BreadcrumbList\",\"@id\":\"https:\/\/librairie7l.com\/en\/produit\/petrovitch-dialogues-inattendus-au-musee-marmottan-monet-2\/#breadcrumb\",\"itemListElement\":[{\"@type\":\"ListItem\",\"position\":1,\"name\":\"Accueil\",\"item\":\"https:\/\/librairie7l.com\/en\/\"},{\"@type\":\"ListItem\",\"position\":2,\"name\":\"Shop\",\"item\":\"https:\/\/librairie7l.com\/en\/shop\/\"},{\"@type\":\"ListItem\",\"position\":3,\"name\":\"P\u00c9TROVITCH DIALOGUES INATTENDUS AU MUS\u00c9E MARMOTTAN MONET\"}]},{\"@type\":\"WebSite\",\"@id\":\"https:\/\/librairie7l.com\/en\/#website\",\"url\":\"https:\/\/librairie7l.com\/en\/\",\"name\":\"Librairie 7L\",\"description\":\"Librairie fond\u00e9e en 1999 par Karl Lagerfeld \u00e0 Paris\",\"publisher\":{\"@id\":\"https:\/\/librairie7l.com\/en\/#organization\"},\"potentialAction\":[{\"@type\":\"SearchAction\",\"target\":{\"@type\":\"EntryPoint\",\"urlTemplate\":\"https:\/\/librairie7l.com\/en\/?s={search_term_string}\"},\"query-input\":\"required name=search_term_string\"}],\"inLanguage\":\"en-US\"},{\"@type\":\"Organization\",\"@id\":\"https:\/\/librairie7l.com\/en\/#organization\",\"name\":\"Librairie 7L\",\"url\":\"https:\/\/librairie7l.com\/en\/\",\"logo\":{\"@type\":\"ImageObject\",\"inLanguage\":\"en-US\",\"@id\":\"https:\/\/librairie7l.com\/en\/#\/schema\/logo\/image\/\",\"url\":\"https:\/\/librairie7l.com\/wp-content\/uploads\/2022\/08\/logo-1.png\",\"contentUrl\":\"https:\/\/librairie7l.com\/wp-content\/uploads\/2022\/08\/logo-1.png\",\"width\":227,\"height\":301,\"caption\":\"Librairie 7L\"},\"image\":{\"@id\":\"https:\/\/librairie7l.com\/en\/#\/schema\/logo\/image\/\"}}]}<\/script>\n<!-- \/ Yoast SEO plugin. -->","yoast_head_json":{"title":"P\u00e9trovitch Dialogues inattendus au mus\u00e9e Marmottan Monet - Librairie 7L","robots":{"index":"index","follow":"follow","max-snippet":"max-snippet:-1","max-image-preview":"max-image-preview:large","max-video-preview":"max-video-preview:-1"},"canonical":"https:\/\/librairie7l.com\/en\/produit\/petrovitch-dialogues-inattendus-au-musee-marmottan-monet-2\/","og_locale":"en_US","og_type":"article","og_title":"P\u00e9trovitch Dialogues inattendus au mus\u00e9e Marmottan Monet - Librairie 7L","og_description":"Le catalogue accompagne l&#8217;exposition \u00ab P\u00e9trovitch \/ Morisot. Soleil \u00bb au mus\u00e9e Marmottan Monet \u00e0 Paris (9 avril &#8211; 14 septembre 2025). Cet ouvrage propose de d\u00e9couvrir la s\u00e9rie in\u00e9dite des \u00ab Soleils \u00bb cr\u00e9\u00e9e par Fran\u00e7oise P\u00e9trovitch pour ce dialogue inattendu avec Berthe Morisot. Le parall\u00e8le entre les deux artistes sera donn\u00e9 \u00e0 voir [&hellip;]","og_url":"https:\/\/librairie7l.com\/en\/produit\/petrovitch-dialogues-inattendus-au-musee-marmottan-monet-2\/","og_site_name":"Librairie 7L","article_modified_time":"2026-04-29T21:37:23+00:00","og_image":[{"width":240,"height":292,"url":"https:\/\/librairie7l.com\/wp-content\/uploads\/2024\/12\/9782377390786_1_75.jpg","type":"image\/jpeg"}],"twitter_card":"summary_large_image","schema":{"@context":"https:\/\/schema.org","@graph":[{"@type":"WebPage","@id":"https:\/\/librairie7l.com\/en\/produit\/petrovitch-dialogues-inattendus-au-musee-marmottan-monet-2\/","url":"https:\/\/librairie7l.com\/en\/produit\/petrovitch-dialogues-inattendus-au-musee-marmottan-monet-2\/","name":"P\u00e9trovitch Dialogues inattendus au mus\u00e9e Marmottan Monet - Librairie 7L","isPartOf":{"@id":"https:\/\/librairie7l.com\/en\/#website"},"datePublished":"2025-04-03T07:18:00+00:00","dateModified":"2026-04-29T21:37:23+00:00","breadcrumb":{"@id":"https:\/\/librairie7l.com\/en\/produit\/petrovitch-dialogues-inattendus-au-musee-marmottan-monet-2\/#breadcrumb"},"inLanguage":"en-US","potentialAction":[{"@type":"ReadAction","target":["https:\/\/librairie7l.com\/en\/produit\/petrovitch-dialogues-inattendus-au-musee-marmottan-monet-2\/"]}]},{"@type":"BreadcrumbList","@id":"https:\/\/librairie7l.com\/en\/produit\/petrovitch-dialogues-inattendus-au-musee-marmottan-monet-2\/#breadcrumb","itemListElement":[{"@type":"ListItem","position":1,"name":"Accueil","item":"https:\/\/librairie7l.com\/en\/"},{"@type":"ListItem","position":2,"name":"Shop","item":"https:\/\/librairie7l.com\/en\/shop\/"},{"@type":"ListItem","position":3,"name":"P\u00c9TROVITCH DIALOGUES INATTENDUS AU MUS\u00c9E MARMOTTAN MONET"}]},{"@type":"WebSite","@id":"https:\/\/librairie7l.com\/en\/#website","url":"https:\/\/librairie7l.com\/en\/","name":"Librairie 7L","description":"Librairie fond\u00e9e en 1999 par Karl Lagerfeld \u00e0 Paris","publisher":{"@id":"https:\/\/librairie7l.com\/en\/#organization"},"potentialAction":[{"@type":"SearchAction","target":{"@type":"EntryPoint","urlTemplate":"https:\/\/librairie7l.com\/en\/?s={search_term_string}"},"query-input":"required name=search_term_string"}],"inLanguage":"en-US"},{"@type":"Organization","@id":"https:\/\/librairie7l.com\/en\/#organization","name":"Librairie 7L","url":"https:\/\/librairie7l.com\/en\/","logo":{"@type":"ImageObject","inLanguage":"en-US","@id":"https:\/\/librairie7l.com\/en\/#\/schema\/logo\/image\/","url":"https:\/\/librairie7l.com\/wp-content\/uploads\/2022\/08\/logo-1.png","contentUrl":"https:\/\/librairie7l.com\/wp-content\/uploads\/2022\/08\/logo-1.png","width":227,"height":301,"caption":"Librairie 7L"},"image":{"@id":"https:\/\/librairie7l.com\/en\/#\/schema\/logo\/image\/"}}]}},"_links":{"self":[{"href":"https:\/\/librairie7l.com\/en\/wp-json\/wp\/v2\/product\/47199"}],"collection":[{"href":"https:\/\/librairie7l.com\/en\/wp-json\/wp\/v2\/product"}],"about":[{"href":"https:\/\/librairie7l.com\/en\/wp-json\/wp\/v2\/types\/product"}],"wp:featuredmedia":[{"embeddable":true,"href":"https:\/\/librairie7l.com\/en\/wp-json\/wp\/v2\/media\/47197"}],"wp:attachment":[{"href":"https:\/\/librairie7l.com\/en\/wp-json\/wp\/v2\/media?parent=47199"}],"wp:term":[{"taxonomy":"product_cat","embeddable":true,"href":"https:\/\/librairie7l.com\/en\/wp-json\/wp\/v2\/product_cat?post=47199"},{"taxonomy":"product_tag","embeddable":true,"href":"https:\/\/librairie7l.com\/en\/wp-json\/wp\/v2\/product_tag?post=47199"}],"curies":[{"name":"wp","href":"https:\/\/api.w.org\/{rel}","templated":true}]}}