{"id":47203,"date":"2025-04-03T09:18:05","date_gmt":"2025-04-03T07:18:05","guid":{"rendered":"https:\/\/librairie7l.com\/?post_type=product&#038;p=47203"},"modified":"2026-04-06T04:00:38","modified_gmt":"2026-04-06T02:00:38","slug":"pourquoi-les-fleurs-un-autre-voyage-en-italie-2","status":"publish","type":"product","link":"https:\/\/librairie7l.com\/en\/produit\/pourquoi-les-fleurs-un-autre-voyage-en-italie-2\/","title":{"rendered":"POURQUOI LES FLEURS : UN AUTRE VOYAGE EN ITALIE"},"content":{"rendered":"<p>Les fleurs nous sont si famili\u00e8res que nous ne croyons pas n\u00e9cessaire de nous interroger sur leur histoire. Saurions-nous cependant dire pourquoi elles ont une telle pr\u00e9sence dans nos vies quotidiennes et dans les arts, et pourquoi nous leur accordons une telle importance ? Avons-nous id\u00e9e de l&#8217;adaptation biologique que cette pers\u00e9v\u00e9rance leur a demand\u00e9e, connaissons-nous les \u00e9preuves qu&#8217;elles ont travers\u00e9es dans nos ordres politiques, \u00e9conomiques et religieux pour persister si durablement ? Pouvons-nous retrouver avec elles la m\u00e9moire de nos constructions culturelles, celles dont nous les avons constamment rendues d\u00e9positaires ? Dans l&#8217;aventure de ces questions, la Rome antique et l&#8217;Italie se r\u00e9v\u00e8lent \u00eatre le grand territoire des transmissions florales. De ce fait, cette histoire s&#8217;entrem\u00eale peu \u00e0 peu au devenir de l&#8217;Europe &#8211; la France, les Flandres, l&#8217;Espagne, l&#8217;Allemagne, l&#8217;Angleterre. Dans les jardins, les rituels, les croyances, les r\u00e9gimes de pouvoirs, dans la peinture, la po\u00e9sie, et bien plus tard dans le cin\u00e9ma, les fleurs tiennent une place faussement insignifiante. D\u00e8s lors qu&#8217;on porte sur elles toute notre attention, on se met peu \u00e0 peu \u00e0 retracer une longue m\u00e9tamorphose sensible des formes et du regard. Au cours d&#8217;un voyage en Italie, de l&#8217;Antiquit\u00e9 \u00e0 la p\u00e9riode la plus contemporaine, on les voit composer nos paysages r\u00e9els et imaginaires, comme autant d&#8217;\u00e9nigmes sur les temps et les espaces que nous occupons, transformons et inventons. Les fleurs apparaissent soudain en ce qu&#8217;elles sont pour nous : les miniatures de nos intentions les plus fragiles et les plus ambitieuses, d&#8217;une offrande fun\u00e9raire pour la femme aim\u00e9e il y a deux mille ans, \u00e0 l&#8217;\u00e9tablissement imp\u00e9rieux de nos religions et de nos id\u00e9ologies.<\/p>\n","protected":false},"excerpt":{"rendered":"<p>Les fleurs nous sont si famili\u00e8res que nous ne croyons pas n\u00e9cessaire de nous interroger sur leur histoire. Saurions-nous cependant dire pourquoi elles ont une telle pr\u00e9sence dans nos vies quotidiennes et dans les arts, et pourquoi nous leur accordons une telle importance ? Avons-nous id\u00e9e de l&#8217;adaptation biologique que cette pers\u00e9v\u00e9rance leur a demand\u00e9e, [&hellip;]<\/p>\n","protected":false},"featured_media":47201,"template":"","meta":[],"product_cat":[2948,2953],"product_tag":[],"acf":[],"yoast_head":"<!-- This site is optimized with the Yoast SEO plugin v20.11 - https:\/\/yoast.com\/wordpress\/plugins\/seo\/ -->\n<title>Pourquoi les fleurs : Un autre voyage en Italie - Librairie 7L<\/title>\n<meta name=\"robots\" content=\"index, follow, max-snippet:-1, max-image-preview:large, max-video-preview:-1\" \/>\n<link rel=\"canonical\" href=\"https:\/\/librairie7l.com\/en\/produit\/pourquoi-les-fleurs-un-autre-voyage-en-italie-2\/\" \/>\n<meta property=\"og:locale\" content=\"en_US\" \/>\n<meta property=\"og:type\" content=\"article\" \/>\n<meta property=\"og:title\" content=\"Pourquoi les fleurs : Un autre voyage en Italie - Librairie 7L\" \/>\n<meta property=\"og:description\" content=\"Les fleurs nous sont si famili\u00e8res que nous ne croyons pas n\u00e9cessaire de nous interroger sur leur histoire. Saurions-nous cependant dire pourquoi elles ont une telle pr\u00e9sence dans nos vies quotidiennes et dans les arts, et pourquoi nous leur accordons une telle importance ? Avons-nous id\u00e9e de l&#8217;adaptation biologique que cette pers\u00e9v\u00e9rance leur a demand\u00e9e, [&hellip;]\" \/>\n<meta property=\"og:url\" content=\"https:\/\/librairie7l.com\/en\/produit\/pourquoi-les-fleurs-un-autre-voyage-en-italie-2\/\" \/>\n<meta property=\"og:site_name\" content=\"Librairie 7L\" \/>\n<meta property=\"article:modified_time\" content=\"2026-04-06T02:00:38+00:00\" \/>\n<meta property=\"og:image\" content=\"https:\/\/librairie7l.com\/wp-content\/uploads\/2024\/09\/9782850351778_1_75.jpg\" \/>\n\t<meta property=\"og:image:width\" content=\"600\" \/>\n\t<meta property=\"og:image:height\" content=\"737\" \/>\n\t<meta property=\"og:image:type\" content=\"image\/jpeg\" \/>\n<meta name=\"twitter:card\" content=\"summary_large_image\" \/>\n<meta name=\"twitter:label1\" content=\"Est. reading time\" \/>\n\t<meta name=\"twitter:data1\" content=\"1 minute\" \/>\n<script type=\"application\/ld+json\" class=\"yoast-schema-graph\">{\"@context\":\"https:\/\/schema.org\",\"@graph\":[{\"@type\":\"WebPage\",\"@id\":\"https:\/\/librairie7l.com\/en\/produit\/pourquoi-les-fleurs-un-autre-voyage-en-italie-2\/\",\"url\":\"https:\/\/librairie7l.com\/en\/produit\/pourquoi-les-fleurs-un-autre-voyage-en-italie-2\/\",\"name\":\"Pourquoi les fleurs : Un autre voyage en Italie - Librairie 7L\",\"isPartOf\":{\"@id\":\"https:\/\/librairie7l.com\/en\/#website\"},\"datePublished\":\"2025-04-03T07:18:05+00:00\",\"dateModified\":\"2026-04-06T02:00:38+00:00\",\"breadcrumb\":{\"@id\":\"https:\/\/librairie7l.com\/en\/produit\/pourquoi-les-fleurs-un-autre-voyage-en-italie-2\/#breadcrumb\"},\"inLanguage\":\"en-US\",\"potentialAction\":[{\"@type\":\"ReadAction\",\"target\":[\"https:\/\/librairie7l.com\/en\/produit\/pourquoi-les-fleurs-un-autre-voyage-en-italie-2\/\"]}]},{\"@type\":\"BreadcrumbList\",\"@id\":\"https:\/\/librairie7l.com\/en\/produit\/pourquoi-les-fleurs-un-autre-voyage-en-italie-2\/#breadcrumb\",\"itemListElement\":[{\"@type\":\"ListItem\",\"position\":1,\"name\":\"Accueil\",\"item\":\"https:\/\/librairie7l.com\/en\/\"},{\"@type\":\"ListItem\",\"position\":2,\"name\":\"Shop\",\"item\":\"https:\/\/librairie7l.com\/en\/shop\/\"},{\"@type\":\"ListItem\",\"position\":3,\"name\":\"POURQUOI LES FLEURS : UN AUTRE VOYAGE EN ITALIE\"}]},{\"@type\":\"WebSite\",\"@id\":\"https:\/\/librairie7l.com\/en\/#website\",\"url\":\"https:\/\/librairie7l.com\/en\/\",\"name\":\"Librairie 7L\",\"description\":\"Librairie fond\u00e9e en 1999 par Karl Lagerfeld \u00e0 Paris\",\"publisher\":{\"@id\":\"https:\/\/librairie7l.com\/en\/#organization\"},\"potentialAction\":[{\"@type\":\"SearchAction\",\"target\":{\"@type\":\"EntryPoint\",\"urlTemplate\":\"https:\/\/librairie7l.com\/en\/?s={search_term_string}\"},\"query-input\":\"required name=search_term_string\"}],\"inLanguage\":\"en-US\"},{\"@type\":\"Organization\",\"@id\":\"https:\/\/librairie7l.com\/en\/#organization\",\"name\":\"Librairie 7L\",\"url\":\"https:\/\/librairie7l.com\/en\/\",\"logo\":{\"@type\":\"ImageObject\",\"inLanguage\":\"en-US\",\"@id\":\"https:\/\/librairie7l.com\/en\/#\/schema\/logo\/image\/\",\"url\":\"https:\/\/librairie7l.com\/wp-content\/uploads\/2022\/08\/logo-1.png\",\"contentUrl\":\"https:\/\/librairie7l.com\/wp-content\/uploads\/2022\/08\/logo-1.png\",\"width\":227,\"height\":301,\"caption\":\"Librairie 7L\"},\"image\":{\"@id\":\"https:\/\/librairie7l.com\/en\/#\/schema\/logo\/image\/\"}}]}<\/script>\n<!-- \/ Yoast SEO plugin. -->","yoast_head_json":{"title":"Pourquoi les fleurs : Un autre voyage en Italie - Librairie 7L","robots":{"index":"index","follow":"follow","max-snippet":"max-snippet:-1","max-image-preview":"max-image-preview:large","max-video-preview":"max-video-preview:-1"},"canonical":"https:\/\/librairie7l.com\/en\/produit\/pourquoi-les-fleurs-un-autre-voyage-en-italie-2\/","og_locale":"en_US","og_type":"article","og_title":"Pourquoi les fleurs : Un autre voyage en Italie - Librairie 7L","og_description":"Les fleurs nous sont si famili\u00e8res que nous ne croyons pas n\u00e9cessaire de nous interroger sur leur histoire. Saurions-nous cependant dire pourquoi elles ont une telle pr\u00e9sence dans nos vies quotidiennes et dans les arts, et pourquoi nous leur accordons une telle importance ? Avons-nous id\u00e9e de l&#8217;adaptation biologique que cette pers\u00e9v\u00e9rance leur a demand\u00e9e, [&hellip;]","og_url":"https:\/\/librairie7l.com\/en\/produit\/pourquoi-les-fleurs-un-autre-voyage-en-italie-2\/","og_site_name":"Librairie 7L","article_modified_time":"2026-04-06T02:00:38+00:00","og_image":[{"width":600,"height":737,"url":"https:\/\/librairie7l.com\/wp-content\/uploads\/2024\/09\/9782850351778_1_75.jpg","type":"image\/jpeg"}],"twitter_card":"summary_large_image","twitter_misc":{"Est. reading time":"1 minute"},"schema":{"@context":"https:\/\/schema.org","@graph":[{"@type":"WebPage","@id":"https:\/\/librairie7l.com\/en\/produit\/pourquoi-les-fleurs-un-autre-voyage-en-italie-2\/","url":"https:\/\/librairie7l.com\/en\/produit\/pourquoi-les-fleurs-un-autre-voyage-en-italie-2\/","name":"Pourquoi les fleurs : Un autre voyage en Italie - Librairie 7L","isPartOf":{"@id":"https:\/\/librairie7l.com\/en\/#website"},"datePublished":"2025-04-03T07:18:05+00:00","dateModified":"2026-04-06T02:00:38+00:00","breadcrumb":{"@id":"https:\/\/librairie7l.com\/en\/produit\/pourquoi-les-fleurs-un-autre-voyage-en-italie-2\/#breadcrumb"},"inLanguage":"en-US","potentialAction":[{"@type":"ReadAction","target":["https:\/\/librairie7l.com\/en\/produit\/pourquoi-les-fleurs-un-autre-voyage-en-italie-2\/"]}]},{"@type":"BreadcrumbList","@id":"https:\/\/librairie7l.com\/en\/produit\/pourquoi-les-fleurs-un-autre-voyage-en-italie-2\/#breadcrumb","itemListElement":[{"@type":"ListItem","position":1,"name":"Accueil","item":"https:\/\/librairie7l.com\/en\/"},{"@type":"ListItem","position":2,"name":"Shop","item":"https:\/\/librairie7l.com\/en\/shop\/"},{"@type":"ListItem","position":3,"name":"POURQUOI LES FLEURS : UN AUTRE VOYAGE EN ITALIE"}]},{"@type":"WebSite","@id":"https:\/\/librairie7l.com\/en\/#website","url":"https:\/\/librairie7l.com\/en\/","name":"Librairie 7L","description":"Librairie fond\u00e9e en 1999 par Karl Lagerfeld \u00e0 Paris","publisher":{"@id":"https:\/\/librairie7l.com\/en\/#organization"},"potentialAction":[{"@type":"SearchAction","target":{"@type":"EntryPoint","urlTemplate":"https:\/\/librairie7l.com\/en\/?s={search_term_string}"},"query-input":"required name=search_term_string"}],"inLanguage":"en-US"},{"@type":"Organization","@id":"https:\/\/librairie7l.com\/en\/#organization","name":"Librairie 7L","url":"https:\/\/librairie7l.com\/en\/","logo":{"@type":"ImageObject","inLanguage":"en-US","@id":"https:\/\/librairie7l.com\/en\/#\/schema\/logo\/image\/","url":"https:\/\/librairie7l.com\/wp-content\/uploads\/2022\/08\/logo-1.png","contentUrl":"https:\/\/librairie7l.com\/wp-content\/uploads\/2022\/08\/logo-1.png","width":227,"height":301,"caption":"Librairie 7L"},"image":{"@id":"https:\/\/librairie7l.com\/en\/#\/schema\/logo\/image\/"}}]}},"_links":{"self":[{"href":"https:\/\/librairie7l.com\/en\/wp-json\/wp\/v2\/product\/47203"}],"collection":[{"href":"https:\/\/librairie7l.com\/en\/wp-json\/wp\/v2\/product"}],"about":[{"href":"https:\/\/librairie7l.com\/en\/wp-json\/wp\/v2\/types\/product"}],"wp:featuredmedia":[{"embeddable":true,"href":"https:\/\/librairie7l.com\/en\/wp-json\/wp\/v2\/media\/47201"}],"wp:attachment":[{"href":"https:\/\/librairie7l.com\/en\/wp-json\/wp\/v2\/media?parent=47203"}],"wp:term":[{"taxonomy":"product_cat","embeddable":true,"href":"https:\/\/librairie7l.com\/en\/wp-json\/wp\/v2\/product_cat?post=47203"},{"taxonomy":"product_tag","embeddable":true,"href":"https:\/\/librairie7l.com\/en\/wp-json\/wp\/v2\/product_tag?post=47203"}],"curies":[{"name":"wp","href":"https:\/\/api.w.org\/{rel}","templated":true}]}}