{"id":47211,"date":"2025-04-03T09:18:12","date_gmt":"2025-04-03T07:18:12","guid":{"rendered":"https:\/\/librairie7l.com\/?post_type=product&#038;p=47211"},"modified":"2026-04-08T20:19:04","modified_gmt":"2026-04-08T18:19:04","slug":"vie-de-david-hockney-2","status":"publish","type":"product","link":"https:\/\/librairie7l.com\/en\/produit\/vie-de-david-hockney-2\/","title":{"rendered":"VIE DE DAVID HOCKNEY"},"content":{"rendered":"<p>D&#8217;un milieu modeste, habit\u00e9 d\u00e8s l&#8217;enfance par la passion du dessin, David Hockney apprend rapidement \u00e0 composer avec son excentricit\u00e9 naturelle et son homosexualit\u00e9 pour imposer \u00e0 la fois son style (figuratif dans une \u00e9poque r\u00e9solument abstraite) et sa mani\u00e8re de vivre (h\u00e9doniste dans un milieu plut\u00f4t puritain). La d\u00e9couverte des \u00c9tats-Unis quand il a 24 ans r\u00e9volutionne sa vie. Il obtient une reconnaissance internationale en devenant le peintre de la Californie. Toujours en mouvement, il ne cesse de se renouveler, d&#8217;interroger les lois de la perspective et d&#8217;explorer toutes les techniques que l&#8217;\u00e9poque met \u00e0 sa disposition. Rien n&#8217;entame son d\u00e9sir de libert\u00e9 et sa joie d&#8217;\u00eatre au monde : ni les chagrins amoureux, ni les deuils nombreux de ses amis disparus du cancer ou du sida, ni les conflits avec les milieux de l&#8217;art, ni la surdit\u00e9 pr\u00e9coce, facteur de solitude.<br \/>\nCatherine Cusset retrace ici avec empathie la vie du grand artiste contemporain et son parcours, depuis l&#8217;excitation des ann\u00e9es 60 aux piscines turquoise et aux corps resplendissants, jusqu&#8217;aux tremblements sombres de l&#8217;apr\u00e8s 11-Septembre, p\u00e9riode du d\u00e9clin physique et des drames familiaux. Ce livre \u00e9mouvant, \u00e0 mi-chemin entre roman et biographie, d\u00e9peint avec une intelligence formidable, toute en finesse et en simplicit\u00e9, le processus de la cr\u00e9ation artistique.<\/p>\n","protected":false},"excerpt":{"rendered":"<p>D&#8217;un milieu modeste, habit\u00e9 d\u00e8s l&#8217;enfance par la passion du dessin, David Hockney apprend rapidement \u00e0 composer avec son excentricit\u00e9 naturelle et son homosexualit\u00e9 pour imposer \u00e0 la fois son style (figuratif dans une \u00e9poque r\u00e9solument abstraite) et sa mani\u00e8re de vivre (h\u00e9doniste dans un milieu plut\u00f4t puritain). La d\u00e9couverte des \u00c9tats-Unis quand il a [&hellip;]<\/p>\n","protected":false},"featured_media":47209,"template":"","meta":[],"product_cat":[2948,2953],"product_tag":[],"acf":[],"yoast_head":"<!-- This site is optimized with the Yoast SEO plugin v20.11 - https:\/\/yoast.com\/wordpress\/plugins\/seo\/ -->\n<title>Vie de David Hockney - Librairie 7L<\/title>\n<meta name=\"robots\" content=\"index, follow, max-snippet:-1, max-image-preview:large, max-video-preview:-1\" \/>\n<link rel=\"canonical\" href=\"https:\/\/librairie7l.com\/en\/produit\/vie-de-david-hockney-2\/\" \/>\n<meta property=\"og:locale\" content=\"en_US\" \/>\n<meta property=\"og:type\" content=\"article\" \/>\n<meta property=\"og:title\" content=\"Vie de David Hockney - Librairie 7L\" \/>\n<meta property=\"og:description\" content=\"D&#8217;un milieu modeste, habit\u00e9 d\u00e8s l&#8217;enfance par la passion du dessin, David Hockney apprend rapidement \u00e0 composer avec son excentricit\u00e9 naturelle et son homosexualit\u00e9 pour imposer \u00e0 la fois son style (figuratif dans une \u00e9poque r\u00e9solument abstraite) et sa mani\u00e8re de vivre (h\u00e9doniste dans un milieu plut\u00f4t puritain). La d\u00e9couverte des \u00c9tats-Unis quand il a [&hellip;]\" \/>\n<meta property=\"og:url\" content=\"https:\/\/librairie7l.com\/en\/produit\/vie-de-david-hockney-2\/\" \/>\n<meta property=\"og:site_name\" content=\"Librairie 7L\" \/>\n<meta property=\"article:modified_time\" content=\"2026-04-08T18:19:04+00:00\" \/>\n<meta property=\"og:image\" content=\"https:\/\/librairie7l.com\/wp-content\/uploads\/2019\/06\/9782072832475_1_75.jpg\" \/>\n\t<meta property=\"og:image:width\" content=\"600\" \/>\n\t<meta property=\"og:image:height\" content=\"988\" \/>\n\t<meta property=\"og:image:type\" content=\"image\/jpeg\" \/>\n<meta name=\"twitter:card\" content=\"summary_large_image\" \/>\n<meta name=\"twitter:label1\" content=\"Est. reading time\" \/>\n\t<meta name=\"twitter:data1\" content=\"1 minute\" \/>\n<script type=\"application\/ld+json\" class=\"yoast-schema-graph\">{\"@context\":\"https:\/\/schema.org\",\"@graph\":[{\"@type\":\"WebPage\",\"@id\":\"https:\/\/librairie7l.com\/en\/produit\/vie-de-david-hockney-2\/\",\"url\":\"https:\/\/librairie7l.com\/en\/produit\/vie-de-david-hockney-2\/\",\"name\":\"Vie de David Hockney - Librairie 7L\",\"isPartOf\":{\"@id\":\"https:\/\/librairie7l.com\/en\/#website\"},\"datePublished\":\"2025-04-03T07:18:12+00:00\",\"dateModified\":\"2026-04-08T18:19:04+00:00\",\"breadcrumb\":{\"@id\":\"https:\/\/librairie7l.com\/en\/produit\/vie-de-david-hockney-2\/#breadcrumb\"},\"inLanguage\":\"en-US\",\"potentialAction\":[{\"@type\":\"ReadAction\",\"target\":[\"https:\/\/librairie7l.com\/en\/produit\/vie-de-david-hockney-2\/\"]}]},{\"@type\":\"BreadcrumbList\",\"@id\":\"https:\/\/librairie7l.com\/en\/produit\/vie-de-david-hockney-2\/#breadcrumb\",\"itemListElement\":[{\"@type\":\"ListItem\",\"position\":1,\"name\":\"Accueil\",\"item\":\"https:\/\/librairie7l.com\/en\/\"},{\"@type\":\"ListItem\",\"position\":2,\"name\":\"Shop\",\"item\":\"https:\/\/librairie7l.com\/en\/shop\/\"},{\"@type\":\"ListItem\",\"position\":3,\"name\":\"VIE DE DAVID HOCKNEY\"}]},{\"@type\":\"WebSite\",\"@id\":\"https:\/\/librairie7l.com\/en\/#website\",\"url\":\"https:\/\/librairie7l.com\/en\/\",\"name\":\"Librairie 7L\",\"description\":\"Librairie fond\u00e9e en 1999 par Karl Lagerfeld \u00e0 Paris\",\"publisher\":{\"@id\":\"https:\/\/librairie7l.com\/en\/#organization\"},\"potentialAction\":[{\"@type\":\"SearchAction\",\"target\":{\"@type\":\"EntryPoint\",\"urlTemplate\":\"https:\/\/librairie7l.com\/en\/?s={search_term_string}\"},\"query-input\":\"required name=search_term_string\"}],\"inLanguage\":\"en-US\"},{\"@type\":\"Organization\",\"@id\":\"https:\/\/librairie7l.com\/en\/#organization\",\"name\":\"Librairie 7L\",\"url\":\"https:\/\/librairie7l.com\/en\/\",\"logo\":{\"@type\":\"ImageObject\",\"inLanguage\":\"en-US\",\"@id\":\"https:\/\/librairie7l.com\/en\/#\/schema\/logo\/image\/\",\"url\":\"https:\/\/librairie7l.com\/wp-content\/uploads\/2022\/08\/logo-1.png\",\"contentUrl\":\"https:\/\/librairie7l.com\/wp-content\/uploads\/2022\/08\/logo-1.png\",\"width\":227,\"height\":301,\"caption\":\"Librairie 7L\"},\"image\":{\"@id\":\"https:\/\/librairie7l.com\/en\/#\/schema\/logo\/image\/\"}}]}<\/script>\n<!-- \/ Yoast SEO plugin. -->","yoast_head_json":{"title":"Vie de David Hockney - Librairie 7L","robots":{"index":"index","follow":"follow","max-snippet":"max-snippet:-1","max-image-preview":"max-image-preview:large","max-video-preview":"max-video-preview:-1"},"canonical":"https:\/\/librairie7l.com\/en\/produit\/vie-de-david-hockney-2\/","og_locale":"en_US","og_type":"article","og_title":"Vie de David Hockney - Librairie 7L","og_description":"D&#8217;un milieu modeste, habit\u00e9 d\u00e8s l&#8217;enfance par la passion du dessin, David Hockney apprend rapidement \u00e0 composer avec son excentricit\u00e9 naturelle et son homosexualit\u00e9 pour imposer \u00e0 la fois son style (figuratif dans une \u00e9poque r\u00e9solument abstraite) et sa mani\u00e8re de vivre (h\u00e9doniste dans un milieu plut\u00f4t puritain). La d\u00e9couverte des \u00c9tats-Unis quand il a [&hellip;]","og_url":"https:\/\/librairie7l.com\/en\/produit\/vie-de-david-hockney-2\/","og_site_name":"Librairie 7L","article_modified_time":"2026-04-08T18:19:04+00:00","og_image":[{"width":600,"height":988,"url":"https:\/\/librairie7l.com\/wp-content\/uploads\/2019\/06\/9782072832475_1_75.jpg","type":"image\/jpeg"}],"twitter_card":"summary_large_image","twitter_misc":{"Est. reading time":"1 minute"},"schema":{"@context":"https:\/\/schema.org","@graph":[{"@type":"WebPage","@id":"https:\/\/librairie7l.com\/en\/produit\/vie-de-david-hockney-2\/","url":"https:\/\/librairie7l.com\/en\/produit\/vie-de-david-hockney-2\/","name":"Vie de David Hockney - Librairie 7L","isPartOf":{"@id":"https:\/\/librairie7l.com\/en\/#website"},"datePublished":"2025-04-03T07:18:12+00:00","dateModified":"2026-04-08T18:19:04+00:00","breadcrumb":{"@id":"https:\/\/librairie7l.com\/en\/produit\/vie-de-david-hockney-2\/#breadcrumb"},"inLanguage":"en-US","potentialAction":[{"@type":"ReadAction","target":["https:\/\/librairie7l.com\/en\/produit\/vie-de-david-hockney-2\/"]}]},{"@type":"BreadcrumbList","@id":"https:\/\/librairie7l.com\/en\/produit\/vie-de-david-hockney-2\/#breadcrumb","itemListElement":[{"@type":"ListItem","position":1,"name":"Accueil","item":"https:\/\/librairie7l.com\/en\/"},{"@type":"ListItem","position":2,"name":"Shop","item":"https:\/\/librairie7l.com\/en\/shop\/"},{"@type":"ListItem","position":3,"name":"VIE DE DAVID HOCKNEY"}]},{"@type":"WebSite","@id":"https:\/\/librairie7l.com\/en\/#website","url":"https:\/\/librairie7l.com\/en\/","name":"Librairie 7L","description":"Librairie fond\u00e9e en 1999 par Karl Lagerfeld \u00e0 Paris","publisher":{"@id":"https:\/\/librairie7l.com\/en\/#organization"},"potentialAction":[{"@type":"SearchAction","target":{"@type":"EntryPoint","urlTemplate":"https:\/\/librairie7l.com\/en\/?s={search_term_string}"},"query-input":"required name=search_term_string"}],"inLanguage":"en-US"},{"@type":"Organization","@id":"https:\/\/librairie7l.com\/en\/#organization","name":"Librairie 7L","url":"https:\/\/librairie7l.com\/en\/","logo":{"@type":"ImageObject","inLanguage":"en-US","@id":"https:\/\/librairie7l.com\/en\/#\/schema\/logo\/image\/","url":"https:\/\/librairie7l.com\/wp-content\/uploads\/2022\/08\/logo-1.png","contentUrl":"https:\/\/librairie7l.com\/wp-content\/uploads\/2022\/08\/logo-1.png","width":227,"height":301,"caption":"Librairie 7L"},"image":{"@id":"https:\/\/librairie7l.com\/en\/#\/schema\/logo\/image\/"}}]}},"_links":{"self":[{"href":"https:\/\/librairie7l.com\/en\/wp-json\/wp\/v2\/product\/47211"}],"collection":[{"href":"https:\/\/librairie7l.com\/en\/wp-json\/wp\/v2\/product"}],"about":[{"href":"https:\/\/librairie7l.com\/en\/wp-json\/wp\/v2\/types\/product"}],"wp:featuredmedia":[{"embeddable":true,"href":"https:\/\/librairie7l.com\/en\/wp-json\/wp\/v2\/media\/47209"}],"wp:attachment":[{"href":"https:\/\/librairie7l.com\/en\/wp-json\/wp\/v2\/media?parent=47211"}],"wp:term":[{"taxonomy":"product_cat","embeddable":true,"href":"https:\/\/librairie7l.com\/en\/wp-json\/wp\/v2\/product_cat?post=47211"},{"taxonomy":"product_tag","embeddable":true,"href":"https:\/\/librairie7l.com\/en\/wp-json\/wp\/v2\/product_tag?post=47211"}],"curies":[{"name":"wp","href":"https:\/\/api.w.org\/{rel}","templated":true}]}}