{"id":47219,"date":"2025-04-03T09:18:17","date_gmt":"2025-04-03T07:18:17","guid":{"rendered":"https:\/\/librairie7l.com\/?post_type=product&#038;p=47219"},"modified":"2026-04-08T20:19:59","modified_gmt":"2026-04-08T18:19:59","slug":"shabiller-en-artiste-lartiste-et-le-vetement-2","status":"publish","type":"product","link":"https:\/\/librairie7l.com\/en\/produit\/shabiller-en-artiste-lartiste-et-le-vetement-2\/","title":{"rendered":"S&#8217;HABILLER EN ARTISTE : L&#8217;ARTISTE ET LE V\u00caTEMENT"},"content":{"rendered":"<p>Les toques et turbans de Rembrandt, les foulards d&#8217;\u00c9lisabeth Vig\u00e9e Le Brun, George Sand en costume masculin, le pantalon de Rosa Bonheur, la robe de chambre de Balzac par Rodin, Marcel Duchamp en Rrose S\u00e9lavy, les Robes simultan\u00e9es de Sonia Delaunay, la Robe serpent de Niki de Saint Phalle ou encore la perruque d&#8217;Andy Warhol&#8230; L&#8217;habit ferait-il l&#8217;artiste\u00a0? Dans une exploration in\u00e9dite du v\u00eatement d&#8217;artiste de la Renaissance \u00e0 nos jours, cet ouvrage pr\u00e9sente plus de deux cents oeuvres &#8211; peintures, sculptures mais aussi v\u00eatements, cr\u00e9ations de haute couture, photographies et performances &#8211; et livre une autre mani\u00e8re de tisser ensemble histoire de la mode et histoire de l&#8217;art.<\/p>\n","protected":false},"excerpt":{"rendered":"<p>Les toques et turbans de Rembrandt, les foulards d&#8217;\u00c9lisabeth Vig\u00e9e Le Brun, George Sand en costume masculin, le pantalon de Rosa Bonheur, la robe de chambre de Balzac par Rodin, Marcel Duchamp en Rrose S\u00e9lavy, les Robes simultan\u00e9es de Sonia Delaunay, la Robe serpent de Niki de Saint Phalle ou encore la perruque d&#8217;Andy Warhol&#8230; [&hellip;]<\/p>\n","protected":false},"featured_media":47217,"template":"","meta":[],"product_cat":[2948,2957],"product_tag":[],"acf":[],"yoast_head":"<!-- This site is optimized with the Yoast SEO plugin v20.11 - https:\/\/yoast.com\/wordpress\/plugins\/seo\/ -->\n<title>S&#039;habiller en artiste : L&#039;artiste et le v\u00eatement - Librairie 7L<\/title>\n<meta name=\"robots\" content=\"index, follow, max-snippet:-1, max-image-preview:large, max-video-preview:-1\" \/>\n<link rel=\"canonical\" href=\"https:\/\/librairie7l.com\/en\/produit\/shabiller-en-artiste-lartiste-et-le-vetement-2\/\" \/>\n<meta property=\"og:locale\" content=\"en_US\" \/>\n<meta property=\"og:type\" content=\"article\" \/>\n<meta property=\"og:title\" content=\"S&#039;habiller en artiste : L&#039;artiste et le v\u00eatement - Librairie 7L\" \/>\n<meta property=\"og:description\" content=\"Les toques et turbans de Rembrandt, les foulards d&#8217;\u00c9lisabeth Vig\u00e9e Le Brun, George Sand en costume masculin, le pantalon de Rosa Bonheur, la robe de chambre de Balzac par Rodin, Marcel Duchamp en Rrose S\u00e9lavy, les Robes simultan\u00e9es de Sonia Delaunay, la Robe serpent de Niki de Saint Phalle ou encore la perruque d&#8217;Andy Warhol&#8230; [&hellip;]\" \/>\n<meta property=\"og:url\" content=\"https:\/\/librairie7l.com\/en\/produit\/shabiller-en-artiste-lartiste-et-le-vetement-2\/\" \/>\n<meta property=\"og:site_name\" content=\"Librairie 7L\" \/>\n<meta property=\"article:modified_time\" content=\"2026-04-08T18:19:59+00:00\" \/>\n<meta property=\"og:image\" content=\"https:\/\/librairie7l.com\/wp-content\/uploads\/2024\/10\/9782073107848_1_75.jpg\" \/>\n\t<meta property=\"og:image:width\" content=\"600\" \/>\n\t<meta property=\"og:image:height\" content=\"821\" \/>\n\t<meta property=\"og:image:type\" content=\"image\/jpeg\" \/>\n<meta name=\"twitter:card\" content=\"summary_large_image\" \/>\n<meta name=\"twitter:label1\" content=\"Est. reading time\" \/>\n\t<meta name=\"twitter:data1\" content=\"1 minute\" \/>\n<script type=\"application\/ld+json\" class=\"yoast-schema-graph\">{\"@context\":\"https:\/\/schema.org\",\"@graph\":[{\"@type\":\"WebPage\",\"@id\":\"https:\/\/librairie7l.com\/en\/produit\/shabiller-en-artiste-lartiste-et-le-vetement-2\/\",\"url\":\"https:\/\/librairie7l.com\/en\/produit\/shabiller-en-artiste-lartiste-et-le-vetement-2\/\",\"name\":\"S'habiller en artiste : L'artiste et le v\u00eatement - Librairie 7L\",\"isPartOf\":{\"@id\":\"https:\/\/librairie7l.com\/en\/#website\"},\"datePublished\":\"2025-04-03T07:18:17+00:00\",\"dateModified\":\"2026-04-08T18:19:59+00:00\",\"breadcrumb\":{\"@id\":\"https:\/\/librairie7l.com\/en\/produit\/shabiller-en-artiste-lartiste-et-le-vetement-2\/#breadcrumb\"},\"inLanguage\":\"en-US\",\"potentialAction\":[{\"@type\":\"ReadAction\",\"target\":[\"https:\/\/librairie7l.com\/en\/produit\/shabiller-en-artiste-lartiste-et-le-vetement-2\/\"]}]},{\"@type\":\"BreadcrumbList\",\"@id\":\"https:\/\/librairie7l.com\/en\/produit\/shabiller-en-artiste-lartiste-et-le-vetement-2\/#breadcrumb\",\"itemListElement\":[{\"@type\":\"ListItem\",\"position\":1,\"name\":\"Accueil\",\"item\":\"https:\/\/librairie7l.com\/en\/\"},{\"@type\":\"ListItem\",\"position\":2,\"name\":\"Shop\",\"item\":\"https:\/\/librairie7l.com\/en\/shop\/\"},{\"@type\":\"ListItem\",\"position\":3,\"name\":\"S&#8217;HABILLER EN ARTISTE : L&#8217;ARTISTE ET LE V\u00caTEMENT\"}]},{\"@type\":\"WebSite\",\"@id\":\"https:\/\/librairie7l.com\/en\/#website\",\"url\":\"https:\/\/librairie7l.com\/en\/\",\"name\":\"Librairie 7L\",\"description\":\"Librairie fond\u00e9e en 1999 par Karl Lagerfeld \u00e0 Paris\",\"publisher\":{\"@id\":\"https:\/\/librairie7l.com\/en\/#organization\"},\"potentialAction\":[{\"@type\":\"SearchAction\",\"target\":{\"@type\":\"EntryPoint\",\"urlTemplate\":\"https:\/\/librairie7l.com\/en\/?s={search_term_string}\"},\"query-input\":\"required name=search_term_string\"}],\"inLanguage\":\"en-US\"},{\"@type\":\"Organization\",\"@id\":\"https:\/\/librairie7l.com\/en\/#organization\",\"name\":\"Librairie 7L\",\"url\":\"https:\/\/librairie7l.com\/en\/\",\"logo\":{\"@type\":\"ImageObject\",\"inLanguage\":\"en-US\",\"@id\":\"https:\/\/librairie7l.com\/en\/#\/schema\/logo\/image\/\",\"url\":\"https:\/\/librairie7l.com\/wp-content\/uploads\/2022\/08\/logo-1.png\",\"contentUrl\":\"https:\/\/librairie7l.com\/wp-content\/uploads\/2022\/08\/logo-1.png\",\"width\":227,\"height\":301,\"caption\":\"Librairie 7L\"},\"image\":{\"@id\":\"https:\/\/librairie7l.com\/en\/#\/schema\/logo\/image\/\"}}]}<\/script>\n<!-- \/ Yoast SEO plugin. -->","yoast_head_json":{"title":"S'habiller en artiste : L'artiste et le v\u00eatement - Librairie 7L","robots":{"index":"index","follow":"follow","max-snippet":"max-snippet:-1","max-image-preview":"max-image-preview:large","max-video-preview":"max-video-preview:-1"},"canonical":"https:\/\/librairie7l.com\/en\/produit\/shabiller-en-artiste-lartiste-et-le-vetement-2\/","og_locale":"en_US","og_type":"article","og_title":"S'habiller en artiste : L'artiste et le v\u00eatement - Librairie 7L","og_description":"Les toques et turbans de Rembrandt, les foulards d&#8217;\u00c9lisabeth Vig\u00e9e Le Brun, George Sand en costume masculin, le pantalon de Rosa Bonheur, la robe de chambre de Balzac par Rodin, Marcel Duchamp en Rrose S\u00e9lavy, les Robes simultan\u00e9es de Sonia Delaunay, la Robe serpent de Niki de Saint Phalle ou encore la perruque d&#8217;Andy Warhol&#8230; [&hellip;]","og_url":"https:\/\/librairie7l.com\/en\/produit\/shabiller-en-artiste-lartiste-et-le-vetement-2\/","og_site_name":"Librairie 7L","article_modified_time":"2026-04-08T18:19:59+00:00","og_image":[{"width":600,"height":821,"url":"https:\/\/librairie7l.com\/wp-content\/uploads\/2024\/10\/9782073107848_1_75.jpg","type":"image\/jpeg"}],"twitter_card":"summary_large_image","twitter_misc":{"Est. reading time":"1 minute"},"schema":{"@context":"https:\/\/schema.org","@graph":[{"@type":"WebPage","@id":"https:\/\/librairie7l.com\/en\/produit\/shabiller-en-artiste-lartiste-et-le-vetement-2\/","url":"https:\/\/librairie7l.com\/en\/produit\/shabiller-en-artiste-lartiste-et-le-vetement-2\/","name":"S'habiller en artiste : L'artiste et le v\u00eatement - Librairie 7L","isPartOf":{"@id":"https:\/\/librairie7l.com\/en\/#website"},"datePublished":"2025-04-03T07:18:17+00:00","dateModified":"2026-04-08T18:19:59+00:00","breadcrumb":{"@id":"https:\/\/librairie7l.com\/en\/produit\/shabiller-en-artiste-lartiste-et-le-vetement-2\/#breadcrumb"},"inLanguage":"en-US","potentialAction":[{"@type":"ReadAction","target":["https:\/\/librairie7l.com\/en\/produit\/shabiller-en-artiste-lartiste-et-le-vetement-2\/"]}]},{"@type":"BreadcrumbList","@id":"https:\/\/librairie7l.com\/en\/produit\/shabiller-en-artiste-lartiste-et-le-vetement-2\/#breadcrumb","itemListElement":[{"@type":"ListItem","position":1,"name":"Accueil","item":"https:\/\/librairie7l.com\/en\/"},{"@type":"ListItem","position":2,"name":"Shop","item":"https:\/\/librairie7l.com\/en\/shop\/"},{"@type":"ListItem","position":3,"name":"S&#8217;HABILLER EN ARTISTE : L&#8217;ARTISTE ET LE V\u00caTEMENT"}]},{"@type":"WebSite","@id":"https:\/\/librairie7l.com\/en\/#website","url":"https:\/\/librairie7l.com\/en\/","name":"Librairie 7L","description":"Librairie fond\u00e9e en 1999 par Karl Lagerfeld \u00e0 Paris","publisher":{"@id":"https:\/\/librairie7l.com\/en\/#organization"},"potentialAction":[{"@type":"SearchAction","target":{"@type":"EntryPoint","urlTemplate":"https:\/\/librairie7l.com\/en\/?s={search_term_string}"},"query-input":"required name=search_term_string"}],"inLanguage":"en-US"},{"@type":"Organization","@id":"https:\/\/librairie7l.com\/en\/#organization","name":"Librairie 7L","url":"https:\/\/librairie7l.com\/en\/","logo":{"@type":"ImageObject","inLanguage":"en-US","@id":"https:\/\/librairie7l.com\/en\/#\/schema\/logo\/image\/","url":"https:\/\/librairie7l.com\/wp-content\/uploads\/2022\/08\/logo-1.png","contentUrl":"https:\/\/librairie7l.com\/wp-content\/uploads\/2022\/08\/logo-1.png","width":227,"height":301,"caption":"Librairie 7L"},"image":{"@id":"https:\/\/librairie7l.com\/en\/#\/schema\/logo\/image\/"}}]}},"_links":{"self":[{"href":"https:\/\/librairie7l.com\/en\/wp-json\/wp\/v2\/product\/47219"}],"collection":[{"href":"https:\/\/librairie7l.com\/en\/wp-json\/wp\/v2\/product"}],"about":[{"href":"https:\/\/librairie7l.com\/en\/wp-json\/wp\/v2\/types\/product"}],"wp:featuredmedia":[{"embeddable":true,"href":"https:\/\/librairie7l.com\/en\/wp-json\/wp\/v2\/media\/47217"}],"wp:attachment":[{"href":"https:\/\/librairie7l.com\/en\/wp-json\/wp\/v2\/media?parent=47219"}],"wp:term":[{"taxonomy":"product_cat","embeddable":true,"href":"https:\/\/librairie7l.com\/en\/wp-json\/wp\/v2\/product_cat?post=47219"},{"taxonomy":"product_tag","embeddable":true,"href":"https:\/\/librairie7l.com\/en\/wp-json\/wp\/v2\/product_tag?post=47219"}],"curies":[{"name":"wp","href":"https:\/\/api.w.org\/{rel}","templated":true}]}}