{"id":47223,"date":"2025-04-03T09:18:20","date_gmt":"2025-04-03T07:18:20","guid":{"rendered":"https:\/\/librairie7l.com\/?post_type=product&#038;p=47223"},"modified":"2026-04-15T00:49:39","modified_gmt":"2026-04-14T22:49:39","slug":"repertoire-de-styles-le-livre-de-la-decoration-dinterieur-2","status":"publish","type":"product","link":"https:\/\/librairie7l.com\/en\/produit\/repertoire-de-styles-le-livre-de-la-decoration-dinterieur-2\/","title":{"rendered":"R\u00c9PERTOIRE DE STYLES : LE LIVRE DE LA D\u00c9CORATION D&#8217;INT\u00c9RIEUR"},"content":{"rendered":"<p>D\u00e9couvrez 25 styles \u00e0 travers 150 int\u00e9rieurs contemporains cr\u00e9\u00e9s par les plus grands d\u00e9corateurs du monde<br \/>\nCet ouvrage unique r\u00e9pertorie 25 styles de d\u00e9coration reconnaissables et intemporels, du maximalisme au minimalisme, du style contemporain au style m\u00e9diterran\u00e9en, en passant par le style sur-mesure et le textur\u00e9. Les diff\u00e9rents styles sont introduits par des textes d\u00e9gageant les grands principes qui les sous-tendent et sont illustr\u00e9s par les int\u00e9rieurs des plus grands d\u00e9corateurs contemporains, comme Studio Shamshiri, Laura Gonzalez, Patrick Frey, Pierre Yovanovitch ou Vincenzo De Cotiis. En fin d&#8217;ouvrage, un r\u00e9pertoire visuel offre une vue d&#8217;ensemble permettant d&#8217;\u00e9tablir des connexions au sein de chaque style.<\/p>\n","protected":false},"excerpt":{"rendered":"<p>D\u00e9couvrez 25 styles \u00e0 travers 150 int\u00e9rieurs contemporains cr\u00e9\u00e9s par les plus grands d\u00e9corateurs du monde Cet ouvrage unique r\u00e9pertorie 25 styles de d\u00e9coration reconnaissables et intemporels, du maximalisme au minimalisme, du style contemporain au style m\u00e9diterran\u00e9en, en passant par le style sur-mesure et le textur\u00e9. Les diff\u00e9rents styles sont introduits par des textes d\u00e9gageant [&hellip;]<\/p>\n","protected":false},"featured_media":47221,"template":"","meta":[],"product_cat":[2948,2951],"product_tag":[],"acf":[],"yoast_head":"<!-- This site is optimized with the Yoast SEO plugin v20.11 - https:\/\/yoast.com\/wordpress\/plugins\/seo\/ -->\n<title>R\u00e9pertoire de styles : Le livre de la d\u00e9coration d&#039;int\u00e9rieur - Librairie 7L<\/title>\n<meta name=\"robots\" content=\"index, follow, max-snippet:-1, max-image-preview:large, max-video-preview:-1\" \/>\n<link rel=\"canonical\" href=\"https:\/\/librairie7l.com\/en\/produit\/repertoire-de-styles-le-livre-de-la-decoration-dinterieur-2\/\" \/>\n<meta property=\"og:locale\" content=\"en_US\" \/>\n<meta property=\"og:type\" content=\"article\" \/>\n<meta property=\"og:title\" content=\"R\u00e9pertoire de styles : Le livre de la d\u00e9coration d&#039;int\u00e9rieur - Librairie 7L\" \/>\n<meta property=\"og:description\" content=\"D\u00e9couvrez 25 styles \u00e0 travers 150 int\u00e9rieurs contemporains cr\u00e9\u00e9s par les plus grands d\u00e9corateurs du monde Cet ouvrage unique r\u00e9pertorie 25 styles de d\u00e9coration reconnaissables et intemporels, du maximalisme au minimalisme, du style contemporain au style m\u00e9diterran\u00e9en, en passant par le style sur-mesure et le textur\u00e9. Les diff\u00e9rents styles sont introduits par des textes d\u00e9gageant [&hellip;]\" \/>\n<meta property=\"og:url\" content=\"https:\/\/librairie7l.com\/en\/produit\/repertoire-de-styles-le-livre-de-la-decoration-dinterieur-2\/\" \/>\n<meta property=\"og:site_name\" content=\"Librairie 7L\" \/>\n<meta property=\"article:modified_time\" content=\"2026-04-14T22:49:39+00:00\" \/>\n<meta property=\"og:image\" content=\"https:\/\/librairie7l.com\/wp-content\/uploads\/2024\/11\/9781838669768_1_75.jpg\" \/>\n\t<meta property=\"og:image:width\" content=\"600\" \/>\n\t<meta property=\"og:image:height\" content=\"800\" \/>\n\t<meta property=\"og:image:type\" content=\"image\/jpeg\" \/>\n<meta name=\"twitter:card\" content=\"summary_large_image\" \/>\n<meta name=\"twitter:label1\" content=\"Est. reading time\" \/>\n\t<meta name=\"twitter:data1\" content=\"1 minute\" \/>\n<script type=\"application\/ld+json\" class=\"yoast-schema-graph\">{\"@context\":\"https:\/\/schema.org\",\"@graph\":[{\"@type\":\"WebPage\",\"@id\":\"https:\/\/librairie7l.com\/en\/produit\/repertoire-de-styles-le-livre-de-la-decoration-dinterieur-2\/\",\"url\":\"https:\/\/librairie7l.com\/en\/produit\/repertoire-de-styles-le-livre-de-la-decoration-dinterieur-2\/\",\"name\":\"R\u00e9pertoire de styles : Le livre de la d\u00e9coration d'int\u00e9rieur - Librairie 7L\",\"isPartOf\":{\"@id\":\"https:\/\/librairie7l.com\/en\/#website\"},\"datePublished\":\"2025-04-03T07:18:20+00:00\",\"dateModified\":\"2026-04-14T22:49:39+00:00\",\"breadcrumb\":{\"@id\":\"https:\/\/librairie7l.com\/en\/produit\/repertoire-de-styles-le-livre-de-la-decoration-dinterieur-2\/#breadcrumb\"},\"inLanguage\":\"en-US\",\"potentialAction\":[{\"@type\":\"ReadAction\",\"target\":[\"https:\/\/librairie7l.com\/en\/produit\/repertoire-de-styles-le-livre-de-la-decoration-dinterieur-2\/\"]}]},{\"@type\":\"BreadcrumbList\",\"@id\":\"https:\/\/librairie7l.com\/en\/produit\/repertoire-de-styles-le-livre-de-la-decoration-dinterieur-2\/#breadcrumb\",\"itemListElement\":[{\"@type\":\"ListItem\",\"position\":1,\"name\":\"Accueil\",\"item\":\"https:\/\/librairie7l.com\/en\/\"},{\"@type\":\"ListItem\",\"position\":2,\"name\":\"Shop\",\"item\":\"https:\/\/librairie7l.com\/en\/shop\/\"},{\"@type\":\"ListItem\",\"position\":3,\"name\":\"R\u00c9PERTOIRE DE STYLES : LE LIVRE DE LA D\u00c9CORATION D&#8217;INT\u00c9RIEUR\"}]},{\"@type\":\"WebSite\",\"@id\":\"https:\/\/librairie7l.com\/en\/#website\",\"url\":\"https:\/\/librairie7l.com\/en\/\",\"name\":\"Librairie 7L\",\"description\":\"Librairie fond\u00e9e en 1999 par Karl Lagerfeld \u00e0 Paris\",\"publisher\":{\"@id\":\"https:\/\/librairie7l.com\/en\/#organization\"},\"potentialAction\":[{\"@type\":\"SearchAction\",\"target\":{\"@type\":\"EntryPoint\",\"urlTemplate\":\"https:\/\/librairie7l.com\/en\/?s={search_term_string}\"},\"query-input\":\"required name=search_term_string\"}],\"inLanguage\":\"en-US\"},{\"@type\":\"Organization\",\"@id\":\"https:\/\/librairie7l.com\/en\/#organization\",\"name\":\"Librairie 7L\",\"url\":\"https:\/\/librairie7l.com\/en\/\",\"logo\":{\"@type\":\"ImageObject\",\"inLanguage\":\"en-US\",\"@id\":\"https:\/\/librairie7l.com\/en\/#\/schema\/logo\/image\/\",\"url\":\"https:\/\/librairie7l.com\/wp-content\/uploads\/2022\/08\/logo-1.png\",\"contentUrl\":\"https:\/\/librairie7l.com\/wp-content\/uploads\/2022\/08\/logo-1.png\",\"width\":227,\"height\":301,\"caption\":\"Librairie 7L\"},\"image\":{\"@id\":\"https:\/\/librairie7l.com\/en\/#\/schema\/logo\/image\/\"}}]}<\/script>\n<!-- \/ Yoast SEO plugin. -->","yoast_head_json":{"title":"R\u00e9pertoire de styles : Le livre de la d\u00e9coration d'int\u00e9rieur - Librairie 7L","robots":{"index":"index","follow":"follow","max-snippet":"max-snippet:-1","max-image-preview":"max-image-preview:large","max-video-preview":"max-video-preview:-1"},"canonical":"https:\/\/librairie7l.com\/en\/produit\/repertoire-de-styles-le-livre-de-la-decoration-dinterieur-2\/","og_locale":"en_US","og_type":"article","og_title":"R\u00e9pertoire de styles : Le livre de la d\u00e9coration d'int\u00e9rieur - Librairie 7L","og_description":"D\u00e9couvrez 25 styles \u00e0 travers 150 int\u00e9rieurs contemporains cr\u00e9\u00e9s par les plus grands d\u00e9corateurs du monde Cet ouvrage unique r\u00e9pertorie 25 styles de d\u00e9coration reconnaissables et intemporels, du maximalisme au minimalisme, du style contemporain au style m\u00e9diterran\u00e9en, en passant par le style sur-mesure et le textur\u00e9. Les diff\u00e9rents styles sont introduits par des textes d\u00e9gageant [&hellip;]","og_url":"https:\/\/librairie7l.com\/en\/produit\/repertoire-de-styles-le-livre-de-la-decoration-dinterieur-2\/","og_site_name":"Librairie 7L","article_modified_time":"2026-04-14T22:49:39+00:00","og_image":[{"width":600,"height":800,"url":"https:\/\/librairie7l.com\/wp-content\/uploads\/2024\/11\/9781838669768_1_75.jpg","type":"image\/jpeg"}],"twitter_card":"summary_large_image","twitter_misc":{"Est. reading time":"1 minute"},"schema":{"@context":"https:\/\/schema.org","@graph":[{"@type":"WebPage","@id":"https:\/\/librairie7l.com\/en\/produit\/repertoire-de-styles-le-livre-de-la-decoration-dinterieur-2\/","url":"https:\/\/librairie7l.com\/en\/produit\/repertoire-de-styles-le-livre-de-la-decoration-dinterieur-2\/","name":"R\u00e9pertoire de styles : Le livre de la d\u00e9coration d'int\u00e9rieur - Librairie 7L","isPartOf":{"@id":"https:\/\/librairie7l.com\/en\/#website"},"datePublished":"2025-04-03T07:18:20+00:00","dateModified":"2026-04-14T22:49:39+00:00","breadcrumb":{"@id":"https:\/\/librairie7l.com\/en\/produit\/repertoire-de-styles-le-livre-de-la-decoration-dinterieur-2\/#breadcrumb"},"inLanguage":"en-US","potentialAction":[{"@type":"ReadAction","target":["https:\/\/librairie7l.com\/en\/produit\/repertoire-de-styles-le-livre-de-la-decoration-dinterieur-2\/"]}]},{"@type":"BreadcrumbList","@id":"https:\/\/librairie7l.com\/en\/produit\/repertoire-de-styles-le-livre-de-la-decoration-dinterieur-2\/#breadcrumb","itemListElement":[{"@type":"ListItem","position":1,"name":"Accueil","item":"https:\/\/librairie7l.com\/en\/"},{"@type":"ListItem","position":2,"name":"Shop","item":"https:\/\/librairie7l.com\/en\/shop\/"},{"@type":"ListItem","position":3,"name":"R\u00c9PERTOIRE DE STYLES : LE LIVRE DE LA D\u00c9CORATION D&#8217;INT\u00c9RIEUR"}]},{"@type":"WebSite","@id":"https:\/\/librairie7l.com\/en\/#website","url":"https:\/\/librairie7l.com\/en\/","name":"Librairie 7L","description":"Librairie fond\u00e9e en 1999 par Karl Lagerfeld \u00e0 Paris","publisher":{"@id":"https:\/\/librairie7l.com\/en\/#organization"},"potentialAction":[{"@type":"SearchAction","target":{"@type":"EntryPoint","urlTemplate":"https:\/\/librairie7l.com\/en\/?s={search_term_string}"},"query-input":"required name=search_term_string"}],"inLanguage":"en-US"},{"@type":"Organization","@id":"https:\/\/librairie7l.com\/en\/#organization","name":"Librairie 7L","url":"https:\/\/librairie7l.com\/en\/","logo":{"@type":"ImageObject","inLanguage":"en-US","@id":"https:\/\/librairie7l.com\/en\/#\/schema\/logo\/image\/","url":"https:\/\/librairie7l.com\/wp-content\/uploads\/2022\/08\/logo-1.png","contentUrl":"https:\/\/librairie7l.com\/wp-content\/uploads\/2022\/08\/logo-1.png","width":227,"height":301,"caption":"Librairie 7L"},"image":{"@id":"https:\/\/librairie7l.com\/en\/#\/schema\/logo\/image\/"}}]}},"_links":{"self":[{"href":"https:\/\/librairie7l.com\/en\/wp-json\/wp\/v2\/product\/47223"}],"collection":[{"href":"https:\/\/librairie7l.com\/en\/wp-json\/wp\/v2\/product"}],"about":[{"href":"https:\/\/librairie7l.com\/en\/wp-json\/wp\/v2\/types\/product"}],"wp:featuredmedia":[{"embeddable":true,"href":"https:\/\/librairie7l.com\/en\/wp-json\/wp\/v2\/media\/47221"}],"wp:attachment":[{"href":"https:\/\/librairie7l.com\/en\/wp-json\/wp\/v2\/media?parent=47223"}],"wp:term":[{"taxonomy":"product_cat","embeddable":true,"href":"https:\/\/librairie7l.com\/en\/wp-json\/wp\/v2\/product_cat?post=47223"},{"taxonomy":"product_tag","embeddable":true,"href":"https:\/\/librairie7l.com\/en\/wp-json\/wp\/v2\/product_tag?post=47223"}],"curies":[{"name":"wp","href":"https:\/\/api.w.org\/{rel}","templated":true}]}}