{"id":47227,"date":"2025-04-03T09:18:23","date_gmt":"2025-04-03T07:18:23","guid":{"rendered":"https:\/\/librairie7l.com\/?post_type=product&#038;p=47227"},"modified":"2026-04-14T09:47:11","modified_gmt":"2026-04-14T07:47:11","slug":"lelegance-animale-2","status":"publish","type":"product","link":"https:\/\/librairie7l.com\/en\/produit\/lelegance-animale-2\/","title":{"rendered":"L&#8217;\u00c9L\u00c9GANCE ANIMALE"},"content":{"rendered":"<p>Cet essai voudrait faire droit \u00e0 l&#8217;incomparable richesse de formes, de motifs et de couleurs que prodigue le monde animal : z\u00e9brures, taches, ocelles, couleurs<br \/>\nchatoyantes, plumages iridescents, tra\u00eenes, cr\u00eates, collerettes&#8230; Une profusion de signes intenses qui dit moins une beaut\u00e9 qu&#8217;une profonde expressivit\u00e9 &#8211; autant dire une puissance visuelle \u00e0 m\u00eame de faire se lever une image subtile, d\u00e9tach\u00e9e de tout substrat physique ou organique. C&#8217;est en cela qu&#8217;il y a \u00ab \u00e9l\u00e9gance animale \u00bb, une \u00e9l\u00e9gance qui n&#8217;est pas sans r\u00e9sonner jusque dans nos propres mani\u00e8res d&#8217;appara\u00eetre, nos modes vestimentaires, notre cosm\u00e9tique.<\/p>\n<p>On ne pourra pas d\u00e8s lors s&#8217;\u00e9pargner une critique de l&#8217;utilitarisme darwinien qui, en se focalisant sur la fonction des formes, s&#8217;emp\u00eachait de penser la singularit\u00e9 de cette forme, autant dire sa valeur distinctive. C&#8217;est pr\u00e9cis\u00e9ment l\u00e0 retrouver le geste fondamental du zoologue suisse Adolf Portmann (1897-1982), qui avait fait de la pr\u00e9sentation-de-soi une r\u00e9alit\u00e9 irr\u00e9ductible \u00e0 toute utilit\u00e9 physiologique et ainsi \u00e9prouv\u00e9 la diversit\u00e9 des apparences animales dans leur profonde vitalit\u00e9.<\/p>\n<p>Peut-\u00eatre faut-il alors en arriver \u00e0 penser ces apparences comme des images en soi, des apparences sans destinataire, capables non seulement de communiquer entre elles, par-del\u00e0 la distance des milieux animaux, mais encore de se conjuguer avec les fleurs, les rochers, le ciel ou la mer, et de transfigurer ainsi la cosm\u00e9tique animale en une authentique cosmologie.<\/p>\n","protected":false},"excerpt":{"rendered":"<p>Cet essai voudrait faire droit \u00e0 l&#8217;incomparable richesse de formes, de motifs et de couleurs que prodigue le monde animal : z\u00e9brures, taches, ocelles, couleurs chatoyantes, plumages iridescents, tra\u00eenes, cr\u00eates, collerettes&#8230; Une profusion de signes intenses qui dit moins une beaut\u00e9 qu&#8217;une profonde expressivit\u00e9 &#8211; autant dire une puissance visuelle \u00e0 m\u00eame de faire se [&hellip;]<\/p>\n","protected":false},"featured_media":47225,"template":"","meta":[],"product_cat":[2948,2953],"product_tag":[],"acf":[],"yoast_head":"<!-- This site is optimized with the Yoast SEO plugin v20.11 - https:\/\/yoast.com\/wordpress\/plugins\/seo\/ -->\n<title>L&#039;\u00c9l\u00e9gance animale - Librairie 7L<\/title>\n<meta name=\"robots\" content=\"index, follow, max-snippet:-1, max-image-preview:large, max-video-preview:-1\" \/>\n<link rel=\"canonical\" href=\"https:\/\/librairie7l.com\/en\/produit\/lelegance-animale-2\/\" \/>\n<meta property=\"og:locale\" content=\"en_US\" \/>\n<meta property=\"og:type\" content=\"article\" \/>\n<meta property=\"og:title\" content=\"L&#039;\u00c9l\u00e9gance animale - Librairie 7L\" \/>\n<meta property=\"og:description\" content=\"Cet essai voudrait faire droit \u00e0 l&#8217;incomparable richesse de formes, de motifs et de couleurs que prodigue le monde animal : z\u00e9brures, taches, ocelles, couleurs chatoyantes, plumages iridescents, tra\u00eenes, cr\u00eates, collerettes&#8230; Une profusion de signes intenses qui dit moins une beaut\u00e9 qu&#8217;une profonde expressivit\u00e9 &#8211; autant dire une puissance visuelle \u00e0 m\u00eame de faire se [&hellip;]\" \/>\n<meta property=\"og:url\" content=\"https:\/\/librairie7l.com\/en\/produit\/lelegance-animale-2\/\" \/>\n<meta property=\"og:site_name\" content=\"Librairie 7L\" \/>\n<meta property=\"article:modified_time\" content=\"2026-04-14T07:47:11+00:00\" \/>\n<meta property=\"og:image\" content=\"https:\/\/librairie7l.com\/wp-content\/uploads\/2024\/12\/9782707356451_1_75.jpg\" \/>\n\t<meta property=\"og:image:width\" content=\"600\" \/>\n\t<meta property=\"og:image:height\" content=\"983\" \/>\n\t<meta property=\"og:image:type\" content=\"image\/jpeg\" \/>\n<meta name=\"twitter:card\" content=\"summary_large_image\" \/>\n<meta name=\"twitter:label1\" content=\"Est. reading time\" \/>\n\t<meta name=\"twitter:data1\" content=\"1 minute\" \/>\n<script type=\"application\/ld+json\" class=\"yoast-schema-graph\">{\"@context\":\"https:\/\/schema.org\",\"@graph\":[{\"@type\":\"WebPage\",\"@id\":\"https:\/\/librairie7l.com\/en\/produit\/lelegance-animale-2\/\",\"url\":\"https:\/\/librairie7l.com\/en\/produit\/lelegance-animale-2\/\",\"name\":\"L'\u00c9l\u00e9gance animale - Librairie 7L\",\"isPartOf\":{\"@id\":\"https:\/\/librairie7l.com\/en\/#website\"},\"datePublished\":\"2025-04-03T07:18:23+00:00\",\"dateModified\":\"2026-04-14T07:47:11+00:00\",\"breadcrumb\":{\"@id\":\"https:\/\/librairie7l.com\/en\/produit\/lelegance-animale-2\/#breadcrumb\"},\"inLanguage\":\"en-US\",\"potentialAction\":[{\"@type\":\"ReadAction\",\"target\":[\"https:\/\/librairie7l.com\/en\/produit\/lelegance-animale-2\/\"]}]},{\"@type\":\"BreadcrumbList\",\"@id\":\"https:\/\/librairie7l.com\/en\/produit\/lelegance-animale-2\/#breadcrumb\",\"itemListElement\":[{\"@type\":\"ListItem\",\"position\":1,\"name\":\"Accueil\",\"item\":\"https:\/\/librairie7l.com\/en\/\"},{\"@type\":\"ListItem\",\"position\":2,\"name\":\"Shop\",\"item\":\"https:\/\/librairie7l.com\/en\/shop\/\"},{\"@type\":\"ListItem\",\"position\":3,\"name\":\"L&#8217;\u00c9L\u00c9GANCE ANIMALE\"}]},{\"@type\":\"WebSite\",\"@id\":\"https:\/\/librairie7l.com\/en\/#website\",\"url\":\"https:\/\/librairie7l.com\/en\/\",\"name\":\"Librairie 7L\",\"description\":\"Librairie fond\u00e9e en 1999 par Karl Lagerfeld \u00e0 Paris\",\"publisher\":{\"@id\":\"https:\/\/librairie7l.com\/en\/#organization\"},\"potentialAction\":[{\"@type\":\"SearchAction\",\"target\":{\"@type\":\"EntryPoint\",\"urlTemplate\":\"https:\/\/librairie7l.com\/en\/?s={search_term_string}\"},\"query-input\":\"required name=search_term_string\"}],\"inLanguage\":\"en-US\"},{\"@type\":\"Organization\",\"@id\":\"https:\/\/librairie7l.com\/en\/#organization\",\"name\":\"Librairie 7L\",\"url\":\"https:\/\/librairie7l.com\/en\/\",\"logo\":{\"@type\":\"ImageObject\",\"inLanguage\":\"en-US\",\"@id\":\"https:\/\/librairie7l.com\/en\/#\/schema\/logo\/image\/\",\"url\":\"https:\/\/librairie7l.com\/wp-content\/uploads\/2022\/08\/logo-1.png\",\"contentUrl\":\"https:\/\/librairie7l.com\/wp-content\/uploads\/2022\/08\/logo-1.png\",\"width\":227,\"height\":301,\"caption\":\"Librairie 7L\"},\"image\":{\"@id\":\"https:\/\/librairie7l.com\/en\/#\/schema\/logo\/image\/\"}}]}<\/script>\n<!-- \/ Yoast SEO plugin. -->","yoast_head_json":{"title":"L'\u00c9l\u00e9gance animale - Librairie 7L","robots":{"index":"index","follow":"follow","max-snippet":"max-snippet:-1","max-image-preview":"max-image-preview:large","max-video-preview":"max-video-preview:-1"},"canonical":"https:\/\/librairie7l.com\/en\/produit\/lelegance-animale-2\/","og_locale":"en_US","og_type":"article","og_title":"L'\u00c9l\u00e9gance animale - Librairie 7L","og_description":"Cet essai voudrait faire droit \u00e0 l&#8217;incomparable richesse de formes, de motifs et de couleurs que prodigue le monde animal : z\u00e9brures, taches, ocelles, couleurs chatoyantes, plumages iridescents, tra\u00eenes, cr\u00eates, collerettes&#8230; Une profusion de signes intenses qui dit moins une beaut\u00e9 qu&#8217;une profonde expressivit\u00e9 &#8211; autant dire une puissance visuelle \u00e0 m\u00eame de faire se [&hellip;]","og_url":"https:\/\/librairie7l.com\/en\/produit\/lelegance-animale-2\/","og_site_name":"Librairie 7L","article_modified_time":"2026-04-14T07:47:11+00:00","og_image":[{"width":600,"height":983,"url":"https:\/\/librairie7l.com\/wp-content\/uploads\/2024\/12\/9782707356451_1_75.jpg","type":"image\/jpeg"}],"twitter_card":"summary_large_image","twitter_misc":{"Est. reading time":"1 minute"},"schema":{"@context":"https:\/\/schema.org","@graph":[{"@type":"WebPage","@id":"https:\/\/librairie7l.com\/en\/produit\/lelegance-animale-2\/","url":"https:\/\/librairie7l.com\/en\/produit\/lelegance-animale-2\/","name":"L'\u00c9l\u00e9gance animale - Librairie 7L","isPartOf":{"@id":"https:\/\/librairie7l.com\/en\/#website"},"datePublished":"2025-04-03T07:18:23+00:00","dateModified":"2026-04-14T07:47:11+00:00","breadcrumb":{"@id":"https:\/\/librairie7l.com\/en\/produit\/lelegance-animale-2\/#breadcrumb"},"inLanguage":"en-US","potentialAction":[{"@type":"ReadAction","target":["https:\/\/librairie7l.com\/en\/produit\/lelegance-animale-2\/"]}]},{"@type":"BreadcrumbList","@id":"https:\/\/librairie7l.com\/en\/produit\/lelegance-animale-2\/#breadcrumb","itemListElement":[{"@type":"ListItem","position":1,"name":"Accueil","item":"https:\/\/librairie7l.com\/en\/"},{"@type":"ListItem","position":2,"name":"Shop","item":"https:\/\/librairie7l.com\/en\/shop\/"},{"@type":"ListItem","position":3,"name":"L&#8217;\u00c9L\u00c9GANCE ANIMALE"}]},{"@type":"WebSite","@id":"https:\/\/librairie7l.com\/en\/#website","url":"https:\/\/librairie7l.com\/en\/","name":"Librairie 7L","description":"Librairie fond\u00e9e en 1999 par Karl Lagerfeld \u00e0 Paris","publisher":{"@id":"https:\/\/librairie7l.com\/en\/#organization"},"potentialAction":[{"@type":"SearchAction","target":{"@type":"EntryPoint","urlTemplate":"https:\/\/librairie7l.com\/en\/?s={search_term_string}"},"query-input":"required name=search_term_string"}],"inLanguage":"en-US"},{"@type":"Organization","@id":"https:\/\/librairie7l.com\/en\/#organization","name":"Librairie 7L","url":"https:\/\/librairie7l.com\/en\/","logo":{"@type":"ImageObject","inLanguage":"en-US","@id":"https:\/\/librairie7l.com\/en\/#\/schema\/logo\/image\/","url":"https:\/\/librairie7l.com\/wp-content\/uploads\/2022\/08\/logo-1.png","contentUrl":"https:\/\/librairie7l.com\/wp-content\/uploads\/2022\/08\/logo-1.png","width":227,"height":301,"caption":"Librairie 7L"},"image":{"@id":"https:\/\/librairie7l.com\/en\/#\/schema\/logo\/image\/"}}]}},"_links":{"self":[{"href":"https:\/\/librairie7l.com\/en\/wp-json\/wp\/v2\/product\/47227"}],"collection":[{"href":"https:\/\/librairie7l.com\/en\/wp-json\/wp\/v2\/product"}],"about":[{"href":"https:\/\/librairie7l.com\/en\/wp-json\/wp\/v2\/types\/product"}],"wp:featuredmedia":[{"embeddable":true,"href":"https:\/\/librairie7l.com\/en\/wp-json\/wp\/v2\/media\/47225"}],"wp:attachment":[{"href":"https:\/\/librairie7l.com\/en\/wp-json\/wp\/v2\/media?parent=47227"}],"wp:term":[{"taxonomy":"product_cat","embeddable":true,"href":"https:\/\/librairie7l.com\/en\/wp-json\/wp\/v2\/product_cat?post=47227"},{"taxonomy":"product_tag","embeddable":true,"href":"https:\/\/librairie7l.com\/en\/wp-json\/wp\/v2\/product_tag?post=47227"}],"curies":[{"name":"wp","href":"https:\/\/api.w.org\/{rel}","templated":true}]}}