{"id":47235,"date":"2025-04-03T10:16:06","date_gmt":"2025-04-03T08:16:06","guid":{"rendered":"https:\/\/librairie7l.com\/?post_type=product&#038;p=47235"},"modified":"2026-04-17T14:10:29","modified_gmt":"2026-04-17T12:10:29","slug":"delicatessen-2","status":"publish","type":"product","link":"https:\/\/librairie7l.com\/en\/produit\/delicatessen-2\/","title":{"rendered":"DELICATESSEN"},"content":{"rendered":"<p>Delicatessen<br \/>\n Entre art &amp; cuisine<br \/>\n \u00ab \u00c9quateur + P\u00f4le nord \u00bb ou \u00ab \u00e9lectricit\u00e9 atmosph\u00e9rique confite \u00bb, ainsi les futuristes italiens avaient-ils baptis\u00e9 les plats qu&#8217;ils inscrivaient \u00e0 la carte de la \u00ab Taverne du saint palais \u00bb au d\u00e9but des ann\u00e9es 1930. \u00ab Ne pas manger, seulement voir et sentir \u00bb, telle est l&#8217;instruction que donnent de leur c\u00f4t\u00e9 Ben Heinrich et Lukas P\u00fcrmayr avec leur derni\u00e8re \u00ab recette du verre de cigu\u00eb \u00bb. La publication \u00e0 l&#8217;occasion de l&#8217;exposition \u00ab Delikatessen. Entre art et cuisine \u00bb s&#8217;int\u00e9resse, en plus des travaux divers et vari\u00e9s de nombreux artistes, \u00e0 leurs propositions de recettes et leur pr\u00e9f\u00e9rence pour les restaurants en tant que prolongement d&#8217;\u00e9tabli, des choix historiques comme ceux de Daniel Spoerri, Allen Ruppersberg, Pierro Manzoni, Dieter Roth et Gordon Matta-Clark, \u00e0 ceux plus contemporains de Thomas Friemel et Michael Riedel, Carsten Holler, Sonja Ahlh\u00e4user, Boris Becker, Tobias Hantmann, Candida Hofer, Martin Parr, Wolfgang Stehle, Walid Raad et bien d&#8217;autres. Il s&#8217;agit, outre les questions de cr\u00e9ativit\u00e9 o\u00f9 l&#8217;art et la cuisine ont incontestablement toujours \u00e9t\u00e9 pens\u00e9s en parall\u00e8le, de rituels et de c\u00e9r\u00e9monies de notre culture alimentaire. Car la nourriture a v\u00e9ritablement acquis un statut d&#8217;ic\u00f4ne pop depuis quelques dizaines d&#8217;ann\u00e9es : elle est partout, sur toutes les cha\u00eenes de t\u00e9l\u00e9vision dans des \u00e9missions de cuisine, dans les posts et les selfies des m\u00e9dias sociaux, et dans des masses de likes.<\/p>\n","protected":false},"excerpt":{"rendered":"<p>Delicatessen Entre art &amp; cuisine \u00ab \u00c9quateur + P\u00f4le nord \u00bb ou \u00ab \u00e9lectricit\u00e9 atmosph\u00e9rique confite \u00bb, ainsi les futuristes italiens avaient-ils baptis\u00e9 les plats qu&#8217;ils inscrivaient \u00e0 la carte de la \u00ab Taverne du saint palais \u00bb au d\u00e9but des ann\u00e9es 1930. \u00ab Ne pas manger, seulement voir et sentir \u00bb, telle est l&#8217;instruction [&hellip;]<\/p>\n","protected":false},"featured_media":47233,"template":"","meta":[],"product_cat":[2948,2953],"product_tag":[],"acf":[],"yoast_head":"<!-- This site is optimized with the Yoast SEO plugin v20.11 - https:\/\/yoast.com\/wordpress\/plugins\/seo\/ -->\n<title>Delicatessen - Librairie 7L<\/title>\n<meta name=\"robots\" content=\"index, follow, max-snippet:-1, max-image-preview:large, max-video-preview:-1\" \/>\n<link rel=\"canonical\" href=\"https:\/\/librairie7l.com\/en\/produit\/delicatessen-2\/\" \/>\n<meta property=\"og:locale\" content=\"en_US\" \/>\n<meta property=\"og:type\" content=\"article\" \/>\n<meta property=\"og:title\" content=\"Delicatessen - Librairie 7L\" \/>\n<meta property=\"og:description\" content=\"Delicatessen Entre art &amp; cuisine \u00ab \u00c9quateur + P\u00f4le nord \u00bb ou \u00ab \u00e9lectricit\u00e9 atmosph\u00e9rique confite \u00bb, ainsi les futuristes italiens avaient-ils baptis\u00e9 les plats qu&#8217;ils inscrivaient \u00e0 la carte de la \u00ab Taverne du saint palais \u00bb au d\u00e9but des ann\u00e9es 1930. \u00ab Ne pas manger, seulement voir et sentir \u00bb, telle est l&#8217;instruction [&hellip;]\" \/>\n<meta property=\"og:url\" content=\"https:\/\/librairie7l.com\/en\/produit\/delicatessen-2\/\" \/>\n<meta property=\"og:site_name\" content=\"Librairie 7L\" \/>\n<meta property=\"article:modified_time\" content=\"2026-04-17T12:10:29+00:00\" \/>\n<meta property=\"og:image\" content=\"https:\/\/librairie7l.com\/wp-content\/uploads\/2024\/12\/9783864424540_1_75.jpg\" \/>\n\t<meta property=\"og:image:width\" content=\"471\" \/>\n\t<meta property=\"og:image:height\" content=\"568\" \/>\n\t<meta property=\"og:image:type\" content=\"image\/jpeg\" \/>\n<meta name=\"twitter:card\" content=\"summary_large_image\" \/>\n<meta name=\"twitter:label1\" content=\"Est. reading time\" \/>\n\t<meta name=\"twitter:data1\" content=\"1 minute\" \/>\n<script type=\"application\/ld+json\" class=\"yoast-schema-graph\">{\"@context\":\"https:\/\/schema.org\",\"@graph\":[{\"@type\":\"WebPage\",\"@id\":\"https:\/\/librairie7l.com\/en\/produit\/delicatessen-2\/\",\"url\":\"https:\/\/librairie7l.com\/en\/produit\/delicatessen-2\/\",\"name\":\"Delicatessen - Librairie 7L\",\"isPartOf\":{\"@id\":\"https:\/\/librairie7l.com\/en\/#website\"},\"datePublished\":\"2025-04-03T08:16:06+00:00\",\"dateModified\":\"2026-04-17T12:10:29+00:00\",\"breadcrumb\":{\"@id\":\"https:\/\/librairie7l.com\/en\/produit\/delicatessen-2\/#breadcrumb\"},\"inLanguage\":\"en-US\",\"potentialAction\":[{\"@type\":\"ReadAction\",\"target\":[\"https:\/\/librairie7l.com\/en\/produit\/delicatessen-2\/\"]}]},{\"@type\":\"BreadcrumbList\",\"@id\":\"https:\/\/librairie7l.com\/en\/produit\/delicatessen-2\/#breadcrumb\",\"itemListElement\":[{\"@type\":\"ListItem\",\"position\":1,\"name\":\"Accueil\",\"item\":\"https:\/\/librairie7l.com\/en\/\"},{\"@type\":\"ListItem\",\"position\":2,\"name\":\"Shop\",\"item\":\"https:\/\/librairie7l.com\/en\/shop\/\"},{\"@type\":\"ListItem\",\"position\":3,\"name\":\"DELICATESSEN\"}]},{\"@type\":\"WebSite\",\"@id\":\"https:\/\/librairie7l.com\/en\/#website\",\"url\":\"https:\/\/librairie7l.com\/en\/\",\"name\":\"Librairie 7L\",\"description\":\"Librairie fond\u00e9e en 1999 par Karl Lagerfeld \u00e0 Paris\",\"publisher\":{\"@id\":\"https:\/\/librairie7l.com\/en\/#organization\"},\"potentialAction\":[{\"@type\":\"SearchAction\",\"target\":{\"@type\":\"EntryPoint\",\"urlTemplate\":\"https:\/\/librairie7l.com\/en\/?s={search_term_string}\"},\"query-input\":\"required name=search_term_string\"}],\"inLanguage\":\"en-US\"},{\"@type\":\"Organization\",\"@id\":\"https:\/\/librairie7l.com\/en\/#organization\",\"name\":\"Librairie 7L\",\"url\":\"https:\/\/librairie7l.com\/en\/\",\"logo\":{\"@type\":\"ImageObject\",\"inLanguage\":\"en-US\",\"@id\":\"https:\/\/librairie7l.com\/en\/#\/schema\/logo\/image\/\",\"url\":\"https:\/\/librairie7l.com\/wp-content\/uploads\/2022\/08\/logo-1.png\",\"contentUrl\":\"https:\/\/librairie7l.com\/wp-content\/uploads\/2022\/08\/logo-1.png\",\"width\":227,\"height\":301,\"caption\":\"Librairie 7L\"},\"image\":{\"@id\":\"https:\/\/librairie7l.com\/en\/#\/schema\/logo\/image\/\"}}]}<\/script>\n<!-- \/ Yoast SEO plugin. -->","yoast_head_json":{"title":"Delicatessen - Librairie 7L","robots":{"index":"index","follow":"follow","max-snippet":"max-snippet:-1","max-image-preview":"max-image-preview:large","max-video-preview":"max-video-preview:-1"},"canonical":"https:\/\/librairie7l.com\/en\/produit\/delicatessen-2\/","og_locale":"en_US","og_type":"article","og_title":"Delicatessen - Librairie 7L","og_description":"Delicatessen Entre art &amp; cuisine \u00ab \u00c9quateur + P\u00f4le nord \u00bb ou \u00ab \u00e9lectricit\u00e9 atmosph\u00e9rique confite \u00bb, ainsi les futuristes italiens avaient-ils baptis\u00e9 les plats qu&#8217;ils inscrivaient \u00e0 la carte de la \u00ab Taverne du saint palais \u00bb au d\u00e9but des ann\u00e9es 1930. \u00ab Ne pas manger, seulement voir et sentir \u00bb, telle est l&#8217;instruction [&hellip;]","og_url":"https:\/\/librairie7l.com\/en\/produit\/delicatessen-2\/","og_site_name":"Librairie 7L","article_modified_time":"2026-04-17T12:10:29+00:00","og_image":[{"width":471,"height":568,"url":"https:\/\/librairie7l.com\/wp-content\/uploads\/2024\/12\/9783864424540_1_75.jpg","type":"image\/jpeg"}],"twitter_card":"summary_large_image","twitter_misc":{"Est. reading time":"1 minute"},"schema":{"@context":"https:\/\/schema.org","@graph":[{"@type":"WebPage","@id":"https:\/\/librairie7l.com\/en\/produit\/delicatessen-2\/","url":"https:\/\/librairie7l.com\/en\/produit\/delicatessen-2\/","name":"Delicatessen - Librairie 7L","isPartOf":{"@id":"https:\/\/librairie7l.com\/en\/#website"},"datePublished":"2025-04-03T08:16:06+00:00","dateModified":"2026-04-17T12:10:29+00:00","breadcrumb":{"@id":"https:\/\/librairie7l.com\/en\/produit\/delicatessen-2\/#breadcrumb"},"inLanguage":"en-US","potentialAction":[{"@type":"ReadAction","target":["https:\/\/librairie7l.com\/en\/produit\/delicatessen-2\/"]}]},{"@type":"BreadcrumbList","@id":"https:\/\/librairie7l.com\/en\/produit\/delicatessen-2\/#breadcrumb","itemListElement":[{"@type":"ListItem","position":1,"name":"Accueil","item":"https:\/\/librairie7l.com\/en\/"},{"@type":"ListItem","position":2,"name":"Shop","item":"https:\/\/librairie7l.com\/en\/shop\/"},{"@type":"ListItem","position":3,"name":"DELICATESSEN"}]},{"@type":"WebSite","@id":"https:\/\/librairie7l.com\/en\/#website","url":"https:\/\/librairie7l.com\/en\/","name":"Librairie 7L","description":"Librairie fond\u00e9e en 1999 par Karl Lagerfeld \u00e0 Paris","publisher":{"@id":"https:\/\/librairie7l.com\/en\/#organization"},"potentialAction":[{"@type":"SearchAction","target":{"@type":"EntryPoint","urlTemplate":"https:\/\/librairie7l.com\/en\/?s={search_term_string}"},"query-input":"required name=search_term_string"}],"inLanguage":"en-US"},{"@type":"Organization","@id":"https:\/\/librairie7l.com\/en\/#organization","name":"Librairie 7L","url":"https:\/\/librairie7l.com\/en\/","logo":{"@type":"ImageObject","inLanguage":"en-US","@id":"https:\/\/librairie7l.com\/en\/#\/schema\/logo\/image\/","url":"https:\/\/librairie7l.com\/wp-content\/uploads\/2022\/08\/logo-1.png","contentUrl":"https:\/\/librairie7l.com\/wp-content\/uploads\/2022\/08\/logo-1.png","width":227,"height":301,"caption":"Librairie 7L"},"image":{"@id":"https:\/\/librairie7l.com\/en\/#\/schema\/logo\/image\/"}}]}},"_links":{"self":[{"href":"https:\/\/librairie7l.com\/en\/wp-json\/wp\/v2\/product\/47235"}],"collection":[{"href":"https:\/\/librairie7l.com\/en\/wp-json\/wp\/v2\/product"}],"about":[{"href":"https:\/\/librairie7l.com\/en\/wp-json\/wp\/v2\/types\/product"}],"wp:featuredmedia":[{"embeddable":true,"href":"https:\/\/librairie7l.com\/en\/wp-json\/wp\/v2\/media\/47233"}],"wp:attachment":[{"href":"https:\/\/librairie7l.com\/en\/wp-json\/wp\/v2\/media?parent=47235"}],"wp:term":[{"taxonomy":"product_cat","embeddable":true,"href":"https:\/\/librairie7l.com\/en\/wp-json\/wp\/v2\/product_cat?post=47235"},{"taxonomy":"product_tag","embeddable":true,"href":"https:\/\/librairie7l.com\/en\/wp-json\/wp\/v2\/product_tag?post=47235"}],"curies":[{"name":"wp","href":"https:\/\/api.w.org\/{rel}","templated":true}]}}