{"id":47239,"date":"2025-04-03T10:16:09","date_gmt":"2025-04-03T08:16:09","guid":{"rendered":"https:\/\/librairie7l.com\/?post_type=product&#038;p=47239"},"modified":"2026-04-04T02:12:30","modified_gmt":"2026-04-04T00:12:30","slug":"fables-et-autres-contes-2","status":"publish","type":"product","link":"https:\/\/librairie7l.com\/en\/produit\/fables-et-autres-contes-2\/","title":{"rendered":"FABLES ET AUTRES CONTES"},"content":{"rendered":"<p>Fables et autres contes, le nouveau livre de Karen Knorr, propose une immersion unique dans l&#8217;univers de l&#8217;artiste avec une quarantaine de photographies et une quinzaine de contes \u00e9crits par Knorr elle-m\u00eame. Cet ouvrage r\u00e9unit des oeuvres r\u00e9centes et des photos embl\u00e9matiques de ses s\u00e9ries historiques, rarement expos\u00e9es depuis les ann\u00e9es 1990, permettant \u00e0 un nouveau public de d\u00e9couvrir son travail.<br \/>\n Connue depuis les ann\u00e9es 1980 pour son approche critique et ludique, Knorr a marqu\u00e9 la photographie britannique en int\u00e9grant des th\u00e8mes tels que le postmodernisme, le post-colonialisme et le f\u00e9minisme. Ses premi\u00e8res s\u00e9ries, Belgravia et Gentlemen, questionnaient les valeurs sociales et patriarcales de l&#8217;Angleterre sous Thatcher. Par la suite, elle a introduit le texte dans ses images pour provoquer r\u00e9flexion et distanciation, abordant des th\u00e8mes allant des classes sociales \u00e0 la repr\u00e9sentation animale dans des lieux patrimoniaux.<br \/>\n Dans Fables et autres contes, Knorr utilise des collages subtils d&#8217;animaux, d&#8217;objets et de d\u00e9cors architecturaux pour interroger l&#8217;autorit\u00e9 des mus\u00e9es et le patrimoine. Son dialogue visuel, entre r\u00e9alit\u00e9 et fiction, invite le lecteur \u00e0 explorer des mondes m\u00ealant traditions et illusions, ouvrant la voie \u00e0 une r\u00e9flexion po\u00e9tique sur l&#8217;authenticit\u00e9 et le pouvoir de l&#8217;image.<\/p>\n","protected":false},"excerpt":{"rendered":"<p>Fables et autres contes, le nouveau livre de Karen Knorr, propose une immersion unique dans l&#8217;univers de l&#8217;artiste avec une quarantaine de photographies et une quinzaine de contes \u00e9crits par Knorr elle-m\u00eame. Cet ouvrage r\u00e9unit des oeuvres r\u00e9centes et des photos embl\u00e9matiques de ses s\u00e9ries historiques, rarement expos\u00e9es depuis les ann\u00e9es 1990, permettant \u00e0 un [&hellip;]<\/p>\n","protected":false},"featured_media":47237,"template":"","meta":[],"product_cat":[2948,2958],"product_tag":[],"acf":[],"yoast_head":"<!-- This site is optimized with the Yoast SEO plugin v20.11 - https:\/\/yoast.com\/wordpress\/plugins\/seo\/ -->\n<title>Fables et autres contes - Librairie 7L<\/title>\n<meta name=\"robots\" content=\"index, follow, max-snippet:-1, max-image-preview:large, max-video-preview:-1\" \/>\n<link rel=\"canonical\" href=\"https:\/\/librairie7l.com\/en\/produit\/fables-et-autres-contes-2\/\" \/>\n<meta property=\"og:locale\" content=\"en_US\" \/>\n<meta property=\"og:type\" content=\"article\" \/>\n<meta property=\"og:title\" content=\"Fables et autres contes - Librairie 7L\" \/>\n<meta property=\"og:description\" content=\"Fables et autres contes, le nouveau livre de Karen Knorr, propose une immersion unique dans l&#8217;univers de l&#8217;artiste avec une quarantaine de photographies et une quinzaine de contes \u00e9crits par Knorr elle-m\u00eame. Cet ouvrage r\u00e9unit des oeuvres r\u00e9centes et des photos embl\u00e9matiques de ses s\u00e9ries historiques, rarement expos\u00e9es depuis les ann\u00e9es 1990, permettant \u00e0 un [&hellip;]\" \/>\n<meta property=\"og:url\" content=\"https:\/\/librairie7l.com\/en\/produit\/fables-et-autres-contes-2\/\" \/>\n<meta property=\"og:site_name\" content=\"Librairie 7L\" \/>\n<meta property=\"article:modified_time\" content=\"2026-04-04T00:12:30+00:00\" \/>\n<meta property=\"og:image\" content=\"https:\/\/librairie7l.com\/wp-content\/uploads\/2024\/12\/9782350466392_1_75.jpg\" \/>\n\t<meta property=\"og:image:width\" content=\"600\" \/>\n\t<meta property=\"og:image:height\" content=\"749\" \/>\n\t<meta property=\"og:image:type\" content=\"image\/jpeg\" \/>\n<meta name=\"twitter:card\" content=\"summary_large_image\" \/>\n<meta name=\"twitter:label1\" content=\"Est. reading time\" \/>\n\t<meta name=\"twitter:data1\" content=\"1 minute\" \/>\n<script type=\"application\/ld+json\" class=\"yoast-schema-graph\">{\"@context\":\"https:\/\/schema.org\",\"@graph\":[{\"@type\":\"WebPage\",\"@id\":\"https:\/\/librairie7l.com\/en\/produit\/fables-et-autres-contes-2\/\",\"url\":\"https:\/\/librairie7l.com\/en\/produit\/fables-et-autres-contes-2\/\",\"name\":\"Fables et autres contes - Librairie 7L\",\"isPartOf\":{\"@id\":\"https:\/\/librairie7l.com\/en\/#website\"},\"datePublished\":\"2025-04-03T08:16:09+00:00\",\"dateModified\":\"2026-04-04T00:12:30+00:00\",\"breadcrumb\":{\"@id\":\"https:\/\/librairie7l.com\/en\/produit\/fables-et-autres-contes-2\/#breadcrumb\"},\"inLanguage\":\"en-US\",\"potentialAction\":[{\"@type\":\"ReadAction\",\"target\":[\"https:\/\/librairie7l.com\/en\/produit\/fables-et-autres-contes-2\/\"]}]},{\"@type\":\"BreadcrumbList\",\"@id\":\"https:\/\/librairie7l.com\/en\/produit\/fables-et-autres-contes-2\/#breadcrumb\",\"itemListElement\":[{\"@type\":\"ListItem\",\"position\":1,\"name\":\"Accueil\",\"item\":\"https:\/\/librairie7l.com\/en\/\"},{\"@type\":\"ListItem\",\"position\":2,\"name\":\"Shop\",\"item\":\"https:\/\/librairie7l.com\/en\/shop\/\"},{\"@type\":\"ListItem\",\"position\":3,\"name\":\"FABLES ET AUTRES CONTES\"}]},{\"@type\":\"WebSite\",\"@id\":\"https:\/\/librairie7l.com\/en\/#website\",\"url\":\"https:\/\/librairie7l.com\/en\/\",\"name\":\"Librairie 7L\",\"description\":\"Librairie fond\u00e9e en 1999 par Karl Lagerfeld \u00e0 Paris\",\"publisher\":{\"@id\":\"https:\/\/librairie7l.com\/en\/#organization\"},\"potentialAction\":[{\"@type\":\"SearchAction\",\"target\":{\"@type\":\"EntryPoint\",\"urlTemplate\":\"https:\/\/librairie7l.com\/en\/?s={search_term_string}\"},\"query-input\":\"required name=search_term_string\"}],\"inLanguage\":\"en-US\"},{\"@type\":\"Organization\",\"@id\":\"https:\/\/librairie7l.com\/en\/#organization\",\"name\":\"Librairie 7L\",\"url\":\"https:\/\/librairie7l.com\/en\/\",\"logo\":{\"@type\":\"ImageObject\",\"inLanguage\":\"en-US\",\"@id\":\"https:\/\/librairie7l.com\/en\/#\/schema\/logo\/image\/\",\"url\":\"https:\/\/librairie7l.com\/wp-content\/uploads\/2022\/08\/logo-1.png\",\"contentUrl\":\"https:\/\/librairie7l.com\/wp-content\/uploads\/2022\/08\/logo-1.png\",\"width\":227,\"height\":301,\"caption\":\"Librairie 7L\"},\"image\":{\"@id\":\"https:\/\/librairie7l.com\/en\/#\/schema\/logo\/image\/\"}}]}<\/script>\n<!-- \/ Yoast SEO plugin. -->","yoast_head_json":{"title":"Fables et autres contes - Librairie 7L","robots":{"index":"index","follow":"follow","max-snippet":"max-snippet:-1","max-image-preview":"max-image-preview:large","max-video-preview":"max-video-preview:-1"},"canonical":"https:\/\/librairie7l.com\/en\/produit\/fables-et-autres-contes-2\/","og_locale":"en_US","og_type":"article","og_title":"Fables et autres contes - Librairie 7L","og_description":"Fables et autres contes, le nouveau livre de Karen Knorr, propose une immersion unique dans l&#8217;univers de l&#8217;artiste avec une quarantaine de photographies et une quinzaine de contes \u00e9crits par Knorr elle-m\u00eame. Cet ouvrage r\u00e9unit des oeuvres r\u00e9centes et des photos embl\u00e9matiques de ses s\u00e9ries historiques, rarement expos\u00e9es depuis les ann\u00e9es 1990, permettant \u00e0 un [&hellip;]","og_url":"https:\/\/librairie7l.com\/en\/produit\/fables-et-autres-contes-2\/","og_site_name":"Librairie 7L","article_modified_time":"2026-04-04T00:12:30+00:00","og_image":[{"width":600,"height":749,"url":"https:\/\/librairie7l.com\/wp-content\/uploads\/2024\/12\/9782350466392_1_75.jpg","type":"image\/jpeg"}],"twitter_card":"summary_large_image","twitter_misc":{"Est. reading time":"1 minute"},"schema":{"@context":"https:\/\/schema.org","@graph":[{"@type":"WebPage","@id":"https:\/\/librairie7l.com\/en\/produit\/fables-et-autres-contes-2\/","url":"https:\/\/librairie7l.com\/en\/produit\/fables-et-autres-contes-2\/","name":"Fables et autres contes - Librairie 7L","isPartOf":{"@id":"https:\/\/librairie7l.com\/en\/#website"},"datePublished":"2025-04-03T08:16:09+00:00","dateModified":"2026-04-04T00:12:30+00:00","breadcrumb":{"@id":"https:\/\/librairie7l.com\/en\/produit\/fables-et-autres-contes-2\/#breadcrumb"},"inLanguage":"en-US","potentialAction":[{"@type":"ReadAction","target":["https:\/\/librairie7l.com\/en\/produit\/fables-et-autres-contes-2\/"]}]},{"@type":"BreadcrumbList","@id":"https:\/\/librairie7l.com\/en\/produit\/fables-et-autres-contes-2\/#breadcrumb","itemListElement":[{"@type":"ListItem","position":1,"name":"Accueil","item":"https:\/\/librairie7l.com\/en\/"},{"@type":"ListItem","position":2,"name":"Shop","item":"https:\/\/librairie7l.com\/en\/shop\/"},{"@type":"ListItem","position":3,"name":"FABLES ET AUTRES CONTES"}]},{"@type":"WebSite","@id":"https:\/\/librairie7l.com\/en\/#website","url":"https:\/\/librairie7l.com\/en\/","name":"Librairie 7L","description":"Librairie fond\u00e9e en 1999 par Karl Lagerfeld \u00e0 Paris","publisher":{"@id":"https:\/\/librairie7l.com\/en\/#organization"},"potentialAction":[{"@type":"SearchAction","target":{"@type":"EntryPoint","urlTemplate":"https:\/\/librairie7l.com\/en\/?s={search_term_string}"},"query-input":"required name=search_term_string"}],"inLanguage":"en-US"},{"@type":"Organization","@id":"https:\/\/librairie7l.com\/en\/#organization","name":"Librairie 7L","url":"https:\/\/librairie7l.com\/en\/","logo":{"@type":"ImageObject","inLanguage":"en-US","@id":"https:\/\/librairie7l.com\/en\/#\/schema\/logo\/image\/","url":"https:\/\/librairie7l.com\/wp-content\/uploads\/2022\/08\/logo-1.png","contentUrl":"https:\/\/librairie7l.com\/wp-content\/uploads\/2022\/08\/logo-1.png","width":227,"height":301,"caption":"Librairie 7L"},"image":{"@id":"https:\/\/librairie7l.com\/en\/#\/schema\/logo\/image\/"}}]}},"_links":{"self":[{"href":"https:\/\/librairie7l.com\/en\/wp-json\/wp\/v2\/product\/47239"}],"collection":[{"href":"https:\/\/librairie7l.com\/en\/wp-json\/wp\/v2\/product"}],"about":[{"href":"https:\/\/librairie7l.com\/en\/wp-json\/wp\/v2\/types\/product"}],"wp:featuredmedia":[{"embeddable":true,"href":"https:\/\/librairie7l.com\/en\/wp-json\/wp\/v2\/media\/47237"}],"wp:attachment":[{"href":"https:\/\/librairie7l.com\/en\/wp-json\/wp\/v2\/media?parent=47239"}],"wp:term":[{"taxonomy":"product_cat","embeddable":true,"href":"https:\/\/librairie7l.com\/en\/wp-json\/wp\/v2\/product_cat?post=47239"},{"taxonomy":"product_tag","embeddable":true,"href":"https:\/\/librairie7l.com\/en\/wp-json\/wp\/v2\/product_tag?post=47239"}],"curies":[{"name":"wp","href":"https:\/\/api.w.org\/{rel}","templated":true}]}}