{"id":47250,"date":"2025-04-04T09:18:04","date_gmt":"2025-04-04T07:18:04","guid":{"rendered":"https:\/\/librairie7l.com\/?post_type=product&#038;p=47250"},"modified":"2026-04-07T20:06:32","modified_gmt":"2026-04-07T18:06:32","slug":"david-hockney-fondation-louis-vuitton-2","status":"publish","type":"product","link":"https:\/\/librairie7l.com\/en\/produit\/david-hockney-fondation-louis-vuitton-2\/","title":{"rendered":"DAVID HOCKNEY (FONDATION LOUIS VUITTON)"},"content":{"rendered":"<p>Cet ouvrage richement illustr\u00e9 est le catalogue officiel en fran\u00e7ais de l&#8217;exposition David Hockney 25 (du 9 avril au 1er septembre) \u00e0 la fondation Louis Vuitton. Cette pr\u00e9sentation exceptionnelle de plus de 400 oeuvres de 1955 \u00e0 2025 se concentre donc sur les 25 derni\u00e8res ann\u00e9es de cr\u00e9ation du grand artiste. Elle s&#8217;appuye sur un ensemble majeur provenant de l&#8217;atelier de l&#8217;artiste et de sa fondation, des pr\u00eats de collections internationales, institutionnelles ou priv\u00e9es. L&#8217;exposition r\u00e9unira des cr\u00e9ations r\u00e9alis\u00e9es avec les techniques les plus vari\u00e9es &#8211; des peintures \u00e0 l&#8217;huile ou \u00e0 l&#8217;acrylique, des dessins \u00e0 l&#8217;encre, au crayon et au fusain, mais aussi des oeuvres num\u00e9riques (dessins photographiques, \u00e0 l&#8217;ordinateur, sur iPhone et sur iPad) et des installations vid\u00e9o.<\/p>\n","protected":false},"excerpt":{"rendered":"<p>Cet ouvrage richement illustr\u00e9 est le catalogue officiel en fran\u00e7ais de l&#8217;exposition David Hockney 25 (du 9 avril au 1er septembre) \u00e0 la fondation Louis Vuitton. Cette pr\u00e9sentation exceptionnelle de plus de 400 oeuvres de 1955 \u00e0 2025 se concentre donc sur les 25 derni\u00e8res ann\u00e9es de cr\u00e9ation du grand artiste. Elle s&#8217;appuye sur un [&hellip;]<\/p>\n","protected":false},"featured_media":47248,"template":"","meta":[],"product_cat":[2948,2953],"product_tag":[],"acf":[],"yoast_head":"<!-- This site is optimized with the Yoast SEO plugin v20.11 - https:\/\/yoast.com\/wordpress\/plugins\/seo\/ -->\n<title>David Hockney (Fondation Louis Vuitton) - Librairie 7L<\/title>\n<meta name=\"robots\" content=\"index, follow, max-snippet:-1, max-image-preview:large, max-video-preview:-1\" \/>\n<link rel=\"canonical\" href=\"https:\/\/librairie7l.com\/en\/produit\/david-hockney-fondation-louis-vuitton-2\/\" \/>\n<meta property=\"og:locale\" content=\"en_US\" \/>\n<meta property=\"og:type\" content=\"article\" \/>\n<meta property=\"og:title\" content=\"David Hockney (Fondation Louis Vuitton) - Librairie 7L\" \/>\n<meta property=\"og:description\" content=\"Cet ouvrage richement illustr\u00e9 est le catalogue officiel en fran\u00e7ais de l&#8217;exposition David Hockney 25 (du 9 avril au 1er septembre) \u00e0 la fondation Louis Vuitton. Cette pr\u00e9sentation exceptionnelle de plus de 400 oeuvres de 1955 \u00e0 2025 se concentre donc sur les 25 derni\u00e8res ann\u00e9es de cr\u00e9ation du grand artiste. Elle s&#8217;appuye sur un [&hellip;]\" \/>\n<meta property=\"og:url\" content=\"https:\/\/librairie7l.com\/en\/produit\/david-hockney-fondation-louis-vuitton-2\/\" \/>\n<meta property=\"og:site_name\" content=\"Librairie 7L\" \/>\n<meta property=\"article:modified_time\" content=\"2026-04-07T18:06:32+00:00\" \/>\n<meta property=\"og:image\" content=\"https:\/\/librairie7l.com\/wp-content\/uploads\/2025\/02\/9780500030325_1_75.jpg\" \/>\n\t<meta property=\"og:image:width\" content=\"500\" \/>\n\t<meta property=\"og:image:height\" content=\"429\" \/>\n\t<meta property=\"og:image:type\" content=\"image\/jpeg\" \/>\n<meta name=\"twitter:card\" content=\"summary_large_image\" \/>\n<meta name=\"twitter:label1\" content=\"Est. reading time\" \/>\n\t<meta name=\"twitter:data1\" content=\"1 minute\" \/>\n<script type=\"application\/ld+json\" class=\"yoast-schema-graph\">{\"@context\":\"https:\/\/schema.org\",\"@graph\":[{\"@type\":\"WebPage\",\"@id\":\"https:\/\/librairie7l.com\/en\/produit\/david-hockney-fondation-louis-vuitton-2\/\",\"url\":\"https:\/\/librairie7l.com\/en\/produit\/david-hockney-fondation-louis-vuitton-2\/\",\"name\":\"David Hockney (Fondation Louis Vuitton) - Librairie 7L\",\"isPartOf\":{\"@id\":\"https:\/\/librairie7l.com\/en\/#website\"},\"datePublished\":\"2025-04-04T07:18:04+00:00\",\"dateModified\":\"2026-04-07T18:06:32+00:00\",\"breadcrumb\":{\"@id\":\"https:\/\/librairie7l.com\/en\/produit\/david-hockney-fondation-louis-vuitton-2\/#breadcrumb\"},\"inLanguage\":\"en-US\",\"potentialAction\":[{\"@type\":\"ReadAction\",\"target\":[\"https:\/\/librairie7l.com\/en\/produit\/david-hockney-fondation-louis-vuitton-2\/\"]}]},{\"@type\":\"BreadcrumbList\",\"@id\":\"https:\/\/librairie7l.com\/en\/produit\/david-hockney-fondation-louis-vuitton-2\/#breadcrumb\",\"itemListElement\":[{\"@type\":\"ListItem\",\"position\":1,\"name\":\"Accueil\",\"item\":\"https:\/\/librairie7l.com\/en\/\"},{\"@type\":\"ListItem\",\"position\":2,\"name\":\"Shop\",\"item\":\"https:\/\/librairie7l.com\/en\/shop\/\"},{\"@type\":\"ListItem\",\"position\":3,\"name\":\"DAVID HOCKNEY (FONDATION LOUIS VUITTON)\"}]},{\"@type\":\"WebSite\",\"@id\":\"https:\/\/librairie7l.com\/en\/#website\",\"url\":\"https:\/\/librairie7l.com\/en\/\",\"name\":\"Librairie 7L\",\"description\":\"Librairie fond\u00e9e en 1999 par Karl Lagerfeld \u00e0 Paris\",\"publisher\":{\"@id\":\"https:\/\/librairie7l.com\/en\/#organization\"},\"potentialAction\":[{\"@type\":\"SearchAction\",\"target\":{\"@type\":\"EntryPoint\",\"urlTemplate\":\"https:\/\/librairie7l.com\/en\/?s={search_term_string}\"},\"query-input\":\"required name=search_term_string\"}],\"inLanguage\":\"en-US\"},{\"@type\":\"Organization\",\"@id\":\"https:\/\/librairie7l.com\/en\/#organization\",\"name\":\"Librairie 7L\",\"url\":\"https:\/\/librairie7l.com\/en\/\",\"logo\":{\"@type\":\"ImageObject\",\"inLanguage\":\"en-US\",\"@id\":\"https:\/\/librairie7l.com\/en\/#\/schema\/logo\/image\/\",\"url\":\"https:\/\/librairie7l.com\/wp-content\/uploads\/2022\/08\/logo-1.png\",\"contentUrl\":\"https:\/\/librairie7l.com\/wp-content\/uploads\/2022\/08\/logo-1.png\",\"width\":227,\"height\":301,\"caption\":\"Librairie 7L\"},\"image\":{\"@id\":\"https:\/\/librairie7l.com\/en\/#\/schema\/logo\/image\/\"}}]}<\/script>\n<!-- \/ Yoast SEO plugin. -->","yoast_head_json":{"title":"David Hockney (Fondation Louis Vuitton) - Librairie 7L","robots":{"index":"index","follow":"follow","max-snippet":"max-snippet:-1","max-image-preview":"max-image-preview:large","max-video-preview":"max-video-preview:-1"},"canonical":"https:\/\/librairie7l.com\/en\/produit\/david-hockney-fondation-louis-vuitton-2\/","og_locale":"en_US","og_type":"article","og_title":"David Hockney (Fondation Louis Vuitton) - Librairie 7L","og_description":"Cet ouvrage richement illustr\u00e9 est le catalogue officiel en fran\u00e7ais de l&#8217;exposition David Hockney 25 (du 9 avril au 1er septembre) \u00e0 la fondation Louis Vuitton. Cette pr\u00e9sentation exceptionnelle de plus de 400 oeuvres de 1955 \u00e0 2025 se concentre donc sur les 25 derni\u00e8res ann\u00e9es de cr\u00e9ation du grand artiste. Elle s&#8217;appuye sur un [&hellip;]","og_url":"https:\/\/librairie7l.com\/en\/produit\/david-hockney-fondation-louis-vuitton-2\/","og_site_name":"Librairie 7L","article_modified_time":"2026-04-07T18:06:32+00:00","og_image":[{"width":500,"height":429,"url":"https:\/\/librairie7l.com\/wp-content\/uploads\/2025\/02\/9780500030325_1_75.jpg","type":"image\/jpeg"}],"twitter_card":"summary_large_image","twitter_misc":{"Est. reading time":"1 minute"},"schema":{"@context":"https:\/\/schema.org","@graph":[{"@type":"WebPage","@id":"https:\/\/librairie7l.com\/en\/produit\/david-hockney-fondation-louis-vuitton-2\/","url":"https:\/\/librairie7l.com\/en\/produit\/david-hockney-fondation-louis-vuitton-2\/","name":"David Hockney (Fondation Louis Vuitton) - Librairie 7L","isPartOf":{"@id":"https:\/\/librairie7l.com\/en\/#website"},"datePublished":"2025-04-04T07:18:04+00:00","dateModified":"2026-04-07T18:06:32+00:00","breadcrumb":{"@id":"https:\/\/librairie7l.com\/en\/produit\/david-hockney-fondation-louis-vuitton-2\/#breadcrumb"},"inLanguage":"en-US","potentialAction":[{"@type":"ReadAction","target":["https:\/\/librairie7l.com\/en\/produit\/david-hockney-fondation-louis-vuitton-2\/"]}]},{"@type":"BreadcrumbList","@id":"https:\/\/librairie7l.com\/en\/produit\/david-hockney-fondation-louis-vuitton-2\/#breadcrumb","itemListElement":[{"@type":"ListItem","position":1,"name":"Accueil","item":"https:\/\/librairie7l.com\/en\/"},{"@type":"ListItem","position":2,"name":"Shop","item":"https:\/\/librairie7l.com\/en\/shop\/"},{"@type":"ListItem","position":3,"name":"DAVID HOCKNEY (FONDATION LOUIS VUITTON)"}]},{"@type":"WebSite","@id":"https:\/\/librairie7l.com\/en\/#website","url":"https:\/\/librairie7l.com\/en\/","name":"Librairie 7L","description":"Librairie fond\u00e9e en 1999 par Karl Lagerfeld \u00e0 Paris","publisher":{"@id":"https:\/\/librairie7l.com\/en\/#organization"},"potentialAction":[{"@type":"SearchAction","target":{"@type":"EntryPoint","urlTemplate":"https:\/\/librairie7l.com\/en\/?s={search_term_string}"},"query-input":"required name=search_term_string"}],"inLanguage":"en-US"},{"@type":"Organization","@id":"https:\/\/librairie7l.com\/en\/#organization","name":"Librairie 7L","url":"https:\/\/librairie7l.com\/en\/","logo":{"@type":"ImageObject","inLanguage":"en-US","@id":"https:\/\/librairie7l.com\/en\/#\/schema\/logo\/image\/","url":"https:\/\/librairie7l.com\/wp-content\/uploads\/2022\/08\/logo-1.png","contentUrl":"https:\/\/librairie7l.com\/wp-content\/uploads\/2022\/08\/logo-1.png","width":227,"height":301,"caption":"Librairie 7L"},"image":{"@id":"https:\/\/librairie7l.com\/en\/#\/schema\/logo\/image\/"}}]}},"_links":{"self":[{"href":"https:\/\/librairie7l.com\/en\/wp-json\/wp\/v2\/product\/47250"}],"collection":[{"href":"https:\/\/librairie7l.com\/en\/wp-json\/wp\/v2\/product"}],"about":[{"href":"https:\/\/librairie7l.com\/en\/wp-json\/wp\/v2\/types\/product"}],"wp:featuredmedia":[{"embeddable":true,"href":"https:\/\/librairie7l.com\/en\/wp-json\/wp\/v2\/media\/47248"}],"wp:attachment":[{"href":"https:\/\/librairie7l.com\/en\/wp-json\/wp\/v2\/media?parent=47250"}],"wp:term":[{"taxonomy":"product_cat","embeddable":true,"href":"https:\/\/librairie7l.com\/en\/wp-json\/wp\/v2\/product_cat?post=47250"},{"taxonomy":"product_tag","embeddable":true,"href":"https:\/\/librairie7l.com\/en\/wp-json\/wp\/v2\/product_tag?post=47250"}],"curies":[{"name":"wp","href":"https:\/\/api.w.org\/{rel}","templated":true}]}}