{"id":47288,"date":"2025-04-05T09:18:04","date_gmt":"2025-04-05T07:18:04","guid":{"rendered":"https:\/\/librairie7l.com\/?post_type=product&#038;p=47288"},"modified":"2026-04-08T16:48:57","modified_gmt":"2026-04-08T14:48:57","slug":"fragmentary-forms-a-new-history-of-collage-2","status":"publish","type":"product","link":"https:\/\/librairie7l.com\/en\/produit\/fragmentary-forms-a-new-history-of-collage-2\/","title":{"rendered":"FRAGMENTARY FORMS : A NEW HISTORY OF COLLAGE"},"content":{"rendered":"<p>Une histoire mondiale du collage magnifiquement illustr\u00e9e, des origines du papier \u00e0 nos jours. Bien que l&#8217;\u00e9mergence du collage soit souvent situ\u00e9e au vingti\u00e8me si\u00e8cle, lorsqu&#8217;il est devenu le m\u00e9dium favori des artistes modernes, ses premiers balbutiements sont li\u00e9s \u00e0 l&#8217;invention du papier en Chine vers 200 avant notre \u00e8re. Des formes ult\u00e9rieures sont apparues dans le Japon du XIIe si\u00e8cle avec des manuscrits enlumin\u00e9s qui combinaient la po\u00e9sie calligraphique avec des papiers color\u00e9s d\u00e9chir\u00e9s. Au d\u00e9but de l&#8217;Europe moderne, le collage a \u00e9t\u00e9 utilis\u00e9 pour documenter et organiser des herbiers, des sp\u00e9cimens de plantes et d&#8217;autres syst\u00e8mes de connaissance. Aux XVIIIe et XIXe si\u00e8cles, le collage a \u00e9t\u00e9 fermement associ\u00e9 \u00e0 l&#8217;expression des relations intimes et des affections familiales. Fragmentary Forms offre une nouvelle perspective globale sur l&#8217;un des moyens d&#8217;expression culturelle les plus anciens et les plus durables au monde, retra\u00e7ant la riche histoire du collage depuis ses origines anciennes jusqu&#8217;\u00e0 son utilisation aujourd&#8217;hui en tant qu&#8217;outil puissant de narration et d&#8217;exploration de l&#8217;identit\u00e9. En abordant le collage et l&#8217;histoire de l&#8217;art de mani\u00e8re globale, Freya Gowrley explore ce qui se passe lorsque des formes fragmentaires qui se chevauchent sont en conversation les unes avec les autres. Elle s&#8217;int\u00e9resse \u00e0 tout, des volumes de reliques religieuses de p\u00e8lerins et des albums d&#8217;algues de l&#8217;\u00e9poque victorienne aux papiers coll\u00e9s modernistes de Pablo Picasso et de Georges Braque, en passant par les quilts de Faith Ringgold qui explorent l&#8217;identit\u00e9 afro-am\u00e9ricaine. Gowrley examine le travail d&#8217;artistes anonymes et inconnus dont les noms ont \u00e9t\u00e9 perdus dans l&#8217;histoire, soit par accident, soit par exclusion. Avec des centaines de belles images, Fragmentary Forms d\u00e9montre que l&#8217;utilisation d&#8217;objets trouv\u00e9s est une caract\u00e9ristique importante de cette forme d&#8217;art unique et que le collage est un m\u00e9dium inclusif qui a permis aux communaut\u00e9s marginalis\u00e9es et aux artistes de s&#8217;exprimer \u00e0 travers les si\u00e8cles et les cultures.<\/p>\n","protected":false},"excerpt":{"rendered":"<p>Une histoire mondiale du collage magnifiquement illustr\u00e9e, des origines du papier \u00e0 nos jours. Bien que l&#8217;\u00e9mergence du collage soit souvent situ\u00e9e au vingti\u00e8me si\u00e8cle, lorsqu&#8217;il est devenu le m\u00e9dium favori des artistes modernes, ses premiers balbutiements sont li\u00e9s \u00e0 l&#8217;invention du papier en Chine vers 200 avant notre \u00e8re. Des formes ult\u00e9rieures sont apparues [&hellip;]<\/p>\n","protected":false},"featured_media":47286,"template":"","meta":[],"product_cat":[2948,2953],"product_tag":[],"acf":[],"yoast_head":"<!-- This site is optimized with the Yoast SEO plugin v20.11 - https:\/\/yoast.com\/wordpress\/plugins\/seo\/ -->\n<title>Fragmentary Forms : A New History of Collage - Librairie 7L<\/title>\n<meta name=\"robots\" content=\"index, follow, max-snippet:-1, max-image-preview:large, max-video-preview:-1\" \/>\n<link rel=\"canonical\" href=\"https:\/\/librairie7l.com\/en\/produit\/fragmentary-forms-a-new-history-of-collage-2\/\" \/>\n<meta property=\"og:locale\" content=\"en_US\" \/>\n<meta property=\"og:type\" content=\"article\" \/>\n<meta property=\"og:title\" content=\"Fragmentary Forms : A New History of Collage - Librairie 7L\" \/>\n<meta property=\"og:description\" content=\"Une histoire mondiale du collage magnifiquement illustr\u00e9e, des origines du papier \u00e0 nos jours. Bien que l&#8217;\u00e9mergence du collage soit souvent situ\u00e9e au vingti\u00e8me si\u00e8cle, lorsqu&#8217;il est devenu le m\u00e9dium favori des artistes modernes, ses premiers balbutiements sont li\u00e9s \u00e0 l&#8217;invention du papier en Chine vers 200 avant notre \u00e8re. Des formes ult\u00e9rieures sont apparues [&hellip;]\" \/>\n<meta property=\"og:url\" content=\"https:\/\/librairie7l.com\/en\/produit\/fragmentary-forms-a-new-history-of-collage-2\/\" \/>\n<meta property=\"og:site_name\" content=\"Librairie 7L\" \/>\n<meta property=\"article:modified_time\" content=\"2026-04-08T14:48:57+00:00\" \/>\n<meta property=\"og:image\" content=\"https:\/\/librairie7l.com\/wp-content\/uploads\/2024\/10\/9780691253749_1_75.jpg\" \/>\n\t<meta property=\"og:image:width\" content=\"600\" \/>\n\t<meta property=\"og:image:height\" content=\"771\" \/>\n\t<meta property=\"og:image:type\" content=\"image\/jpeg\" \/>\n<meta name=\"twitter:card\" content=\"summary_large_image\" \/>\n<meta name=\"twitter:label1\" content=\"Est. reading time\" \/>\n\t<meta name=\"twitter:data1\" content=\"2 minutes\" \/>\n<script type=\"application\/ld+json\" class=\"yoast-schema-graph\">{\"@context\":\"https:\/\/schema.org\",\"@graph\":[{\"@type\":\"WebPage\",\"@id\":\"https:\/\/librairie7l.com\/en\/produit\/fragmentary-forms-a-new-history-of-collage-2\/\",\"url\":\"https:\/\/librairie7l.com\/en\/produit\/fragmentary-forms-a-new-history-of-collage-2\/\",\"name\":\"Fragmentary Forms : A New History of Collage - Librairie 7L\",\"isPartOf\":{\"@id\":\"https:\/\/librairie7l.com\/en\/#website\"},\"datePublished\":\"2025-04-05T07:18:04+00:00\",\"dateModified\":\"2026-04-08T14:48:57+00:00\",\"breadcrumb\":{\"@id\":\"https:\/\/librairie7l.com\/en\/produit\/fragmentary-forms-a-new-history-of-collage-2\/#breadcrumb\"},\"inLanguage\":\"en-US\",\"potentialAction\":[{\"@type\":\"ReadAction\",\"target\":[\"https:\/\/librairie7l.com\/en\/produit\/fragmentary-forms-a-new-history-of-collage-2\/\"]}]},{\"@type\":\"BreadcrumbList\",\"@id\":\"https:\/\/librairie7l.com\/en\/produit\/fragmentary-forms-a-new-history-of-collage-2\/#breadcrumb\",\"itemListElement\":[{\"@type\":\"ListItem\",\"position\":1,\"name\":\"Accueil\",\"item\":\"https:\/\/librairie7l.com\/en\/\"},{\"@type\":\"ListItem\",\"position\":2,\"name\":\"Shop\",\"item\":\"https:\/\/librairie7l.com\/en\/shop\/\"},{\"@type\":\"ListItem\",\"position\":3,\"name\":\"FRAGMENTARY FORMS : A NEW HISTORY OF COLLAGE\"}]},{\"@type\":\"WebSite\",\"@id\":\"https:\/\/librairie7l.com\/en\/#website\",\"url\":\"https:\/\/librairie7l.com\/en\/\",\"name\":\"Librairie 7L\",\"description\":\"Librairie fond\u00e9e en 1999 par Karl Lagerfeld \u00e0 Paris\",\"publisher\":{\"@id\":\"https:\/\/librairie7l.com\/en\/#organization\"},\"potentialAction\":[{\"@type\":\"SearchAction\",\"target\":{\"@type\":\"EntryPoint\",\"urlTemplate\":\"https:\/\/librairie7l.com\/en\/?s={search_term_string}\"},\"query-input\":\"required name=search_term_string\"}],\"inLanguage\":\"en-US\"},{\"@type\":\"Organization\",\"@id\":\"https:\/\/librairie7l.com\/en\/#organization\",\"name\":\"Librairie 7L\",\"url\":\"https:\/\/librairie7l.com\/en\/\",\"logo\":{\"@type\":\"ImageObject\",\"inLanguage\":\"en-US\",\"@id\":\"https:\/\/librairie7l.com\/en\/#\/schema\/logo\/image\/\",\"url\":\"https:\/\/librairie7l.com\/wp-content\/uploads\/2022\/08\/logo-1.png\",\"contentUrl\":\"https:\/\/librairie7l.com\/wp-content\/uploads\/2022\/08\/logo-1.png\",\"width\":227,\"height\":301,\"caption\":\"Librairie 7L\"},\"image\":{\"@id\":\"https:\/\/librairie7l.com\/en\/#\/schema\/logo\/image\/\"}}]}<\/script>\n<!-- \/ Yoast SEO plugin. -->","yoast_head_json":{"title":"Fragmentary Forms : A New History of Collage - Librairie 7L","robots":{"index":"index","follow":"follow","max-snippet":"max-snippet:-1","max-image-preview":"max-image-preview:large","max-video-preview":"max-video-preview:-1"},"canonical":"https:\/\/librairie7l.com\/en\/produit\/fragmentary-forms-a-new-history-of-collage-2\/","og_locale":"en_US","og_type":"article","og_title":"Fragmentary Forms : A New History of Collage - Librairie 7L","og_description":"Une histoire mondiale du collage magnifiquement illustr\u00e9e, des origines du papier \u00e0 nos jours. Bien que l&#8217;\u00e9mergence du collage soit souvent situ\u00e9e au vingti\u00e8me si\u00e8cle, lorsqu&#8217;il est devenu le m\u00e9dium favori des artistes modernes, ses premiers balbutiements sont li\u00e9s \u00e0 l&#8217;invention du papier en Chine vers 200 avant notre \u00e8re. Des formes ult\u00e9rieures sont apparues [&hellip;]","og_url":"https:\/\/librairie7l.com\/en\/produit\/fragmentary-forms-a-new-history-of-collage-2\/","og_site_name":"Librairie 7L","article_modified_time":"2026-04-08T14:48:57+00:00","og_image":[{"width":600,"height":771,"url":"https:\/\/librairie7l.com\/wp-content\/uploads\/2024\/10\/9780691253749_1_75.jpg","type":"image\/jpeg"}],"twitter_card":"summary_large_image","twitter_misc":{"Est. reading time":"2 minutes"},"schema":{"@context":"https:\/\/schema.org","@graph":[{"@type":"WebPage","@id":"https:\/\/librairie7l.com\/en\/produit\/fragmentary-forms-a-new-history-of-collage-2\/","url":"https:\/\/librairie7l.com\/en\/produit\/fragmentary-forms-a-new-history-of-collage-2\/","name":"Fragmentary Forms : A New History of Collage - Librairie 7L","isPartOf":{"@id":"https:\/\/librairie7l.com\/en\/#website"},"datePublished":"2025-04-05T07:18:04+00:00","dateModified":"2026-04-08T14:48:57+00:00","breadcrumb":{"@id":"https:\/\/librairie7l.com\/en\/produit\/fragmentary-forms-a-new-history-of-collage-2\/#breadcrumb"},"inLanguage":"en-US","potentialAction":[{"@type":"ReadAction","target":["https:\/\/librairie7l.com\/en\/produit\/fragmentary-forms-a-new-history-of-collage-2\/"]}]},{"@type":"BreadcrumbList","@id":"https:\/\/librairie7l.com\/en\/produit\/fragmentary-forms-a-new-history-of-collage-2\/#breadcrumb","itemListElement":[{"@type":"ListItem","position":1,"name":"Accueil","item":"https:\/\/librairie7l.com\/en\/"},{"@type":"ListItem","position":2,"name":"Shop","item":"https:\/\/librairie7l.com\/en\/shop\/"},{"@type":"ListItem","position":3,"name":"FRAGMENTARY FORMS : A NEW HISTORY OF COLLAGE"}]},{"@type":"WebSite","@id":"https:\/\/librairie7l.com\/en\/#website","url":"https:\/\/librairie7l.com\/en\/","name":"Librairie 7L","description":"Librairie fond\u00e9e en 1999 par Karl Lagerfeld \u00e0 Paris","publisher":{"@id":"https:\/\/librairie7l.com\/en\/#organization"},"potentialAction":[{"@type":"SearchAction","target":{"@type":"EntryPoint","urlTemplate":"https:\/\/librairie7l.com\/en\/?s={search_term_string}"},"query-input":"required name=search_term_string"}],"inLanguage":"en-US"},{"@type":"Organization","@id":"https:\/\/librairie7l.com\/en\/#organization","name":"Librairie 7L","url":"https:\/\/librairie7l.com\/en\/","logo":{"@type":"ImageObject","inLanguage":"en-US","@id":"https:\/\/librairie7l.com\/en\/#\/schema\/logo\/image\/","url":"https:\/\/librairie7l.com\/wp-content\/uploads\/2022\/08\/logo-1.png","contentUrl":"https:\/\/librairie7l.com\/wp-content\/uploads\/2022\/08\/logo-1.png","width":227,"height":301,"caption":"Librairie 7L"},"image":{"@id":"https:\/\/librairie7l.com\/en\/#\/schema\/logo\/image\/"}}]}},"_links":{"self":[{"href":"https:\/\/librairie7l.com\/en\/wp-json\/wp\/v2\/product\/47288"}],"collection":[{"href":"https:\/\/librairie7l.com\/en\/wp-json\/wp\/v2\/product"}],"about":[{"href":"https:\/\/librairie7l.com\/en\/wp-json\/wp\/v2\/types\/product"}],"wp:featuredmedia":[{"embeddable":true,"href":"https:\/\/librairie7l.com\/en\/wp-json\/wp\/v2\/media\/47286"}],"wp:attachment":[{"href":"https:\/\/librairie7l.com\/en\/wp-json\/wp\/v2\/media?parent=47288"}],"wp:term":[{"taxonomy":"product_cat","embeddable":true,"href":"https:\/\/librairie7l.com\/en\/wp-json\/wp\/v2\/product_cat?post=47288"},{"taxonomy":"product_tag","embeddable":true,"href":"https:\/\/librairie7l.com\/en\/wp-json\/wp\/v2\/product_tag?post=47288"}],"curies":[{"name":"wp","href":"https:\/\/api.w.org\/{rel}","templated":true}]}}