{"id":47304,"date":"2025-04-06T09:17:53","date_gmt":"2025-04-06T07:17:53","guid":{"rendered":"https:\/\/librairie7l.com\/?post_type=product&#038;p=47304"},"modified":"2026-04-05T00:36:54","modified_gmt":"2026-04-04T22:36:54","slug":"art-deco-cinq-batiments-emblematiques-2","status":"publish","type":"product","link":"https:\/\/librairie7l.com\/en\/produit\/art-deco-cinq-batiments-emblematiques-2\/","title":{"rendered":"ART D\u00c9CO \/ CINQ B\u00c2TIMENTS EMBL\u00c9MATIQUES"},"content":{"rendered":"<p>L&#8217;Art d\u00e9co appara\u00eet dans le sillage de l&#8217;Art nouveau au cours des ann\u00e9es 1920. Ce mouvement tire son origine des Arts d\u00e9coratifs, mis sur le devant de la sc\u00e8ne lors de l&#8217;Exposition internationale des arts d\u00e9coratifs et industriels modernes de Paris en 1925. En pleines Ann\u00e9es folles, la cr\u00e9ation artistique est alors \u00e9clatante. D\u00e9corateurs, ensembliers, architectes, ferronniers, etc., s&#8217;associent pour concevoir des pavillons aux int\u00e9rieurs richement d\u00e9cor\u00e9s. Trait d&#8217;union entre l&#8217;ornementation excessive de l&#8217;Art nouveau et la rigueur formelle de l&#8217;architecture moderne &#8211; qui appara\u00eet peu avant -, l&#8217;Art d\u00e9co impose une esth\u00e9tique \u00e9l\u00e9gante, faisant la part belle aux motifs g\u00e9om\u00e9triques, sans toutefois d\u00e9laisser les courbes, et mettant en valeur la puret\u00e9 des lignes et la sophistication des d\u00e9tails. L&#8217;Art d\u00e9co accompagne le d\u00e9veloppement de la modernit\u00e9 et de nouveaux \u00e9quipements tels que gares, cin\u00e9mas, piscines, mus\u00e9es, etc., o\u00f9 s&#8217;expriment les id\u00e9es de vitesse, de voyage, de d\u00e9paysement et de divertissement ; mais il se manifeste \u00e9galement dans des programmes plus traditionnels comme les \u00e9difices administratifs ou religieux, par exemple.<br \/>\nCe nouvel opus de la collection \u00ab Cinq \u00bb offre un panorama repr\u00e9sentatif de ce mouvement polymorphe, \u00e0 travers cinq r\u00e9alisations remarquables : l&#8217;\u00e9glise Saint-Louis de Vincennes, la biblioth\u00e8que Carnegie de Reims, le palais de la Porte-Dor\u00e9e, la gare de Lens et l&#8217;h\u00f4tel de ville de Puteaux. Chacun des b\u00e2timents pr\u00e9sent\u00e9s fait l&#8217;objet d&#8217;une description d\u00e9taill\u00e9e, exposant le contexte de la construction, la composition architecturale, le travail des artistes, ainsi que l&#8217;\u00e9volution de l&#8217;\u00e9difice jusqu&#8217;\u00e0 son \u00e9tat actuel. Les textes sont illustr\u00e9s par une iconographie in\u00e9dite du photographe Manuel Bougot, qui donne \u00e0 voir des parties souvent cach\u00e9es ou inaccessibles au public.<\/p>\n","protected":false},"excerpt":{"rendered":"<p>L&#8217;Art d\u00e9co appara\u00eet dans le sillage de l&#8217;Art nouveau au cours des ann\u00e9es 1920. Ce mouvement tire son origine des Arts d\u00e9coratifs, mis sur le devant de la sc\u00e8ne lors de l&#8217;Exposition internationale des arts d\u00e9coratifs et industriels modernes de Paris en 1925. En pleines Ann\u00e9es folles, la cr\u00e9ation artistique est alors \u00e9clatante. D\u00e9corateurs, ensembliers, [&hellip;]<\/p>\n","protected":false},"featured_media":47302,"template":"","meta":[],"product_cat":[2948,2950],"product_tag":[],"acf":[],"yoast_head":"<!-- This site is optimized with the Yoast SEO plugin v20.11 - https:\/\/yoast.com\/wordpress\/plugins\/seo\/ -->\n<title>Art d\u00e9co \/ Cinq b\u00e2timents embl\u00e9matiques - Librairie 7L<\/title>\n<meta name=\"robots\" content=\"index, follow, max-snippet:-1, max-image-preview:large, max-video-preview:-1\" \/>\n<link rel=\"canonical\" href=\"https:\/\/librairie7l.com\/en\/produit\/art-deco-cinq-batiments-emblematiques-2\/\" \/>\n<meta property=\"og:locale\" content=\"en_US\" \/>\n<meta property=\"og:type\" content=\"article\" \/>\n<meta property=\"og:title\" content=\"Art d\u00e9co \/ Cinq b\u00e2timents embl\u00e9matiques - Librairie 7L\" \/>\n<meta property=\"og:description\" content=\"L&#8217;Art d\u00e9co appara\u00eet dans le sillage de l&#8217;Art nouveau au cours des ann\u00e9es 1920. Ce mouvement tire son origine des Arts d\u00e9coratifs, mis sur le devant de la sc\u00e8ne lors de l&#8217;Exposition internationale des arts d\u00e9coratifs et industriels modernes de Paris en 1925. En pleines Ann\u00e9es folles, la cr\u00e9ation artistique est alors \u00e9clatante. D\u00e9corateurs, ensembliers, [&hellip;]\" \/>\n<meta property=\"og:url\" content=\"https:\/\/librairie7l.com\/en\/produit\/art-deco-cinq-batiments-emblematiques-2\/\" \/>\n<meta property=\"og:site_name\" content=\"Librairie 7L\" \/>\n<meta property=\"article:modified_time\" content=\"2026-04-04T22:36:54+00:00\" \/>\n<meta property=\"og:image\" content=\"https:\/\/librairie7l.com\/wp-content\/uploads\/2024\/06\/9782281147483_1_75.jpg\" \/>\n\t<meta property=\"og:image:width\" content=\"600\" \/>\n\t<meta property=\"og:image:height\" content=\"800\" \/>\n\t<meta property=\"og:image:type\" content=\"image\/jpeg\" \/>\n<meta name=\"twitter:card\" content=\"summary_large_image\" \/>\n<meta name=\"twitter:label1\" content=\"Est. reading time\" \/>\n\t<meta name=\"twitter:data1\" content=\"2 minutes\" \/>\n<script type=\"application\/ld+json\" class=\"yoast-schema-graph\">{\"@context\":\"https:\/\/schema.org\",\"@graph\":[{\"@type\":\"WebPage\",\"@id\":\"https:\/\/librairie7l.com\/en\/produit\/art-deco-cinq-batiments-emblematiques-2\/\",\"url\":\"https:\/\/librairie7l.com\/en\/produit\/art-deco-cinq-batiments-emblematiques-2\/\",\"name\":\"Art d\u00e9co \/ Cinq b\u00e2timents embl\u00e9matiques - Librairie 7L\",\"isPartOf\":{\"@id\":\"https:\/\/librairie7l.com\/en\/#website\"},\"datePublished\":\"2025-04-06T07:17:53+00:00\",\"dateModified\":\"2026-04-04T22:36:54+00:00\",\"breadcrumb\":{\"@id\":\"https:\/\/librairie7l.com\/en\/produit\/art-deco-cinq-batiments-emblematiques-2\/#breadcrumb\"},\"inLanguage\":\"en-US\",\"potentialAction\":[{\"@type\":\"ReadAction\",\"target\":[\"https:\/\/librairie7l.com\/en\/produit\/art-deco-cinq-batiments-emblematiques-2\/\"]}]},{\"@type\":\"BreadcrumbList\",\"@id\":\"https:\/\/librairie7l.com\/en\/produit\/art-deco-cinq-batiments-emblematiques-2\/#breadcrumb\",\"itemListElement\":[{\"@type\":\"ListItem\",\"position\":1,\"name\":\"Accueil\",\"item\":\"https:\/\/librairie7l.com\/en\/\"},{\"@type\":\"ListItem\",\"position\":2,\"name\":\"Shop\",\"item\":\"https:\/\/librairie7l.com\/en\/shop\/\"},{\"@type\":\"ListItem\",\"position\":3,\"name\":\"ART D\u00c9CO \/ CINQ B\u00c2TIMENTS EMBL\u00c9MATIQUES\"}]},{\"@type\":\"WebSite\",\"@id\":\"https:\/\/librairie7l.com\/en\/#website\",\"url\":\"https:\/\/librairie7l.com\/en\/\",\"name\":\"Librairie 7L\",\"description\":\"Librairie fond\u00e9e en 1999 par Karl Lagerfeld \u00e0 Paris\",\"publisher\":{\"@id\":\"https:\/\/librairie7l.com\/en\/#organization\"},\"potentialAction\":[{\"@type\":\"SearchAction\",\"target\":{\"@type\":\"EntryPoint\",\"urlTemplate\":\"https:\/\/librairie7l.com\/en\/?s={search_term_string}\"},\"query-input\":\"required name=search_term_string\"}],\"inLanguage\":\"en-US\"},{\"@type\":\"Organization\",\"@id\":\"https:\/\/librairie7l.com\/en\/#organization\",\"name\":\"Librairie 7L\",\"url\":\"https:\/\/librairie7l.com\/en\/\",\"logo\":{\"@type\":\"ImageObject\",\"inLanguage\":\"en-US\",\"@id\":\"https:\/\/librairie7l.com\/en\/#\/schema\/logo\/image\/\",\"url\":\"https:\/\/librairie7l.com\/wp-content\/uploads\/2022\/08\/logo-1.png\",\"contentUrl\":\"https:\/\/librairie7l.com\/wp-content\/uploads\/2022\/08\/logo-1.png\",\"width\":227,\"height\":301,\"caption\":\"Librairie 7L\"},\"image\":{\"@id\":\"https:\/\/librairie7l.com\/en\/#\/schema\/logo\/image\/\"}}]}<\/script>\n<!-- \/ Yoast SEO plugin. -->","yoast_head_json":{"title":"Art d\u00e9co \/ Cinq b\u00e2timents embl\u00e9matiques - Librairie 7L","robots":{"index":"index","follow":"follow","max-snippet":"max-snippet:-1","max-image-preview":"max-image-preview:large","max-video-preview":"max-video-preview:-1"},"canonical":"https:\/\/librairie7l.com\/en\/produit\/art-deco-cinq-batiments-emblematiques-2\/","og_locale":"en_US","og_type":"article","og_title":"Art d\u00e9co \/ Cinq b\u00e2timents embl\u00e9matiques - Librairie 7L","og_description":"L&#8217;Art d\u00e9co appara\u00eet dans le sillage de l&#8217;Art nouveau au cours des ann\u00e9es 1920. Ce mouvement tire son origine des Arts d\u00e9coratifs, mis sur le devant de la sc\u00e8ne lors de l&#8217;Exposition internationale des arts d\u00e9coratifs et industriels modernes de Paris en 1925. En pleines Ann\u00e9es folles, la cr\u00e9ation artistique est alors \u00e9clatante. D\u00e9corateurs, ensembliers, [&hellip;]","og_url":"https:\/\/librairie7l.com\/en\/produit\/art-deco-cinq-batiments-emblematiques-2\/","og_site_name":"Librairie 7L","article_modified_time":"2026-04-04T22:36:54+00:00","og_image":[{"width":600,"height":800,"url":"https:\/\/librairie7l.com\/wp-content\/uploads\/2024\/06\/9782281147483_1_75.jpg","type":"image\/jpeg"}],"twitter_card":"summary_large_image","twitter_misc":{"Est. reading time":"2 minutes"},"schema":{"@context":"https:\/\/schema.org","@graph":[{"@type":"WebPage","@id":"https:\/\/librairie7l.com\/en\/produit\/art-deco-cinq-batiments-emblematiques-2\/","url":"https:\/\/librairie7l.com\/en\/produit\/art-deco-cinq-batiments-emblematiques-2\/","name":"Art d\u00e9co \/ Cinq b\u00e2timents embl\u00e9matiques - Librairie 7L","isPartOf":{"@id":"https:\/\/librairie7l.com\/en\/#website"},"datePublished":"2025-04-06T07:17:53+00:00","dateModified":"2026-04-04T22:36:54+00:00","breadcrumb":{"@id":"https:\/\/librairie7l.com\/en\/produit\/art-deco-cinq-batiments-emblematiques-2\/#breadcrumb"},"inLanguage":"en-US","potentialAction":[{"@type":"ReadAction","target":["https:\/\/librairie7l.com\/en\/produit\/art-deco-cinq-batiments-emblematiques-2\/"]}]},{"@type":"BreadcrumbList","@id":"https:\/\/librairie7l.com\/en\/produit\/art-deco-cinq-batiments-emblematiques-2\/#breadcrumb","itemListElement":[{"@type":"ListItem","position":1,"name":"Accueil","item":"https:\/\/librairie7l.com\/en\/"},{"@type":"ListItem","position":2,"name":"Shop","item":"https:\/\/librairie7l.com\/en\/shop\/"},{"@type":"ListItem","position":3,"name":"ART D\u00c9CO \/ CINQ B\u00c2TIMENTS EMBL\u00c9MATIQUES"}]},{"@type":"WebSite","@id":"https:\/\/librairie7l.com\/en\/#website","url":"https:\/\/librairie7l.com\/en\/","name":"Librairie 7L","description":"Librairie fond\u00e9e en 1999 par Karl Lagerfeld \u00e0 Paris","publisher":{"@id":"https:\/\/librairie7l.com\/en\/#organization"},"potentialAction":[{"@type":"SearchAction","target":{"@type":"EntryPoint","urlTemplate":"https:\/\/librairie7l.com\/en\/?s={search_term_string}"},"query-input":"required name=search_term_string"}],"inLanguage":"en-US"},{"@type":"Organization","@id":"https:\/\/librairie7l.com\/en\/#organization","name":"Librairie 7L","url":"https:\/\/librairie7l.com\/en\/","logo":{"@type":"ImageObject","inLanguage":"en-US","@id":"https:\/\/librairie7l.com\/en\/#\/schema\/logo\/image\/","url":"https:\/\/librairie7l.com\/wp-content\/uploads\/2022\/08\/logo-1.png","contentUrl":"https:\/\/librairie7l.com\/wp-content\/uploads\/2022\/08\/logo-1.png","width":227,"height":301,"caption":"Librairie 7L"},"image":{"@id":"https:\/\/librairie7l.com\/en\/#\/schema\/logo\/image\/"}}]}},"_links":{"self":[{"href":"https:\/\/librairie7l.com\/en\/wp-json\/wp\/v2\/product\/47304"}],"collection":[{"href":"https:\/\/librairie7l.com\/en\/wp-json\/wp\/v2\/product"}],"about":[{"href":"https:\/\/librairie7l.com\/en\/wp-json\/wp\/v2\/types\/product"}],"wp:featuredmedia":[{"embeddable":true,"href":"https:\/\/librairie7l.com\/en\/wp-json\/wp\/v2\/media\/47302"}],"wp:attachment":[{"href":"https:\/\/librairie7l.com\/en\/wp-json\/wp\/v2\/media?parent=47304"}],"wp:term":[{"taxonomy":"product_cat","embeddable":true,"href":"https:\/\/librairie7l.com\/en\/wp-json\/wp\/v2\/product_cat?post=47304"},{"taxonomy":"product_tag","embeddable":true,"href":"https:\/\/librairie7l.com\/en\/wp-json\/wp\/v2\/product_tag?post=47304"}],"curies":[{"name":"wp","href":"https:\/\/api.w.org\/{rel}","templated":true}]}}