{"id":47320,"date":"2025-04-06T09:18:06","date_gmt":"2025-04-06T07:18:06","guid":{"rendered":"https:\/\/librairie7l.com\/?post_type=product&#038;p=47320"},"modified":"2026-04-27T08:09:41","modified_gmt":"2026-04-27T06:09:41","slug":"raymond-marabout-un-architecte-art-deco-a-mantes-la-jolie-2","status":"publish","type":"product","link":"https:\/\/librairie7l.com\/en\/produit\/raymond-marabout-un-architecte-art-deco-a-mantes-la-jolie-2\/","title":{"rendered":"RAYMOND MARABOUT : UN ARCHITECTE ART D\u00c9CO \u00c0 MANTES-LA-JOLIE"},"content":{"rendered":"<p>V\u00e9ritable pilier de la vie artistique et politique de l&#8217;entre-deux-guerres, Raymond Marabout (1886-1957) est d&#8217;abord directeur de l&#8217;\u00e9cole municipale de dessin de Mantes. En 1922, il devient chef du service des travaux, de la voirie et du service des eaux. Il restera trente ann\u00e9es au service de la ville, quittant ses fonctions en 1952. Hormis les travaux et constructions \u00e0 effectuer sur les b\u00e2timents communaux tels l&#8217;h\u00f4tel de ville, les abattoirs, le lavoir, il a en charge d&#8217;importants chantiers comme celui de l&#8217;agrandissement de l&#8217;h\u00f4pital, les \u00e9coles.<\/p>\n<p>Surtout, il passe sa vie \u00e0 loger, puis reloger les Mantais apr\u00e8s les bombardements de 1940 et 1944. Auteur et co-auteur de plusieurs projets d&#8217;immeubles et de maisons d&#8217;habitation \u00e0 bon march\u00e9, il n&#8217;a de cesse d&#8217;oeuvrer \u00e0 la r\u00e9sorption de la crise du logement. Travaillant main dans la main avec Auguste Goust, maire de Mantes de 1908 \u00e0 1947, il concr\u00e9tise sa politique sociale dans la brique et le b\u00e9ton, mais ex\u00e9cute ses projets avec un grand souci esth\u00e9tique, cr\u00e9ant de beaux \u00e9difices Art d\u00e9co.<\/p>\n<p>Il a travers\u00e9 les pires crises du XXe si\u00e8cle : brancardier, puis sergent en A\u00e9rostation pendant la Premi\u00e8re Guerre mondiale, il assure avec courage la d\u00e9fense passive de Mantes pendant l&#8217;Occupation, en construisant de nombreux abris pour la population. T\u00e9moin des destructions patrimoniales, mais aussi de ses propres r\u00e9alisations, il amorce la gestion des dommages de guerre et la Reconstruction aux c\u00f4t\u00e9s d&#8217;autres architectes, avant de passer le flambeau de l&#8217;am\u00e9nagement \u00e0 Raymond Lopez (1904-1966).<\/p>\n","protected":false},"excerpt":{"rendered":"<p>V\u00e9ritable pilier de la vie artistique et politique de l&#8217;entre-deux-guerres, Raymond Marabout (1886-1957) est d&#8217;abord directeur de l&#8217;\u00e9cole municipale de dessin de Mantes. En 1922, il devient chef du service des travaux, de la voirie et du service des eaux. Il restera trente ann\u00e9es au service de la ville, quittant ses fonctions en 1952. Hormis [&hellip;]<\/p>\n","protected":false},"featured_media":47318,"template":"","meta":[],"product_cat":[2948,2950],"product_tag":[],"acf":[],"yoast_head":"<!-- This site is optimized with the Yoast SEO plugin v20.11 - https:\/\/yoast.com\/wordpress\/plugins\/seo\/ -->\n<title>Raymond Marabout : un architecte art d\u00e9co \u00e0 Mantes-la-Jolie - Librairie 7L<\/title>\n<meta name=\"robots\" content=\"index, follow, max-snippet:-1, max-image-preview:large, max-video-preview:-1\" \/>\n<link rel=\"canonical\" href=\"https:\/\/librairie7l.com\/en\/produit\/raymond-marabout-un-architecte-art-deco-a-mantes-la-jolie-2\/\" \/>\n<meta property=\"og:locale\" content=\"en_US\" \/>\n<meta property=\"og:type\" content=\"article\" \/>\n<meta property=\"og:title\" content=\"Raymond Marabout : un architecte art d\u00e9co \u00e0 Mantes-la-Jolie - Librairie 7L\" \/>\n<meta property=\"og:description\" content=\"V\u00e9ritable pilier de la vie artistique et politique de l&#8217;entre-deux-guerres, Raymond Marabout (1886-1957) est d&#8217;abord directeur de l&#8217;\u00e9cole municipale de dessin de Mantes. En 1922, il devient chef du service des travaux, de la voirie et du service des eaux. Il restera trente ann\u00e9es au service de la ville, quittant ses fonctions en 1952. Hormis [&hellip;]\" \/>\n<meta property=\"og:url\" content=\"https:\/\/librairie7l.com\/en\/produit\/raymond-marabout-un-architecte-art-deco-a-mantes-la-jolie-2\/\" \/>\n<meta property=\"og:site_name\" content=\"Librairie 7L\" \/>\n<meta property=\"article:modified_time\" content=\"2026-04-27T06:09:41+00:00\" \/>\n<meta property=\"og:image\" content=\"https:\/\/librairie7l.com\/wp-content\/uploads\/2023\/03\/9788836653645_1_75.jpg\" \/>\n\t<meta property=\"og:image:width\" content=\"600\" \/>\n\t<meta property=\"og:image:height\" content=\"671\" \/>\n\t<meta property=\"og:image:type\" content=\"image\/jpeg\" \/>\n<meta name=\"twitter:card\" content=\"summary_large_image\" \/>\n<meta name=\"twitter:label1\" content=\"Est. reading time\" \/>\n\t<meta name=\"twitter:data1\" content=\"1 minute\" \/>\n<script type=\"application\/ld+json\" class=\"yoast-schema-graph\">{\"@context\":\"https:\/\/schema.org\",\"@graph\":[{\"@type\":\"WebPage\",\"@id\":\"https:\/\/librairie7l.com\/en\/produit\/raymond-marabout-un-architecte-art-deco-a-mantes-la-jolie-2\/\",\"url\":\"https:\/\/librairie7l.com\/en\/produit\/raymond-marabout-un-architecte-art-deco-a-mantes-la-jolie-2\/\",\"name\":\"Raymond Marabout : un architecte art d\u00e9co \u00e0 Mantes-la-Jolie - Librairie 7L\",\"isPartOf\":{\"@id\":\"https:\/\/librairie7l.com\/en\/#website\"},\"datePublished\":\"2025-04-06T07:18:06+00:00\",\"dateModified\":\"2026-04-27T06:09:41+00:00\",\"breadcrumb\":{\"@id\":\"https:\/\/librairie7l.com\/en\/produit\/raymond-marabout-un-architecte-art-deco-a-mantes-la-jolie-2\/#breadcrumb\"},\"inLanguage\":\"en-US\",\"potentialAction\":[{\"@type\":\"ReadAction\",\"target\":[\"https:\/\/librairie7l.com\/en\/produit\/raymond-marabout-un-architecte-art-deco-a-mantes-la-jolie-2\/\"]}]},{\"@type\":\"BreadcrumbList\",\"@id\":\"https:\/\/librairie7l.com\/en\/produit\/raymond-marabout-un-architecte-art-deco-a-mantes-la-jolie-2\/#breadcrumb\",\"itemListElement\":[{\"@type\":\"ListItem\",\"position\":1,\"name\":\"Accueil\",\"item\":\"https:\/\/librairie7l.com\/en\/\"},{\"@type\":\"ListItem\",\"position\":2,\"name\":\"Shop\",\"item\":\"https:\/\/librairie7l.com\/en\/shop\/\"},{\"@type\":\"ListItem\",\"position\":3,\"name\":\"RAYMOND MARABOUT : UN ARCHITECTE ART D\u00c9CO \u00c0 MANTES-LA-JOLIE\"}]},{\"@type\":\"WebSite\",\"@id\":\"https:\/\/librairie7l.com\/en\/#website\",\"url\":\"https:\/\/librairie7l.com\/en\/\",\"name\":\"Librairie 7L\",\"description\":\"Librairie fond\u00e9e en 1999 par Karl Lagerfeld \u00e0 Paris\",\"publisher\":{\"@id\":\"https:\/\/librairie7l.com\/en\/#organization\"},\"potentialAction\":[{\"@type\":\"SearchAction\",\"target\":{\"@type\":\"EntryPoint\",\"urlTemplate\":\"https:\/\/librairie7l.com\/en\/?s={search_term_string}\"},\"query-input\":\"required name=search_term_string\"}],\"inLanguage\":\"en-US\"},{\"@type\":\"Organization\",\"@id\":\"https:\/\/librairie7l.com\/en\/#organization\",\"name\":\"Librairie 7L\",\"url\":\"https:\/\/librairie7l.com\/en\/\",\"logo\":{\"@type\":\"ImageObject\",\"inLanguage\":\"en-US\",\"@id\":\"https:\/\/librairie7l.com\/en\/#\/schema\/logo\/image\/\",\"url\":\"https:\/\/librairie7l.com\/wp-content\/uploads\/2022\/08\/logo-1.png\",\"contentUrl\":\"https:\/\/librairie7l.com\/wp-content\/uploads\/2022\/08\/logo-1.png\",\"width\":227,\"height\":301,\"caption\":\"Librairie 7L\"},\"image\":{\"@id\":\"https:\/\/librairie7l.com\/en\/#\/schema\/logo\/image\/\"}}]}<\/script>\n<!-- \/ Yoast SEO plugin. -->","yoast_head_json":{"title":"Raymond Marabout : un architecte art d\u00e9co \u00e0 Mantes-la-Jolie - Librairie 7L","robots":{"index":"index","follow":"follow","max-snippet":"max-snippet:-1","max-image-preview":"max-image-preview:large","max-video-preview":"max-video-preview:-1"},"canonical":"https:\/\/librairie7l.com\/en\/produit\/raymond-marabout-un-architecte-art-deco-a-mantes-la-jolie-2\/","og_locale":"en_US","og_type":"article","og_title":"Raymond Marabout : un architecte art d\u00e9co \u00e0 Mantes-la-Jolie - Librairie 7L","og_description":"V\u00e9ritable pilier de la vie artistique et politique de l&#8217;entre-deux-guerres, Raymond Marabout (1886-1957) est d&#8217;abord directeur de l&#8217;\u00e9cole municipale de dessin de Mantes. En 1922, il devient chef du service des travaux, de la voirie et du service des eaux. Il restera trente ann\u00e9es au service de la ville, quittant ses fonctions en 1952. Hormis [&hellip;]","og_url":"https:\/\/librairie7l.com\/en\/produit\/raymond-marabout-un-architecte-art-deco-a-mantes-la-jolie-2\/","og_site_name":"Librairie 7L","article_modified_time":"2026-04-27T06:09:41+00:00","og_image":[{"width":600,"height":671,"url":"https:\/\/librairie7l.com\/wp-content\/uploads\/2023\/03\/9788836653645_1_75.jpg","type":"image\/jpeg"}],"twitter_card":"summary_large_image","twitter_misc":{"Est. reading time":"1 minute"},"schema":{"@context":"https:\/\/schema.org","@graph":[{"@type":"WebPage","@id":"https:\/\/librairie7l.com\/en\/produit\/raymond-marabout-un-architecte-art-deco-a-mantes-la-jolie-2\/","url":"https:\/\/librairie7l.com\/en\/produit\/raymond-marabout-un-architecte-art-deco-a-mantes-la-jolie-2\/","name":"Raymond Marabout : un architecte art d\u00e9co \u00e0 Mantes-la-Jolie - Librairie 7L","isPartOf":{"@id":"https:\/\/librairie7l.com\/en\/#website"},"datePublished":"2025-04-06T07:18:06+00:00","dateModified":"2026-04-27T06:09:41+00:00","breadcrumb":{"@id":"https:\/\/librairie7l.com\/en\/produit\/raymond-marabout-un-architecte-art-deco-a-mantes-la-jolie-2\/#breadcrumb"},"inLanguage":"en-US","potentialAction":[{"@type":"ReadAction","target":["https:\/\/librairie7l.com\/en\/produit\/raymond-marabout-un-architecte-art-deco-a-mantes-la-jolie-2\/"]}]},{"@type":"BreadcrumbList","@id":"https:\/\/librairie7l.com\/en\/produit\/raymond-marabout-un-architecte-art-deco-a-mantes-la-jolie-2\/#breadcrumb","itemListElement":[{"@type":"ListItem","position":1,"name":"Accueil","item":"https:\/\/librairie7l.com\/en\/"},{"@type":"ListItem","position":2,"name":"Shop","item":"https:\/\/librairie7l.com\/en\/shop\/"},{"@type":"ListItem","position":3,"name":"RAYMOND MARABOUT : UN ARCHITECTE ART D\u00c9CO \u00c0 MANTES-LA-JOLIE"}]},{"@type":"WebSite","@id":"https:\/\/librairie7l.com\/en\/#website","url":"https:\/\/librairie7l.com\/en\/","name":"Librairie 7L","description":"Librairie fond\u00e9e en 1999 par Karl Lagerfeld \u00e0 Paris","publisher":{"@id":"https:\/\/librairie7l.com\/en\/#organization"},"potentialAction":[{"@type":"SearchAction","target":{"@type":"EntryPoint","urlTemplate":"https:\/\/librairie7l.com\/en\/?s={search_term_string}"},"query-input":"required name=search_term_string"}],"inLanguage":"en-US"},{"@type":"Organization","@id":"https:\/\/librairie7l.com\/en\/#organization","name":"Librairie 7L","url":"https:\/\/librairie7l.com\/en\/","logo":{"@type":"ImageObject","inLanguage":"en-US","@id":"https:\/\/librairie7l.com\/en\/#\/schema\/logo\/image\/","url":"https:\/\/librairie7l.com\/wp-content\/uploads\/2022\/08\/logo-1.png","contentUrl":"https:\/\/librairie7l.com\/wp-content\/uploads\/2022\/08\/logo-1.png","width":227,"height":301,"caption":"Librairie 7L"},"image":{"@id":"https:\/\/librairie7l.com\/en\/#\/schema\/logo\/image\/"}}]}},"_links":{"self":[{"href":"https:\/\/librairie7l.com\/en\/wp-json\/wp\/v2\/product\/47320"}],"collection":[{"href":"https:\/\/librairie7l.com\/en\/wp-json\/wp\/v2\/product"}],"about":[{"href":"https:\/\/librairie7l.com\/en\/wp-json\/wp\/v2\/types\/product"}],"wp:featuredmedia":[{"embeddable":true,"href":"https:\/\/librairie7l.com\/en\/wp-json\/wp\/v2\/media\/47318"}],"wp:attachment":[{"href":"https:\/\/librairie7l.com\/en\/wp-json\/wp\/v2\/media?parent=47320"}],"wp:term":[{"taxonomy":"product_cat","embeddable":true,"href":"https:\/\/librairie7l.com\/en\/wp-json\/wp\/v2\/product_cat?post=47320"},{"taxonomy":"product_tag","embeddable":true,"href":"https:\/\/librairie7l.com\/en\/wp-json\/wp\/v2\/product_tag?post=47320"}],"curies":[{"name":"wp","href":"https:\/\/api.w.org\/{rel}","templated":true}]}}