{"id":47324,"date":"2025-04-06T09:18:10","date_gmt":"2025-04-06T07:18:10","guid":{"rendered":"https:\/\/librairie7l.com\/?post_type=product&#038;p=47324"},"modified":"2026-04-08T16:00:32","modified_gmt":"2026-04-08T14:00:32","slug":"les-larmes-de-la-villa-seurat-les-artistes-de-lecole-de-paris-2","status":"publish","type":"product","link":"https:\/\/librairie7l.com\/en\/produit\/les-larmes-de-la-villa-seurat-les-artistes-de-lecole-de-paris-2\/","title":{"rendered":"LES LARMES DE LA VILLA SEURAT : LES ARTISTES DE L&#8217;\u00c9COLE DE PARIS"},"content":{"rendered":"<p>Ce livre fait revivre ce qui a \u00e9t\u00e9 l&#8217;un des moments les plus forts de l&#8217;histoire de l&#8217;art moderne \u00e0 Montparnasse. Ce fut \u00e9galement l&#8217;un des plus dramatiques. Les artistes de l&#8217;\u00c9cole de Paris dans la tourmente de l&#8217;occupation allemande.<\/p>\n<p>Si l&#8217;on conna\u00eet les artistes majeurs de ce mouvement comme Chagall, Modigliani, Soutine, Orloff, Zadkine, de nombreux autres, talentueux, sont oubli\u00e9s : Otto Freundlich, Louis Marcoussis, Henri Epstein, Max Jacob&#8230;<\/p>\n<p>\u00c0 l&#8217;issue de la Seconde Guerre mondiale, cet extraordinaire mouvement artistique est d\u00e9cim\u00e9. Juifs en majorit\u00e9 provenant des pays de l&#8217;est, pour \u00e9chapper aux pogroms, l&#8217;histoire les rattrapera et ils seront envoy\u00e9s dans les camps de la mort o\u00f9 ils finiront gaz\u00e9s, pour la plupart, \u00e0 Auschwitz. Fort heureusement, les figures de proue surv\u00e9curent et poursuivirent leurs oeuvres apr\u00e8s la guerre dans des endroits dispers\u00e9s.<\/p>\n<p>Le titre, \u00ab les larmes de la Villa Seurat \u00bb fait r\u00e9f\u00e9rence au destin exceptionnel de Chana Orloff et \u00e0 son histoire personnelle qui sert de trame de fond \u00e0 ce livre. Apr\u00e8s 1945, l&#8217;\u00c9cole de Paris ne retrouvera jamais son \u00e2me.<\/p>\n","protected":false},"excerpt":{"rendered":"<p>Ce livre fait revivre ce qui a \u00e9t\u00e9 l&#8217;un des moments les plus forts de l&#8217;histoire de l&#8217;art moderne \u00e0 Montparnasse. Ce fut \u00e9galement l&#8217;un des plus dramatiques. Les artistes de l&#8217;\u00c9cole de Paris dans la tourmente de l&#8217;occupation allemande. Si l&#8217;on conna\u00eet les artistes majeurs de ce mouvement comme Chagall, Modigliani, Soutine, Orloff, Zadkine, [&hellip;]<\/p>\n","protected":false},"featured_media":47322,"template":"","meta":[],"product_cat":[2948,2953],"product_tag":[],"acf":[],"yoast_head":"<!-- This site is optimized with the Yoast SEO plugin v20.11 - https:\/\/yoast.com\/wordpress\/plugins\/seo\/ -->\n<title>Les larmes de la Villa Seurat : Les artistes de l&#039;\u00e9cole de Paris - Librairie 7L<\/title>\n<meta name=\"robots\" content=\"index, follow, max-snippet:-1, max-image-preview:large, max-video-preview:-1\" \/>\n<link rel=\"canonical\" href=\"https:\/\/librairie7l.com\/en\/produit\/les-larmes-de-la-villa-seurat-les-artistes-de-lecole-de-paris-2\/\" \/>\n<meta property=\"og:locale\" content=\"en_US\" \/>\n<meta property=\"og:type\" content=\"article\" \/>\n<meta property=\"og:title\" content=\"Les larmes de la Villa Seurat : Les artistes de l&#039;\u00e9cole de Paris - Librairie 7L\" \/>\n<meta property=\"og:description\" content=\"Ce livre fait revivre ce qui a \u00e9t\u00e9 l&#8217;un des moments les plus forts de l&#8217;histoire de l&#8217;art moderne \u00e0 Montparnasse. Ce fut \u00e9galement l&#8217;un des plus dramatiques. Les artistes de l&#8217;\u00c9cole de Paris dans la tourmente de l&#8217;occupation allemande. Si l&#8217;on conna\u00eet les artistes majeurs de ce mouvement comme Chagall, Modigliani, Soutine, Orloff, Zadkine, [&hellip;]\" \/>\n<meta property=\"og:url\" content=\"https:\/\/librairie7l.com\/en\/produit\/les-larmes-de-la-villa-seurat-les-artistes-de-lecole-de-paris-2\/\" \/>\n<meta property=\"og:site_name\" content=\"Librairie 7L\" \/>\n<meta property=\"article:modified_time\" content=\"2026-04-08T14:00:32+00:00\" \/>\n<meta property=\"og:image\" content=\"https:\/\/librairie7l.com\/wp-content\/uploads\/2024\/02\/9782940719747_1_75.jpg\" \/>\n\t<meta property=\"og:image:width\" content=\"600\" \/>\n\t<meta property=\"og:image:height\" content=\"963\" \/>\n\t<meta property=\"og:image:type\" content=\"image\/jpeg\" \/>\n<meta name=\"twitter:card\" content=\"summary_large_image\" \/>\n<meta name=\"twitter:label1\" content=\"Est. reading time\" \/>\n\t<meta name=\"twitter:data1\" content=\"1 minute\" \/>\n<script type=\"application\/ld+json\" class=\"yoast-schema-graph\">{\"@context\":\"https:\/\/schema.org\",\"@graph\":[{\"@type\":\"WebPage\",\"@id\":\"https:\/\/librairie7l.com\/en\/produit\/les-larmes-de-la-villa-seurat-les-artistes-de-lecole-de-paris-2\/\",\"url\":\"https:\/\/librairie7l.com\/en\/produit\/les-larmes-de-la-villa-seurat-les-artistes-de-lecole-de-paris-2\/\",\"name\":\"Les larmes de la Villa Seurat : Les artistes de l'\u00e9cole de Paris - Librairie 7L\",\"isPartOf\":{\"@id\":\"https:\/\/librairie7l.com\/en\/#website\"},\"datePublished\":\"2025-04-06T07:18:10+00:00\",\"dateModified\":\"2026-04-08T14:00:32+00:00\",\"breadcrumb\":{\"@id\":\"https:\/\/librairie7l.com\/en\/produit\/les-larmes-de-la-villa-seurat-les-artistes-de-lecole-de-paris-2\/#breadcrumb\"},\"inLanguage\":\"en-US\",\"potentialAction\":[{\"@type\":\"ReadAction\",\"target\":[\"https:\/\/librairie7l.com\/en\/produit\/les-larmes-de-la-villa-seurat-les-artistes-de-lecole-de-paris-2\/\"]}]},{\"@type\":\"BreadcrumbList\",\"@id\":\"https:\/\/librairie7l.com\/en\/produit\/les-larmes-de-la-villa-seurat-les-artistes-de-lecole-de-paris-2\/#breadcrumb\",\"itemListElement\":[{\"@type\":\"ListItem\",\"position\":1,\"name\":\"Accueil\",\"item\":\"https:\/\/librairie7l.com\/en\/\"},{\"@type\":\"ListItem\",\"position\":2,\"name\":\"Shop\",\"item\":\"https:\/\/librairie7l.com\/en\/shop\/\"},{\"@type\":\"ListItem\",\"position\":3,\"name\":\"LES LARMES DE LA VILLA SEURAT : LES ARTISTES DE L&#8217;\u00c9COLE DE PARIS\"}]},{\"@type\":\"WebSite\",\"@id\":\"https:\/\/librairie7l.com\/en\/#website\",\"url\":\"https:\/\/librairie7l.com\/en\/\",\"name\":\"Librairie 7L\",\"description\":\"Librairie fond\u00e9e en 1999 par Karl Lagerfeld \u00e0 Paris\",\"publisher\":{\"@id\":\"https:\/\/librairie7l.com\/en\/#organization\"},\"potentialAction\":[{\"@type\":\"SearchAction\",\"target\":{\"@type\":\"EntryPoint\",\"urlTemplate\":\"https:\/\/librairie7l.com\/en\/?s={search_term_string}\"},\"query-input\":\"required name=search_term_string\"}],\"inLanguage\":\"en-US\"},{\"@type\":\"Organization\",\"@id\":\"https:\/\/librairie7l.com\/en\/#organization\",\"name\":\"Librairie 7L\",\"url\":\"https:\/\/librairie7l.com\/en\/\",\"logo\":{\"@type\":\"ImageObject\",\"inLanguage\":\"en-US\",\"@id\":\"https:\/\/librairie7l.com\/en\/#\/schema\/logo\/image\/\",\"url\":\"https:\/\/librairie7l.com\/wp-content\/uploads\/2022\/08\/logo-1.png\",\"contentUrl\":\"https:\/\/librairie7l.com\/wp-content\/uploads\/2022\/08\/logo-1.png\",\"width\":227,\"height\":301,\"caption\":\"Librairie 7L\"},\"image\":{\"@id\":\"https:\/\/librairie7l.com\/en\/#\/schema\/logo\/image\/\"}}]}<\/script>\n<!-- \/ Yoast SEO plugin. -->","yoast_head_json":{"title":"Les larmes de la Villa Seurat : Les artistes de l'\u00e9cole de Paris - Librairie 7L","robots":{"index":"index","follow":"follow","max-snippet":"max-snippet:-1","max-image-preview":"max-image-preview:large","max-video-preview":"max-video-preview:-1"},"canonical":"https:\/\/librairie7l.com\/en\/produit\/les-larmes-de-la-villa-seurat-les-artistes-de-lecole-de-paris-2\/","og_locale":"en_US","og_type":"article","og_title":"Les larmes de la Villa Seurat : Les artistes de l'\u00e9cole de Paris - Librairie 7L","og_description":"Ce livre fait revivre ce qui a \u00e9t\u00e9 l&#8217;un des moments les plus forts de l&#8217;histoire de l&#8217;art moderne \u00e0 Montparnasse. Ce fut \u00e9galement l&#8217;un des plus dramatiques. Les artistes de l&#8217;\u00c9cole de Paris dans la tourmente de l&#8217;occupation allemande. Si l&#8217;on conna\u00eet les artistes majeurs de ce mouvement comme Chagall, Modigliani, Soutine, Orloff, Zadkine, [&hellip;]","og_url":"https:\/\/librairie7l.com\/en\/produit\/les-larmes-de-la-villa-seurat-les-artistes-de-lecole-de-paris-2\/","og_site_name":"Librairie 7L","article_modified_time":"2026-04-08T14:00:32+00:00","og_image":[{"width":600,"height":963,"url":"https:\/\/librairie7l.com\/wp-content\/uploads\/2024\/02\/9782940719747_1_75.jpg","type":"image\/jpeg"}],"twitter_card":"summary_large_image","twitter_misc":{"Est. reading time":"1 minute"},"schema":{"@context":"https:\/\/schema.org","@graph":[{"@type":"WebPage","@id":"https:\/\/librairie7l.com\/en\/produit\/les-larmes-de-la-villa-seurat-les-artistes-de-lecole-de-paris-2\/","url":"https:\/\/librairie7l.com\/en\/produit\/les-larmes-de-la-villa-seurat-les-artistes-de-lecole-de-paris-2\/","name":"Les larmes de la Villa Seurat : Les artistes de l'\u00e9cole de Paris - Librairie 7L","isPartOf":{"@id":"https:\/\/librairie7l.com\/en\/#website"},"datePublished":"2025-04-06T07:18:10+00:00","dateModified":"2026-04-08T14:00:32+00:00","breadcrumb":{"@id":"https:\/\/librairie7l.com\/en\/produit\/les-larmes-de-la-villa-seurat-les-artistes-de-lecole-de-paris-2\/#breadcrumb"},"inLanguage":"en-US","potentialAction":[{"@type":"ReadAction","target":["https:\/\/librairie7l.com\/en\/produit\/les-larmes-de-la-villa-seurat-les-artistes-de-lecole-de-paris-2\/"]}]},{"@type":"BreadcrumbList","@id":"https:\/\/librairie7l.com\/en\/produit\/les-larmes-de-la-villa-seurat-les-artistes-de-lecole-de-paris-2\/#breadcrumb","itemListElement":[{"@type":"ListItem","position":1,"name":"Accueil","item":"https:\/\/librairie7l.com\/en\/"},{"@type":"ListItem","position":2,"name":"Shop","item":"https:\/\/librairie7l.com\/en\/shop\/"},{"@type":"ListItem","position":3,"name":"LES LARMES DE LA VILLA SEURAT : LES ARTISTES DE L&#8217;\u00c9COLE DE PARIS"}]},{"@type":"WebSite","@id":"https:\/\/librairie7l.com\/en\/#website","url":"https:\/\/librairie7l.com\/en\/","name":"Librairie 7L","description":"Librairie fond\u00e9e en 1999 par Karl Lagerfeld \u00e0 Paris","publisher":{"@id":"https:\/\/librairie7l.com\/en\/#organization"},"potentialAction":[{"@type":"SearchAction","target":{"@type":"EntryPoint","urlTemplate":"https:\/\/librairie7l.com\/en\/?s={search_term_string}"},"query-input":"required name=search_term_string"}],"inLanguage":"en-US"},{"@type":"Organization","@id":"https:\/\/librairie7l.com\/en\/#organization","name":"Librairie 7L","url":"https:\/\/librairie7l.com\/en\/","logo":{"@type":"ImageObject","inLanguage":"en-US","@id":"https:\/\/librairie7l.com\/en\/#\/schema\/logo\/image\/","url":"https:\/\/librairie7l.com\/wp-content\/uploads\/2022\/08\/logo-1.png","contentUrl":"https:\/\/librairie7l.com\/wp-content\/uploads\/2022\/08\/logo-1.png","width":227,"height":301,"caption":"Librairie 7L"},"image":{"@id":"https:\/\/librairie7l.com\/en\/#\/schema\/logo\/image\/"}}]}},"_links":{"self":[{"href":"https:\/\/librairie7l.com\/en\/wp-json\/wp\/v2\/product\/47324"}],"collection":[{"href":"https:\/\/librairie7l.com\/en\/wp-json\/wp\/v2\/product"}],"about":[{"href":"https:\/\/librairie7l.com\/en\/wp-json\/wp\/v2\/types\/product"}],"wp:featuredmedia":[{"embeddable":true,"href":"https:\/\/librairie7l.com\/en\/wp-json\/wp\/v2\/media\/47322"}],"wp:attachment":[{"href":"https:\/\/librairie7l.com\/en\/wp-json\/wp\/v2\/media?parent=47324"}],"wp:term":[{"taxonomy":"product_cat","embeddable":true,"href":"https:\/\/librairie7l.com\/en\/wp-json\/wp\/v2\/product_cat?post=47324"},{"taxonomy":"product_tag","embeddable":true,"href":"https:\/\/librairie7l.com\/en\/wp-json\/wp\/v2\/product_tag?post=47324"}],"curies":[{"name":"wp","href":"https:\/\/api.w.org\/{rel}","templated":true}]}}