{"id":47355,"date":"2025-04-09T09:17:54","date_gmt":"2025-04-09T07:17:54","guid":{"rendered":"https:\/\/librairie7l.com\/?post_type=product&#038;p=47355"},"modified":"2026-04-08T08:05:45","modified_gmt":"2026-04-08T06:05:45","slug":"art-deco-encyclopedie-des-arts-decoratifs-des-annees-vingt-et-trente-2","status":"publish","type":"product","link":"https:\/\/librairie7l.com\/en\/produit\/art-deco-encyclopedie-des-arts-decoratifs-des-annees-vingt-et-trente-2\/","title":{"rendered":"ART D\u00c9CO ; ENCYCLOP\u00c9DIE DES ARTS D\u00c9CORATIFS DES ANN\u00c9ES VINGT ET TRENTE"},"content":{"rendered":"<p>L&#8217;histoire de l&#8217;Art d\u00e9co \u00e9pouse celle de notre modernit\u00e9. N\u00e9 dans les grandes villes d&#8217;Europe et d&#8217;Am\u00e9rique, contemporain du jazz, de l&#8217;automobile et des&#8230;? Lire la suite gratte-ciel, il a travers\u00e9 deux guerres mondiales ainsi que la crise des ann\u00e9es trente, et model\u00e9 notre environnement, du Golden Gate Bridge de San Francisco aux modestes lampes de nos bureaux. De tous les styles d\u00e9coratifs du XXe si\u00e8cle, l&#8217;Art d\u00e9co est le plus \u00e9labor\u00e9. Il s&#8217;est d\u00e9velopp\u00e9, dans ses formes les plus pures, \u00e0 partir d&#8217;une conception typiquement fran\u00e7aise du luxe et du raffinement, qui privil\u00e9giait souvent dans les ann\u00e9es vingt les mat\u00e9riaux exotiques et pr\u00e9cieux. En Europe comme en Am\u00e9rique, le style  paquebot , que l&#8217;on assimile d\u00e9sormais \u00e0 l&#8217;Art d\u00e9co, utilisa par la suite le m\u00e9tal et le plastique. Si Paris fut sa capitale spirituelle, l&#8217;Art d\u00e9co eut en r\u00e9alit\u00e9 une port\u00e9e mondiale puisque les cr\u00e9ateurs de tous les pays d&#8217;Europe et d&#8217;Am\u00e9rique puis\u00e8rent dans les traditions artistiques et artisanales les plus vari\u00e9es, de l&#8217;Egypte pharaonique et de la M\u00e9diterran\u00e9e antique aux colonies d&#8217;Asie et d&#8217;Afrique. Dans l&#8217;ouvrage le plus complet jamais publi\u00e9 sur les arts d\u00e9coratifs de cette p\u00e9riode, Alastair Duncan rend hommage \u00e0 la richesse formelle et \u00e0 la diversit\u00e9 internationale de l&#8217;Art d\u00e9co, qui n&#8217;a cess\u00e9 de s\u00e9duire les collectionneurs et d&#8217;inspirer les cr\u00e9ateurs. L&#8217;ouvrage est constitu\u00e9 d&#8217;une s\u00e9rie d&#8217;essais sur les principaux arts d\u00e9coratifs de la p\u00e9riode : mobilier et d\u00e9coration int\u00e9rieure ; sculpture ; peinture, illustration, affiche, reliure ; verrerie ; c\u00e9ramique ; luminaire ; textile ; orf\u00e8vrerie, art du m\u00e9tal, laque, \u00e9mail ; joaillerie. Chaque essai est suivi d&#8217;une biographie d\u00e9taill\u00e9e des plus grands artistes de la discipline. Un r\u00e9pertoire illustr\u00e9 de plus de quatre cents artistes, d\u00e9corateurs et fabricants parach\u00e8ve cette somme unique consacr\u00e9e \u00e0 l&#8217;Art d\u00e9co. Magnifiquement illustr\u00e9 et r\u00e9dig\u00e9 par l&#8217;un des plus grands experts mondiaux, cet ouvrage s&#8217;imposera comme la r\u00e9f\u00e9rence majeure sur l&#8217;Art d\u00e9co pour de nombreuses ann\u00e9es.?<\/p>\n","protected":false},"excerpt":{"rendered":"<p>L&#8217;histoire de l&#8217;Art d\u00e9co \u00e9pouse celle de notre modernit\u00e9. N\u00e9 dans les grandes villes d&#8217;Europe et d&#8217;Am\u00e9rique, contemporain du jazz, de l&#8217;automobile et des&#8230;? Lire la suite gratte-ciel, il a travers\u00e9 deux guerres mondiales ainsi que la crise des ann\u00e9es trente, et model\u00e9 notre environnement, du Golden Gate Bridge de San Francisco aux modestes lampes [&hellip;]<\/p>\n","protected":false},"featured_media":47353,"template":"","meta":[],"product_cat":[2948,2952],"product_tag":[],"acf":[],"yoast_head":"<!-- This site is optimized with the Yoast SEO plugin v20.11 - https:\/\/yoast.com\/wordpress\/plugins\/seo\/ -->\n<title>Art d\u00e9co ; encyclop\u00e9die des arts d\u00e9coratifs des ann\u00e9es vingt et trente - Librairie 7L<\/title>\n<meta name=\"robots\" content=\"index, follow, max-snippet:-1, max-image-preview:large, max-video-preview:-1\" \/>\n<link rel=\"canonical\" href=\"https:\/\/librairie7l.com\/en\/produit\/art-deco-encyclopedie-des-arts-decoratifs-des-annees-vingt-et-trente-2\/\" \/>\n<meta property=\"og:locale\" content=\"en_US\" \/>\n<meta property=\"og:type\" content=\"article\" \/>\n<meta property=\"og:title\" content=\"Art d\u00e9co ; encyclop\u00e9die des arts d\u00e9coratifs des ann\u00e9es vingt et trente - Librairie 7L\" \/>\n<meta property=\"og:description\" content=\"L&#8217;histoire de l&#8217;Art d\u00e9co \u00e9pouse celle de notre modernit\u00e9. N\u00e9 dans les grandes villes d&#8217;Europe et d&#8217;Am\u00e9rique, contemporain du jazz, de l&#8217;automobile et des&#8230;? Lire la suite gratte-ciel, il a travers\u00e9 deux guerres mondiales ainsi que la crise des ann\u00e9es trente, et model\u00e9 notre environnement, du Golden Gate Bridge de San Francisco aux modestes lampes [&hellip;]\" \/>\n<meta property=\"og:url\" content=\"https:\/\/librairie7l.com\/en\/produit\/art-deco-encyclopedie-des-arts-decoratifs-des-annees-vingt-et-trente-2\/\" \/>\n<meta property=\"og:site_name\" content=\"Librairie 7L\" \/>\n<meta property=\"article:modified_time\" content=\"2026-04-08T06:05:45+00:00\" \/>\n<meta property=\"og:image\" content=\"https:\/\/librairie7l.com\/wp-content\/uploads\/2010\/05\/9782850883019_1_75.jpg\" \/>\n\t<meta property=\"og:image:width\" content=\"368\" \/>\n\t<meta property=\"og:image:height\" content=\"475\" \/>\n\t<meta property=\"og:image:type\" content=\"image\/jpeg\" \/>\n<meta name=\"twitter:card\" content=\"summary_large_image\" \/>\n<meta name=\"twitter:label1\" content=\"Est. reading time\" \/>\n\t<meta name=\"twitter:data1\" content=\"2 minutes\" \/>\n<script type=\"application\/ld+json\" class=\"yoast-schema-graph\">{\"@context\":\"https:\/\/schema.org\",\"@graph\":[{\"@type\":\"WebPage\",\"@id\":\"https:\/\/librairie7l.com\/en\/produit\/art-deco-encyclopedie-des-arts-decoratifs-des-annees-vingt-et-trente-2\/\",\"url\":\"https:\/\/librairie7l.com\/en\/produit\/art-deco-encyclopedie-des-arts-decoratifs-des-annees-vingt-et-trente-2\/\",\"name\":\"Art d\u00e9co ; encyclop\u00e9die des arts d\u00e9coratifs des ann\u00e9es vingt et trente - Librairie 7L\",\"isPartOf\":{\"@id\":\"https:\/\/librairie7l.com\/en\/#website\"},\"datePublished\":\"2025-04-09T07:17:54+00:00\",\"dateModified\":\"2026-04-08T06:05:45+00:00\",\"breadcrumb\":{\"@id\":\"https:\/\/librairie7l.com\/en\/produit\/art-deco-encyclopedie-des-arts-decoratifs-des-annees-vingt-et-trente-2\/#breadcrumb\"},\"inLanguage\":\"en-US\",\"potentialAction\":[{\"@type\":\"ReadAction\",\"target\":[\"https:\/\/librairie7l.com\/en\/produit\/art-deco-encyclopedie-des-arts-decoratifs-des-annees-vingt-et-trente-2\/\"]}]},{\"@type\":\"BreadcrumbList\",\"@id\":\"https:\/\/librairie7l.com\/en\/produit\/art-deco-encyclopedie-des-arts-decoratifs-des-annees-vingt-et-trente-2\/#breadcrumb\",\"itemListElement\":[{\"@type\":\"ListItem\",\"position\":1,\"name\":\"Accueil\",\"item\":\"https:\/\/librairie7l.com\/en\/\"},{\"@type\":\"ListItem\",\"position\":2,\"name\":\"Shop\",\"item\":\"https:\/\/librairie7l.com\/en\/shop\/\"},{\"@type\":\"ListItem\",\"position\":3,\"name\":\"ART D\u00c9CO ; ENCYCLOP\u00c9DIE DES ARTS D\u00c9CORATIFS DES ANN\u00c9ES VINGT ET TRENTE\"}]},{\"@type\":\"WebSite\",\"@id\":\"https:\/\/librairie7l.com\/en\/#website\",\"url\":\"https:\/\/librairie7l.com\/en\/\",\"name\":\"Librairie 7L\",\"description\":\"Librairie fond\u00e9e en 1999 par Karl Lagerfeld \u00e0 Paris\",\"publisher\":{\"@id\":\"https:\/\/librairie7l.com\/en\/#organization\"},\"potentialAction\":[{\"@type\":\"SearchAction\",\"target\":{\"@type\":\"EntryPoint\",\"urlTemplate\":\"https:\/\/librairie7l.com\/en\/?s={search_term_string}\"},\"query-input\":\"required name=search_term_string\"}],\"inLanguage\":\"en-US\"},{\"@type\":\"Organization\",\"@id\":\"https:\/\/librairie7l.com\/en\/#organization\",\"name\":\"Librairie 7L\",\"url\":\"https:\/\/librairie7l.com\/en\/\",\"logo\":{\"@type\":\"ImageObject\",\"inLanguage\":\"en-US\",\"@id\":\"https:\/\/librairie7l.com\/en\/#\/schema\/logo\/image\/\",\"url\":\"https:\/\/librairie7l.com\/wp-content\/uploads\/2022\/08\/logo-1.png\",\"contentUrl\":\"https:\/\/librairie7l.com\/wp-content\/uploads\/2022\/08\/logo-1.png\",\"width\":227,\"height\":301,\"caption\":\"Librairie 7L\"},\"image\":{\"@id\":\"https:\/\/librairie7l.com\/en\/#\/schema\/logo\/image\/\"}}]}<\/script>\n<!-- \/ Yoast SEO plugin. -->","yoast_head_json":{"title":"Art d\u00e9co ; encyclop\u00e9die des arts d\u00e9coratifs des ann\u00e9es vingt et trente - Librairie 7L","robots":{"index":"index","follow":"follow","max-snippet":"max-snippet:-1","max-image-preview":"max-image-preview:large","max-video-preview":"max-video-preview:-1"},"canonical":"https:\/\/librairie7l.com\/en\/produit\/art-deco-encyclopedie-des-arts-decoratifs-des-annees-vingt-et-trente-2\/","og_locale":"en_US","og_type":"article","og_title":"Art d\u00e9co ; encyclop\u00e9die des arts d\u00e9coratifs des ann\u00e9es vingt et trente - Librairie 7L","og_description":"L&#8217;histoire de l&#8217;Art d\u00e9co \u00e9pouse celle de notre modernit\u00e9. N\u00e9 dans les grandes villes d&#8217;Europe et d&#8217;Am\u00e9rique, contemporain du jazz, de l&#8217;automobile et des&#8230;? Lire la suite gratte-ciel, il a travers\u00e9 deux guerres mondiales ainsi que la crise des ann\u00e9es trente, et model\u00e9 notre environnement, du Golden Gate Bridge de San Francisco aux modestes lampes [&hellip;]","og_url":"https:\/\/librairie7l.com\/en\/produit\/art-deco-encyclopedie-des-arts-decoratifs-des-annees-vingt-et-trente-2\/","og_site_name":"Librairie 7L","article_modified_time":"2026-04-08T06:05:45+00:00","og_image":[{"width":368,"height":475,"url":"https:\/\/librairie7l.com\/wp-content\/uploads\/2010\/05\/9782850883019_1_75.jpg","type":"image\/jpeg"}],"twitter_card":"summary_large_image","twitter_misc":{"Est. reading time":"2 minutes"},"schema":{"@context":"https:\/\/schema.org","@graph":[{"@type":"WebPage","@id":"https:\/\/librairie7l.com\/en\/produit\/art-deco-encyclopedie-des-arts-decoratifs-des-annees-vingt-et-trente-2\/","url":"https:\/\/librairie7l.com\/en\/produit\/art-deco-encyclopedie-des-arts-decoratifs-des-annees-vingt-et-trente-2\/","name":"Art d\u00e9co ; encyclop\u00e9die des arts d\u00e9coratifs des ann\u00e9es vingt et trente - Librairie 7L","isPartOf":{"@id":"https:\/\/librairie7l.com\/en\/#website"},"datePublished":"2025-04-09T07:17:54+00:00","dateModified":"2026-04-08T06:05:45+00:00","breadcrumb":{"@id":"https:\/\/librairie7l.com\/en\/produit\/art-deco-encyclopedie-des-arts-decoratifs-des-annees-vingt-et-trente-2\/#breadcrumb"},"inLanguage":"en-US","potentialAction":[{"@type":"ReadAction","target":["https:\/\/librairie7l.com\/en\/produit\/art-deco-encyclopedie-des-arts-decoratifs-des-annees-vingt-et-trente-2\/"]}]},{"@type":"BreadcrumbList","@id":"https:\/\/librairie7l.com\/en\/produit\/art-deco-encyclopedie-des-arts-decoratifs-des-annees-vingt-et-trente-2\/#breadcrumb","itemListElement":[{"@type":"ListItem","position":1,"name":"Accueil","item":"https:\/\/librairie7l.com\/en\/"},{"@type":"ListItem","position":2,"name":"Shop","item":"https:\/\/librairie7l.com\/en\/shop\/"},{"@type":"ListItem","position":3,"name":"ART D\u00c9CO ; ENCYCLOP\u00c9DIE DES ARTS D\u00c9CORATIFS DES ANN\u00c9ES VINGT ET TRENTE"}]},{"@type":"WebSite","@id":"https:\/\/librairie7l.com\/en\/#website","url":"https:\/\/librairie7l.com\/en\/","name":"Librairie 7L","description":"Librairie fond\u00e9e en 1999 par Karl Lagerfeld \u00e0 Paris","publisher":{"@id":"https:\/\/librairie7l.com\/en\/#organization"},"potentialAction":[{"@type":"SearchAction","target":{"@type":"EntryPoint","urlTemplate":"https:\/\/librairie7l.com\/en\/?s={search_term_string}"},"query-input":"required name=search_term_string"}],"inLanguage":"en-US"},{"@type":"Organization","@id":"https:\/\/librairie7l.com\/en\/#organization","name":"Librairie 7L","url":"https:\/\/librairie7l.com\/en\/","logo":{"@type":"ImageObject","inLanguage":"en-US","@id":"https:\/\/librairie7l.com\/en\/#\/schema\/logo\/image\/","url":"https:\/\/librairie7l.com\/wp-content\/uploads\/2022\/08\/logo-1.png","contentUrl":"https:\/\/librairie7l.com\/wp-content\/uploads\/2022\/08\/logo-1.png","width":227,"height":301,"caption":"Librairie 7L"},"image":{"@id":"https:\/\/librairie7l.com\/en\/#\/schema\/logo\/image\/"}}]}},"_links":{"self":[{"href":"https:\/\/librairie7l.com\/en\/wp-json\/wp\/v2\/product\/47355"}],"collection":[{"href":"https:\/\/librairie7l.com\/en\/wp-json\/wp\/v2\/product"}],"about":[{"href":"https:\/\/librairie7l.com\/en\/wp-json\/wp\/v2\/types\/product"}],"wp:featuredmedia":[{"embeddable":true,"href":"https:\/\/librairie7l.com\/en\/wp-json\/wp\/v2\/media\/47353"}],"wp:attachment":[{"href":"https:\/\/librairie7l.com\/en\/wp-json\/wp\/v2\/media?parent=47355"}],"wp:term":[{"taxonomy":"product_cat","embeddable":true,"href":"https:\/\/librairie7l.com\/en\/wp-json\/wp\/v2\/product_cat?post=47355"},{"taxonomy":"product_tag","embeddable":true,"href":"https:\/\/librairie7l.com\/en\/wp-json\/wp\/v2\/product_tag?post=47355"}],"curies":[{"name":"wp","href":"https:\/\/api.w.org\/{rel}","templated":true}]}}