{"id":47363,"date":"2025-04-09T09:18:00","date_gmt":"2025-04-09T07:18:00","guid":{"rendered":"https:\/\/librairie7l.com\/?post_type=product&#038;p=47363"},"modified":"2026-04-04T12:39:41","modified_gmt":"2026-04-04T10:39:41","slug":"des-oiseaux-nathalie-baetens-2","status":"publish","type":"product","link":"https:\/\/librairie7l.com\/en\/produit\/des-oiseaux-nathalie-baetens-2\/","title":{"rendered":"DES OISEAUX : NATHALIE BAETENS"},"content":{"rendered":"<p>Photographi\u00e9s \u00e0 l&#8217;argentique avec une pellicule ultra-sensible dans une lumi\u00e8re naturelle diffuse et pos\u00e9s sur un fond blanc, les nids de Nathalie Baetens \u00e9voquent un inventaire &#8221; \u00e0 la Bernd et Hilla Becher &#8220;.<br \/>\nNathalie Baetens &#8221; d\u00e9couvre &#8221; son premier nid &#8211; celui d&#8217;un tisserin &#8211; lors d&#8217;un reportage \u00e0 l&#8217;Ile Maurice en 2019. Fascin\u00e9e par la virtuosit\u00e9 et la vari\u00e9t\u00e9 de ces constructions \u00e0 la fois solides et \u00e9ph\u00e9m\u00e8res, elle entame un travail quasi-exhaustif, proche de l&#8217;inventaire. Chaque esp\u00e8ce d&#8217;oiseau construit &#8221; sa maison &#8221; en architecte : conception, forme, dimension, structure sont d&#8217;une grande diversit\u00e9. V\u00e9ritable micro-habitat destin\u00e9 \u00e0 la survie de la future prog\u00e9niture, le nid doit \u00eatre fonctionnel, \u00e0 la fois confortable et protecteur, pour se pr\u00e9munir autant du froid et des intemp\u00e9ries que d&#8217;\u00e9ventuels pr\u00e9dateurs. \u00c0 l&#8217;\u00e9gard de ces derniers, il peut se faire soit discret, soit dissuasif, adoptant alors une forme de bunker. \u00c0 l&#8217;incroyable vari\u00e9t\u00e9 des mat\u00e9riaux (brindilles, herbes, feuilles, mousse, fragments de feuilles, boue s\u00e9ch\u00e9e&#8230;) r\u00e9pond la complexit\u00e9 des techniques employ\u00e9es (tissage, amalgame, empilement, coutures de feuilles&#8230;). Chez certains oiseaux, le nid est \u00e9galement un \u00e9l\u00e9ment de la parade nuptiale : construite par le m\u00e2le, la petite structure doit s\u00e9duire la femelle qui en assurera la finition int\u00e9rieure \u00e0 l&#8217;aide de duvet, toile d&#8217;araign\u00e9e, poils, lichens et autres substances organiques.<br \/>\n D&#8217;abord collect\u00e9s dans diverses for\u00eats fran\u00e7aises, ces petits logis ont \u00e9t\u00e9 peu \u00e0 peu compl\u00e9t\u00e9s de nids venus du monde entier &#8211; la photographe s&#8217;est ensuite rapproch\u00e9e du Museum national d&#8217;histoire naturelle afin d&#8217;avoir acc\u00e8s \u00e0 des nids provenant d&#8217;Australie, de Colombie, d&#8217;Indon\u00e9sie, de Nouvelle-Z\u00e9lande, etc. Au fil des images, ces mini cabanes apparaissent comme de purs chefs-d&#8217;oeuvre, une le\u00e7on d&#8217;ing\u00e9niosit\u00e9 fonctionnelle d\u00e9di\u00e9e \u00e0 la continuit\u00e9 de l&#8217;esp\u00e8ce.<\/p>\n","protected":false},"excerpt":{"rendered":"<p>Photographi\u00e9s \u00e0 l&#8217;argentique avec une pellicule ultra-sensible dans une lumi\u00e8re naturelle diffuse et pos\u00e9s sur un fond blanc, les nids de Nathalie Baetens \u00e9voquent un inventaire &#8221; \u00e0 la Bernd et Hilla Becher &#8220;. Nathalie Baetens &#8221; d\u00e9couvre &#8221; son premier nid &#8211; celui d&#8217;un tisserin &#8211; lors d&#8217;un reportage \u00e0 l&#8217;Ile Maurice en 2019. [&hellip;]<\/p>\n","protected":false},"featured_media":47361,"template":"","meta":[],"product_cat":[2948,2958],"product_tag":[],"acf":[],"yoast_head":"<!-- This site is optimized with the Yoast SEO plugin v20.11 - https:\/\/yoast.com\/wordpress\/plugins\/seo\/ -->\n<title>Des oiseaux : Nathalie Baetens - Librairie 7L<\/title>\n<meta name=\"robots\" content=\"index, follow, max-snippet:-1, max-image-preview:large, max-video-preview:-1\" \/>\n<link rel=\"canonical\" href=\"https:\/\/librairie7l.com\/en\/produit\/des-oiseaux-nathalie-baetens-2\/\" \/>\n<meta property=\"og:locale\" content=\"en_US\" \/>\n<meta property=\"og:type\" content=\"article\" \/>\n<meta property=\"og:title\" content=\"Des oiseaux : Nathalie Baetens - Librairie 7L\" \/>\n<meta property=\"og:description\" content=\"Photographi\u00e9s \u00e0 l&#8217;argentique avec une pellicule ultra-sensible dans une lumi\u00e8re naturelle diffuse et pos\u00e9s sur un fond blanc, les nids de Nathalie Baetens \u00e9voquent un inventaire &#8221; \u00e0 la Bernd et Hilla Becher &#8220;. Nathalie Baetens &#8221; d\u00e9couvre &#8221; son premier nid &#8211; celui d&#8217;un tisserin &#8211; lors d&#8217;un reportage \u00e0 l&#8217;Ile Maurice en 2019. [&hellip;]\" \/>\n<meta property=\"og:url\" content=\"https:\/\/librairie7l.com\/en\/produit\/des-oiseaux-nathalie-baetens-2\/\" \/>\n<meta property=\"og:site_name\" content=\"Librairie 7L\" \/>\n<meta property=\"article:modified_time\" content=\"2026-04-04T10:39:41+00:00\" \/>\n<meta property=\"og:image\" content=\"https:\/\/librairie7l.com\/wp-content\/uploads\/2024\/12\/9782365114295_1_75.jpg\" \/>\n\t<meta property=\"og:image:width\" content=\"600\" \/>\n\t<meta property=\"og:image:height\" content=\"794\" \/>\n\t<meta property=\"og:image:type\" content=\"image\/jpeg\" \/>\n<meta name=\"twitter:card\" content=\"summary_large_image\" \/>\n<meta name=\"twitter:label1\" content=\"Est. reading time\" \/>\n\t<meta name=\"twitter:data1\" content=\"2 minutes\" \/>\n<script type=\"application\/ld+json\" class=\"yoast-schema-graph\">{\"@context\":\"https:\/\/schema.org\",\"@graph\":[{\"@type\":\"WebPage\",\"@id\":\"https:\/\/librairie7l.com\/en\/produit\/des-oiseaux-nathalie-baetens-2\/\",\"url\":\"https:\/\/librairie7l.com\/en\/produit\/des-oiseaux-nathalie-baetens-2\/\",\"name\":\"Des oiseaux : Nathalie Baetens - Librairie 7L\",\"isPartOf\":{\"@id\":\"https:\/\/librairie7l.com\/en\/#website\"},\"datePublished\":\"2025-04-09T07:18:00+00:00\",\"dateModified\":\"2026-04-04T10:39:41+00:00\",\"breadcrumb\":{\"@id\":\"https:\/\/librairie7l.com\/en\/produit\/des-oiseaux-nathalie-baetens-2\/#breadcrumb\"},\"inLanguage\":\"en-US\",\"potentialAction\":[{\"@type\":\"ReadAction\",\"target\":[\"https:\/\/librairie7l.com\/en\/produit\/des-oiseaux-nathalie-baetens-2\/\"]}]},{\"@type\":\"BreadcrumbList\",\"@id\":\"https:\/\/librairie7l.com\/en\/produit\/des-oiseaux-nathalie-baetens-2\/#breadcrumb\",\"itemListElement\":[{\"@type\":\"ListItem\",\"position\":1,\"name\":\"Accueil\",\"item\":\"https:\/\/librairie7l.com\/en\/\"},{\"@type\":\"ListItem\",\"position\":2,\"name\":\"Shop\",\"item\":\"https:\/\/librairie7l.com\/en\/shop\/\"},{\"@type\":\"ListItem\",\"position\":3,\"name\":\"DES OISEAUX : NATHALIE BAETENS\"}]},{\"@type\":\"WebSite\",\"@id\":\"https:\/\/librairie7l.com\/en\/#website\",\"url\":\"https:\/\/librairie7l.com\/en\/\",\"name\":\"Librairie 7L\",\"description\":\"Librairie fond\u00e9e en 1999 par Karl Lagerfeld \u00e0 Paris\",\"publisher\":{\"@id\":\"https:\/\/librairie7l.com\/en\/#organization\"},\"potentialAction\":[{\"@type\":\"SearchAction\",\"target\":{\"@type\":\"EntryPoint\",\"urlTemplate\":\"https:\/\/librairie7l.com\/en\/?s={search_term_string}\"},\"query-input\":\"required name=search_term_string\"}],\"inLanguage\":\"en-US\"},{\"@type\":\"Organization\",\"@id\":\"https:\/\/librairie7l.com\/en\/#organization\",\"name\":\"Librairie 7L\",\"url\":\"https:\/\/librairie7l.com\/en\/\",\"logo\":{\"@type\":\"ImageObject\",\"inLanguage\":\"en-US\",\"@id\":\"https:\/\/librairie7l.com\/en\/#\/schema\/logo\/image\/\",\"url\":\"https:\/\/librairie7l.com\/wp-content\/uploads\/2022\/08\/logo-1.png\",\"contentUrl\":\"https:\/\/librairie7l.com\/wp-content\/uploads\/2022\/08\/logo-1.png\",\"width\":227,\"height\":301,\"caption\":\"Librairie 7L\"},\"image\":{\"@id\":\"https:\/\/librairie7l.com\/en\/#\/schema\/logo\/image\/\"}}]}<\/script>\n<!-- \/ Yoast SEO plugin. -->","yoast_head_json":{"title":"Des oiseaux : Nathalie Baetens - Librairie 7L","robots":{"index":"index","follow":"follow","max-snippet":"max-snippet:-1","max-image-preview":"max-image-preview:large","max-video-preview":"max-video-preview:-1"},"canonical":"https:\/\/librairie7l.com\/en\/produit\/des-oiseaux-nathalie-baetens-2\/","og_locale":"en_US","og_type":"article","og_title":"Des oiseaux : Nathalie Baetens - Librairie 7L","og_description":"Photographi\u00e9s \u00e0 l&#8217;argentique avec une pellicule ultra-sensible dans une lumi\u00e8re naturelle diffuse et pos\u00e9s sur un fond blanc, les nids de Nathalie Baetens \u00e9voquent un inventaire &#8221; \u00e0 la Bernd et Hilla Becher &#8220;. Nathalie Baetens &#8221; d\u00e9couvre &#8221; son premier nid &#8211; celui d&#8217;un tisserin &#8211; lors d&#8217;un reportage \u00e0 l&#8217;Ile Maurice en 2019. [&hellip;]","og_url":"https:\/\/librairie7l.com\/en\/produit\/des-oiseaux-nathalie-baetens-2\/","og_site_name":"Librairie 7L","article_modified_time":"2026-04-04T10:39:41+00:00","og_image":[{"width":600,"height":794,"url":"https:\/\/librairie7l.com\/wp-content\/uploads\/2024\/12\/9782365114295_1_75.jpg","type":"image\/jpeg"}],"twitter_card":"summary_large_image","twitter_misc":{"Est. reading time":"2 minutes"},"schema":{"@context":"https:\/\/schema.org","@graph":[{"@type":"WebPage","@id":"https:\/\/librairie7l.com\/en\/produit\/des-oiseaux-nathalie-baetens-2\/","url":"https:\/\/librairie7l.com\/en\/produit\/des-oiseaux-nathalie-baetens-2\/","name":"Des oiseaux : Nathalie Baetens - Librairie 7L","isPartOf":{"@id":"https:\/\/librairie7l.com\/en\/#website"},"datePublished":"2025-04-09T07:18:00+00:00","dateModified":"2026-04-04T10:39:41+00:00","breadcrumb":{"@id":"https:\/\/librairie7l.com\/en\/produit\/des-oiseaux-nathalie-baetens-2\/#breadcrumb"},"inLanguage":"en-US","potentialAction":[{"@type":"ReadAction","target":["https:\/\/librairie7l.com\/en\/produit\/des-oiseaux-nathalie-baetens-2\/"]}]},{"@type":"BreadcrumbList","@id":"https:\/\/librairie7l.com\/en\/produit\/des-oiseaux-nathalie-baetens-2\/#breadcrumb","itemListElement":[{"@type":"ListItem","position":1,"name":"Accueil","item":"https:\/\/librairie7l.com\/en\/"},{"@type":"ListItem","position":2,"name":"Shop","item":"https:\/\/librairie7l.com\/en\/shop\/"},{"@type":"ListItem","position":3,"name":"DES OISEAUX : NATHALIE BAETENS"}]},{"@type":"WebSite","@id":"https:\/\/librairie7l.com\/en\/#website","url":"https:\/\/librairie7l.com\/en\/","name":"Librairie 7L","description":"Librairie fond\u00e9e en 1999 par Karl Lagerfeld \u00e0 Paris","publisher":{"@id":"https:\/\/librairie7l.com\/en\/#organization"},"potentialAction":[{"@type":"SearchAction","target":{"@type":"EntryPoint","urlTemplate":"https:\/\/librairie7l.com\/en\/?s={search_term_string}"},"query-input":"required name=search_term_string"}],"inLanguage":"en-US"},{"@type":"Organization","@id":"https:\/\/librairie7l.com\/en\/#organization","name":"Librairie 7L","url":"https:\/\/librairie7l.com\/en\/","logo":{"@type":"ImageObject","inLanguage":"en-US","@id":"https:\/\/librairie7l.com\/en\/#\/schema\/logo\/image\/","url":"https:\/\/librairie7l.com\/wp-content\/uploads\/2022\/08\/logo-1.png","contentUrl":"https:\/\/librairie7l.com\/wp-content\/uploads\/2022\/08\/logo-1.png","width":227,"height":301,"caption":"Librairie 7L"},"image":{"@id":"https:\/\/librairie7l.com\/en\/#\/schema\/logo\/image\/"}}]}},"_links":{"self":[{"href":"https:\/\/librairie7l.com\/en\/wp-json\/wp\/v2\/product\/47363"}],"collection":[{"href":"https:\/\/librairie7l.com\/en\/wp-json\/wp\/v2\/product"}],"about":[{"href":"https:\/\/librairie7l.com\/en\/wp-json\/wp\/v2\/types\/product"}],"wp:featuredmedia":[{"embeddable":true,"href":"https:\/\/librairie7l.com\/en\/wp-json\/wp\/v2\/media\/47361"}],"wp:attachment":[{"href":"https:\/\/librairie7l.com\/en\/wp-json\/wp\/v2\/media?parent=47363"}],"wp:term":[{"taxonomy":"product_cat","embeddable":true,"href":"https:\/\/librairie7l.com\/en\/wp-json\/wp\/v2\/product_cat?post=47363"},{"taxonomy":"product_tag","embeddable":true,"href":"https:\/\/librairie7l.com\/en\/wp-json\/wp\/v2\/product_tag?post=47363"}],"curies":[{"name":"wp","href":"https:\/\/api.w.org\/{rel}","templated":true}]}}