{"id":47379,"date":"2025-04-09T09:18:13","date_gmt":"2025-04-09T07:18:13","guid":{"rendered":"https:\/\/librairie7l.com\/?post_type=product&#038;p=47379"},"modified":"2026-04-16T21:33:15","modified_gmt":"2026-04-16T19:33:15","slug":"pierrette-bloch-multiples-integrale-2","status":"publish","type":"product","link":"https:\/\/librairie7l.com\/en\/produit\/pierrette-bloch-multiples-integrale-2\/","title":{"rendered":"PIERRETTE BLOCH : MULTIPLES ; INT\u00c9GRALE"},"content":{"rendered":"<p>On conna\u00eet Pierrette Bloch pour ses encres sur papier ou pour ses sculptures d\u00e9licates en crin de cheval mais beaucoup moins pour ses estampes et ses multiples. Cet ouvrage se propose den dresser linventaire exhaustif et den relater lhistoire : apr\u00e8s 11 premiers travaux r\u00e9alis\u00e9s entre 1949 et 1950, il faudra attendre 1978 pour que lartiste produise de nouveau des s\u00e9ries destampes ou multiples. Seulement 22 s\u00e9ries seront r\u00e9alis\u00e9es en 40 ans : s\u00e9rigraphies, livres dartiste, lithographies, aquatintes et multiples inclassables qui se r\u00e9v\u00e8lent \u00eatre des originaux \u00e0 plusieurs exemplaires, ce \u00e0 quoi s\u00b4ajoutent deux bijoux. Toutes les techniques int\u00e9ressent lartiste, et sa production destampes et de multiples sav\u00e8re dun tr\u00e8s grand int\u00e9r\u00eat, en raison m\u00eame de leur raret\u00e9 : aucune redite, chaque circonstance est pour elle une occasion dimaginer quelque chose de neuf tout en dialoguant avec son oeuvre plasticienne. En t\u00e9moignent par exemple les trois multiples dans lesquels elle joue de son \u00e9criture manuscrite, pratique absente dans son travail sur papier, et dont lun deux, une bande de calque sur lequel elle recopie une phrase de La Fontaine, sera le point de d\u00e9part dune de ses s\u00e9ries les plus importantes, faite de taches dencre sur des bandes de papier aux formats extr\u00eames, qui loccupera \u00e0 partir de 1994 et pour plus de dix ans. Cet ouvrage sur les estampes et multiples de lartiste sera aussi le premier tome du catalogue raisonn\u00e9 de l\u00b4oeuvre de Pierrette Bloch actuellement en chantier et sa parution sera concomitante avec la grande r\u00e9trospective consacr\u00e9e \u00e0 son oeuvre qui se tiendra au mus\u00e9e de Saint-\u00c9tienne, davril \u00e0 septembre 2025. <\/p>\n","protected":false},"excerpt":{"rendered":"<p>On conna\u00eet Pierrette Bloch pour ses encres sur papier ou pour ses sculptures d\u00e9licates en crin de cheval mais beaucoup moins pour ses estampes et ses multiples. Cet ouvrage se propose den dresser linventaire exhaustif et den relater lhistoire : apr\u00e8s 11 premiers travaux r\u00e9alis\u00e9s entre 1949 et 1950, il faudra attendre 1978 pour que [&hellip;]<\/p>\n","protected":false},"featured_media":47377,"template":"","meta":[],"product_cat":[2948,2953],"product_tag":[],"acf":[],"yoast_head":"<!-- This site is optimized with the Yoast SEO plugin v20.11 - https:\/\/yoast.com\/wordpress\/plugins\/seo\/ -->\n<title>Pierrette Bloch : Multiples ; Int\u00e9grale - Librairie 7L<\/title>\n<meta name=\"robots\" content=\"index, follow, max-snippet:-1, max-image-preview:large, max-video-preview:-1\" \/>\n<link rel=\"canonical\" href=\"https:\/\/librairie7l.com\/en\/produit\/pierrette-bloch-multiples-integrale-2\/\" \/>\n<meta property=\"og:locale\" content=\"en_US\" \/>\n<meta property=\"og:type\" content=\"article\" \/>\n<meta property=\"og:title\" content=\"Pierrette Bloch : Multiples ; Int\u00e9grale - Librairie 7L\" \/>\n<meta property=\"og:description\" content=\"On conna\u00eet Pierrette Bloch pour ses encres sur papier ou pour ses sculptures d\u00e9licates en crin de cheval mais beaucoup moins pour ses estampes et ses multiples. Cet ouvrage se propose den dresser linventaire exhaustif et den relater lhistoire : apr\u00e8s 11 premiers travaux r\u00e9alis\u00e9s entre 1949 et 1950, il faudra attendre 1978 pour que [&hellip;]\" \/>\n<meta property=\"og:url\" content=\"https:\/\/librairie7l.com\/en\/produit\/pierrette-bloch-multiples-integrale-2\/\" \/>\n<meta property=\"og:site_name\" content=\"Librairie 7L\" \/>\n<meta property=\"article:modified_time\" content=\"2026-04-16T19:33:15+00:00\" \/>\n<meta property=\"og:image\" content=\"https:\/\/librairie7l.com\/wp-content\/uploads\/2024\/12\/9782363063731_1_75.jpg\" \/>\n\t<meta property=\"og:image:width\" content=\"600\" \/>\n\t<meta property=\"og:image:height\" content=\"742\" \/>\n\t<meta property=\"og:image:type\" content=\"image\/jpeg\" \/>\n<meta name=\"twitter:card\" content=\"summary_large_image\" \/>\n<meta name=\"twitter:label1\" content=\"Est. reading time\" \/>\n\t<meta name=\"twitter:data1\" content=\"1 minute\" \/>\n<script type=\"application\/ld+json\" class=\"yoast-schema-graph\">{\"@context\":\"https:\/\/schema.org\",\"@graph\":[{\"@type\":\"WebPage\",\"@id\":\"https:\/\/librairie7l.com\/en\/produit\/pierrette-bloch-multiples-integrale-2\/\",\"url\":\"https:\/\/librairie7l.com\/en\/produit\/pierrette-bloch-multiples-integrale-2\/\",\"name\":\"Pierrette Bloch : Multiples ; Int\u00e9grale - Librairie 7L\",\"isPartOf\":{\"@id\":\"https:\/\/librairie7l.com\/en\/#website\"},\"datePublished\":\"2025-04-09T07:18:13+00:00\",\"dateModified\":\"2026-04-16T19:33:15+00:00\",\"breadcrumb\":{\"@id\":\"https:\/\/librairie7l.com\/en\/produit\/pierrette-bloch-multiples-integrale-2\/#breadcrumb\"},\"inLanguage\":\"en-US\",\"potentialAction\":[{\"@type\":\"ReadAction\",\"target\":[\"https:\/\/librairie7l.com\/en\/produit\/pierrette-bloch-multiples-integrale-2\/\"]}]},{\"@type\":\"BreadcrumbList\",\"@id\":\"https:\/\/librairie7l.com\/en\/produit\/pierrette-bloch-multiples-integrale-2\/#breadcrumb\",\"itemListElement\":[{\"@type\":\"ListItem\",\"position\":1,\"name\":\"Accueil\",\"item\":\"https:\/\/librairie7l.com\/en\/\"},{\"@type\":\"ListItem\",\"position\":2,\"name\":\"Shop\",\"item\":\"https:\/\/librairie7l.com\/en\/shop\/\"},{\"@type\":\"ListItem\",\"position\":3,\"name\":\"PIERRETTE BLOCH : MULTIPLES ; INT\u00c9GRALE\"}]},{\"@type\":\"WebSite\",\"@id\":\"https:\/\/librairie7l.com\/en\/#website\",\"url\":\"https:\/\/librairie7l.com\/en\/\",\"name\":\"Librairie 7L\",\"description\":\"Librairie fond\u00e9e en 1999 par Karl Lagerfeld \u00e0 Paris\",\"publisher\":{\"@id\":\"https:\/\/librairie7l.com\/en\/#organization\"},\"potentialAction\":[{\"@type\":\"SearchAction\",\"target\":{\"@type\":\"EntryPoint\",\"urlTemplate\":\"https:\/\/librairie7l.com\/en\/?s={search_term_string}\"},\"query-input\":\"required name=search_term_string\"}],\"inLanguage\":\"en-US\"},{\"@type\":\"Organization\",\"@id\":\"https:\/\/librairie7l.com\/en\/#organization\",\"name\":\"Librairie 7L\",\"url\":\"https:\/\/librairie7l.com\/en\/\",\"logo\":{\"@type\":\"ImageObject\",\"inLanguage\":\"en-US\",\"@id\":\"https:\/\/librairie7l.com\/en\/#\/schema\/logo\/image\/\",\"url\":\"https:\/\/librairie7l.com\/wp-content\/uploads\/2022\/08\/logo-1.png\",\"contentUrl\":\"https:\/\/librairie7l.com\/wp-content\/uploads\/2022\/08\/logo-1.png\",\"width\":227,\"height\":301,\"caption\":\"Librairie 7L\"},\"image\":{\"@id\":\"https:\/\/librairie7l.com\/en\/#\/schema\/logo\/image\/\"}}]}<\/script>\n<!-- \/ Yoast SEO plugin. -->","yoast_head_json":{"title":"Pierrette Bloch : Multiples ; Int\u00e9grale - Librairie 7L","robots":{"index":"index","follow":"follow","max-snippet":"max-snippet:-1","max-image-preview":"max-image-preview:large","max-video-preview":"max-video-preview:-1"},"canonical":"https:\/\/librairie7l.com\/en\/produit\/pierrette-bloch-multiples-integrale-2\/","og_locale":"en_US","og_type":"article","og_title":"Pierrette Bloch : Multiples ; Int\u00e9grale - Librairie 7L","og_description":"On conna\u00eet Pierrette Bloch pour ses encres sur papier ou pour ses sculptures d\u00e9licates en crin de cheval mais beaucoup moins pour ses estampes et ses multiples. Cet ouvrage se propose den dresser linventaire exhaustif et den relater lhistoire : apr\u00e8s 11 premiers travaux r\u00e9alis\u00e9s entre 1949 et 1950, il faudra attendre 1978 pour que [&hellip;]","og_url":"https:\/\/librairie7l.com\/en\/produit\/pierrette-bloch-multiples-integrale-2\/","og_site_name":"Librairie 7L","article_modified_time":"2026-04-16T19:33:15+00:00","og_image":[{"width":600,"height":742,"url":"https:\/\/librairie7l.com\/wp-content\/uploads\/2024\/12\/9782363063731_1_75.jpg","type":"image\/jpeg"}],"twitter_card":"summary_large_image","twitter_misc":{"Est. reading time":"1 minute"},"schema":{"@context":"https:\/\/schema.org","@graph":[{"@type":"WebPage","@id":"https:\/\/librairie7l.com\/en\/produit\/pierrette-bloch-multiples-integrale-2\/","url":"https:\/\/librairie7l.com\/en\/produit\/pierrette-bloch-multiples-integrale-2\/","name":"Pierrette Bloch : Multiples ; Int\u00e9grale - Librairie 7L","isPartOf":{"@id":"https:\/\/librairie7l.com\/en\/#website"},"datePublished":"2025-04-09T07:18:13+00:00","dateModified":"2026-04-16T19:33:15+00:00","breadcrumb":{"@id":"https:\/\/librairie7l.com\/en\/produit\/pierrette-bloch-multiples-integrale-2\/#breadcrumb"},"inLanguage":"en-US","potentialAction":[{"@type":"ReadAction","target":["https:\/\/librairie7l.com\/en\/produit\/pierrette-bloch-multiples-integrale-2\/"]}]},{"@type":"BreadcrumbList","@id":"https:\/\/librairie7l.com\/en\/produit\/pierrette-bloch-multiples-integrale-2\/#breadcrumb","itemListElement":[{"@type":"ListItem","position":1,"name":"Accueil","item":"https:\/\/librairie7l.com\/en\/"},{"@type":"ListItem","position":2,"name":"Shop","item":"https:\/\/librairie7l.com\/en\/shop\/"},{"@type":"ListItem","position":3,"name":"PIERRETTE BLOCH : MULTIPLES ; INT\u00c9GRALE"}]},{"@type":"WebSite","@id":"https:\/\/librairie7l.com\/en\/#website","url":"https:\/\/librairie7l.com\/en\/","name":"Librairie 7L","description":"Librairie fond\u00e9e en 1999 par Karl Lagerfeld \u00e0 Paris","publisher":{"@id":"https:\/\/librairie7l.com\/en\/#organization"},"potentialAction":[{"@type":"SearchAction","target":{"@type":"EntryPoint","urlTemplate":"https:\/\/librairie7l.com\/en\/?s={search_term_string}"},"query-input":"required name=search_term_string"}],"inLanguage":"en-US"},{"@type":"Organization","@id":"https:\/\/librairie7l.com\/en\/#organization","name":"Librairie 7L","url":"https:\/\/librairie7l.com\/en\/","logo":{"@type":"ImageObject","inLanguage":"en-US","@id":"https:\/\/librairie7l.com\/en\/#\/schema\/logo\/image\/","url":"https:\/\/librairie7l.com\/wp-content\/uploads\/2022\/08\/logo-1.png","contentUrl":"https:\/\/librairie7l.com\/wp-content\/uploads\/2022\/08\/logo-1.png","width":227,"height":301,"caption":"Librairie 7L"},"image":{"@id":"https:\/\/librairie7l.com\/en\/#\/schema\/logo\/image\/"}}]}},"_links":{"self":[{"href":"https:\/\/librairie7l.com\/en\/wp-json\/wp\/v2\/product\/47379"}],"collection":[{"href":"https:\/\/librairie7l.com\/en\/wp-json\/wp\/v2\/product"}],"about":[{"href":"https:\/\/librairie7l.com\/en\/wp-json\/wp\/v2\/types\/product"}],"wp:featuredmedia":[{"embeddable":true,"href":"https:\/\/librairie7l.com\/en\/wp-json\/wp\/v2\/media\/47377"}],"wp:attachment":[{"href":"https:\/\/librairie7l.com\/en\/wp-json\/wp\/v2\/media?parent=47379"}],"wp:term":[{"taxonomy":"product_cat","embeddable":true,"href":"https:\/\/librairie7l.com\/en\/wp-json\/wp\/v2\/product_cat?post=47379"},{"taxonomy":"product_tag","embeddable":true,"href":"https:\/\/librairie7l.com\/en\/wp-json\/wp\/v2\/product_tag?post=47379"}],"curies":[{"name":"wp","href":"https:\/\/api.w.org\/{rel}","templated":true}]}}