{"id":47381,"date":"2025-04-09T09:18:16","date_gmt":"2025-04-09T07:18:16","guid":{"rendered":"https:\/\/librairie7l.com\/?post_type=product&#038;p=47381"},"modified":"2026-04-05T21:40:24","modified_gmt":"2026-04-05T19:40:24","slug":"pierrette-bloch-la-peinture-par-dautres-moyens-2","status":"publish","type":"product","link":"https:\/\/librairie7l.com\/en\/produit\/pierrette-bloch-la-peinture-par-dautres-moyens-2\/","title":{"rendered":"PIERRETTE BLOCH : LA PEINTURE PAR D&#8217;AUTRES MOYENS"},"content":{"rendered":"<p>Pierrette Bloch est l&#8217;une des artistes europ\u00e9ennes les plus renomm\u00e9es de l&#8217;abstraction d&#8217;apr\u00e8s-guerre. Ind\u00e9pendante, elle s&#8217;est tourn\u00e9e tout au long de son parcours vers les mat\u00e9riaux pauvres et les motifs r\u00e9duits qu&#8217;elle organise entre ordre et d\u00e9sordre. Les oeuvres de Pierrette Bloch se situent \u00e0 la convergence d&#8217;une multitude d&#8217;itin\u00e9raires singuliers, utilisant au fil des ann\u00e9es aussi bien la peinture, le collage, le tissage, et dans lesquelles les questions de libert\u00e9 d&#8217;expression et d&#8217;abstraction sont omnipr\u00e9sentes. Pour la premi\u00e8re fois une grande r\u00e9trospective de son oeuvre sera pr\u00e9sent\u00e9e au mus\u00e9e MAMC+ de Saint-\u00c9tienne du 19 avril au 21 septembre 2025. Le catalogue d&#8217;exposition, \u00e0 l&#8217;image de l&#8217;oeuvre de Pierrette Bloch, est prot\u00e9iforme. Il offre une large place aux reproductions de la centaine d&#8217;oeuvres pr\u00e9sent\u00e9es au public dans l&#8217;exposition (peinture, collage, marouflage, peinture \u00e0 la plume et au crin de cheval, etc.) mais il apporte \u00e9galement un \u00e9clairage original sur la vie et la production de Pierrette Bloch gr\u00e2ce aux regards port\u00e9s par six auteurs. Aur\u00e9lie Voltz, directrice du MAMC+, signe l&#8217;introduction de l&#8217;ouvrage , Marcel Cohen, \u00e9crivain, s&#8217;empare des anecdotes de vie de Pierrette Bloch pour nous livrer un bijou litt\u00e9raire , David Qu\u00e9r\u00e9, ayant-droit de l&#8217;artiste et commissaire de nombreuses expositions d\u00e9di\u00e9es \u00e0 l&#8217;artiste, livre un texte \u00e9tay\u00e9 sur ses souvenirs avec Pierrette Bloch. Natalie Adamson et Camille Paulhan, toutes deux historiennes de l&#8217;art, proposent deux essais recontextualisant l&#8217;oeuvre et l&#8217;artiste. La contribution de Val\u00e9rie Mr\u00e9jen, romanci\u00e8re, plasticienne et vid\u00e9aste, s&#8217;appuie sur le fonds photographique familial de l&#8217;artiste pour cr\u00e9er une biographie fictionnelle dont les r\u00e8gles du jeu sont \u00e0 d\u00e9finir. Un ouvrage monographique o\u00f9 l&#8217;on retrouve la gravit\u00e9 et l&#8217;humour caract\u00e9ristique de Pierrette Bloch. Un ouvrage aussi in\u00e9dit et surprenant que l&#8217;exposition \u00e0 venir.<\/p>\n","protected":false},"excerpt":{"rendered":"<p>Pierrette Bloch est l&#8217;une des artistes europ\u00e9ennes les plus renomm\u00e9es de l&#8217;abstraction d&#8217;apr\u00e8s-guerre. Ind\u00e9pendante, elle s&#8217;est tourn\u00e9e tout au long de son parcours vers les mat\u00e9riaux pauvres et les motifs r\u00e9duits qu&#8217;elle organise entre ordre et d\u00e9sordre. Les oeuvres de Pierrette Bloch se situent \u00e0 la convergence d&#8217;une multitude d&#8217;itin\u00e9raires singuliers, utilisant au fil des [&hellip;]<\/p>\n","protected":false},"featured_media":47586,"template":"","meta":[],"product_cat":[2948,2953],"product_tag":[],"acf":[],"yoast_head":"<!-- This site is optimized with the Yoast SEO plugin v20.11 - https:\/\/yoast.com\/wordpress\/plugins\/seo\/ -->\n<title>Pierrette Bloch : La peinture par d&#039;autres moyens - Librairie 7L<\/title>\n<meta name=\"robots\" content=\"index, follow, max-snippet:-1, max-image-preview:large, max-video-preview:-1\" \/>\n<link rel=\"canonical\" href=\"https:\/\/librairie7l.com\/en\/produit\/pierrette-bloch-la-peinture-par-dautres-moyens-2\/\" \/>\n<meta property=\"og:locale\" content=\"en_US\" \/>\n<meta property=\"og:type\" content=\"article\" \/>\n<meta property=\"og:title\" content=\"Pierrette Bloch : La peinture par d&#039;autres moyens - Librairie 7L\" \/>\n<meta property=\"og:description\" content=\"Pierrette Bloch est l&#8217;une des artistes europ\u00e9ennes les plus renomm\u00e9es de l&#8217;abstraction d&#8217;apr\u00e8s-guerre. Ind\u00e9pendante, elle s&#8217;est tourn\u00e9e tout au long de son parcours vers les mat\u00e9riaux pauvres et les motifs r\u00e9duits qu&#8217;elle organise entre ordre et d\u00e9sordre. Les oeuvres de Pierrette Bloch se situent \u00e0 la convergence d&#8217;une multitude d&#8217;itin\u00e9raires singuliers, utilisant au fil des [&hellip;]\" \/>\n<meta property=\"og:url\" content=\"https:\/\/librairie7l.com\/en\/produit\/pierrette-bloch-la-peinture-par-dautres-moyens-2\/\" \/>\n<meta property=\"og:site_name\" content=\"Librairie 7L\" \/>\n<meta property=\"article:modified_time\" content=\"2026-04-05T19:40:24+00:00\" \/>\n<meta name=\"twitter:card\" content=\"summary_large_image\" \/>\n<meta name=\"twitter:label1\" content=\"Est. reading time\" \/>\n\t<meta name=\"twitter:data1\" content=\"2 minutes\" \/>\n<script type=\"application\/ld+json\" class=\"yoast-schema-graph\">{\"@context\":\"https:\/\/schema.org\",\"@graph\":[{\"@type\":\"WebPage\",\"@id\":\"https:\/\/librairie7l.com\/en\/produit\/pierrette-bloch-la-peinture-par-dautres-moyens-2\/\",\"url\":\"https:\/\/librairie7l.com\/en\/produit\/pierrette-bloch-la-peinture-par-dautres-moyens-2\/\",\"name\":\"Pierrette Bloch : La peinture par d'autres moyens - Librairie 7L\",\"isPartOf\":{\"@id\":\"https:\/\/librairie7l.com\/en\/#website\"},\"datePublished\":\"2025-04-09T07:18:16+00:00\",\"dateModified\":\"2026-04-05T19:40:24+00:00\",\"breadcrumb\":{\"@id\":\"https:\/\/librairie7l.com\/en\/produit\/pierrette-bloch-la-peinture-par-dautres-moyens-2\/#breadcrumb\"},\"inLanguage\":\"en-US\",\"potentialAction\":[{\"@type\":\"ReadAction\",\"target\":[\"https:\/\/librairie7l.com\/en\/produit\/pierrette-bloch-la-peinture-par-dautres-moyens-2\/\"]}]},{\"@type\":\"BreadcrumbList\",\"@id\":\"https:\/\/librairie7l.com\/en\/produit\/pierrette-bloch-la-peinture-par-dautres-moyens-2\/#breadcrumb\",\"itemListElement\":[{\"@type\":\"ListItem\",\"position\":1,\"name\":\"Accueil\",\"item\":\"https:\/\/librairie7l.com\/en\/\"},{\"@type\":\"ListItem\",\"position\":2,\"name\":\"Shop\",\"item\":\"https:\/\/librairie7l.com\/en\/shop\/\"},{\"@type\":\"ListItem\",\"position\":3,\"name\":\"PIERRETTE BLOCH : LA PEINTURE PAR D&#8217;AUTRES MOYENS\"}]},{\"@type\":\"WebSite\",\"@id\":\"https:\/\/librairie7l.com\/en\/#website\",\"url\":\"https:\/\/librairie7l.com\/en\/\",\"name\":\"Librairie 7L\",\"description\":\"Librairie fond\u00e9e en 1999 par Karl Lagerfeld \u00e0 Paris\",\"publisher\":{\"@id\":\"https:\/\/librairie7l.com\/en\/#organization\"},\"potentialAction\":[{\"@type\":\"SearchAction\",\"target\":{\"@type\":\"EntryPoint\",\"urlTemplate\":\"https:\/\/librairie7l.com\/en\/?s={search_term_string}\"},\"query-input\":\"required name=search_term_string\"}],\"inLanguage\":\"en-US\"},{\"@type\":\"Organization\",\"@id\":\"https:\/\/librairie7l.com\/en\/#organization\",\"name\":\"Librairie 7L\",\"url\":\"https:\/\/librairie7l.com\/en\/\",\"logo\":{\"@type\":\"ImageObject\",\"inLanguage\":\"en-US\",\"@id\":\"https:\/\/librairie7l.com\/en\/#\/schema\/logo\/image\/\",\"url\":\"https:\/\/librairie7l.com\/wp-content\/uploads\/2022\/08\/logo-1.png\",\"contentUrl\":\"https:\/\/librairie7l.com\/wp-content\/uploads\/2022\/08\/logo-1.png\",\"width\":227,\"height\":301,\"caption\":\"Librairie 7L\"},\"image\":{\"@id\":\"https:\/\/librairie7l.com\/en\/#\/schema\/logo\/image\/\"}}]}<\/script>\n<!-- \/ Yoast SEO plugin. -->","yoast_head_json":{"title":"Pierrette Bloch : La peinture par d'autres moyens - Librairie 7L","robots":{"index":"index","follow":"follow","max-snippet":"max-snippet:-1","max-image-preview":"max-image-preview:large","max-video-preview":"max-video-preview:-1"},"canonical":"https:\/\/librairie7l.com\/en\/produit\/pierrette-bloch-la-peinture-par-dautres-moyens-2\/","og_locale":"en_US","og_type":"article","og_title":"Pierrette Bloch : La peinture par d'autres moyens - Librairie 7L","og_description":"Pierrette Bloch est l&#8217;une des artistes europ\u00e9ennes les plus renomm\u00e9es de l&#8217;abstraction d&#8217;apr\u00e8s-guerre. Ind\u00e9pendante, elle s&#8217;est tourn\u00e9e tout au long de son parcours vers les mat\u00e9riaux pauvres et les motifs r\u00e9duits qu&#8217;elle organise entre ordre et d\u00e9sordre. Les oeuvres de Pierrette Bloch se situent \u00e0 la convergence d&#8217;une multitude d&#8217;itin\u00e9raires singuliers, utilisant au fil des [&hellip;]","og_url":"https:\/\/librairie7l.com\/en\/produit\/pierrette-bloch-la-peinture-par-dautres-moyens-2\/","og_site_name":"Librairie 7L","article_modified_time":"2026-04-05T19:40:24+00:00","twitter_card":"summary_large_image","twitter_misc":{"Est. reading time":"2 minutes"},"schema":{"@context":"https:\/\/schema.org","@graph":[{"@type":"WebPage","@id":"https:\/\/librairie7l.com\/en\/produit\/pierrette-bloch-la-peinture-par-dautres-moyens-2\/","url":"https:\/\/librairie7l.com\/en\/produit\/pierrette-bloch-la-peinture-par-dautres-moyens-2\/","name":"Pierrette Bloch : La peinture par d'autres moyens - Librairie 7L","isPartOf":{"@id":"https:\/\/librairie7l.com\/en\/#website"},"datePublished":"2025-04-09T07:18:16+00:00","dateModified":"2026-04-05T19:40:24+00:00","breadcrumb":{"@id":"https:\/\/librairie7l.com\/en\/produit\/pierrette-bloch-la-peinture-par-dautres-moyens-2\/#breadcrumb"},"inLanguage":"en-US","potentialAction":[{"@type":"ReadAction","target":["https:\/\/librairie7l.com\/en\/produit\/pierrette-bloch-la-peinture-par-dautres-moyens-2\/"]}]},{"@type":"BreadcrumbList","@id":"https:\/\/librairie7l.com\/en\/produit\/pierrette-bloch-la-peinture-par-dautres-moyens-2\/#breadcrumb","itemListElement":[{"@type":"ListItem","position":1,"name":"Accueil","item":"https:\/\/librairie7l.com\/en\/"},{"@type":"ListItem","position":2,"name":"Shop","item":"https:\/\/librairie7l.com\/en\/shop\/"},{"@type":"ListItem","position":3,"name":"PIERRETTE BLOCH : LA PEINTURE PAR D&#8217;AUTRES MOYENS"}]},{"@type":"WebSite","@id":"https:\/\/librairie7l.com\/en\/#website","url":"https:\/\/librairie7l.com\/en\/","name":"Librairie 7L","description":"Librairie fond\u00e9e en 1999 par Karl Lagerfeld \u00e0 Paris","publisher":{"@id":"https:\/\/librairie7l.com\/en\/#organization"},"potentialAction":[{"@type":"SearchAction","target":{"@type":"EntryPoint","urlTemplate":"https:\/\/librairie7l.com\/en\/?s={search_term_string}"},"query-input":"required name=search_term_string"}],"inLanguage":"en-US"},{"@type":"Organization","@id":"https:\/\/librairie7l.com\/en\/#organization","name":"Librairie 7L","url":"https:\/\/librairie7l.com\/en\/","logo":{"@type":"ImageObject","inLanguage":"en-US","@id":"https:\/\/librairie7l.com\/en\/#\/schema\/logo\/image\/","url":"https:\/\/librairie7l.com\/wp-content\/uploads\/2022\/08\/logo-1.png","contentUrl":"https:\/\/librairie7l.com\/wp-content\/uploads\/2022\/08\/logo-1.png","width":227,"height":301,"caption":"Librairie 7L"},"image":{"@id":"https:\/\/librairie7l.com\/en\/#\/schema\/logo\/image\/"}}]}},"_links":{"self":[{"href":"https:\/\/librairie7l.com\/en\/wp-json\/wp\/v2\/product\/47381"}],"collection":[{"href":"https:\/\/librairie7l.com\/en\/wp-json\/wp\/v2\/product"}],"about":[{"href":"https:\/\/librairie7l.com\/en\/wp-json\/wp\/v2\/types\/product"}],"wp:featuredmedia":[{"embeddable":true,"href":"https:\/\/librairie7l.com\/en\/wp-json\/wp\/v2\/media\/47586"}],"wp:attachment":[{"href":"https:\/\/librairie7l.com\/en\/wp-json\/wp\/v2\/media?parent=47381"}],"wp:term":[{"taxonomy":"product_cat","embeddable":true,"href":"https:\/\/librairie7l.com\/en\/wp-json\/wp\/v2\/product_cat?post=47381"},{"taxonomy":"product_tag","embeddable":true,"href":"https:\/\/librairie7l.com\/en\/wp-json\/wp\/v2\/product_tag?post=47381"}],"curies":[{"name":"wp","href":"https:\/\/api.w.org\/{rel}","templated":true}]}}