{"id":47389,"date":"2025-04-09T09:18:21","date_gmt":"2025-04-09T07:18:21","guid":{"rendered":"https:\/\/librairie7l.com\/?post_type=product&#038;p=47389"},"modified":"2026-04-23T12:26:50","modified_gmt":"2026-04-23T10:26:50","slug":"light-art-and-scientific-abstraction-2","status":"publish","type":"product","link":"https:\/\/librairie7l.com\/en\/produit\/light-art-and-scientific-abstraction-2\/","title":{"rendered":"LIGHT ART AND SCIENTIFIC ABSTRACTION"},"content":{"rendered":"<p>Ce livre retrace le parcours singulier de Malina, issu de l&#8217;ing\u00e9nierie a\u00e9rospatiale pour devenir une figure de proue de l&#8217;abstraction scientifique, tout en le contextualisant dans le paysage politique et artistique de la guerre froide. Il examine la mani\u00e8re dont l&#8217;artiste a combin\u00e9 son h\u00e9ritage culturel am\u00e9ricain et les ambitions de l&#8217;avant-garde europ\u00e9enne, et dont il s&#8217;est engag\u00e9 dans des \u00e9changes interdisciplinaires et intercommunautaires, faisant appara\u00eetre Malina comme l&#8217;un des pr\u00e9curseurs de nombreux courants d&#8217;expression et de pens\u00e9e contemporains.<br \/>\nFrank J. Malina (1912-1981), n\u00e9 \u00e0 Brenham (Texas) de parents d&#8217;origine tch\u00e8que et de nationalit\u00e9 am\u00e9ricaine, est un artiste et ing\u00e9nieur dans l&#8217;a\u00e9ronautique qui fit oeuvre de pionnier dans le domaine des sciences et de l&#8217;art cin\u00e9tique.<br \/>\nApr\u00e8s des \u00e9tudes sup\u00e9rieures dans l&#8217;ing\u00e9nierie m\u00e9canique \u00e0 l&#8217;Universit\u00e9 d&#8217;Agriculture et de M\u00e9canique du Texas, et l&#8217;obtention d&#8217;un doctorat en a\u00e9ronautique, en 1940, il entre \u00e0 CAL TECH o\u00f9 il entreprend des recherches alors r\u00e9volutionnaires sur les fus\u00e9es et jets \u00e0 propulsion, parall\u00e8lement \u00e0 son travail d&#8217;illustrateur d&#8217;ouvrages scientifiques. En 1944, il fonde aux c\u00f4t\u00e9s de Theodore von Karman le \u00ab Jet Propulsion Laboratory \u00bb (Pasadena, Californie). En 1944-45, il con\u00e7oit et supervise la construction et le lancement de la premi\u00e8re sonde \u00e0 haute altitude : le \u00ab WAC \u00bb. A partir de 1947, une nouvelle phase de sa carri\u00e8re d\u00e9bute. Conseiller au D\u00e9partement des Sciences Naturelles \u00e0 l&#8217;UNESCO, il \u00e9tudie les probl\u00e8mes de s\u00e9cheresse et d&#8217;aridit\u00e9 des terres. En 1951 il est nomm\u00e9 Directeur de Recherche Scientifiques. En 1953, il quitte l&#8217;UNESCO, et install\u00e9 d\u00e9finitivement \u00e0 Paris pour \u00e9chapper \u00e0 la \u00ab chasse aux sorci\u00e8res  \u00bb de l&#8217;\u00e8re McCarthy, il se consacre enti\u00e8rement aux arts sans pour autant rompre avec ses pr\u00e9occupations scientifiques. En effet, il devient membre du Comit\u00e9 Fondateur de l&#8217;Acad\u00e9mie Internationale d&#8217;Astronautique en 1960, et Pr\u00e9sident du Comit\u00e9 du Laboratoire Lunaire International.<br \/>\nC\u00f4t\u00e9 art, il se lance dans une s\u00e9rie d&#8217;exp\u00e9riences centr\u00e9es autour de la relation de l&#8217;homme au cosmos et aux mutations technologiques et scientifiques de la soci\u00e9t\u00e9 moderne. Il devient un des grands leaders de l&#8217;art cin\u00e9tique. Usant des techniques et mat\u00e9riaux de son temps (lampes \u00e9lectriques incandescentes ou fluorescentes, plexiglas&#8230;), il \u00e9labore successivement plusieurs techniques qui ont pour d\u00e9nominateur commun la recherche de la lumi\u00e8re pure et du mouvement. Apr\u00e8s la construction de tableaux en relief (en 1953) combinant ficelles, fils de fer, grillage, et visant \u00e0 cr\u00e9er des effets moir\u00e9s et une animation optique suivant la tradition de l&#8217;Op&#8217;Art, il d\u00e9veloppe, \u00e0 partir de 1956, divers syst\u00e8mes. Le \u00ab syst\u00e8me Lumidyne \u00bb : une source lumineuse (lampes incandescentes ou tubes fluorescents) fix\u00e9e \u00e0 l&#8217;arri\u00e8re de la composition traverse d&#8217;abord un disque rotatif, rehauss\u00e9 de formes color\u00e9es (\u00ab le rotor \u00bb), puis une surface peinte, translucide et statique (\u00ab le stator \u00bb),<\/p>\n","protected":false},"excerpt":{"rendered":"<p>Ce livre retrace le parcours singulier de Malina, issu de l&#8217;ing\u00e9nierie a\u00e9rospatiale pour devenir une figure de proue de l&#8217;abstraction scientifique, tout en le contextualisant dans le paysage politique et artistique de la guerre froide. Il examine la mani\u00e8re dont l&#8217;artiste a combin\u00e9 son h\u00e9ritage culturel am\u00e9ricain et les ambitions de l&#8217;avant-garde europ\u00e9enne, et dont [&hellip;]<\/p>\n","protected":false},"featured_media":47387,"template":"","meta":[],"product_cat":[2948,2953],"product_tag":[],"acf":[],"yoast_head":"<!-- This site is optimized with the Yoast SEO plugin v20.11 - https:\/\/yoast.com\/wordpress\/plugins\/seo\/ -->\n<title>Light Art and Scientific Abstraction - Librairie 7L<\/title>\n<meta name=\"robots\" content=\"index, follow, max-snippet:-1, max-image-preview:large, max-video-preview:-1\" \/>\n<link rel=\"canonical\" href=\"https:\/\/librairie7l.com\/en\/produit\/light-art-and-scientific-abstraction-2\/\" \/>\n<meta property=\"og:locale\" content=\"en_US\" \/>\n<meta property=\"og:type\" content=\"article\" \/>\n<meta property=\"og:title\" content=\"Light Art and Scientific Abstraction - Librairie 7L\" \/>\n<meta property=\"og:description\" content=\"Ce livre retrace le parcours singulier de Malina, issu de l&#8217;ing\u00e9nierie a\u00e9rospatiale pour devenir une figure de proue de l&#8217;abstraction scientifique, tout en le contextualisant dans le paysage politique et artistique de la guerre froide. Il examine la mani\u00e8re dont l&#8217;artiste a combin\u00e9 son h\u00e9ritage culturel am\u00e9ricain et les ambitions de l&#8217;avant-garde europ\u00e9enne, et dont [&hellip;]\" \/>\n<meta property=\"og:url\" content=\"https:\/\/librairie7l.com\/en\/produit\/light-art-and-scientific-abstraction-2\/\" \/>\n<meta property=\"og:site_name\" content=\"Librairie 7L\" \/>\n<meta property=\"article:modified_time\" content=\"2026-04-23T10:26:50+00:00\" \/>\n<meta property=\"og:image\" content=\"https:\/\/librairie7l.com\/wp-content\/uploads\/2025\/03\/9782378965587_1_75.jpg\" \/>\n\t<meta property=\"og:image:width\" content=\"600\" \/>\n\t<meta property=\"og:image:height\" content=\"702\" \/>\n\t<meta property=\"og:image:type\" content=\"image\/jpeg\" \/>\n<meta name=\"twitter:card\" content=\"summary_large_image\" \/>\n<meta name=\"twitter:label1\" content=\"Est. reading time\" \/>\n\t<meta name=\"twitter:data1\" content=\"2 minutes\" \/>\n<script type=\"application\/ld+json\" class=\"yoast-schema-graph\">{\"@context\":\"https:\/\/schema.org\",\"@graph\":[{\"@type\":\"WebPage\",\"@id\":\"https:\/\/librairie7l.com\/en\/produit\/light-art-and-scientific-abstraction-2\/\",\"url\":\"https:\/\/librairie7l.com\/en\/produit\/light-art-and-scientific-abstraction-2\/\",\"name\":\"Light Art and Scientific Abstraction - Librairie 7L\",\"isPartOf\":{\"@id\":\"https:\/\/librairie7l.com\/en\/#website\"},\"datePublished\":\"2025-04-09T07:18:21+00:00\",\"dateModified\":\"2026-04-23T10:26:50+00:00\",\"breadcrumb\":{\"@id\":\"https:\/\/librairie7l.com\/en\/produit\/light-art-and-scientific-abstraction-2\/#breadcrumb\"},\"inLanguage\":\"en-US\",\"potentialAction\":[{\"@type\":\"ReadAction\",\"target\":[\"https:\/\/librairie7l.com\/en\/produit\/light-art-and-scientific-abstraction-2\/\"]}]},{\"@type\":\"BreadcrumbList\",\"@id\":\"https:\/\/librairie7l.com\/en\/produit\/light-art-and-scientific-abstraction-2\/#breadcrumb\",\"itemListElement\":[{\"@type\":\"ListItem\",\"position\":1,\"name\":\"Accueil\",\"item\":\"https:\/\/librairie7l.com\/en\/\"},{\"@type\":\"ListItem\",\"position\":2,\"name\":\"Shop\",\"item\":\"https:\/\/librairie7l.com\/en\/shop\/\"},{\"@type\":\"ListItem\",\"position\":3,\"name\":\"LIGHT ART AND SCIENTIFIC ABSTRACTION\"}]},{\"@type\":\"WebSite\",\"@id\":\"https:\/\/librairie7l.com\/en\/#website\",\"url\":\"https:\/\/librairie7l.com\/en\/\",\"name\":\"Librairie 7L\",\"description\":\"Librairie fond\u00e9e en 1999 par Karl Lagerfeld \u00e0 Paris\",\"publisher\":{\"@id\":\"https:\/\/librairie7l.com\/en\/#organization\"},\"potentialAction\":[{\"@type\":\"SearchAction\",\"target\":{\"@type\":\"EntryPoint\",\"urlTemplate\":\"https:\/\/librairie7l.com\/en\/?s={search_term_string}\"},\"query-input\":\"required name=search_term_string\"}],\"inLanguage\":\"en-US\"},{\"@type\":\"Organization\",\"@id\":\"https:\/\/librairie7l.com\/en\/#organization\",\"name\":\"Librairie 7L\",\"url\":\"https:\/\/librairie7l.com\/en\/\",\"logo\":{\"@type\":\"ImageObject\",\"inLanguage\":\"en-US\",\"@id\":\"https:\/\/librairie7l.com\/en\/#\/schema\/logo\/image\/\",\"url\":\"https:\/\/librairie7l.com\/wp-content\/uploads\/2022\/08\/logo-1.png\",\"contentUrl\":\"https:\/\/librairie7l.com\/wp-content\/uploads\/2022\/08\/logo-1.png\",\"width\":227,\"height\":301,\"caption\":\"Librairie 7L\"},\"image\":{\"@id\":\"https:\/\/librairie7l.com\/en\/#\/schema\/logo\/image\/\"}}]}<\/script>\n<!-- \/ Yoast SEO plugin. -->","yoast_head_json":{"title":"Light Art and Scientific Abstraction - Librairie 7L","robots":{"index":"index","follow":"follow","max-snippet":"max-snippet:-1","max-image-preview":"max-image-preview:large","max-video-preview":"max-video-preview:-1"},"canonical":"https:\/\/librairie7l.com\/en\/produit\/light-art-and-scientific-abstraction-2\/","og_locale":"en_US","og_type":"article","og_title":"Light Art and Scientific Abstraction - Librairie 7L","og_description":"Ce livre retrace le parcours singulier de Malina, issu de l&#8217;ing\u00e9nierie a\u00e9rospatiale pour devenir une figure de proue de l&#8217;abstraction scientifique, tout en le contextualisant dans le paysage politique et artistique de la guerre froide. Il examine la mani\u00e8re dont l&#8217;artiste a combin\u00e9 son h\u00e9ritage culturel am\u00e9ricain et les ambitions de l&#8217;avant-garde europ\u00e9enne, et dont [&hellip;]","og_url":"https:\/\/librairie7l.com\/en\/produit\/light-art-and-scientific-abstraction-2\/","og_site_name":"Librairie 7L","article_modified_time":"2026-04-23T10:26:50+00:00","og_image":[{"width":600,"height":702,"url":"https:\/\/librairie7l.com\/wp-content\/uploads\/2025\/03\/9782378965587_1_75.jpg","type":"image\/jpeg"}],"twitter_card":"summary_large_image","twitter_misc":{"Est. reading time":"2 minutes"},"schema":{"@context":"https:\/\/schema.org","@graph":[{"@type":"WebPage","@id":"https:\/\/librairie7l.com\/en\/produit\/light-art-and-scientific-abstraction-2\/","url":"https:\/\/librairie7l.com\/en\/produit\/light-art-and-scientific-abstraction-2\/","name":"Light Art and Scientific Abstraction - Librairie 7L","isPartOf":{"@id":"https:\/\/librairie7l.com\/en\/#website"},"datePublished":"2025-04-09T07:18:21+00:00","dateModified":"2026-04-23T10:26:50+00:00","breadcrumb":{"@id":"https:\/\/librairie7l.com\/en\/produit\/light-art-and-scientific-abstraction-2\/#breadcrumb"},"inLanguage":"en-US","potentialAction":[{"@type":"ReadAction","target":["https:\/\/librairie7l.com\/en\/produit\/light-art-and-scientific-abstraction-2\/"]}]},{"@type":"BreadcrumbList","@id":"https:\/\/librairie7l.com\/en\/produit\/light-art-and-scientific-abstraction-2\/#breadcrumb","itemListElement":[{"@type":"ListItem","position":1,"name":"Accueil","item":"https:\/\/librairie7l.com\/en\/"},{"@type":"ListItem","position":2,"name":"Shop","item":"https:\/\/librairie7l.com\/en\/shop\/"},{"@type":"ListItem","position":3,"name":"LIGHT ART AND SCIENTIFIC ABSTRACTION"}]},{"@type":"WebSite","@id":"https:\/\/librairie7l.com\/en\/#website","url":"https:\/\/librairie7l.com\/en\/","name":"Librairie 7L","description":"Librairie fond\u00e9e en 1999 par Karl Lagerfeld \u00e0 Paris","publisher":{"@id":"https:\/\/librairie7l.com\/en\/#organization"},"potentialAction":[{"@type":"SearchAction","target":{"@type":"EntryPoint","urlTemplate":"https:\/\/librairie7l.com\/en\/?s={search_term_string}"},"query-input":"required name=search_term_string"}],"inLanguage":"en-US"},{"@type":"Organization","@id":"https:\/\/librairie7l.com\/en\/#organization","name":"Librairie 7L","url":"https:\/\/librairie7l.com\/en\/","logo":{"@type":"ImageObject","inLanguage":"en-US","@id":"https:\/\/librairie7l.com\/en\/#\/schema\/logo\/image\/","url":"https:\/\/librairie7l.com\/wp-content\/uploads\/2022\/08\/logo-1.png","contentUrl":"https:\/\/librairie7l.com\/wp-content\/uploads\/2022\/08\/logo-1.png","width":227,"height":301,"caption":"Librairie 7L"},"image":{"@id":"https:\/\/librairie7l.com\/en\/#\/schema\/logo\/image\/"}}]}},"_links":{"self":[{"href":"https:\/\/librairie7l.com\/en\/wp-json\/wp\/v2\/product\/47389"}],"collection":[{"href":"https:\/\/librairie7l.com\/en\/wp-json\/wp\/v2\/product"}],"about":[{"href":"https:\/\/librairie7l.com\/en\/wp-json\/wp\/v2\/types\/product"}],"wp:featuredmedia":[{"embeddable":true,"href":"https:\/\/librairie7l.com\/en\/wp-json\/wp\/v2\/media\/47387"}],"wp:attachment":[{"href":"https:\/\/librairie7l.com\/en\/wp-json\/wp\/v2\/media?parent=47389"}],"wp:term":[{"taxonomy":"product_cat","embeddable":true,"href":"https:\/\/librairie7l.com\/en\/wp-json\/wp\/v2\/product_cat?post=47389"},{"taxonomy":"product_tag","embeddable":true,"href":"https:\/\/librairie7l.com\/en\/wp-json\/wp\/v2\/product_tag?post=47389"}],"curies":[{"name":"wp","href":"https:\/\/api.w.org\/{rel}","templated":true}]}}