{"id":47412,"date":"2025-04-10T09:18:00","date_gmt":"2025-04-10T07:18:00","guid":{"rendered":"https:\/\/librairie7l.com\/?post_type=product&#038;p=47412"},"modified":"2026-04-27T08:53:27","modified_gmt":"2026-04-27T06:53:27","slug":"montparnasse-1900-1930-art-nouveau-art-deco-2","status":"publish","type":"product","link":"https:\/\/librairie7l.com\/en\/produit\/montparnasse-1900-1930-art-nouveau-art-deco-2\/","title":{"rendered":"MONTPARNASSE 1900-1930 ; ART NOUVEAU, ART D\u00c9CO"},"content":{"rendered":"<p>Entre 1900 et 1930, des artistes venus d&#8217;horizons diff\u00e9rents ont fait passer Montparnasse et ses abords \u00e0 la post\u00e9rit\u00e9 culturelle. Le carrefour Vavin est devenu le centre du monde. Ce livre r\u00e9v\u00e8le un aspect moins connu de cette effervescence, celui de l&#8217;architecture Art Nouveau et Art D\u00e9co qui a marqu\u00e9 le paysage urbain : ateliers d&#8217;artistes, immeubles de rapport, HBM, \u00e9glises et \u00e9difices publics mais aussi les bars, dancings et restaurants : Le Select, la Coupole, la Closerie des Lilas&#8230; Les r\u00e9alisations sont sign\u00e9es par des architectes connus, tels Henri Sauvage, Michel Roux-Spitz ou Louis Sue, et par d&#8217;autres tomb\u00e9s dans l&#8217;oubli mais dont le talent est mis en \u00e9vidence par les photographies de France de Griessen. C&#8217;est tout un pan de la l\u00e9gende du Paris cosmopolite et artistique de la premi\u00e8re moiti\u00e9 du XX\u00e8me si\u00e8cle qui surgit au fil des pages<\/p>\n","protected":false},"excerpt":{"rendered":"<p>Entre 1900 et 1930, des artistes venus d&#8217;horizons diff\u00e9rents ont fait passer Montparnasse et ses abords \u00e0 la post\u00e9rit\u00e9 culturelle. Le carrefour Vavin est devenu le centre du monde. Ce livre r\u00e9v\u00e8le un aspect moins connu de cette effervescence, celui de l&#8217;architecture Art Nouveau et Art D\u00e9co qui a marqu\u00e9 le paysage urbain : ateliers [&hellip;]<\/p>\n","protected":false},"featured_media":47410,"template":"","meta":[],"product_cat":[2948,2950],"product_tag":[],"acf":[],"yoast_head":"<!-- This site is optimized with the Yoast SEO plugin v20.11 - https:\/\/yoast.com\/wordpress\/plugins\/seo\/ -->\n<title>Montparnasse 1900-1930 ; art nouveau, art d\u00e9co - Librairie 7L<\/title>\n<meta name=\"robots\" content=\"index, follow, max-snippet:-1, max-image-preview:large, max-video-preview:-1\" \/>\n<link rel=\"canonical\" href=\"https:\/\/librairie7l.com\/en\/produit\/montparnasse-1900-1930-art-nouveau-art-deco-2\/\" \/>\n<meta property=\"og:locale\" content=\"en_US\" \/>\n<meta property=\"og:type\" content=\"article\" \/>\n<meta property=\"og:title\" content=\"Montparnasse 1900-1930 ; art nouveau, art d\u00e9co - Librairie 7L\" \/>\n<meta property=\"og:description\" content=\"Entre 1900 et 1930, des artistes venus d&#8217;horizons diff\u00e9rents ont fait passer Montparnasse et ses abords \u00e0 la post\u00e9rit\u00e9 culturelle. Le carrefour Vavin est devenu le centre du monde. Ce livre r\u00e9v\u00e8le un aspect moins connu de cette effervescence, celui de l&#8217;architecture Art Nouveau et Art D\u00e9co qui a marqu\u00e9 le paysage urbain : ateliers [&hellip;]\" \/>\n<meta property=\"og:url\" content=\"https:\/\/librairie7l.com\/en\/produit\/montparnasse-1900-1930-art-nouveau-art-deco-2\/\" \/>\n<meta property=\"og:site_name\" content=\"Librairie 7L\" \/>\n<meta property=\"article:modified_time\" content=\"2026-04-27T06:53:27+00:00\" \/>\n<meta property=\"og:image\" content=\"https:\/\/librairie7l.com\/wp-content\/uploads\/2018\/06\/9782871433446_1_75.jpg\" \/>\n\t<meta property=\"og:image:width\" content=\"644\" \/>\n\t<meta property=\"og:image:height\" content=\"600\" \/>\n\t<meta property=\"og:image:type\" content=\"image\/jpeg\" \/>\n<meta name=\"twitter:card\" content=\"summary_large_image\" \/>\n<meta name=\"twitter:label1\" content=\"Est. reading time\" \/>\n\t<meta name=\"twitter:data1\" content=\"1 minute\" \/>\n<script type=\"application\/ld+json\" class=\"yoast-schema-graph\">{\"@context\":\"https:\/\/schema.org\",\"@graph\":[{\"@type\":\"WebPage\",\"@id\":\"https:\/\/librairie7l.com\/en\/produit\/montparnasse-1900-1930-art-nouveau-art-deco-2\/\",\"url\":\"https:\/\/librairie7l.com\/en\/produit\/montparnasse-1900-1930-art-nouveau-art-deco-2\/\",\"name\":\"Montparnasse 1900-1930 ; art nouveau, art d\u00e9co - Librairie 7L\",\"isPartOf\":{\"@id\":\"https:\/\/librairie7l.com\/en\/#website\"},\"datePublished\":\"2025-04-10T07:18:00+00:00\",\"dateModified\":\"2026-04-27T06:53:27+00:00\",\"breadcrumb\":{\"@id\":\"https:\/\/librairie7l.com\/en\/produit\/montparnasse-1900-1930-art-nouveau-art-deco-2\/#breadcrumb\"},\"inLanguage\":\"en-US\",\"potentialAction\":[{\"@type\":\"ReadAction\",\"target\":[\"https:\/\/librairie7l.com\/en\/produit\/montparnasse-1900-1930-art-nouveau-art-deco-2\/\"]}]},{\"@type\":\"BreadcrumbList\",\"@id\":\"https:\/\/librairie7l.com\/en\/produit\/montparnasse-1900-1930-art-nouveau-art-deco-2\/#breadcrumb\",\"itemListElement\":[{\"@type\":\"ListItem\",\"position\":1,\"name\":\"Accueil\",\"item\":\"https:\/\/librairie7l.com\/en\/\"},{\"@type\":\"ListItem\",\"position\":2,\"name\":\"Shop\",\"item\":\"https:\/\/librairie7l.com\/en\/shop\/\"},{\"@type\":\"ListItem\",\"position\":3,\"name\":\"MONTPARNASSE 1900-1930 ; ART NOUVEAU, ART D\u00c9CO\"}]},{\"@type\":\"WebSite\",\"@id\":\"https:\/\/librairie7l.com\/en\/#website\",\"url\":\"https:\/\/librairie7l.com\/en\/\",\"name\":\"Librairie 7L\",\"description\":\"Librairie fond\u00e9e en 1999 par Karl Lagerfeld \u00e0 Paris\",\"publisher\":{\"@id\":\"https:\/\/librairie7l.com\/en\/#organization\"},\"potentialAction\":[{\"@type\":\"SearchAction\",\"target\":{\"@type\":\"EntryPoint\",\"urlTemplate\":\"https:\/\/librairie7l.com\/en\/?s={search_term_string}\"},\"query-input\":\"required name=search_term_string\"}],\"inLanguage\":\"en-US\"},{\"@type\":\"Organization\",\"@id\":\"https:\/\/librairie7l.com\/en\/#organization\",\"name\":\"Librairie 7L\",\"url\":\"https:\/\/librairie7l.com\/en\/\",\"logo\":{\"@type\":\"ImageObject\",\"inLanguage\":\"en-US\",\"@id\":\"https:\/\/librairie7l.com\/en\/#\/schema\/logo\/image\/\",\"url\":\"https:\/\/librairie7l.com\/wp-content\/uploads\/2022\/08\/logo-1.png\",\"contentUrl\":\"https:\/\/librairie7l.com\/wp-content\/uploads\/2022\/08\/logo-1.png\",\"width\":227,\"height\":301,\"caption\":\"Librairie 7L\"},\"image\":{\"@id\":\"https:\/\/librairie7l.com\/en\/#\/schema\/logo\/image\/\"}}]}<\/script>\n<!-- \/ Yoast SEO plugin. -->","yoast_head_json":{"title":"Montparnasse 1900-1930 ; art nouveau, art d\u00e9co - Librairie 7L","robots":{"index":"index","follow":"follow","max-snippet":"max-snippet:-1","max-image-preview":"max-image-preview:large","max-video-preview":"max-video-preview:-1"},"canonical":"https:\/\/librairie7l.com\/en\/produit\/montparnasse-1900-1930-art-nouveau-art-deco-2\/","og_locale":"en_US","og_type":"article","og_title":"Montparnasse 1900-1930 ; art nouveau, art d\u00e9co - Librairie 7L","og_description":"Entre 1900 et 1930, des artistes venus d&#8217;horizons diff\u00e9rents ont fait passer Montparnasse et ses abords \u00e0 la post\u00e9rit\u00e9 culturelle. Le carrefour Vavin est devenu le centre du monde. Ce livre r\u00e9v\u00e8le un aspect moins connu de cette effervescence, celui de l&#8217;architecture Art Nouveau et Art D\u00e9co qui a marqu\u00e9 le paysage urbain : ateliers [&hellip;]","og_url":"https:\/\/librairie7l.com\/en\/produit\/montparnasse-1900-1930-art-nouveau-art-deco-2\/","og_site_name":"Librairie 7L","article_modified_time":"2026-04-27T06:53:27+00:00","og_image":[{"width":644,"height":600,"url":"https:\/\/librairie7l.com\/wp-content\/uploads\/2018\/06\/9782871433446_1_75.jpg","type":"image\/jpeg"}],"twitter_card":"summary_large_image","twitter_misc":{"Est. reading time":"1 minute"},"schema":{"@context":"https:\/\/schema.org","@graph":[{"@type":"WebPage","@id":"https:\/\/librairie7l.com\/en\/produit\/montparnasse-1900-1930-art-nouveau-art-deco-2\/","url":"https:\/\/librairie7l.com\/en\/produit\/montparnasse-1900-1930-art-nouveau-art-deco-2\/","name":"Montparnasse 1900-1930 ; art nouveau, art d\u00e9co - Librairie 7L","isPartOf":{"@id":"https:\/\/librairie7l.com\/en\/#website"},"datePublished":"2025-04-10T07:18:00+00:00","dateModified":"2026-04-27T06:53:27+00:00","breadcrumb":{"@id":"https:\/\/librairie7l.com\/en\/produit\/montparnasse-1900-1930-art-nouveau-art-deco-2\/#breadcrumb"},"inLanguage":"en-US","potentialAction":[{"@type":"ReadAction","target":["https:\/\/librairie7l.com\/en\/produit\/montparnasse-1900-1930-art-nouveau-art-deco-2\/"]}]},{"@type":"BreadcrumbList","@id":"https:\/\/librairie7l.com\/en\/produit\/montparnasse-1900-1930-art-nouveau-art-deco-2\/#breadcrumb","itemListElement":[{"@type":"ListItem","position":1,"name":"Accueil","item":"https:\/\/librairie7l.com\/en\/"},{"@type":"ListItem","position":2,"name":"Shop","item":"https:\/\/librairie7l.com\/en\/shop\/"},{"@type":"ListItem","position":3,"name":"MONTPARNASSE 1900-1930 ; ART NOUVEAU, ART D\u00c9CO"}]},{"@type":"WebSite","@id":"https:\/\/librairie7l.com\/en\/#website","url":"https:\/\/librairie7l.com\/en\/","name":"Librairie 7L","description":"Librairie fond\u00e9e en 1999 par Karl Lagerfeld \u00e0 Paris","publisher":{"@id":"https:\/\/librairie7l.com\/en\/#organization"},"potentialAction":[{"@type":"SearchAction","target":{"@type":"EntryPoint","urlTemplate":"https:\/\/librairie7l.com\/en\/?s={search_term_string}"},"query-input":"required name=search_term_string"}],"inLanguage":"en-US"},{"@type":"Organization","@id":"https:\/\/librairie7l.com\/en\/#organization","name":"Librairie 7L","url":"https:\/\/librairie7l.com\/en\/","logo":{"@type":"ImageObject","inLanguage":"en-US","@id":"https:\/\/librairie7l.com\/en\/#\/schema\/logo\/image\/","url":"https:\/\/librairie7l.com\/wp-content\/uploads\/2022\/08\/logo-1.png","contentUrl":"https:\/\/librairie7l.com\/wp-content\/uploads\/2022\/08\/logo-1.png","width":227,"height":301,"caption":"Librairie 7L"},"image":{"@id":"https:\/\/librairie7l.com\/en\/#\/schema\/logo\/image\/"}}]}},"_links":{"self":[{"href":"https:\/\/librairie7l.com\/en\/wp-json\/wp\/v2\/product\/47412"}],"collection":[{"href":"https:\/\/librairie7l.com\/en\/wp-json\/wp\/v2\/product"}],"about":[{"href":"https:\/\/librairie7l.com\/en\/wp-json\/wp\/v2\/types\/product"}],"wp:featuredmedia":[{"embeddable":true,"href":"https:\/\/librairie7l.com\/en\/wp-json\/wp\/v2\/media\/47410"}],"wp:attachment":[{"href":"https:\/\/librairie7l.com\/en\/wp-json\/wp\/v2\/media?parent=47412"}],"wp:term":[{"taxonomy":"product_cat","embeddable":true,"href":"https:\/\/librairie7l.com\/en\/wp-json\/wp\/v2\/product_cat?post=47412"},{"taxonomy":"product_tag","embeddable":true,"href":"https:\/\/librairie7l.com\/en\/wp-json\/wp\/v2\/product_tag?post=47412"}],"curies":[{"name":"wp","href":"https:\/\/api.w.org\/{rel}","templated":true}]}}