{"id":47416,"date":"2025-04-10T09:18:06","date_gmt":"2025-04-10T07:18:06","guid":{"rendered":"https:\/\/librairie7l.com\/?post_type=product&#038;p=47416"},"modified":"2026-04-18T17:05:57","modified_gmt":"2026-04-18T15:05:57","slug":"the-bible-of-classic-furniture-2","status":"publish","type":"product","link":"https:\/\/librairie7l.com\/en\/produit\/the-bible-of-classic-furniture-2\/","title":{"rendered":"THE BIBLE OF CLASSIC FURNITURE"},"content":{"rendered":"<p>Quand le mobilier contemporain s&#8217;inspire du style classique: tables, sofas, lits&#8230; D\u00e9couvrez un v\u00e9ritable &#8220;revival&#8221;, v\u00e9ritable tendance de fonds!<br \/>\nFurniture design has always reflected the style of the period.<br \/>\n Currently, eclecticism is one of the most important<br \/>\n characteristics of design. Today, an intelligent combination<br \/>\n of pieces, different in style, put together with good<br \/>\n taste, creates original rooms that are utterly charming.<br \/>\n The greater the contrast, the more risqu\u00e9 the bet and the<br \/>\n more impressive the result. Classic furniture is the protagonist<br \/>\n of this new trend combining shapes, textures and<br \/>\n colors from different eras.<br \/>\n Today you can find furniture from the 18th and 19th centuries<br \/>\n in vintage or antique stores, or new editions from<br \/>\n contemporary manufacturers. Whether original or remake,<br \/>\n the options are immense and can be found in this<br \/>\n book offered as a source of inspiration to achieve customized,<br \/>\n original and surprising interiors.<\/p>\n","protected":false},"excerpt":{"rendered":"<p>Quand le mobilier contemporain s&#8217;inspire du style classique: tables, sofas, lits&#8230; D\u00e9couvrez un v\u00e9ritable &#8220;revival&#8221;, v\u00e9ritable tendance de fonds! Furniture design has always reflected the style of the period. Currently, eclecticism is one of the most important characteristics of design. Today, an intelligent combination of pieces, different in style, put together with good taste, creates [&hellip;]<\/p>\n","protected":false},"featured_media":47414,"template":"","meta":[],"product_cat":[2948,2952],"product_tag":[],"acf":[],"yoast_head":"<!-- This site is optimized with the Yoast SEO plugin v20.11 - https:\/\/yoast.com\/wordpress\/plugins\/seo\/ -->\n<title>The bible of classic furniture - Librairie 7L<\/title>\n<meta name=\"robots\" content=\"index, follow, max-snippet:-1, max-image-preview:large, max-video-preview:-1\" \/>\n<link rel=\"canonical\" href=\"https:\/\/librairie7l.com\/en\/produit\/the-bible-of-classic-furniture-2\/\" \/>\n<meta property=\"og:locale\" content=\"en_US\" \/>\n<meta property=\"og:type\" content=\"article\" \/>\n<meta property=\"og:title\" content=\"The bible of classic furniture - Librairie 7L\" \/>\n<meta property=\"og:description\" content=\"Quand le mobilier contemporain s&#8217;inspire du style classique: tables, sofas, lits&#8230; D\u00e9couvrez un v\u00e9ritable &#8220;revival&#8221;, v\u00e9ritable tendance de fonds! Furniture design has always reflected the style of the period. Currently, eclecticism is one of the most important characteristics of design. Today, an intelligent combination of pieces, different in style, put together with good taste, creates [&hellip;]\" \/>\n<meta property=\"og:url\" content=\"https:\/\/librairie7l.com\/en\/produit\/the-bible-of-classic-furniture-2\/\" \/>\n<meta property=\"og:site_name\" content=\"Librairie 7L\" \/>\n<meta property=\"article:modified_time\" content=\"2026-04-18T15:05:57+00:00\" \/>\n<meta property=\"og:image\" content=\"https:\/\/librairie7l.com\/wp-content\/uploads\/2013\/04\/9788499367217_1_75.jpg\" \/>\n\t<meta property=\"og:image:width\" content=\"369\" \/>\n\t<meta property=\"og:image:height\" content=\"500\" \/>\n\t<meta property=\"og:image:type\" content=\"image\/jpeg\" \/>\n<meta name=\"twitter:card\" content=\"summary_large_image\" \/>\n<meta name=\"twitter:label1\" content=\"Est. reading time\" \/>\n\t<meta name=\"twitter:data1\" content=\"1 minute\" \/>\n<script type=\"application\/ld+json\" class=\"yoast-schema-graph\">{\"@context\":\"https:\/\/schema.org\",\"@graph\":[{\"@type\":\"WebPage\",\"@id\":\"https:\/\/librairie7l.com\/en\/produit\/the-bible-of-classic-furniture-2\/\",\"url\":\"https:\/\/librairie7l.com\/en\/produit\/the-bible-of-classic-furniture-2\/\",\"name\":\"The bible of classic furniture - Librairie 7L\",\"isPartOf\":{\"@id\":\"https:\/\/librairie7l.com\/en\/#website\"},\"datePublished\":\"2025-04-10T07:18:06+00:00\",\"dateModified\":\"2026-04-18T15:05:57+00:00\",\"breadcrumb\":{\"@id\":\"https:\/\/librairie7l.com\/en\/produit\/the-bible-of-classic-furniture-2\/#breadcrumb\"},\"inLanguage\":\"en-US\",\"potentialAction\":[{\"@type\":\"ReadAction\",\"target\":[\"https:\/\/librairie7l.com\/en\/produit\/the-bible-of-classic-furniture-2\/\"]}]},{\"@type\":\"BreadcrumbList\",\"@id\":\"https:\/\/librairie7l.com\/en\/produit\/the-bible-of-classic-furniture-2\/#breadcrumb\",\"itemListElement\":[{\"@type\":\"ListItem\",\"position\":1,\"name\":\"Accueil\",\"item\":\"https:\/\/librairie7l.com\/en\/\"},{\"@type\":\"ListItem\",\"position\":2,\"name\":\"Shop\",\"item\":\"https:\/\/librairie7l.com\/en\/shop\/\"},{\"@type\":\"ListItem\",\"position\":3,\"name\":\"THE BIBLE OF CLASSIC FURNITURE\"}]},{\"@type\":\"WebSite\",\"@id\":\"https:\/\/librairie7l.com\/en\/#website\",\"url\":\"https:\/\/librairie7l.com\/en\/\",\"name\":\"Librairie 7L\",\"description\":\"Librairie fond\u00e9e en 1999 par Karl Lagerfeld \u00e0 Paris\",\"publisher\":{\"@id\":\"https:\/\/librairie7l.com\/en\/#organization\"},\"potentialAction\":[{\"@type\":\"SearchAction\",\"target\":{\"@type\":\"EntryPoint\",\"urlTemplate\":\"https:\/\/librairie7l.com\/en\/?s={search_term_string}\"},\"query-input\":\"required name=search_term_string\"}],\"inLanguage\":\"en-US\"},{\"@type\":\"Organization\",\"@id\":\"https:\/\/librairie7l.com\/en\/#organization\",\"name\":\"Librairie 7L\",\"url\":\"https:\/\/librairie7l.com\/en\/\",\"logo\":{\"@type\":\"ImageObject\",\"inLanguage\":\"en-US\",\"@id\":\"https:\/\/librairie7l.com\/en\/#\/schema\/logo\/image\/\",\"url\":\"https:\/\/librairie7l.com\/wp-content\/uploads\/2022\/08\/logo-1.png\",\"contentUrl\":\"https:\/\/librairie7l.com\/wp-content\/uploads\/2022\/08\/logo-1.png\",\"width\":227,\"height\":301,\"caption\":\"Librairie 7L\"},\"image\":{\"@id\":\"https:\/\/librairie7l.com\/en\/#\/schema\/logo\/image\/\"}}]}<\/script>\n<!-- \/ Yoast SEO plugin. -->","yoast_head_json":{"title":"The bible of classic furniture - Librairie 7L","robots":{"index":"index","follow":"follow","max-snippet":"max-snippet:-1","max-image-preview":"max-image-preview:large","max-video-preview":"max-video-preview:-1"},"canonical":"https:\/\/librairie7l.com\/en\/produit\/the-bible-of-classic-furniture-2\/","og_locale":"en_US","og_type":"article","og_title":"The bible of classic furniture - Librairie 7L","og_description":"Quand le mobilier contemporain s&#8217;inspire du style classique: tables, sofas, lits&#8230; D\u00e9couvrez un v\u00e9ritable &#8220;revival&#8221;, v\u00e9ritable tendance de fonds! Furniture design has always reflected the style of the period. Currently, eclecticism is one of the most important characteristics of design. Today, an intelligent combination of pieces, different in style, put together with good taste, creates [&hellip;]","og_url":"https:\/\/librairie7l.com\/en\/produit\/the-bible-of-classic-furniture-2\/","og_site_name":"Librairie 7L","article_modified_time":"2026-04-18T15:05:57+00:00","og_image":[{"width":369,"height":500,"url":"https:\/\/librairie7l.com\/wp-content\/uploads\/2013\/04\/9788499367217_1_75.jpg","type":"image\/jpeg"}],"twitter_card":"summary_large_image","twitter_misc":{"Est. reading time":"1 minute"},"schema":{"@context":"https:\/\/schema.org","@graph":[{"@type":"WebPage","@id":"https:\/\/librairie7l.com\/en\/produit\/the-bible-of-classic-furniture-2\/","url":"https:\/\/librairie7l.com\/en\/produit\/the-bible-of-classic-furniture-2\/","name":"The bible of classic furniture - Librairie 7L","isPartOf":{"@id":"https:\/\/librairie7l.com\/en\/#website"},"datePublished":"2025-04-10T07:18:06+00:00","dateModified":"2026-04-18T15:05:57+00:00","breadcrumb":{"@id":"https:\/\/librairie7l.com\/en\/produit\/the-bible-of-classic-furniture-2\/#breadcrumb"},"inLanguage":"en-US","potentialAction":[{"@type":"ReadAction","target":["https:\/\/librairie7l.com\/en\/produit\/the-bible-of-classic-furniture-2\/"]}]},{"@type":"BreadcrumbList","@id":"https:\/\/librairie7l.com\/en\/produit\/the-bible-of-classic-furniture-2\/#breadcrumb","itemListElement":[{"@type":"ListItem","position":1,"name":"Accueil","item":"https:\/\/librairie7l.com\/en\/"},{"@type":"ListItem","position":2,"name":"Shop","item":"https:\/\/librairie7l.com\/en\/shop\/"},{"@type":"ListItem","position":3,"name":"THE BIBLE OF CLASSIC FURNITURE"}]},{"@type":"WebSite","@id":"https:\/\/librairie7l.com\/en\/#website","url":"https:\/\/librairie7l.com\/en\/","name":"Librairie 7L","description":"Librairie fond\u00e9e en 1999 par Karl Lagerfeld \u00e0 Paris","publisher":{"@id":"https:\/\/librairie7l.com\/en\/#organization"},"potentialAction":[{"@type":"SearchAction","target":{"@type":"EntryPoint","urlTemplate":"https:\/\/librairie7l.com\/en\/?s={search_term_string}"},"query-input":"required name=search_term_string"}],"inLanguage":"en-US"},{"@type":"Organization","@id":"https:\/\/librairie7l.com\/en\/#organization","name":"Librairie 7L","url":"https:\/\/librairie7l.com\/en\/","logo":{"@type":"ImageObject","inLanguage":"en-US","@id":"https:\/\/librairie7l.com\/en\/#\/schema\/logo\/image\/","url":"https:\/\/librairie7l.com\/wp-content\/uploads\/2022\/08\/logo-1.png","contentUrl":"https:\/\/librairie7l.com\/wp-content\/uploads\/2022\/08\/logo-1.png","width":227,"height":301,"caption":"Librairie 7L"},"image":{"@id":"https:\/\/librairie7l.com\/en\/#\/schema\/logo\/image\/"}}]}},"_links":{"self":[{"href":"https:\/\/librairie7l.com\/en\/wp-json\/wp\/v2\/product\/47416"}],"collection":[{"href":"https:\/\/librairie7l.com\/en\/wp-json\/wp\/v2\/product"}],"about":[{"href":"https:\/\/librairie7l.com\/en\/wp-json\/wp\/v2\/types\/product"}],"wp:featuredmedia":[{"embeddable":true,"href":"https:\/\/librairie7l.com\/en\/wp-json\/wp\/v2\/media\/47414"}],"wp:attachment":[{"href":"https:\/\/librairie7l.com\/en\/wp-json\/wp\/v2\/media?parent=47416"}],"wp:term":[{"taxonomy":"product_cat","embeddable":true,"href":"https:\/\/librairie7l.com\/en\/wp-json\/wp\/v2\/product_cat?post=47416"},{"taxonomy":"product_tag","embeddable":true,"href":"https:\/\/librairie7l.com\/en\/wp-json\/wp\/v2\/product_tag?post=47416"}],"curies":[{"name":"wp","href":"https:\/\/api.w.org\/{rel}","templated":true}]}}