{"id":47420,"date":"2025-04-10T09:18:09","date_gmt":"2025-04-10T07:18:09","guid":{"rendered":"https:\/\/librairie7l.com\/?post_type=product&#038;p=47420"},"modified":"2026-04-23T04:00:21","modified_gmt":"2026-04-23T02:00:21","slug":"art-deco-3","status":"publish","type":"product","link":"https:\/\/librairie7l.com\/en\/produit\/art-deco-3\/","title":{"rendered":"ART D\u00c9CO"},"content":{"rendered":"<p>Une d\u00e9couverte des plus belles oeuvres de l&#8217;Art D\u00e9co, en 480 pages d&#8217;un livre broch\u00e9 au format 19 x 20,9 cm. Le livre pr\u00e9sente tout d&#8217;abord la mode et la construction de la f\u00e9minit\u00e9; les parures, bijoux, le go\u00fbt \u00e9gyptien, les chapeaux &amp; \u00e9pingles. C\u00f4t\u00e9 d\u00e9coration, les papiers peints et tapis, le design int\u00e9rieur, le mobilier (Ruhlmann). Les c\u00e9ramiques, la verrerie (Lalique), les objets du quotidien, les sculptures, les essences nobles de bois, sont pr\u00e9sent\u00e9s de mani\u00e8re d\u00e9taill\u00e9e. Tout comme pour l&#8217;Art Nouveau, les arts graphiques (publicit\u00e9s, affiches) sont embl\u00e9matiques du courant. Un tiers de l&#8217;ouvrage pr\u00e9sente l&#8217;architecture, dans le monde entier, de New-York \u00e0 Reims, en passant par Miami et la Nouvelle-Z\u00e9lande. Ode au luxe, les grands paquebots et trains Streamliners sont une vitrine extraordinaire de l&#8217;Art D\u00e9co et leur am\u00e9nagement conclut l&#8217;ouvrage.<\/p>\n","protected":false},"excerpt":{"rendered":"<p>Une d\u00e9couverte des plus belles oeuvres de l&#8217;Art D\u00e9co, en 480 pages d&#8217;un livre broch\u00e9 au format 19 x 20,9 cm. Le livre pr\u00e9sente tout d&#8217;abord la mode et la construction de la f\u00e9minit\u00e9; les parures, bijoux, le go\u00fbt \u00e9gyptien, les chapeaux &amp; \u00e9pingles. C\u00f4t\u00e9 d\u00e9coration, les papiers peints et tapis, le design int\u00e9rieur, le [&hellip;]<\/p>\n","protected":false},"featured_media":47418,"template":"","meta":[],"product_cat":[2948,2952],"product_tag":[],"acf":[],"yoast_head":"<!-- This site is optimized with the Yoast SEO plugin v20.11 - https:\/\/yoast.com\/wordpress\/plugins\/seo\/ -->\n<title>Art d\u00e9co - Librairie 7L<\/title>\n<meta name=\"robots\" content=\"index, follow, max-snippet:-1, max-image-preview:large, max-video-preview:-1\" \/>\n<link rel=\"canonical\" href=\"https:\/\/librairie7l.com\/en\/produit\/art-deco-3\/\" \/>\n<meta property=\"og:locale\" content=\"en_US\" \/>\n<meta property=\"og:type\" content=\"article\" \/>\n<meta property=\"og:title\" content=\"Art d\u00e9co - Librairie 7L\" \/>\n<meta property=\"og:description\" content=\"Une d\u00e9couverte des plus belles oeuvres de l&#8217;Art D\u00e9co, en 480 pages d&#8217;un livre broch\u00e9 au format 19 x 20,9 cm. Le livre pr\u00e9sente tout d&#8217;abord la mode et la construction de la f\u00e9minit\u00e9; les parures, bijoux, le go\u00fbt \u00e9gyptien, les chapeaux &amp; \u00e9pingles. C\u00f4t\u00e9 d\u00e9coration, les papiers peints et tapis, le design int\u00e9rieur, le [&hellip;]\" \/>\n<meta property=\"og:url\" content=\"https:\/\/librairie7l.com\/en\/produit\/art-deco-3\/\" \/>\n<meta property=\"og:site_name\" content=\"Librairie 7L\" \/>\n<meta property=\"article:modified_time\" content=\"2026-04-23T02:00:21+00:00\" \/>\n<meta property=\"og:image\" content=\"https:\/\/librairie7l.com\/wp-content\/uploads\/2020\/04\/9782809918250_1_75.jpg\" \/>\n\t<meta property=\"og:image:width\" content=\"600\" \/>\n\t<meta property=\"og:image:height\" content=\"669\" \/>\n\t<meta property=\"og:image:type\" content=\"image\/jpeg\" \/>\n<meta name=\"twitter:card\" content=\"summary_large_image\" \/>\n<meta name=\"twitter:label1\" content=\"Est. reading time\" \/>\n\t<meta name=\"twitter:data1\" content=\"1 minute\" \/>\n<script type=\"application\/ld+json\" class=\"yoast-schema-graph\">{\"@context\":\"https:\/\/schema.org\",\"@graph\":[{\"@type\":\"WebPage\",\"@id\":\"https:\/\/librairie7l.com\/en\/produit\/art-deco-3\/\",\"url\":\"https:\/\/librairie7l.com\/en\/produit\/art-deco-3\/\",\"name\":\"Art d\u00e9co - Librairie 7L\",\"isPartOf\":{\"@id\":\"https:\/\/librairie7l.com\/en\/#website\"},\"datePublished\":\"2025-04-10T07:18:09+00:00\",\"dateModified\":\"2026-04-23T02:00:21+00:00\",\"breadcrumb\":{\"@id\":\"https:\/\/librairie7l.com\/en\/produit\/art-deco-3\/#breadcrumb\"},\"inLanguage\":\"en-US\",\"potentialAction\":[{\"@type\":\"ReadAction\",\"target\":[\"https:\/\/librairie7l.com\/en\/produit\/art-deco-3\/\"]}]},{\"@type\":\"BreadcrumbList\",\"@id\":\"https:\/\/librairie7l.com\/en\/produit\/art-deco-3\/#breadcrumb\",\"itemListElement\":[{\"@type\":\"ListItem\",\"position\":1,\"name\":\"Accueil\",\"item\":\"https:\/\/librairie7l.com\/en\/\"},{\"@type\":\"ListItem\",\"position\":2,\"name\":\"Shop\",\"item\":\"https:\/\/librairie7l.com\/en\/shop\/\"},{\"@type\":\"ListItem\",\"position\":3,\"name\":\"ART D\u00c9CO\"}]},{\"@type\":\"WebSite\",\"@id\":\"https:\/\/librairie7l.com\/en\/#website\",\"url\":\"https:\/\/librairie7l.com\/en\/\",\"name\":\"Librairie 7L\",\"description\":\"Librairie fond\u00e9e en 1999 par Karl Lagerfeld \u00e0 Paris\",\"publisher\":{\"@id\":\"https:\/\/librairie7l.com\/en\/#organization\"},\"potentialAction\":[{\"@type\":\"SearchAction\",\"target\":{\"@type\":\"EntryPoint\",\"urlTemplate\":\"https:\/\/librairie7l.com\/en\/?s={search_term_string}\"},\"query-input\":\"required name=search_term_string\"}],\"inLanguage\":\"en-US\"},{\"@type\":\"Organization\",\"@id\":\"https:\/\/librairie7l.com\/en\/#organization\",\"name\":\"Librairie 7L\",\"url\":\"https:\/\/librairie7l.com\/en\/\",\"logo\":{\"@type\":\"ImageObject\",\"inLanguage\":\"en-US\",\"@id\":\"https:\/\/librairie7l.com\/en\/#\/schema\/logo\/image\/\",\"url\":\"https:\/\/librairie7l.com\/wp-content\/uploads\/2022\/08\/logo-1.png\",\"contentUrl\":\"https:\/\/librairie7l.com\/wp-content\/uploads\/2022\/08\/logo-1.png\",\"width\":227,\"height\":301,\"caption\":\"Librairie 7L\"},\"image\":{\"@id\":\"https:\/\/librairie7l.com\/en\/#\/schema\/logo\/image\/\"}}]}<\/script>\n<!-- \/ Yoast SEO plugin. -->","yoast_head_json":{"title":"Art d\u00e9co - Librairie 7L","robots":{"index":"index","follow":"follow","max-snippet":"max-snippet:-1","max-image-preview":"max-image-preview:large","max-video-preview":"max-video-preview:-1"},"canonical":"https:\/\/librairie7l.com\/en\/produit\/art-deco-3\/","og_locale":"en_US","og_type":"article","og_title":"Art d\u00e9co - Librairie 7L","og_description":"Une d\u00e9couverte des plus belles oeuvres de l&#8217;Art D\u00e9co, en 480 pages d&#8217;un livre broch\u00e9 au format 19 x 20,9 cm. Le livre pr\u00e9sente tout d&#8217;abord la mode et la construction de la f\u00e9minit\u00e9; les parures, bijoux, le go\u00fbt \u00e9gyptien, les chapeaux &amp; \u00e9pingles. C\u00f4t\u00e9 d\u00e9coration, les papiers peints et tapis, le design int\u00e9rieur, le [&hellip;]","og_url":"https:\/\/librairie7l.com\/en\/produit\/art-deco-3\/","og_site_name":"Librairie 7L","article_modified_time":"2026-04-23T02:00:21+00:00","og_image":[{"width":600,"height":669,"url":"https:\/\/librairie7l.com\/wp-content\/uploads\/2020\/04\/9782809918250_1_75.jpg","type":"image\/jpeg"}],"twitter_card":"summary_large_image","twitter_misc":{"Est. reading time":"1 minute"},"schema":{"@context":"https:\/\/schema.org","@graph":[{"@type":"WebPage","@id":"https:\/\/librairie7l.com\/en\/produit\/art-deco-3\/","url":"https:\/\/librairie7l.com\/en\/produit\/art-deco-3\/","name":"Art d\u00e9co - Librairie 7L","isPartOf":{"@id":"https:\/\/librairie7l.com\/en\/#website"},"datePublished":"2025-04-10T07:18:09+00:00","dateModified":"2026-04-23T02:00:21+00:00","breadcrumb":{"@id":"https:\/\/librairie7l.com\/en\/produit\/art-deco-3\/#breadcrumb"},"inLanguage":"en-US","potentialAction":[{"@type":"ReadAction","target":["https:\/\/librairie7l.com\/en\/produit\/art-deco-3\/"]}]},{"@type":"BreadcrumbList","@id":"https:\/\/librairie7l.com\/en\/produit\/art-deco-3\/#breadcrumb","itemListElement":[{"@type":"ListItem","position":1,"name":"Accueil","item":"https:\/\/librairie7l.com\/en\/"},{"@type":"ListItem","position":2,"name":"Shop","item":"https:\/\/librairie7l.com\/en\/shop\/"},{"@type":"ListItem","position":3,"name":"ART D\u00c9CO"}]},{"@type":"WebSite","@id":"https:\/\/librairie7l.com\/en\/#website","url":"https:\/\/librairie7l.com\/en\/","name":"Librairie 7L","description":"Librairie fond\u00e9e en 1999 par Karl Lagerfeld \u00e0 Paris","publisher":{"@id":"https:\/\/librairie7l.com\/en\/#organization"},"potentialAction":[{"@type":"SearchAction","target":{"@type":"EntryPoint","urlTemplate":"https:\/\/librairie7l.com\/en\/?s={search_term_string}"},"query-input":"required name=search_term_string"}],"inLanguage":"en-US"},{"@type":"Organization","@id":"https:\/\/librairie7l.com\/en\/#organization","name":"Librairie 7L","url":"https:\/\/librairie7l.com\/en\/","logo":{"@type":"ImageObject","inLanguage":"en-US","@id":"https:\/\/librairie7l.com\/en\/#\/schema\/logo\/image\/","url":"https:\/\/librairie7l.com\/wp-content\/uploads\/2022\/08\/logo-1.png","contentUrl":"https:\/\/librairie7l.com\/wp-content\/uploads\/2022\/08\/logo-1.png","width":227,"height":301,"caption":"Librairie 7L"},"image":{"@id":"https:\/\/librairie7l.com\/en\/#\/schema\/logo\/image\/"}}]}},"_links":{"self":[{"href":"https:\/\/librairie7l.com\/en\/wp-json\/wp\/v2\/product\/47420"}],"collection":[{"href":"https:\/\/librairie7l.com\/en\/wp-json\/wp\/v2\/product"}],"about":[{"href":"https:\/\/librairie7l.com\/en\/wp-json\/wp\/v2\/types\/product"}],"wp:featuredmedia":[{"embeddable":true,"href":"https:\/\/librairie7l.com\/en\/wp-json\/wp\/v2\/media\/47418"}],"wp:attachment":[{"href":"https:\/\/librairie7l.com\/en\/wp-json\/wp\/v2\/media?parent=47420"}],"wp:term":[{"taxonomy":"product_cat","embeddable":true,"href":"https:\/\/librairie7l.com\/en\/wp-json\/wp\/v2\/product_cat?post=47420"},{"taxonomy":"product_tag","embeddable":true,"href":"https:\/\/librairie7l.com\/en\/wp-json\/wp\/v2\/product_tag?post=47420"}],"curies":[{"name":"wp","href":"https:\/\/api.w.org\/{rel}","templated":true}]}}